{"id":716,"date":"2017-01-12T09:17:47","date_gmt":"2017-01-12T08:17:47","guid":{"rendered":"http:\/\/agora.xtec.cat\/ceip-salvador-espriu-roda\/?page_id=716"},"modified":"2025-06-25T13:34:10","modified_gmt":"2025-06-25T11:34:10","slug":"horari","status":"publish","type":"page","link":"https:\/\/agora.xtec.cat\/ceip-salvador-espriu-roda\/lescola\/horari\/","title":{"rendered":"Horari i calendari escolar"},"content":{"rendered":"<p><strong>HORARI DE L\u2019ALUMNAT<\/strong><\/p>\n<ul>\n<li>Del 8 de setembre al 5 de juny<\/li>\n<\/ul>\n<p>Mat\u00ed: de 9\u202fh a 12:30\u202fh.<\/p>\n<p>Tarda: de 14:45 h a 16:15 h.<\/p>\n<p><strong>Jornada \u00fanica matinal<\/strong><\/p>\n<ul>\n<li>El 19 de desembre.<\/li>\n<li>Del 8 al 19 de juny.<\/li>\n<\/ul>\n<p>-De 9 h a 13 h.<\/p>\n<p><strong>ACOLLIDA MATINAL<\/strong><\/p>\n<ul>\n<li>De dilluns a divendres de 8 a 9h.<\/li>\n<\/ul>\n<p><strong>MENJADOR ESCOLAR<\/strong><\/p>\n<ul>\n<li>De 12:30 h a 14:45 h del 5 de setembre al 22 de juny.<\/li>\n<\/ul>\n<p><strong>HORARI DE SECRETARIA<\/strong><\/p>\n<ul>\n<li>Sol\u00b7licitant cita pr\u00e8via al tel\u00e8fon 977 809 924.<\/li>\n<\/ul>\n<p>-Dilluns, dimecres i divendres, de 9 a 13h.<\/p>\n<p><strong>Jornada \u00fanica matinal<\/strong><\/p>\n<ul>\n<li>Dilluns, dimecres i divendres, de 9 a 13h.<\/li>\n<\/ul>\n<p><strong>HORARI D\u2019ATENCI\u00d3 DE L\u2019EQUIP DIRECTIU<\/strong><\/p>\n<ul>\n<li>Sol\u00b7licitant cita pr\u00e8via al tel\u00e8fon 977 809 924.<\/li>\n<\/ul>\n<p><strong>HORARI D\u2019ATENCI\u00d3 DEL PROFESSORAT A LES FAM\u00cdLIES<\/strong><\/p>\n<ul>\n<li>Dijous de 12:30 a 13:30 h.<\/li>\n<\/ul>\n<p><strong>HORARI D\u2019ATENCI\u00d3 DEL SERVEI DE MENJADOR I DE L\u2019AMPA<\/strong><\/p>\n<ul>\n<li>Sol\u00b7licitant cita pr\u00e8via al tel\u00e8fon 696 951 361 a trav\u00e9s de trucada o WhatsApp.<a href=\"https:\/\/agora.xtec.cat\/ceip-salvador-espriu-roda\/wp-content\/uploads\/usu1367\/2025\/06\/Calendari-2025-2026_page-0001.jpg\"><img loading=\"lazy\" decoding=\"async\" class=\"aligncenter size-large wp-image-8843\" src=\"https:\/\/agora.xtec.cat\/ceip-salvador-espriu-roda\/wp-content\/uploads\/usu1367\/2025\/06\/Calendari-2025-2026_page-0001-1024x724.jpg\" alt=\"\" width=\"1024\" height=\"724\" srcset=\"https:\/\/agora.xtec.cat\/ceip-salvador-espriu-roda\/wp-content\/uploads\/usu1367\/2025\/06\/Calendari-2025-2026_page-0001-1024x724.jpg 1024w, https:\/\/agora.xtec.cat\/ceip-salvador-espriu-roda\/wp-content\/uploads\/usu1367\/2025\/06\/Calendari-2025-2026_page-0001-300x212.jpg 300w, https:\/\/agora.xtec.cat\/ceip-salvador-espriu-roda\/wp-content\/uploads\/usu1367\/2025\/06\/Calendari-2025-2026_page-0001-768x543.jpg 768w, https:\/\/agora.xtec.cat\/ceip-salvador-espriu-roda\/wp-content\/uploads\/usu1367\/2025\/06\/Calendari-2025-2026_page-0001-1536x1086.jpg 1536w, https:\/\/agora.xtec.cat\/ceip-salvador-espriu-roda\/wp-content\/uploads\/usu1367\/2025\/06\/Calendari-2025-2026_page-0001.jpg 1755w\" sizes=\"auto, (max-width: 1024px) 100vw, 1024px\" \/><\/a><\/li>\n<\/ul>\n","protected":false},"excerpt":{"rendered":"<p>HORARI DE L\u2019ALUMNAT<\/p>\n<ul>\n<li>Del 8 de setembre al 5 de juny<\/li>\n<\/ul>\n<p>Mat\u00ed: de 9\u202fh a 12:30\u202fh.<br \/>\nTarda: de 14:45 h a 16:15 h.<br \/>\nJornada \u00fanica matinal<\/p>\n<ul>\n<li>El 19 de desembre.<\/li>\n<li>Del 8 al 19 de juny.<\/li>\n<\/ul>\n<p>-De 9 h a 13 h.<br \/>\nACOLLIDA MATINAL<\/p>\n<ul>\n<li>De dilluns a divendres de 8 a 9h.<\/li>\n<\/ul>\n<p>MENJADOR ESCOLAR<\/p>\n<ul>\n<li>De 12:30&hellip;  <a href=\"https:\/\/agora.xtec.cat\/ceip-salvador-espriu-roda\/lescola\/horari\/\" title=\"Read Horari i calendari escolar\">Llegeix m\u00e9s\u00bb<\/a><br \/>\n","protected":false},"author":1,"featured_media":0,"parent":22,"menu_order":70,"comment_status":"closed","ping_status":"closed","template":"page-templates\/side-menu.php","meta":{"_bbp_topic_count":0,"_bbp_reply_count":0,"_bbp_total_topic_count":0,"_bbp_total_reply_count":0,"_bbp_voice_count":0,"_bbp_anonymous_reply_count":0,"_bbp_topic_count_hidden":0,"_bbp_reply_count_hidden":0,"_bbp_forum_subforum_count":0,"footnotes":""},"class_list":["post-716","page","type-page","status-publish","hentry"],"post_mailing_queue_ids":[],"_links":{"self":[{"href":"https:\/\/agora.xtec.cat\/ceip-salvador-espriu-roda\/wp-json\/wp\/v2\/pages\/716","targetHints":{"allow":["GET"]}}],"collection":[{"href":"https:\/\/agora.xtec.cat\/ceip-salvador-espriu-roda\/wp-json\/wp\/v2\/pages"}],"about":[{"href":"https:\/\/agora.xtec.cat\/ceip-salvador-espriu-roda\/wp-json\/wp\/v2\/types\/page"}],"author":[{"embeddable":true,"href":"https:\/\/agora.xtec.cat\/ceip-salvador-espriu-roda\/wp-json\/wp\/v2\/users\/1"}],"replies":[{"embeddable":true,"href":"https:\/\/agora.xtec.cat\/ceip-salvador-espriu-roda\/wp-json\/wp\/v2\/comments?post=716"}],"version-history":[{"count":6,"href":"https:\/\/agora.xtec.cat\/ceip-salvador-espriu-roda\/wp-json\/wp\/v2\/pages\/716\/revisions"}],"predecessor-version":[{"id":8845,"href":"https:\/\/agora.xtec.cat\/ceip-salvador-espriu-roda\/wp-json\/wp\/v2\/pages\/716\/revisions\/8845"}],"up":[{"embeddable":true,"href":"https:\/\/agora.xtec.cat\/ceip-salvador-espriu-roda\/wp-json\/wp\/v2\/pages\/22"}],"wp:attachment":[{"href":"https:\/\/agora.xtec.cat\/ceip-salvador-espriu-roda\/wp-json\/wp\/v2\/media?parent=716"}],"curies":[{"name":"wp","href":"https:\/\/api.w.org\/{rel}","templated":true}]}}