{"id":714,"date":"2017-01-12T09:17:26","date_gmt":"2017-01-12T08:17:26","guid":{"rendered":"http:\/\/agora.xtec.cat\/ceip-salvador-espriu-roda\/?page_id=714"},"modified":"2020-09-15T10:21:58","modified_gmt":"2020-09-15T08:21:58","slug":"serveis","status":"publish","type":"page","link":"https:\/\/agora.xtec.cat\/ceip-salvador-espriu-roda\/lescola\/serveis\/","title":{"rendered":"Serveis"},"content":{"rendered":"<p>&nbsp;<\/p>\n<p><strong>AMPA<\/strong><\/p>\n<p>L&#8217;horari d&#8217;atenci\u00f3 de la secretaria de l&#8217;AMPA \u00e9s de de dilluns a divendres de 9 a 9:30 h.<\/p>\n<p><a name=\"_Toc423003402\"><\/a><strong>ACOLLIDA MATINAL<\/strong><\/p>\n<p>Per tal de facilitar la conciliaci\u00f3 de la vida laboral amb els horaris escolars, l\u00a1escola ofereix un servei d\u00a1acollida matinal, previ a l&#8217;inici de les classe, pensat per a les fam\u00edlies que els pares i mares comencen a treballar molt d&#8217;hora al mat\u00ed i necessiten que els nens i les nenes estiguin atesos mentre, i tamb\u00e9 per a les fam\u00edlies que necessiten utilitzar aquest servei d\u00a1una manera espor\u00e0dica i puntual.<\/p>\n<p>Aquest servei \u00e9s organitzat per l&#8217;AMPA de l&#8217;escola i destinat a les fam\u00edlies de l&#8217;Associaci\u00f3, de les 8 fins a les 9h, tots els dies lectius.<\/p>\n<p><strong>Com funciona el servei?<\/strong><\/p>\n<p>L&#8217;entrada al servei d&#8217;acollida es fa per la porta de prim\u00e0ria i l&#8217;espai destinat \u00e9s el gimn\u00e0s de l&#8217;escola, on s&#8217;ha adaptat un espai on els nens i les nenes poden realitzar les activitats proposades.<\/p>\n<p>Les fam\u00edlies han d&#8217;acompanyar els alumnes fins a la porta del gimn\u00e0s on hi ha una monitora que es fa c\u00e0rrec de l&#8217;alumnat que hi assisteix i a les 9h els condueix cap a les classes.<\/p>\n<p>Podeu trobar m\u00e9s informaci\u00f3 del servei en el seg\u00fcent enlla\u00e7:<\/p>\n<p><a href=\"http:\/\/ampasalvadorespriurdb.blogspot.com.es\/p\/com-fer-se-soci-o-socia.html\">http:\/\/ampasalvadorespriurdb.blogspot.com.es\/p\/com-fer-se-soci-o-socia.html<\/a><\/p>\n<p><strong>MENJADOR ESCOLAR<\/strong><\/p>\n<p>L&#8217;escola ofereix el servei de menjador escolar, integrat dins l&#8217;espai del migdia, a les fam\u00edlies que necessiten que els seus fills i filles siguin atesos durant el temps del migdia. Disposa de cuina pr\u00f2pia, equipada i autosuficient per fer el menjar dels alumnes, on gaudeixen d&#8217;una dieta equilibrada.<\/p>\n<p>L&#8217;AMPA de l&#8217;escola gestiona i coordina el servei a nivell d&#8217;inscripcions, baixes, modificacions, monitoratge, activitats i funcionament global i delega, a l&#8217;empresa El M\u00e8dol Restauraci\u00f3 SL, la gesti\u00f3 i l&#8217;elaboraci\u00f3 del menjar.<\/p>\n<p>Els men\u00fas del dinar es confeccionen amb l&#8217;assessorament de dietistes i les revisions peri\u00f2diques dels Serveis de Salut del Departament d&#8217;Ensenyament de la Generalitat de Catalunya. Es faciliten els men\u00fas mensualment a les fam\u00edlies per tal de\u00a0 facilitar l&#8217;organitzaci\u00f3 dels sopars a casa. Oferim, per als alumnes que ho requereixin per motius m\u00e8dics, l&#8217;adequaci\u00f3 del men\u00fa escolar a les dietes que siguin necess\u00e0ries.<\/p>\n<p>El servei de menjador es pot utilitzar de manera fixa o de forma eventual per a l&#8217;alumnat que ho necessiti, pr\u00e8via comunicaci\u00f3 a la secretaria de l&#8217;AMPA de l&#8217;escola.<\/p>\n<p>Aquest servei compta amb una coordinadora, dues persones a la cuina i\u00a0un equip de monitors\/es. L&#8217;empresa que gestiona l&#8217;equip de monitoratge \u00e9s Sensaci\u00f3n Activa SL Despr\u00e9s de dinar el monitoratge tamb\u00e9 organitza activitats l\u00fadic educatives per a l&#8217;alumnat, ja que entenem aquest servei, a banda d&#8217;un espai per poder dinar, com un complement de l&#8217;activitat educativa.<\/p>\n<p>L&#8217;horari d&#8217;atenci\u00f3 de la secretaria de l&#8217;AMPA \u00e9s de de dilluns a divendres de 9 a 9:30h.<\/p>\n<p>Podeu trobar m\u00e9s informaci\u00f3 del servei i la normativa en el seg\u00fcent enlla\u00e7:<\/p>\n<p><a href=\"http:\/\/ampasalvadorespriurdb.blogspot.com.es\/p\/menjador_9.html\">http:\/\/ampasalvadorespriurdb.blogspot.com.es\/p\/menjador_9.html<\/a><\/p>\n<p><a href=\"https:\/\/agora.xtec.cat\/ceip-salvador-espriu-roda\/wp-content\/uploads\/usu1367\/2020\/09\/Quadern-de-menjador-2020-21.pdf\">Quadern de menjador 2020-2021<\/a><\/p>\n<p><strong>ACTIVITATS EXTRAESCOLARS<\/strong><\/p>\n<p>S\u00f3n activitats complement\u00e0ries adre\u00e7ades a l&#8217;alumnat i organitzades per l&#8217;AMPA de l&#8217;escola per despr\u00e9s de la jornada escolar ordin\u00e0ria de la tarda. Totes elles han estat escollides amb l&#8217;objectiu de refor\u00e7ar i ampliar els coneixements i les habilitats de l&#8217;alumnat d&#8217;una manera l\u00fadica i divertida i compten amb monitors\/es i professors titulats.<\/p>\n<p>Trobareu m\u00e9s informaci\u00f3 de l&#8217;oferta d&#8217;activitats extraescolars, els horaris i calendari i de com fer-hi la inscripci\u00f3 en el seg\u00fcent enlla\u00e7:<\/p>\n<p><a href=\"http:\/\/ampasalvadorespriurdb.blogspot.com.es\/p\/extraescolars_1.html\">http:\/\/ampasalvadorespriurdb.blogspot.com.es\/p\/extraescolars_1.html<\/a><\/p>\n<p><strong>AJUNTAMENT<\/strong><\/p>\n<p><strong>SERVEI DE TRANSPORT ESCOLAR<\/strong><\/p>\n<p>L&#8217;alumnat que viu a les urbanitzacions de Roda de Ber\u00e0 pot fer \u00fas del servei gratu\u00eft d&#8217;autob\u00fas gestionat per l&#8217;Ajuntament de Roda de Ber\u00e0.<\/p>\n<p>En els seg\u00fcents enlla\u00e7os trobareu la normativa del servei i els models de sol\u00b7licitud i d&#8217;autoritzaci\u00f3.<\/p>\n<p><a href=\"https:\/\/agora.xtec.cat\/ceip-salvador-espriu-roda\/wp-content\/uploads\/usu1367\/2018\/10\/Instruccions-normes-del-servei-escolar-de-transport-2018-2019.pdf\">Instruccions normes del servei escolar de transport 2018-2019<\/a><\/p>\n<p>&nbsp;<\/p>\n<p>&nbsp;<\/p>\n<p>&nbsp;<\/p>\n","protected":false},"excerpt":{"rendered":"<p>&nbsp;<br \/>\nAMPA<br \/>\nL&#8217;horari d&#8217;atenci\u00f3 de la secretaria de l&#8217;AMPA \u00e9s de de dilluns a divendres de 9 a 9:30 h.<br \/>\n<a name=\"_Toc423003402\"><\/a>ACOLLIDA MATINAL<br \/>\nPer tal de facilitar la conciliaci\u00f3 de la vida laboral amb els horaris escolars, l\u00a1escola ofereix un servei d\u00a1acollida matinal, previ a l&#8217;inici de les classe,&hellip;  <a href=\"https:\/\/agora.xtec.cat\/ceip-salvador-espriu-roda\/lescola\/serveis\/\" title=\"Read Serveis\">Llegeix m\u00e9s\u00bb<\/a><\/p>\n","protected":false},"author":1,"featured_media":0,"parent":22,"menu_order":60,"comment_status":"closed","ping_status":"closed","template":"page-templates\/side-menu.php","meta":{"_bbp_topic_count":0,"_bbp_reply_count":0,"_bbp_total_topic_count":0,"_bbp_total_reply_count":0,"_bbp_voice_count":0,"_bbp_anonymous_reply_count":0,"_bbp_topic_count_hidden":0,"_bbp_reply_count_hidden":0,"_bbp_forum_subforum_count":0,"footnotes":""},"class_list":["post-714","page","type-page","status-publish","hentry"],"post_mailing_queue_ids":[],"_links":{"self":[{"href":"https:\/\/agora.xtec.cat\/ceip-salvador-espriu-roda\/wp-json\/wp\/v2\/pages\/714","targetHints":{"allow":["GET"]}}],"collection":[{"href":"https:\/\/agora.xtec.cat\/ceip-salvador-espriu-roda\/wp-json\/wp\/v2\/pages"}],"about":[{"href":"https:\/\/agora.xtec.cat\/ceip-salvador-espriu-roda\/wp-json\/wp\/v2\/types\/page"}],"author":[{"embeddable":true,"href":"https:\/\/agora.xtec.cat\/ceip-salvador-espriu-roda\/wp-json\/wp\/v2\/users\/1"}],"replies":[{"embeddable":true,"href":"https:\/\/agora.xtec.cat\/ceip-salvador-espriu-roda\/wp-json\/wp\/v2\/comments?post=714"}],"version-history":[{"count":3,"href":"https:\/\/agora.xtec.cat\/ceip-salvador-espriu-roda\/wp-json\/wp\/v2\/pages\/714\/revisions"}],"predecessor-version":[{"id":4206,"href":"https:\/\/agora.xtec.cat\/ceip-salvador-espriu-roda\/wp-json\/wp\/v2\/pages\/714\/revisions\/4206"}],"up":[{"embeddable":true,"href":"https:\/\/agora.xtec.cat\/ceip-salvador-espriu-roda\/wp-json\/wp\/v2\/pages\/22"}],"wp:attachment":[{"href":"https:\/\/agora.xtec.cat\/ceip-salvador-espriu-roda\/wp-json\/wp\/v2\/media?parent=714"}],"curies":[{"name":"wp","href":"https:\/\/api.w.org\/{rel}","templated":true}]}}