{"id":4577,"date":"2021-06-12T10:18:35","date_gmt":"2021-06-12T08:18:35","guid":{"rendered":"http:\/\/agora.xtec.cat\/ceip-salvador-espriu-roda\/?page_id=4577"},"modified":"2021-06-12T10:24:01","modified_gmt":"2021-06-12T08:24:01","slug":"escola-lliure-de-violencia","status":"publish","type":"page","link":"https:\/\/agora.xtec.cat\/ceip-salvador-espriu-roda\/escola-segura\/escola-lliure-de-violencia\/","title":{"rendered":"Escola Lliure de Viol\u00e8ncia"},"content":{"rendered":"<p>Benvolguda fam\u00edlia,<\/p>\n<p>Us informem que s&#8217;ha posat en marxa la web \u2013 aplicaci\u00f3 inform\u00e0tica <a href=\"https:\/\/usav.educacio.gencat.cat\/\">UsApps<\/a>,\u00a0eina que el Departament d&#8217;Educaci\u00f3 posa a disposici\u00f3 de totes les persones de la comunitat educativa per comunicar les diferents situacions de viol\u00e8ncia que l&#8217;alumnat pot viure o ser-ne testimoni,\u00a0amb la intenci\u00f3 que els centres educatius siguin, sempre, espais de protecci\u00f3 per a tot l&#8217;alumnat.<\/p>\n<p>Darrere de la <a href=\"https:\/\/usav.educacio.gencat.cat\/\">UsApps<\/a>\u00a0hi ha un l&#8217;equip de professionals de la Unitat de Suport a l&#8217;Alumnat en Situacions de Viol\u00e8ncia (USAV), que fa acollida, atenci\u00f3 i assessorament a qui hi contacta, i que dona suport als centres per a l&#8217;activaci\u00f3 dels protocols corresponents.<\/p>\n<p>En aquest <a href=\"https:\/\/youtu.be\/nkgENcCaHH8\">v\u00eddeo<\/a>\u00a0explicatiu i en la\u00a0<a href=\"https:\/\/projectes.xtec.cat\/educacioinclusiva\/general\/engega-la-usapps\/\">infografia<\/a>\u00a0podeu consultar el funcionament de la\u00a0<a href=\"https:\/\/usav.educacio.gencat.cat\/\">UsApps<\/a>.<\/p>\n<p><a href=\"https:\/\/usav.educacio.gencat.cat\/\"><img loading=\"lazy\" decoding=\"async\" class=\"aligncenter wp-image-4578\" src=\"https:\/\/agora.xtec.cat\/ceip-salvador-espriu-roda\/wp-content\/uploads\/usu1367\/2021\/06\/logo_app.01e39ec-1-1024x383.png\" alt=\"\" width=\"225\" height=\"84\" srcset=\"https:\/\/agora.xtec.cat\/ceip-salvador-espriu-roda\/wp-content\/uploads\/usu1367\/2021\/06\/logo_app.01e39ec-1-1024x383.png 1024w, https:\/\/agora.xtec.cat\/ceip-salvador-espriu-roda\/wp-content\/uploads\/usu1367\/2021\/06\/logo_app.01e39ec-1-300x112.png 300w, https:\/\/agora.xtec.cat\/ceip-salvador-espriu-roda\/wp-content\/uploads\/usu1367\/2021\/06\/logo_app.01e39ec-1-768x287.png 768w, https:\/\/agora.xtec.cat\/ceip-salvador-espriu-roda\/wp-content\/uploads\/usu1367\/2021\/06\/logo_app.01e39ec-1.png 1314w\" sizes=\"auto, (max-width: 225px) 100vw, 225px\" \/><\/a><\/p>\n","protected":false},"excerpt":{"rendered":"<p>Benvolguda fam\u00edlia,<br \/>\nUs informem que s&#8217;ha posat en marxa la web \u2013 aplicaci\u00f3 inform\u00e0tica <a href=\"https:\/\/usav.educacio.gencat.cat\/\">UsApps<\/a>,\u00a0eina que el Departament d&#8217;Educaci\u00f3 posa a disposici\u00f3 de totes les persones de la comunitat educativa per comunicar les diferents situacions de viol\u00e8ncia que l&#8217;alumnat pot viure o ser-ne testimoni,\u00a0amb la&hellip;  <a href=\"https:\/\/agora.xtec.cat\/ceip-salvador-espriu-roda\/escola-segura\/escola-lliure-de-violencia\/\" title=\"Read Escola Lliure de Viol\u00e8ncia\">Llegeix m\u00e9s\u00bb<\/a><\/p>\n","protected":false},"author":1,"featured_media":0,"parent":4327,"menu_order":0,"comment_status":"closed","ping_status":"closed","template":"","meta":{"_bbp_topic_count":0,"_bbp_reply_count":0,"_bbp_total_topic_count":0,"_bbp_total_reply_count":0,"_bbp_voice_count":0,"_bbp_anonymous_reply_count":0,"_bbp_topic_count_hidden":0,"_bbp_reply_count_hidden":0,"_bbp_forum_subforum_count":0,"footnotes":""},"class_list":["post-4577","page","type-page","status-publish","hentry"],"post_mailing_queue_ids":[],"_links":{"self":[{"href":"https:\/\/agora.xtec.cat\/ceip-salvador-espriu-roda\/wp-json\/wp\/v2\/pages\/4577","targetHints":{"allow":["GET"]}}],"collection":[{"href":"https:\/\/agora.xtec.cat\/ceip-salvador-espriu-roda\/wp-json\/wp\/v2\/pages"}],"about":[{"href":"https:\/\/agora.xtec.cat\/ceip-salvador-espriu-roda\/wp-json\/wp\/v2\/types\/page"}],"author":[{"embeddable":true,"href":"https:\/\/agora.xtec.cat\/ceip-salvador-espriu-roda\/wp-json\/wp\/v2\/users\/1"}],"replies":[{"embeddable":true,"href":"https:\/\/agora.xtec.cat\/ceip-salvador-espriu-roda\/wp-json\/wp\/v2\/comments?post=4577"}],"version-history":[{"count":2,"href":"https:\/\/agora.xtec.cat\/ceip-salvador-espriu-roda\/wp-json\/wp\/v2\/pages\/4577\/revisions"}],"predecessor-version":[{"id":4582,"href":"https:\/\/agora.xtec.cat\/ceip-salvador-espriu-roda\/wp-json\/wp\/v2\/pages\/4577\/revisions\/4582"}],"up":[{"embeddable":true,"href":"https:\/\/agora.xtec.cat\/ceip-salvador-espriu-roda\/wp-json\/wp\/v2\/pages\/4327"}],"wp:attachment":[{"href":"https:\/\/agora.xtec.cat\/ceip-salvador-espriu-roda\/wp-json\/wp\/v2\/media?parent=4577"}],"curies":[{"name":"wp","href":"https:\/\/api.w.org\/{rel}","templated":true}]}}