{"id":3302,"date":"2020-01-31T10:47:07","date_gmt":"2020-01-31T09:47:07","guid":{"rendered":"http:\/\/agora.xtec.cat\/ceip-salvador-espriu-roda\/?page_id=3302"},"modified":"2020-01-31T10:47:13","modified_gmt":"2020-01-31T09:47:13","slug":"progra-de-consum-de-fruita-i-llet-a-lescola","status":"publish","type":"page","link":"https:\/\/agora.xtec.cat\/ceip-salvador-espriu-roda\/progra-de-consum-de-fruita-i-llet-a-lescola\/","title":{"rendered":"Programa de consum de fruita i llet a l&#8217;escola"},"content":{"rendered":"<p><strong>PARTICIPEM AL PROGRAMA DE CONSUM DE FRUITA I LLET A LES ESCOLES<\/strong><\/p>\n<p><strong>\u00a0<\/strong>Seguim participant en el Programa de consum de fruita i llet a les escoles, iniciativa de la Uni\u00f3 Europea que es fa efectiva per una acci\u00f3 coordinada dels Departaments d\u2019Agricultura, Salut i Educaci\u00f3.<\/p>\n<p>Aquest programa consisteix a distribuir fruita fresca als alumnes i aix\u00ed potenciar accions que afavoreixin la salut dels infants augmentant el seu consum de fruites i verdures i proposant el consum d\u2019aquestes com una alternativa excel\u2022lent al consum d\u2019altres aliments amb menys qualitat nutricional.<\/p>\n<p><strong>Quan hi haur\u00e0 fruita per esmorzar? <\/strong><\/p>\n<p>Durant el curs escolar, una setmana de cada mes, es repartir\u00e0 entre els nens i les nenes fruita i\/o verdura seleccionada, en funci\u00f3 de l\u2019estaci\u00f3 de l\u2019any, la proximitat de producci\u00f3 i la qualitat, per a qu\u00e8 en consumeixin durant l\u2019esmorzar.<\/p>\n<p><strong>El calendari de fruites per aquest curs ser\u00e0 el seg\u00fcent:<\/strong><\/p>\n<ul>\n<li>Gener:\u00a0 Mandarina (150 g\/alumne), Poma Golden (180 g\/alumne),\u00a0 Pera Conference (180 g\/alumne)<\/li>\n<li>Febrer:\u00a0 Pl\u00e0tan (180 g\/alumne), Pera Conference (180 g\/alumne),\u00a0 Taronja (200 g\/alumne), Mandarina (150 g\/alumne)<\/li>\n<li>Mar\u00e7:\u00a0 Poma Vermella\/Bicolor (180 g\/alumne), Taronja (200 g\/alumne), Maduixot (120 g\/alumne)<\/li>\n<li>Abril:\u00a0 Poma (180 g\/alumne), Cirerol (80 g\/alumne), Pera (180 g\/alumne)<\/li>\n<li>Maig: Albercoc (120 g\/alumne), Nectarina (150 g\/alumne), Pera addicional aportada per Afrucat (180 g\/alumne)<\/li>\n<li>Juny: Cirera (120 g\/alumne), Pr\u00e9ssec (150 g\/alumne), Paraguai\u00e0 (150 g\/alumne)<\/li>\n<\/ul>\n<p><strong>Quan hi haur\u00e0 llet per esmorzar?<\/strong><\/p>\n<p>En relaci\u00f3 al consum de llet, el Departament d\u2019Agricultura, Ramaderia, Pesca i Alimentaci\u00f3 (DARP) repartir\u00e0 llet, gratu\u00eftament, als alumnes de 3 a 12 anys de l\u2019escola.<\/p>\n<p>A partir de finals de gener i durant el curs escolar, cada dia, es repartir\u00e0 entre els nens i les nenes un got de llet sencera UHT.<\/p>\n<p>Aquesta acci\u00f3 s\u2019emmarca en el programa europeu de distribuci\u00f3 de llet a les escoles que promou el consum de llet en les dietes de l\u2019alumnat durant l\u2019etapa de formaci\u00f3 dels seus h\u00e0bits alimentaris i est\u00e0 finan\u00e7ada pel Fons Europeu Agr\u00edcola de Garantia de la uni\u00f3 Europea.<\/p>\n<p><a href=\"https:\/\/agora.xtec.cat\/ceip-salvador-espriu-roda\/wp-content\/uploads\/usu1367\/2020\/01\/programa-consum-llet-escoles-unio-europea-1.pdf\">programa-consum-llet-escoles-unio-europea<\/a><\/p>\n<p><a href=\"https:\/\/agora.xtec.cat\/ceip-salvador-espriu-roda\/wp-content\/uploads\/usu1367\/2020\/01\/cartell-programa-consum-fruita-hortalisses-escoles-unio-europea.pdf\">cartell-programa-consum-fruita-hortalisses-escoles-unio-europea<\/a><\/p>\n","protected":false},"excerpt":{"rendered":"<p>PARTICIPEM AL PROGRAMA DE CONSUM DE FRUITA I LLET A LES ESCOLES<br \/>\n\u00a0Seguim participant en el Programa de consum de fruita i llet a les escoles, iniciativa de la Uni\u00f3 Europea que es fa efectiva per una acci\u00f3 coordinada dels Departaments d\u2019Agricultura, Salut i Educaci\u00f3.<br \/>\nAquest programa&hellip;  <a href=\"https:\/\/agora.xtec.cat\/ceip-salvador-espriu-roda\/progra-de-consum-de-fruita-i-llet-a-lescola\/\" title=\"Read Programa de consum de fruita i llet a l&#8217;escola\">Llegeix m\u00e9s\u00bb<\/a><\/p>\n","protected":false},"author":1,"featured_media":0,"parent":0,"menu_order":0,"comment_status":"closed","ping_status":"closed","template":"","meta":{"_bbp_topic_count":0,"_bbp_reply_count":0,"_bbp_total_topic_count":0,"_bbp_total_reply_count":0,"_bbp_voice_count":0,"_bbp_anonymous_reply_count":0,"_bbp_topic_count_hidden":0,"_bbp_reply_count_hidden":0,"_bbp_forum_subforum_count":0,"footnotes":""},"class_list":["post-3302","page","type-page","status-publish","hentry"],"post_mailing_queue_ids":[],"_links":{"self":[{"href":"https:\/\/agora.xtec.cat\/ceip-salvador-espriu-roda\/wp-json\/wp\/v2\/pages\/3302","targetHints":{"allow":["GET"]}}],"collection":[{"href":"https:\/\/agora.xtec.cat\/ceip-salvador-espriu-roda\/wp-json\/wp\/v2\/pages"}],"about":[{"href":"https:\/\/agora.xtec.cat\/ceip-salvador-espriu-roda\/wp-json\/wp\/v2\/types\/page"}],"author":[{"embeddable":true,"href":"https:\/\/agora.xtec.cat\/ceip-salvador-espriu-roda\/wp-json\/wp\/v2\/users\/1"}],"replies":[{"embeddable":true,"href":"https:\/\/agora.xtec.cat\/ceip-salvador-espriu-roda\/wp-json\/wp\/v2\/comments?post=3302"}],"version-history":[{"count":2,"href":"https:\/\/agora.xtec.cat\/ceip-salvador-espriu-roda\/wp-json\/wp\/v2\/pages\/3302\/revisions"}],"predecessor-version":[{"id":3308,"href":"https:\/\/agora.xtec.cat\/ceip-salvador-espriu-roda\/wp-json\/wp\/v2\/pages\/3302\/revisions\/3308"}],"wp:attachment":[{"href":"https:\/\/agora.xtec.cat\/ceip-salvador-espriu-roda\/wp-json\/wp\/v2\/media?parent=3302"}],"curies":[{"name":"wp","href":"https:\/\/api.w.org\/{rel}","templated":true}]}}