{"id":972,"date":"2025-08-20T12:19:48","date_gmt":"2025-08-20T10:19:48","guid":{"rendered":"https:\/\/agora.xtec.cat\/ceip-rosella\/?page_id=972"},"modified":"2025-08-20T12:23:01","modified_gmt":"2025-08-20T10:23:01","slug":"som-escola","status":"publish","type":"page","link":"https:\/\/agora.xtec.cat\/ceip-rosella\/lescola\/som-escola\/","title":{"rendered":"Som escola"},"content":{"rendered":"\n<div class=\"wp-block-media-text is-stacked-on-mobile\"><figure class=\"wp-block-media-text__media\"><a href=\"https:\/\/somescola.cat\/\" target=\"_blank\" rel=\" noreferrer noopener\"><img loading=\"lazy\" decoding=\"async\" width=\"712\" height=\"334\" src=\"https:\/\/agora.xtec.cat\/ceip-rosella\/wp-content\/uploads\/usu3593\/2025\/08\/logo.jpg\" alt=\"\" class=\"wp-image-973 size-full\" srcset=\"https:\/\/agora.xtec.cat\/ceip-rosella\/wp-content\/uploads\/usu3593\/2025\/08\/logo.jpg 712w, https:\/\/agora.xtec.cat\/ceip-rosella\/wp-content\/uploads\/usu3593\/2025\/08\/logo-300x141.jpg 300w\" sizes=\"auto, (max-width: 712px) 100vw, 712px\" \/><\/a><\/figure><div class=\"wp-block-media-text__content\">\n<p>L&#8217;Escola est\u00e0 adherida a la plataforma&nbsp;<strong>Somescola. <\/strong><\/p>\n\n\n\n<p><strong>\u00c9s una iniciativa que uneix persones i entitats compromeses amb la consolidaci\u00f3, protecci\u00f3 i millora del model educatiu catal\u00e0,<\/strong>&nbsp;que representen el conjunt de la comunitat educativa i les entitats per la llengua.&nbsp;<\/p>\n<\/div><\/div>\n\n\n\n<p><\/p>\n","protected":false},"excerpt":{"rendered":"<p>L&#8217;Escola est\u00e0 adherida a la plataforma&nbsp;Somescola. \u00c9s una iniciativa que uneix persones i entitats compromeses amb la consolidaci\u00f3, protecci\u00f3 i millora del model educatiu catal\u00e0,&nbsp;que representen el conjunt de la comunitat educativa i les entitats per la llengua.&nbsp;<\/p>\n","protected":false},"author":1,"featured_media":0,"parent":22,"menu_order":60,"comment_status":"closed","ping_status":"closed","template":"","meta":{"site-sidebar-layout":"default","site-content-layout":"","ast-site-content-layout":"default","site-content-style":"default","site-sidebar-style":"default","ast-global-header-display":"","ast-banner-title-visibility":"","ast-main-header-display":"","ast-hfb-above-header-display":"","ast-hfb-below-header-display":"","ast-hfb-mobile-header-display":"","site-post-title":"","ast-breadcrumbs-content":"","ast-featured-img":"","footer-sml-layout":"","theme-transparent-header-meta":"","adv-header-id-meta":"","stick-header-meta":"","header-above-stick-meta":"","header-main-stick-meta":"","header-below-stick-meta":"","astra-migrate-meta-layouts":"set","ast-page-background-enabled":"default","ast-page-background-meta":{"desktop":{"background-color":"var(--ast-global-color-4)","background-image":"","background-repeat":"repeat","background-position":"center center","background-size":"auto","background-attachment":"scroll","background-type":"","background-media":"","overlay-type":"","overlay-color":"","overlay-opacity":"","overlay-gradient":""},"tablet":{"background-color":"","background-image":"","background-repeat":"repeat","background-position":"center center","background-size":"auto","background-attachment":"scroll","background-type":"","background-media":"","overlay-type":"","overlay-color":"","overlay-opacity":"","overlay-gradient":""},"mobile":{"background-color":"","background-image":"","background-repeat":"repeat","background-position":"center center","background-size":"auto","background-attachment":"scroll","background-type":"","background-media":"","overlay-type":"","overlay-color":"","overlay-opacity":"","overlay-gradient":""}},"ast-content-background-meta":{"desktop":{"background-color":"var(--ast-global-color-5)","background-image":"","background-repeat":"repeat","background-position":"center center","background-size":"auto","background-attachment":"scroll","background-type":"","background-media":"","overlay-type":"","overlay-color":"","overlay-opacity":"","overlay-gradient":""},"tablet":{"background-color":"var(--ast-global-color-5)","background-image":"","background-repeat":"repeat","background-position":"center center","background-size":"auto","background-attachment":"scroll","background-type":"","background-media":"","overlay-type":"","overlay-color":"","overlay-opacity":"","overlay-gradient":""},"mobile":{"background-color":"var(--ast-global-color-5)","background-image":"","background-repeat":"repeat","background-position":"center center","background-size":"auto","background-attachment":"scroll","background-type":"","background-media":"","overlay-type":"","overlay-color":"","overlay-opacity":"","overlay-gradient":""}},"footnotes":""},"class_list":["post-972","page","type-page","status-publish","hentry"],"post_mailing_queue_ids":[],"_links":{"self":[{"href":"https:\/\/agora.xtec.cat\/ceip-rosella\/wp-json\/wp\/v2\/pages\/972","targetHints":{"allow":["GET"]}}],"collection":[{"href":"https:\/\/agora.xtec.cat\/ceip-rosella\/wp-json\/wp\/v2\/pages"}],"about":[{"href":"https:\/\/agora.xtec.cat\/ceip-rosella\/wp-json\/wp\/v2\/types\/page"}],"author":[{"embeddable":true,"href":"https:\/\/agora.xtec.cat\/ceip-rosella\/wp-json\/wp\/v2\/users\/1"}],"replies":[{"embeddable":true,"href":"https:\/\/agora.xtec.cat\/ceip-rosella\/wp-json\/wp\/v2\/comments?post=972"}],"version-history":[{"count":3,"href":"https:\/\/agora.xtec.cat\/ceip-rosella\/wp-json\/wp\/v2\/pages\/972\/revisions"}],"predecessor-version":[{"id":978,"href":"https:\/\/agora.xtec.cat\/ceip-rosella\/wp-json\/wp\/v2\/pages\/972\/revisions\/978"}],"up":[{"embeddable":true,"href":"https:\/\/agora.xtec.cat\/ceip-rosella\/wp-json\/wp\/v2\/pages\/22"}],"wp:attachment":[{"href":"https:\/\/agora.xtec.cat\/ceip-rosella\/wp-json\/wp\/v2\/media?parent=972"}],"curies":[{"name":"wp","href":"https:\/\/api.w.org\/{rel}","templated":true}]}}