{"id":965,"date":"2025-08-20T12:06:07","date_gmt":"2025-08-20T10:06:07","guid":{"rendered":"https:\/\/agora.xtec.cat\/ceip-rosella\/?page_id=965"},"modified":"2025-08-20T12:06:07","modified_gmt":"2025-08-20T10:06:07","slug":"som-escola-verda","status":"publish","type":"page","link":"https:\/\/agora.xtec.cat\/ceip-rosella\/lescola\/som-escola-verda\/","title":{"rendered":"Som Escola Verda"},"content":{"rendered":"\n<p>L&#8217;Escola Rosella \u00e9s un exemple d&#8217;Escola Verda, i com a tal, \u00e9s una escola viva, que cont\u00ednuament forma part de projectes i activitats per poder mantenir i millorar el nostre planeta.<\/p>\n\n\n\n<p>En aquest&nbsp;<a href=\"https:\/\/www.canva.com\/design\/DAGW7KnKt0s\/Yow9hNexoVVKDoCbdOtSDw\/edit?utm_content=DAGW7KnKt0s&amp;utm_campaign=designshare&amp;utm_medium=link2&amp;utm_source=sharebutton\" target=\"_blank\" rel=\"noreferrer noopener\">enlla\u00e7&nbsp;<\/a>podeu anar veient totes les novetats que es porten a terme per part de l&#8217;alumnat de l&#8217;escola.<\/p>\n\n\n\n<p>Ens agrada molt rebre el vostre suport i la vostra participaci\u00f3 en totes i cadascuna de les accions que proposem.<\/p>\n\n\n\n<p>El dia 27 de maig, representants de Tercer de l&#8217;Escola Rosella han presentat el&nbsp;<a href=\"https:\/\/drive.google.com\/file\/d\/1NuhVHJm3vpZ7IyMxPETbUu0UceOtUgsV\/view?usp=sharing\" target=\"_blank\" rel=\"noreferrer noopener\">Projecte Aquadragons<\/a>&nbsp;a la Xarxa d&#8217;Escoles Verdes de Catalunya&nbsp; 2025.<\/p>\n\n\n\n<p>El 30 de maig celebrem el&nbsp;<a href=\"https:\/\/sosoroll.blogspot.com\/2025\/04\/dia-mundial-sense-soroll-30-de-maig.html\" target=\"_blank\" rel=\"noreferrer noopener\">Dia Mundial Sense Soroll<\/a>&nbsp;(aqu\u00ed hi teniu tota la informaci\u00f3)<\/p>\n\n\n\n<p><a href=\"https:\/\/drive.google.com\/file\/d\/1aIh79ZyZk2q_g7RxJJIY8bzbgnRQRBBR\/view?usp=sharing\" target=\"_blank\" rel=\"noreferrer noopener\">PRESENTACI\u00d3 SOBRE MINDFULNESS<\/a><\/p>\n\n\n\n<div class=\"wp-block-media-text is-stacked-on-mobile\"><figure class=\"wp-block-media-text__media\"><img loading=\"lazy\" decoding=\"async\" width=\"259\" height=\"194\" src=\"https:\/\/agora.xtec.cat\/ceip-rosella\/wp-content\/uploads\/usu3593\/2025\/08\/escolaverda.png\" alt=\"\" class=\"wp-image-966 size-full\"\/><\/figure><div class=\"wp-block-media-text__content\">\n<p>Si cliqueu sobre la imatge anireu al blog de Rosella Escola Verda<\/p>\n<\/div><\/div>\n","protected":false},"excerpt":{"rendered":"<p>L&#8217;Escola Rosella \u00e9s un exemple d&#8217;Escola Verda, i com a tal, \u00e9s una escola viva, que cont\u00ednuament forma part de projectes i activitats per poder mantenir i millorar el nostre planeta. En aquest&nbsp;enlla\u00e7&nbsp;podeu anar veient totes les novetats que es porten a terme per part de l&#8217;alumnat de l&#8217;escola. Ens agrada molt rebre el vostre [&hellip;]<\/p>\n","protected":false},"author":1,"featured_media":0,"parent":22,"menu_order":40,"comment_status":"closed","ping_status":"closed","template":"","meta":{"site-sidebar-layout":"default","site-content-layout":"","ast-site-content-layout":"","site-content-style":"default","site-sidebar-style":"default","ast-global-header-display":"","ast-banner-title-visibility":"","ast-main-header-display":"","ast-hfb-above-header-display":"","ast-hfb-below-header-display":"","ast-hfb-mobile-header-display":"","site-post-title":"","ast-breadcrumbs-content":"","ast-featured-img":"","footer-sml-layout":"","theme-transparent-header-meta":"","adv-header-id-meta":"","stick-header-meta":"","header-above-stick-meta":"","header-main-stick-meta":"","header-below-stick-meta":"","astra-migrate-meta-layouts":"default","ast-page-background-enabled":"default","ast-page-background-meta":{"desktop":{"background-color":"var(--ast-global-color-4)","background-image":"","background-repeat":"repeat","background-position":"center center","background-size":"auto","background-attachment":"scroll","background-type":"","background-media":"","overlay-type":"","overlay-color":"","overlay-opacity":"","overlay-gradient":""},"tablet":{"background-color":"","background-image":"","background-repeat":"repeat","background-position":"center center","background-size":"auto","background-attachment":"scroll","background-type":"","background-media":"","overlay-type":"","overlay-color":"","overlay-opacity":"","overlay-gradient":""},"mobile":{"background-color":"","background-image":"","background-repeat":"repeat","background-position":"center center","background-size":"auto","background-attachment":"scroll","background-type":"","background-media":"","overlay-type":"","overlay-color":"","overlay-opacity":"","overlay-gradient":""}},"ast-content-background-meta":{"desktop":{"background-color":"var(--ast-global-color-5)","background-image":"","background-repeat":"repeat","background-position":"center center","background-size":"auto","background-attachment":"scroll","background-type":"","background-media":"","overlay-type":"","overlay-color":"","overlay-opacity":"","overlay-gradient":""},"tablet":{"background-color":"var(--ast-global-color-5)","background-image":"","background-repeat":"repeat","background-position":"center center","background-size":"auto","background-attachment":"scroll","background-type":"","background-media":"","overlay-type":"","overlay-color":"","overlay-opacity":"","overlay-gradient":""},"mobile":{"background-color":"var(--ast-global-color-5)","background-image":"","background-repeat":"repeat","background-position":"center center","background-size":"auto","background-attachment":"scroll","background-type":"","background-media":"","overlay-type":"","overlay-color":"","overlay-opacity":"","overlay-gradient":""}},"footnotes":""},"class_list":["post-965","page","type-page","status-publish","hentry"],"post_mailing_queue_ids":[],"_links":{"self":[{"href":"https:\/\/agora.xtec.cat\/ceip-rosella\/wp-json\/wp\/v2\/pages\/965","targetHints":{"allow":["GET"]}}],"collection":[{"href":"https:\/\/agora.xtec.cat\/ceip-rosella\/wp-json\/wp\/v2\/pages"}],"about":[{"href":"https:\/\/agora.xtec.cat\/ceip-rosella\/wp-json\/wp\/v2\/types\/page"}],"author":[{"embeddable":true,"href":"https:\/\/agora.xtec.cat\/ceip-rosella\/wp-json\/wp\/v2\/users\/1"}],"replies":[{"embeddable":true,"href":"https:\/\/agora.xtec.cat\/ceip-rosella\/wp-json\/wp\/v2\/comments?post=965"}],"version-history":[{"count":1,"href":"https:\/\/agora.xtec.cat\/ceip-rosella\/wp-json\/wp\/v2\/pages\/965\/revisions"}],"predecessor-version":[{"id":967,"href":"https:\/\/agora.xtec.cat\/ceip-rosella\/wp-json\/wp\/v2\/pages\/965\/revisions\/967"}],"up":[{"embeddable":true,"href":"https:\/\/agora.xtec.cat\/ceip-rosella\/wp-json\/wp\/v2\/pages\/22"}],"wp:attachment":[{"href":"https:\/\/agora.xtec.cat\/ceip-rosella\/wp-json\/wp\/v2\/media?parent=965"}],"curies":[{"name":"wp","href":"https:\/\/api.w.org\/{rel}","templated":true}]}}