{"id":552,"date":"2024-12-16T12:57:39","date_gmt":"2024-12-16T11:57:39","guid":{"rendered":"https:\/\/agora.xtec.cat\/ceip-rosella\/?page_id=552"},"modified":"2025-09-01T10:41:38","modified_gmt":"2025-09-01T08:41:38","slug":"documents","status":"publish","type":"page","link":"https:\/\/agora.xtec.cat\/ceip-rosella\/documents\/","title":{"rendered":"Documents"},"content":{"rendered":"\n<p>En aquesta p\u00e0gina trobareu tots els documents que guien el funcionament de l&#8217;escola.<\/p>\n\n\n\n<div class=\"wp-block-getwid-accordion has-icon-left\" data-active-element=\"none\">\n<div class=\"wp-block-getwid-accordion__header-wrapper\"><span class=\"wp-block-getwid-accordion__header\"><a href=\"#\"><span class=\"wp-block-getwid-accordion__header-title\">Documents de centre<\/span><span class=\"wp-block-getwid-accordion__icon is-active\"><i class=\"fas fa-plus\"><\/i><\/span><span class=\"wp-block-getwid-accordion__icon is-passive\"><i class=\"fas fa-minus\"><\/i><\/span><\/a><\/span><\/div><div class=\"wp-block-getwid-accordion__content-wrapper\"><div class=\"wp-block-getwid-accordion__content\">\n<p><a href=\"https:\/\/agora.xtec.cat\/ceip-rosella\/lescola\/oferta-educativa\/\" data-type=\"page\" data-id=\"34\">NOFC (Normes d&#8217;organitzaci\u00f3 i funcionament del centre)<\/a><\/p>\n\n\n\n<p><a href=\"https:\/\/agora.xtec.cat\/ceip-rosella\/lescola\/instal%c2%b7lacions\/\" data-type=\"page\" data-id=\"30\">Pla anual de l&#8217;escola<\/a><\/p>\n\n\n\n<p><a href=\"https:\/\/sites.google.com\/escolarosella.cat\/edc\/edc-escola-rosella\">Estrat\u00e8gia digital de centre<\/a><\/p>\n\n\n\n<p><a href=\"https:\/\/agora.xtec.cat\/ceip-rosella\/lescola\/salut\/\" data-type=\"page\" data-id=\"38\">Projecte de conviv\u00e8ncia de centre<\/a><\/p>\n\n\n\n<p><a href=\"https:\/\/agora.xtec.cat\/ceip-rosella\/wp-content\/uploads\/usu3593\/2025\/08\/PL-Rosella.pdf\" target=\"_blank\" rel=\"noreferrer noopener nofollow\">Projecte ling\u00fc\u00edstic de centre<\/a><\/p>\n\n\n\n<p><\/p>\n<\/div><\/div>\n\n\n\n<div class=\"wp-block-getwid-accordion__header-wrapper\"><span class=\"wp-block-getwid-accordion__header\"><a href=\"#\"><span class=\"wp-block-getwid-accordion__header-title\">Autoritzacions<\/span><span class=\"wp-block-getwid-accordion__icon is-active\"><i class=\"fas fa-plus\"><\/i><\/span><span class=\"wp-block-getwid-accordion__icon is-passive\"><i class=\"fas fa-minus\"><\/i><\/span><\/a><\/span><\/div><div class=\"wp-block-getwid-accordion__content-wrapper\"><div class=\"wp-block-getwid-accordion__content\">\n<p><a href=\"https:\/\/agora.xtec.cat\/ceip-rosella\/wp-content\/uploads\/usu3593\/2025\/08\/Us-de-la-ludoteca.pdf\">Autoritzaci\u00f3 dels tutors legals per a la sortida dels alumnes de l\u2019escola<\/a><\/p>\n\n\n\n<p><a href=\"https:\/\/agora.xtec.cat\/ceip-rosella\/wp-content\/uploads\/usu3593\/2025\/08\/extraescolars-al-migdia.pdf\">Autoritzaci\u00f3 per sortir de l\u2019escola per assistir a classes al migdia<\/a><\/p>\n\n\n\n<p><a href=\"https:\/\/agora.xtec.cat\/ceip-rosella\/wp-content\/uploads\/usu3593\/2025\/08\/sortides-pedagogicques.pdf\">Autoritzaci\u00f3 per sortida pedag\u00f2gica<\/a><\/p>\n\n\n\n<p><a href=\"https:\/\/agora.xtec.cat\/ceip-rosella\/wp-content\/uploads\/usu3593\/2025\/08\/colonies.pdf\">Autoritzaci\u00f3 per assistir a les col\u00f2nies<\/a><\/p>\n\n\n\n<p><a href=\"https:\/\/agora.xtec.cat\/ceip-rosella\/wp-content\/uploads\/usu3593\/2025\/08\/Us-de-la-ludoteca.pdf\">Autoritzaci\u00f3 per fer \u00fas de la ludoteca<\/a><\/p>\n<\/div><\/div>\n\n\n\n<div class=\"wp-block-getwid-accordion__header-wrapper\"><span class=\"wp-block-getwid-accordion__header\"><a href=\"#\"><span class=\"wp-block-getwid-accordion__header-title\">Llibres i val escolar<\/span><span class=\"wp-block-getwid-accordion__icon is-active\"><i class=\"fas fa-plus\"><\/i><\/span><span class=\"wp-block-getwid-accordion__icon is-passive\"><i class=\"fas fa-minus\"><\/i><\/span><\/a><\/span><\/div><div class=\"wp-block-getwid-accordion__content-wrapper\"><div class=\"wp-block-getwid-accordion__content\">\n<p><a href=\"https:\/\/agora.xtec.cat\/ceip-rosella\/val-escolar\/\" target=\"_blank\" rel=\"noreferrer noopener nofollow\">Val escolar<\/a><\/p>\n\n\n\n<p><a href=\"https:\/\/agora.xtec.cat\/ceip-rosella\/wp-content\/uploads\/usu3593\/2025\/08\/Llibres-I4-25-26.docx.pdf\" target=\"_blank\" rel=\"noreferrer noopener nofollow\">Educaci\u00f3 infantil I4<\/a><\/p>\n\n\n\n<p><a href=\"https:\/\/agora.xtec.cat\/ceip-rosella\/wp-content\/uploads\/usu3593\/2025\/08\/Llibres-I5-25-26.docx.pdf\" target=\"_blank\" rel=\"noreferrer noopener nofollow\">Educaci\u00f3 infantil I5<\/a><\/p>\n\n\n\n<p><a href=\"https:\/\/agora.xtec.cat\/ceip-rosella\/wp-content\/uploads\/usu3593\/2025\/08\/Llibres-1r-25-26.docx.pdf\" data-type=\"link\" data-id=\"https:\/\/agora.xtec.cat\/ceip-rosella\/wp-content\/uploads\/usu3593\/2025\/08\/Llibres-1r-25-26.docx.pdf\" target=\"_blank\" rel=\"noreferrer noopener nofollow\">Primer cicle &#8211; 1r&nbsp;<\/a><\/p>\n\n\n\n<p><a href=\"https:\/\/agora.xtec.cat\/ceip-rosella\/wp-content\/uploads\/usu3593\/2025\/08\/Llibres-2n-25-26.docx.pdf\" data-type=\"link\" data-id=\"https:\/\/agora.xtec.cat\/ceip-rosella\/wp-content\/uploads\/usu3593\/2025\/08\/Llibres-1r-25-26.docx.pdf\" target=\"_blank\" rel=\"noreferrer noopener nofollow\">Primer cicle &#8211; 2n&nbsp;<\/a><\/p>\n\n\n\n<p><a href=\"https:\/\/agora.xtec.cat\/ceip-rosella\/wp-content\/uploads\/usu3593\/2025\/08\/Llibres-3r-25-26.docx.pdf\" data-type=\"link\" data-id=\"https:\/\/agora.xtec.cat\/ceip-rosella\/wp-content\/uploads\/usu3593\/2025\/08\/Llibres-1r-25-26.docx.pdf\" target=\"_blank\" rel=\"noreferrer noopener nofollow\">Segon cicle &#8211; 3r&nbsp;<\/a><\/p>\n\n\n\n<p><a href=\"https:\/\/agora.xtec.cat\/ceip-rosella\/wp-content\/uploads\/usu3593\/2025\/08\/Llibres-4t-25-26.docx.pdf\" data-type=\"link\" data-id=\"https:\/\/agora.xtec.cat\/ceip-rosella\/wp-content\/uploads\/usu3593\/2025\/08\/Llibres-1r-25-26.docx.pdf\" target=\"_blank\" rel=\"noreferrer noopener nofollow\">Segon cicle &#8211; 4t&nbsp;<\/a><\/p>\n\n\n\n<p><a href=\"https:\/\/agora.xtec.cat\/ceip-rosella\/wp-content\/uploads\/usu3593\/2025\/08\/Llibres-5e-25-26.docx.pdf\" data-type=\"link\" data-id=\"https:\/\/agora.xtec.cat\/ceip-rosella\/wp-content\/uploads\/usu3593\/2025\/08\/Llibres-1r-25-26.docx.pdf\" target=\"_blank\" rel=\"noreferrer noopener nofollow\">Tercer cicle &#8211; 5\u00e8<\/a><\/p>\n\n\n\n<p><a href=\"https:\/\/agora.xtec.cat\/ceip-rosella\/wp-content\/uploads\/usu3593\/2025\/08\/Llibres-6e-25-26.docx.pdf\" data-type=\"link\" data-id=\"https:\/\/agora.xtec.cat\/ceip-rosella\/wp-content\/uploads\/usu3593\/2025\/08\/Llibres-1r-25-26.docx.pdf\" target=\"_blank\" rel=\"noreferrer noopener nofollow\">Tercer cicle &#8211; 6\u00e8<\/a><\/p>\n\n\n\n<p><a href=\"https:\/\/agora.xtec.cat\/ceip-rosella\/wp-content\/uploads\/usu3593\/2025\/08\/LLIBRES-SOCIALITZATS-25-26.pdf\" data-type=\"link\" data-id=\"https:\/\/agora.xtec.cat\/ceip-rosella\/wp-content\/uploads\/usu3593\/2025\/08\/Llibres-1r-25-26.docx.pdf\" target=\"_blank\" rel=\"noreferrer noopener nofollow\">Llibres socialitzats<\/a><\/p>\n<\/div><\/div>\n\n\n\n<div class=\"wp-block-getwid-accordion__header-wrapper\"><span class=\"wp-block-getwid-accordion__header\"><a href=\"#\"><span class=\"wp-block-getwid-accordion__header-title\">Material d&#8217;\u00fas personal<\/span><span class=\"wp-block-getwid-accordion__icon is-active\"><i class=\"fas fa-plus\"><\/i><\/span><span class=\"wp-block-getwid-accordion__icon is-passive\"><i class=\"fas fa-minus\"><\/i><\/span><\/a><\/span><\/div><div class=\"wp-block-getwid-accordion__content-wrapper\"><div class=\"wp-block-getwid-accordion__content\">\n<p><a href=\"https:\/\/agora.xtec.cat\/ceip-rosella\/wp-content\/uploads\/usu3593\/2025\/08\/Material-I3.docx.pdf\" target=\"_blank\" rel=\"noreferrer noopener nofollow\">I3<\/a><\/p>\n\n\n\n<p><a href=\"https:\/\/agora.xtec.cat\/ceip-rosella\/wp-content\/uploads\/usu3593\/2025\/08\/Material-I4.docx.pdf\">I4<\/a><\/p>\n\n\n\n<p><a href=\"https:\/\/agora.xtec.cat\/ceip-rosella\/wp-content\/uploads\/usu3593\/2025\/08\/Material-I5.docx.pdf\">I5<\/a><\/p>\n\n\n\n<p><a href=\"https:\/\/agora.xtec.cat\/ceip-rosella\/wp-content\/uploads\/usu3593\/2025\/08\/Material-1r.docx.pdf\" target=\"_blank\" rel=\"noreferrer noopener nofollow\">Primer cicle &#8211; 1r<\/a><\/p>\n\n\n\n<p><a href=\"https:\/\/agora.xtec.cat\/ceip-rosella\/wp-content\/uploads\/usu3593\/2025\/08\/Material-2n.docx.pdf\" target=\"_blank\" rel=\"noreferrer noopener nofollow\">Primer cicle &#8211;  2n<\/a><\/p>\n\n\n\n<p><a href=\"https:\/\/agora.xtec.cat\/ceip-rosella\/wp-content\/uploads\/usu3593\/2025\/08\/Material-2n.docx.pdf\" target=\"_blank\" rel=\"noreferrer noopener nofollow\">Primer cicle &#8211;  2n<\/a><\/p>\n\n\n\n<p><a href=\"https:\/\/agora.xtec.cat\/ceip-rosella\/wp-content\/uploads\/usu3593\/2025\/08\/Material-3r-4t.docx.pdf\" target=\"_blank\" rel=\"noreferrer noopener nofollow\">Segon cicle &#8211;  3r i 4t<\/a><\/p>\n\n\n\n<p><a href=\"https:\/\/agora.xtec.cat\/ceip-rosella\/wp-content\/uploads\/usu3593\/2025\/08\/Material-5e-6e.docx.pdf\" target=\"_blank\" rel=\"noreferrer noopener nofollow\">Tercer cicle &#8211;  5\u00e8 i 6\u00e8<\/a><\/p>\n\n\n\n<p><\/p>\n<\/div><\/div>\n\n\n\n<div class=\"wp-block-getwid-accordion__header-wrapper\"><span class=\"wp-block-getwid-accordion__header\"><a href=\"#\"><span class=\"wp-block-getwid-accordion__header-title\">Actualitzaci\u00f3 de dades<\/span><span class=\"wp-block-getwid-accordion__icon is-active\"><i class=\"fas fa-plus\"><\/i><\/span><span class=\"wp-block-getwid-accordion__icon is-passive\"><i class=\"fas fa-minus\"><\/i><\/span><\/a><\/span><\/div><div class=\"wp-block-getwid-accordion__content-wrapper\"><div class=\"wp-block-getwid-accordion__content\">\n<p><a href=\"https:\/\/agora.xtec.cat\/ceip-rosella\/wp-content\/uploads\/usu3593\/2025\/08\/BANCARIA.pdf\" target=\"_blank\" rel=\"noreferrer noopener nofollow\">Dades banc\u00e0ries<\/a><\/p>\n\n\n\n<p><a href=\"https:\/\/agora.xtec.cat\/ceip-rosella\/wp-content\/uploads\/usu3593\/2025\/08\/OBSERVACIONS-MEDIQUES.pdf\" target=\"_blank\" rel=\"noreferrer noopener nofollow\">Dades m\u00e8diques i altres d&#8217;inter\u00e8s<\/a><\/p>\n\n\n\n<p><a href=\"https:\/\/agora.xtec.cat\/ceip-rosella\/wp-content\/uploads\/usu3593\/2025\/08\/dret_image.pdf\" target=\"_blank\" rel=\"noreferrer noopener nofollow\">Dret d&#8217;imatge<\/a><\/p>\n\n\n\n<p><a href=\"https:\/\/agora.xtec.cat\/ceip-rosella\/wp-content\/uploads\/usu3593\/2025\/08\/religio_valors.pdf\" target=\"_blank\" rel=\"noreferrer noopener nofollow\">Religi\u00f3 &#8211; Educaci\u00f3 en valors socials i c\u00edvics<\/a><\/p>\n\n\n\n<p><a href=\"https:\/\/agora.xtec.cat\/ceip-rosella\/wp-content\/uploads\/usu3593\/2025\/08\/sollicitud.pdf\" target=\"_blank\" rel=\"noreferrer noopener nofollow\">Sol\u00b7licitud<\/a><\/p>\n<\/div><\/div>\n\n\n\n<div class=\"wp-block-getwid-accordion__header-wrapper\"><span class=\"wp-block-getwid-accordion__header\"><a href=\"#\"><span class=\"wp-block-getwid-accordion__header-title\">Aportacions  econ\u00f2miques, pressupost<\/span><span class=\"wp-block-getwid-accordion__icon is-active\"><i class=\"fas fa-plus\"><\/i><\/span><span class=\"wp-block-getwid-accordion__icon is-passive\"><i class=\"fas fa-minus\"><\/i><\/span><\/a><\/span><\/div><div class=\"wp-block-getwid-accordion__content-wrapper\"><div class=\"wp-block-getwid-accordion__content\">\n<p><a href=\"https:\/\/agora.xtec.cat\/ceip-rosella\/wp-content\/uploads\/usu3593\/2025\/08\/Aportacions-economiques-web.pdf\" target=\"_blank\" rel=\"noreferrer noopener nofollow\">Aportacions econ\u00f2miques<\/a><\/p>\n\n\n\n<p><a href=\"https:\/\/agora.xtec.cat\/ceip-rosella\/pressupost\/\" target=\"_blank\" rel=\"noreferrer noopener nofollow\">Pressupost<\/a><\/p>\n<\/div><\/div>\n\n\n\n<div class=\"wp-block-getwid-accordion__header-wrapper\"><span class=\"wp-block-getwid-accordion__header\"><a href=\"#\"><span class=\"wp-block-getwid-accordion__header-title\">Contractes i convenis<\/span><span class=\"wp-block-getwid-accordion__icon is-active\"><i class=\"fas fa-plus\"><\/i><\/span><span class=\"wp-block-getwid-accordion__icon is-passive\"><i class=\"fas fa-minus\"><\/i><\/span><\/a><\/span><\/div><div class=\"wp-block-getwid-accordion__content-wrapper\"><div class=\"wp-block-getwid-accordion__content\">\n<p><a href=\"https:\/\/agora.xtec.cat\/ceip-rosella\/wp-content\/uploads\/usu3593\/2025\/08\/Conveni-dep-ampa-2019-20.pdf\" target=\"_blank\" rel=\"noreferrer noopener nofollow\">Contracte de menjador<\/a><\/p>\n\n\n\n<p><a href=\"https:\/\/agora.xtec.cat\/ceip-rosella\/wp-content\/uploads\/usu3593\/2025\/08\/contracte-CaixaBank.pdf\" target=\"_blank\" rel=\"noreferrer noopener nofollow\">Contracte amb CaixaBank<\/a><\/p>\n\n\n\n<p><a href=\"https:\/\/agora.xtec.cat\/ceip-rosella\/wp-content\/uploads\/usu3593\/2025\/08\/contracte-dinantia-rosella_signat.pdf\" target=\"_blank\" rel=\"noreferrer noopener nofollow\">Contracte amb Dinantia<\/a><\/p>\n<\/div><\/div>\n\n\n\n<div class=\"wp-block-getwid-accordion__header-wrapper\"><span class=\"wp-block-getwid-accordion__header\"><a href=\"#\"><span class=\"wp-block-getwid-accordion__header-title\">Carta de comprom\u00eds<\/span><span class=\"wp-block-getwid-accordion__icon is-active\"><i class=\"fas fa-plus\"><\/i><\/span><span class=\"wp-block-getwid-accordion__icon is-passive\"><i class=\"fas fa-minus\"><\/i><\/span><\/a><\/span><\/div><div class=\"wp-block-getwid-accordion__content-wrapper\"><div class=\"wp-block-getwid-accordion__content\">\n<p>Carta de compromis<\/p>\n<\/div><\/div>\n<\/div>\n\n\n\n<p><\/p>\n","protected":false},"excerpt":{"rendered":"<p>En aquesta p\u00e0gina trobareu tots els documents que guien el funcionament de l&#8217;escola.<\/p>\n","protected":false},"author":1,"featured_media":0,"parent":0,"menu_order":90,"comment_status":"closed","ping_status":"closed","template":"","meta":{"site-sidebar-layout":"left-sidebar","site-content-layout":"","ast-site-content-layout":"default","site-content-style":"default","site-sidebar-style":"default","ast-global-header-display":"","ast-banner-title-visibility":"","ast-main-header-display":"","ast-hfb-above-header-display":"","ast-hfb-below-header-display":"","ast-hfb-mobile-header-display":"","site-post-title":"","ast-breadcrumbs-content":"","ast-featured-img":"","footer-sml-layout":"","theme-transparent-header-meta":"","adv-header-id-meta":"","stick-header-meta":"","header-above-stick-meta":"","header-main-stick-meta":"","header-below-stick-meta":"","astra-migrate-meta-layouts":"set","ast-page-background-enabled":"default","ast-page-background-meta":{"desktop":{"background-color":"var(--ast-global-color-4)","background-image":"","background-repeat":"repeat","background-position":"center center","background-size":"auto","background-attachment":"scroll","background-type":"","background-media":"","overlay-type":"","overlay-color":"","overlay-opacity":"","overlay-gradient":""},"tablet":{"background-color":"","background-image":"","background-repeat":"repeat","background-position":"center center","background-size":"auto","background-attachment":"scroll","background-type":"","background-media":"","overlay-type":"","overlay-color":"","overlay-opacity":"","overlay-gradient":""},"mobile":{"background-color":"","background-image":"","background-repeat":"repeat","background-position":"center center","background-size":"auto","background-attachment":"scroll","background-type":"","background-media":"","overlay-type":"","overlay-color":"","overlay-opacity":"","overlay-gradient":""}},"ast-content-background-meta":{"desktop":{"background-color":"var(--ast-global-color-5)","background-image":"","background-repeat":"repeat","background-position":"center center","background-size":"auto","background-attachment":"scroll","background-type":"","background-media":"","overlay-type":"","overlay-color":"","overlay-opacity":"","overlay-gradient":""},"tablet":{"background-color":"var(--ast-global-color-5)","background-image":"","background-repeat":"repeat","background-position":"center center","background-size":"auto","background-attachment":"scroll","background-type":"","background-media":"","overlay-type":"","overlay-color":"","overlay-opacity":"","overlay-gradient":""},"mobile":{"background-color":"var(--ast-global-color-5)","background-image":"","background-repeat":"repeat","background-position":"center center","background-size":"auto","background-attachment":"scroll","background-type":"","background-media":"","overlay-type":"","overlay-color":"","overlay-opacity":"","overlay-gradient":""}},"footnotes":""},"class_list":["post-552","page","type-page","status-publish","hentry"],"post_mailing_queue_ids":[],"_links":{"self":[{"href":"https:\/\/agora.xtec.cat\/ceip-rosella\/wp-json\/wp\/v2\/pages\/552","targetHints":{"allow":["GET"]}}],"collection":[{"href":"https:\/\/agora.xtec.cat\/ceip-rosella\/wp-json\/wp\/v2\/pages"}],"about":[{"href":"https:\/\/agora.xtec.cat\/ceip-rosella\/wp-json\/wp\/v2\/types\/page"}],"author":[{"embeddable":true,"href":"https:\/\/agora.xtec.cat\/ceip-rosella\/wp-json\/wp\/v2\/users\/1"}],"replies":[{"embeddable":true,"href":"https:\/\/agora.xtec.cat\/ceip-rosella\/wp-json\/wp\/v2\/comments?post=552"}],"version-history":[{"count":6,"href":"https:\/\/agora.xtec.cat\/ceip-rosella\/wp-json\/wp\/v2\/pages\/552\/revisions"}],"predecessor-version":[{"id":1108,"href":"https:\/\/agora.xtec.cat\/ceip-rosella\/wp-json\/wp\/v2\/pages\/552\/revisions\/1108"}],"wp:attachment":[{"href":"https:\/\/agora.xtec.cat\/ceip-rosella\/wp-json\/wp\/v2\/media?parent=552"}],"curies":[{"name":"wp","href":"https:\/\/api.w.org\/{rel}","templated":true}]}}