{"id":5476,"date":"2025-11-25T10:14:52","date_gmt":"2025-11-25T09:14:52","guid":{"rendered":"https:\/\/agora.xtec.cat\/ceip-rosasensat-elmasnou\/?page_id=5476"},"modified":"2025-11-25T10:20:15","modified_gmt":"2025-11-25T09:20:15","slug":"xarxa-de-competencies","status":"publish","type":"page","link":"https:\/\/agora.xtec.cat\/ceip-rosasensat-elmasnou\/xarxa-de-competencies\/","title":{"rendered":"Xarxa de compet\u00e8ncies"},"content":{"rendered":"\n<figure class=\"wp-block-image size-large\"><a href=\"https:\/\/agora.xtec.cat\/ceip-rosasensat-elmasnou\/wp-content\/uploads\/usu2177\/2025\/11\/image-9.png\"><img loading=\"lazy\" decoding=\"async\" width=\"1024\" height=\"182\" src=\"https:\/\/agora.xtec.cat\/ceip-rosasensat-elmasnou\/wp-content\/uploads\/usu2177\/2025\/11\/image-9-1024x182.png\" alt=\"\" class=\"wp-image-5477\" srcset=\"https:\/\/agora.xtec.cat\/ceip-rosasensat-elmasnou\/wp-content\/uploads\/usu2177\/2025\/11\/image-9-1024x182.png 1024w, https:\/\/agora.xtec.cat\/ceip-rosasensat-elmasnou\/wp-content\/uploads\/usu2177\/2025\/11\/image-9-300x53.png 300w, https:\/\/agora.xtec.cat\/ceip-rosasensat-elmasnou\/wp-content\/uploads\/usu2177\/2025\/11\/image-9-768x137.png 768w, https:\/\/agora.xtec.cat\/ceip-rosasensat-elmasnou\/wp-content\/uploads\/usu2177\/2025\/11\/image-9.png 1201w\" sizes=\"auto, (max-width: 1024px) 100vw, 1024px\" \/><\/a><\/figure>\n\n\n\n<h3 class=\"wp-block-heading\"><strong>Qui som?<\/strong><\/h3>\n\n\n\n<p>La <strong>Xarxa de Compet\u00e8ncies B\u00e0siques<\/strong> \u00e9s una comunitat de docents que reflexionen, col\u00b7laboren i treballen conjuntament per impulsar la transformaci\u00f3 educativa als centres. La nostra escola forma part d\u2019aquesta xarxa perqu\u00e8 compartim la voluntat de construir un entorn on tots els infants puguin aprendre de manera significativa, activa i competencial.<\/p>\n\n\n\n<h3 class=\"wp-block-heading\"><strong>Qu\u00e8 fem?<\/strong><\/h3>\n\n\n\n<p>Des de la Xarxa de Compet\u00e8ncies B\u00e0siques:<\/p>\n\n\n\n<ul class=\"wp-block-list\">\n<li>Impulsem <strong>espais pedag\u00f2gics de reflexi\u00f3 i millora<\/strong> dins del centre per enfortir els equips docents i donar-los eines per avan\u00e7ar plegats.<\/li>\n\n\n\n<li>Afavorim l\u2019<strong>intercanvi d\u2019experi\u00e8ncies<\/strong> i la creaci\u00f3 de coneixement compartit entre escoles i professionals.<\/li>\n\n\n\n<li>Promovem una <strong>formaci\u00f3 entre iguals<\/strong>, en xarxa, que facilita que el professorat aprengui col\u00b7laborativament i pugui traslladar aquests aprenentatges a l\u2019aula.<\/li>\n<\/ul>\n\n\n\n<h3 class=\"wp-block-heading\"><strong>Per qu\u00e8 ho fem?<\/strong><\/h3>\n\n\n\n<p>La nostra participaci\u00f3 en la Xarxa respon a un conjunt de conviccions compartides:<\/p>\n\n\n\n<ul class=\"wp-block-list\">\n<li><strong>Perqu\u00e8 volem que tots els alumnes aprenguin m\u00e9s i millor<\/strong>, amb oportunitats reals d\u2019\u00e8xit educatiu.<\/li>\n\n\n\n<li><strong>Perqu\u00e8 l\u2019alumne \u00e9s el protagonista del seu aprenentatge<\/strong>, i ha de poder construir-lo de manera activa i participativa.<\/li>\n\n\n\n<li><strong>Perqu\u00e8 entenem l\u2019avaluaci\u00f3 com una eina per aprendre<\/strong>, no nom\u00e9s per mesurar resultats.<\/li>\n\n\n\n<li><strong>Perqu\u00e8 sabem que treballar en equip enriqueix<\/strong>, tant als docents com a l\u2019alumnat.<\/li>\n\n\n\n<li><strong>Perqu\u00e8 en un m\u00f3n global i complex<\/strong>, cal fomentar aprenentatges aut\u00e8ntics, significatius i no fragmentats.<\/li>\n\n\n\n<li><strong>Perqu\u00e8 volem potenciar la iniciativa, la creativitat, el pensament cr\u00edtic i el gust per aprendre<\/strong>, compet\u00e8ncies essencials per al futur.<\/li>\n\n\n\n<li><strong>Perqu\u00e8 creiem en una escola inclusiva<\/strong>, que reconeix que cada alumne \u00e9s \u00fanic i mant\u00e9 altes expectatives per a tots.<\/li>\n\n\n\n<li><strong>Perqu\u00e8 volem formar persones capaces de continuar aprenent al llarg de la vida.<\/strong><\/li>\n<\/ul>\n\n\n\n<figure class=\"wp-block-embed is-type-video is-provider-youtube wp-block-embed-youtube wp-embed-aspect-16-9 wp-has-aspect-ratio\"><div class=\"wp-block-embed__wrapper\">\n<div class=\"ast-oembed-container \" style=\"height: 100%;\"><iframe loading=\"lazy\" title=\"Xarxa de Compet\u00e8ncies\" width=\"500\" height=\"281\" src=\"https:\/\/www.youtube.com\/embed\/cOBMrBBMs08?start=5&#038;feature=oembed\" frameborder=\"0\" allow=\"accelerometer; autoplay; clipboard-write; encrypted-media; gyroscope; picture-in-picture; web-share\" referrerpolicy=\"strict-origin-when-cross-origin\" allowfullscreen><\/iframe><\/div>\n<\/div><\/figure>\n\n\n\n<p><\/p>\n","protected":false},"excerpt":{"rendered":"<p>Qui som? La Xarxa de Compet\u00e8ncies B\u00e0siques \u00e9s una comunitat de docents que reflexionen, col\u00b7laboren i treballen conjuntament per impulsar la transformaci\u00f3 educativa als centres. La nostra escola forma part d\u2019aquesta xarxa perqu\u00e8 compartim la voluntat de construir un entorn on tots els infants puguin aprendre de manera significativa, activa i competencial. Qu\u00e8 fem? Des [&hellip;]<\/p>\n","protected":false},"author":1,"featured_media":5477,"parent":0,"menu_order":0,"comment_status":"closed","ping_status":"close","template":"","meta":{"_bbp_topic_count":0,"_bbp_reply_count":0,"_bbp_total_topic_count":0,"_bbp_total_reply_count":0,"_bbp_voice_count":0,"_bbp_anonymous_reply_count":0,"_bbp_topic_count_hidden":0,"_bbp_reply_count_hidden":0,"_bbp_forum_subforum_count":0,"site-sidebar-layout":"default","site-content-layout":"","ast-site-content-layout":"default","site-content-style":"default","site-sidebar-style":"default","ast-global-header-display":"","ast-banner-title-visibility":"","ast-main-header-display":"","ast-hfb-above-header-display":"","ast-hfb-below-header-display":"","ast-hfb-mobile-header-display":"","site-post-title":"","ast-breadcrumbs-content":"","ast-featured-img":"","footer-sml-layout":"","theme-transparent-header-meta":"","adv-header-id-meta":"","stick-header-meta":"","header-above-stick-meta":"","header-main-stick-meta":"","header-below-stick-meta":"","astra-migrate-meta-layouts":"set","ast-page-background-enabled":"default","ast-page-background-meta":{"desktop":{"background-color":"var(--ast-global-color-4)","background-image":"","background-repeat":"repeat","background-position":"center center","background-size":"auto","background-attachment":"scroll","background-type":"","background-media":"","overlay-type":"","overlay-color":"","overlay-opacity":"","overlay-gradient":""},"tablet":{"background-color":"","background-image":"","background-repeat":"repeat","background-position":"center center","background-size":"auto","background-attachment":"scroll","background-type":"","background-media":"","overlay-type":"","overlay-color":"","overlay-opacity":"","overlay-gradient":""},"mobile":{"background-color":"","background-image":"","background-repeat":"repeat","background-position":"center center","background-size":"auto","background-attachment":"scroll","background-type":"","background-media":"","overlay-type":"","overlay-color":"","overlay-opacity":"","overlay-gradient":""}},"ast-content-background-meta":{"desktop":{"background-color":"var(--ast-global-color-5)","background-image":"","background-repeat":"repeat","background-position":"center center","background-size":"auto","background-attachment":"scroll","background-type":"","background-media":"","overlay-type":"","overlay-color":"","overlay-opacity":"","overlay-gradient":""},"tablet":{"background-color":"var(--ast-global-color-5)","background-image":"","background-repeat":"repeat","background-position":"center center","background-size":"auto","background-attachment":"scroll","background-type":"","background-media":"","overlay-type":"","overlay-color":"","overlay-opacity":"","overlay-gradient":""},"mobile":{"background-color":"var(--ast-global-color-5)","background-image":"","background-repeat":"repeat","background-position":"center center","background-size":"auto","background-attachment":"scroll","background-type":"","background-media":"","overlay-type":"","overlay-color":"","overlay-opacity":"","overlay-gradient":""}},"footnotes":""},"class_list":["post-5476","page","type-page","status-publish","has-post-thumbnail","hentry"],"post_mailing_queue_ids":[],"_links":{"self":[{"href":"https:\/\/agora.xtec.cat\/ceip-rosasensat-elmasnou\/wp-json\/wp\/v2\/pages\/5476","targetHints":{"allow":["GET"]}}],"collection":[{"href":"https:\/\/agora.xtec.cat\/ceip-rosasensat-elmasnou\/wp-json\/wp\/v2\/pages"}],"about":[{"href":"https:\/\/agora.xtec.cat\/ceip-rosasensat-elmasnou\/wp-json\/wp\/v2\/types\/page"}],"author":[{"embeddable":true,"href":"https:\/\/agora.xtec.cat\/ceip-rosasensat-elmasnou\/wp-json\/wp\/v2\/users\/1"}],"replies":[{"embeddable":true,"href":"https:\/\/agora.xtec.cat\/ceip-rosasensat-elmasnou\/wp-json\/wp\/v2\/comments?post=5476"}],"version-history":[{"count":2,"href":"https:\/\/agora.xtec.cat\/ceip-rosasensat-elmasnou\/wp-json\/wp\/v2\/pages\/5476\/revisions"}],"predecessor-version":[{"id":5480,"href":"https:\/\/agora.xtec.cat\/ceip-rosasensat-elmasnou\/wp-json\/wp\/v2\/pages\/5476\/revisions\/5480"}],"wp:featuredmedia":[{"embeddable":true,"href":"https:\/\/agora.xtec.cat\/ceip-rosasensat-elmasnou\/wp-json\/wp\/v2\/media\/5477"}],"wp:attachment":[{"href":"https:\/\/agora.xtec.cat\/ceip-rosasensat-elmasnou\/wp-json\/wp\/v2\/media?parent=5476"}],"curies":[{"name":"wp","href":"https:\/\/api.w.org\/{rel}","templated":true}]}}