{"id":531,"date":"2020-07-16T20:31:56","date_gmt":"2020-07-16T18:31:56","guid":{"rendered":"https:\/\/agora.xtec.cat\/ceip-rosasensat-elmasnou\/?page_id=531"},"modified":"2025-07-21T21:07:21","modified_gmt":"2025-07-21T19:07:21","slug":"projecte-educatiu-de-centre","status":"publish","type":"page","link":"https:\/\/agora.xtec.cat\/ceip-rosasensat-elmasnou\/projecte-educatiu-de-centre\/","title":{"rendered":"Projecte Educatiu de Centre"},"content":{"rendered":"\n<p>El <a href=\"http:\/\/blocs.xtec.cat\/ceiprosasensat\/files\/2018\/01\/PECmaig-2016web.pdf\">Projecte Educatiu del Centre <\/a>recull les caracter\u00edstiques pr\u00f2pies del nostre centre i els principis pedag\u00f2gics que utilitzem.<\/p>\n\n\n\n<figure class=\"wp-block-image size-full is-resized\"><a href=\"https:\/\/drive.google.com\/file\/d\/1dJnCSFOb-EZIWJFbp1cWJqdwXHYIsbj5\/view?usp=sharing\"><img loading=\"lazy\" decoding=\"async\" width=\"426\" height=\"614\" src=\"https:\/\/agora.xtec.cat\/ceip-rosasensat-elmasnou\/wp-content\/uploads\/usu2177\/2025\/03\/image.png\" alt=\"\" class=\"wp-image-4486\" style=\"width:306px;height:auto\" srcset=\"https:\/\/agora.xtec.cat\/ceip-rosasensat-elmasnou\/wp-content\/uploads\/usu2177\/2025\/03\/image.png 426w, https:\/\/agora.xtec.cat\/ceip-rosasensat-elmasnou\/wp-content\/uploads\/usu2177\/2025\/03\/image-208x300.png 208w\" sizes=\"auto, (max-width: 426px) 100vw, 426px\" \/><\/a><\/figure>\n\n\n\n<figure class=\"wp-block-image\"><a href=\"http:\/\/blocs.xtec.cat\/ceiprosasensat\/files\/2018\/01\/PECmaig-2016web.pdf\"><img loading=\"lazy\" decoding=\"async\" width=\"508\" height=\"501\" src=\"https:\/\/agora.xtec.cat\/ceip-rosasensat-elmasnou\/wp-content\/uploads\/usu2177\/2021\/01\/pec.png\" alt=\"\" class=\"wp-image-1580\" srcset=\"https:\/\/agora.xtec.cat\/ceip-rosasensat-elmasnou\/wp-content\/uploads\/usu2177\/2021\/01\/pec.png 508w, https:\/\/agora.xtec.cat\/ceip-rosasensat-elmasnou\/wp-content\/uploads\/usu2177\/2021\/01\/pec-300x296.png 300w\" sizes=\"auto, (max-width: 508px) 100vw, 508px\" \/><\/a><\/figure>\n\n\n\n<figure class=\"wp-block-image\"><a href=\"https:\/\/agora.xtec.cat\/ceip-rosasensat-elmasnou\/wp-content\/uploads\/usu2177\/2021\/01\/PAT-final-2020-21.pdf\"><img loading=\"lazy\" decoding=\"async\" width=\"441\" height=\"417\" src=\"https:\/\/agora.xtec.cat\/ceip-rosasensat-elmasnou\/wp-content\/uploads\/usu2177\/2021\/01\/pla-accio-tutorial.png\" alt=\"\" class=\"wp-image-1581\" srcset=\"https:\/\/agora.xtec.cat\/ceip-rosasensat-elmasnou\/wp-content\/uploads\/usu2177\/2021\/01\/pla-accio-tutorial.png 441w, https:\/\/agora.xtec.cat\/ceip-rosasensat-elmasnou\/wp-content\/uploads\/usu2177\/2021\/01\/pla-accio-tutorial-300x284.png 300w\" sizes=\"auto, (max-width: 441px) 100vw, 441px\" \/><\/a><\/figure>\n\n\n\n<figure class=\"wp-block-image\"><a href=\"https:\/\/agora.xtec.cat\/ceip-rosasensat-elmasnou\/wp-content\/uploads\/usu2177\/2021\/01\/PLA-Dacollida-alumnes-i-fam\u00edlies.pdf\"><img loading=\"lazy\" decoding=\"async\" width=\"411\" height=\"588\" src=\"https:\/\/agora.xtec.cat\/ceip-rosasensat-elmasnou\/wp-content\/uploads\/usu2177\/2021\/01\/pla-acollida-alumnes-i-fam\u00edlies.png\" alt=\"\" class=\"wp-image-1582\" srcset=\"https:\/\/agora.xtec.cat\/ceip-rosasensat-elmasnou\/wp-content\/uploads\/usu2177\/2021\/01\/pla-acollida-alumnes-i-fam\u00edlies.png 411w, https:\/\/agora.xtec.cat\/ceip-rosasensat-elmasnou\/wp-content\/uploads\/usu2177\/2021\/01\/pla-acollida-alumnes-i-fam\u00edlies-210x300.png 210w\" sizes=\"auto, (max-width: 411px) 100vw, 411px\" \/><\/a><\/figure>\n\n\n\n<figure class=\"wp-block-image\"><a href=\"https:\/\/agora.xtec.cat\/ceip-rosasensat-elmasnou\/wp-content\/uploads\/usu2177\/2021\/01\/PAD-PLA-ATENCI\u00d3-DIVERSITAT-final-2020.pdf\"><img loading=\"lazy\" decoding=\"async\" width=\"513\" height=\"441\" src=\"https:\/\/agora.xtec.cat\/ceip-rosasensat-elmasnou\/wp-content\/uploads\/usu2177\/2021\/01\/pla-atenci\u00f3-a-la-diversitat.png\" alt=\"\" class=\"wp-image-1583\" srcset=\"https:\/\/agora.xtec.cat\/ceip-rosasensat-elmasnou\/wp-content\/uploads\/usu2177\/2021\/01\/pla-atenci\u00f3-a-la-diversitat.png 513w, https:\/\/agora.xtec.cat\/ceip-rosasensat-elmasnou\/wp-content\/uploads\/usu2177\/2021\/01\/pla-atenci\u00f3-a-la-diversitat-300x258.png 300w\" sizes=\"auto, (max-width: 513px) 100vw, 513px\" \/><\/a><\/figure>\n\n\n\n<figure class=\"wp-block-image\"><a href=\"https:\/\/agora.xtec.cat\/ceip-rosasensat-elmasnou\/wp-content\/uploads\/usu2177\/2023\/02\/PLinguistic-juny-web-2022-1.pdf\"><img loading=\"lazy\" decoding=\"async\" width=\"295\" height=\"398\" src=\"https:\/\/agora.xtec.cat\/ceip-rosasensat-elmasnou\/wp-content\/uploads\/usu2177\/2021\/01\/projecte-ling\u00fc\u00edstic.png\" alt=\"\" class=\"wp-image-1589\" srcset=\"https:\/\/agora.xtec.cat\/ceip-rosasensat-elmasnou\/wp-content\/uploads\/usu2177\/2021\/01\/projecte-ling\u00fc\u00edstic.png 295w, https:\/\/agora.xtec.cat\/ceip-rosasensat-elmasnou\/wp-content\/uploads\/usu2177\/2021\/01\/projecte-ling\u00fc\u00edstic-222x300.png 222w\" sizes=\"auto, (max-width: 295px) 100vw, 295px\" \/><\/a><\/figure>\n\n\n\n<figure class=\"wp-block-image alignleft\"><a href=\"https:\/\/agora.xtec.cat\/ceip-rosasensat-elmasnou\/wp-content\/uploads\/usu2177\/2021\/01\/plamenjador2020-2021.pdf\"><img loading=\"lazy\" decoding=\"async\" width=\"559\" height=\"497\" src=\"https:\/\/agora.xtec.cat\/ceip-rosasensat-elmasnou\/wp-content\/uploads\/usu2177\/2021\/01\/pla-menjador.png\" alt=\"\" class=\"wp-image-1585\" srcset=\"https:\/\/agora.xtec.cat\/ceip-rosasensat-elmasnou\/wp-content\/uploads\/usu2177\/2021\/01\/pla-menjador.png 559w, https:\/\/agora.xtec.cat\/ceip-rosasensat-elmasnou\/wp-content\/uploads\/usu2177\/2021\/01\/pla-menjador-300x267.png 300w\" sizes=\"auto, (max-width: 559px) 100vw, 559px\" \/><\/a><\/figure>\n\n\n\n<figure class=\"wp-block-image\"><a href=\"https:\/\/agora.xtec.cat\/ceip-rosasensat-elmasnou\/wp-content\/uploads\/usu2177\/2021\/01\/Pla-de-conviv\u00e8ncia-2020-2021.pdf\"><img loading=\"lazy\" decoding=\"async\" width=\"385\" height=\"412\" src=\"https:\/\/agora.xtec.cat\/ceip-rosasensat-elmasnou\/wp-content\/uploads\/usu2177\/2021\/01\/pla-convivencia.png\" alt=\"\" class=\"wp-image-1584\" srcset=\"https:\/\/agora.xtec.cat\/ceip-rosasensat-elmasnou\/wp-content\/uploads\/usu2177\/2021\/01\/pla-convivencia.png 385w, https:\/\/agora.xtec.cat\/ceip-rosasensat-elmasnou\/wp-content\/uploads\/usu2177\/2021\/01\/pla-convivencia-280x300.png 280w\" sizes=\"auto, (max-width: 385px) 100vw, 385px\" \/><\/a><\/figure>\n\n\n\n<figure class=\"wp-block-image\"><a href=\"https:\/\/drive.google.com\/file\/d\/1srFVriorpqqb0Ozv5xoFMucPf7Sj2sSX\/view?usp=sharing\"><img loading=\"lazy\" decoding=\"async\" width=\"288\" height=\"220\" src=\"https:\/\/agora.xtec.cat\/ceip-rosasensat-elmasnou\/wp-content\/uploads\/usu2177\/2020\/07\/CARTA-DE-COMPROM\u00cdS-EDUCATIU.bmp\" alt=\"\" class=\"wp-image-581\"\/><\/a><\/figure>\n\n\n\n<figure class=\"wp-block-table\"><table><tbody><tr><td>&nbsp;<\/td><td>&nbsp;<\/td><td>&nbsp;<\/td><\/tr><tr><td>&nbsp;<\/td><td>&nbsp;<\/td><td>&nbsp;<\/td><\/tr><\/tbody><\/table><\/figure>\n","protected":false},"excerpt":{"rendered":"<p>El Projecte Educatiu del Centre recull les caracter\u00edstiques pr\u00f2pies del nostre centre i els principis pedag\u00f2gics que utilitzem. &nbsp; &nbsp; &nbsp; &nbsp; &nbsp; &nbsp;<\/p>\n","protected":false},"author":1,"featured_media":0,"parent":0,"menu_order":4,"comment_status":"closed","ping_status":"closed","template":"","meta":{"_bbp_topic_count":0,"_bbp_reply_count":0,"_bbp_total_topic_count":0,"_bbp_total_reply_count":0,"_bbp_voice_count":0,"_bbp_anonymous_reply_count":0,"_bbp_topic_count_hidden":0,"_bbp_reply_count_hidden":0,"_bbp_forum_subforum_count":0,"site-sidebar-layout":"default","site-content-layout":"","ast-site-content-layout":"","site-content-style":"default","site-sidebar-style":"default","ast-global-header-display":"","ast-banner-title-visibility":"","ast-main-header-display":"","ast-hfb-above-header-display":"","ast-hfb-below-header-display":"","ast-hfb-mobile-header-display":"","site-post-title":"","ast-breadcrumbs-content":"","ast-featured-img":"","footer-sml-layout":"","theme-transparent-header-meta":"","adv-header-id-meta":"","stick-header-meta":"","header-above-stick-meta":"","header-main-stick-meta":"","header-below-stick-meta":"","astra-migrate-meta-layouts":"default","ast-page-background-enabled":"default","ast-page-background-meta":{"desktop":{"background-color":"var(--ast-global-color-4)","background-image":"","background-repeat":"repeat","background-position":"center center","background-size":"auto","background-attachment":"scroll","background-type":"","background-media":"","overlay-type":"","overlay-color":"","overlay-opacity":"","overlay-gradient":""},"tablet":{"background-color":"","background-image":"","background-repeat":"repeat","background-position":"center center","background-size":"auto","background-attachment":"scroll","background-type":"","background-media":"","overlay-type":"","overlay-color":"","overlay-opacity":"","overlay-gradient":""},"mobile":{"background-color":"","background-image":"","background-repeat":"repeat","background-position":"center center","background-size":"auto","background-attachment":"scroll","background-type":"","background-media":"","overlay-type":"","overlay-color":"","overlay-opacity":"","overlay-gradient":""}},"ast-content-background-meta":{"desktop":{"background-color":"var(--ast-global-color-5)","background-image":"","background-repeat":"repeat","background-position":"center center","background-size":"auto","background-attachment":"scroll","background-type":"","background-media":"","overlay-type":"","overlay-color":"","overlay-opacity":"","overlay-gradient":""},"tablet":{"background-color":"var(--ast-global-color-5)","background-image":"","background-repeat":"repeat","background-position":"center center","background-size":"auto","background-attachment":"scroll","background-type":"","background-media":"","overlay-type":"","overlay-color":"","overlay-opacity":"","overlay-gradient":""},"mobile":{"background-color":"var(--ast-global-color-5)","background-image":"","background-repeat":"repeat","background-position":"center center","background-size":"auto","background-attachment":"scroll","background-type":"","background-media":"","overlay-type":"","overlay-color":"","overlay-opacity":"","overlay-gradient":""}},"footnotes":""},"class_list":["post-531","page","type-page","status-publish","hentry"],"post_mailing_queue_ids":[],"_links":{"self":[{"href":"https:\/\/agora.xtec.cat\/ceip-rosasensat-elmasnou\/wp-json\/wp\/v2\/pages\/531","targetHints":{"allow":["GET"]}}],"collection":[{"href":"https:\/\/agora.xtec.cat\/ceip-rosasensat-elmasnou\/wp-json\/wp\/v2\/pages"}],"about":[{"href":"https:\/\/agora.xtec.cat\/ceip-rosasensat-elmasnou\/wp-json\/wp\/v2\/types\/page"}],"author":[{"embeddable":true,"href":"https:\/\/agora.xtec.cat\/ceip-rosasensat-elmasnou\/wp-json\/wp\/v2\/users\/1"}],"replies":[{"embeddable":true,"href":"https:\/\/agora.xtec.cat\/ceip-rosasensat-elmasnou\/wp-json\/wp\/v2\/comments?post=531"}],"version-history":[{"count":5,"href":"https:\/\/agora.xtec.cat\/ceip-rosasensat-elmasnou\/wp-json\/wp\/v2\/pages\/531\/revisions"}],"predecessor-version":[{"id":4487,"href":"https:\/\/agora.xtec.cat\/ceip-rosasensat-elmasnou\/wp-json\/wp\/v2\/pages\/531\/revisions\/4487"}],"wp:attachment":[{"href":"https:\/\/agora.xtec.cat\/ceip-rosasensat-elmasnou\/wp-json\/wp\/v2\/media?parent=531"}],"curies":[{"name":"wp","href":"https:\/\/api.w.org\/{rel}","templated":true}]}}