{"id":5306,"date":"2025-11-14T15:52:22","date_gmt":"2025-11-14T14:52:22","guid":{"rendered":"https:\/\/agora.xtec.cat\/ceip-rosasensat-elmasnou\/?page_id=5306"},"modified":"2025-11-14T16:31:14","modified_gmt":"2025-11-14T15:31:14","slug":"menjador","status":"publish","type":"page","link":"https:\/\/agora.xtec.cat\/ceip-rosasensat-elmasnou\/menjador\/","title":{"rendered":"MENJADOR"},"content":{"rendered":"\n<figure class=\"wp-block-image alignfull size-full\"><a href=\"https:\/\/escoles.fundesplai.org\/activitats-escola\/menjador-temps-educatiu-del-migdia\/\" target=\"_blank\" rel=\" \"><img loading=\"lazy\" decoding=\"async\" width=\"376\" height=\"187\" src=\"https:\/\/agora.xtec.cat\/ceip-rosasensat-elmasnou\/wp-content\/uploads\/usu2177\/2025\/11\/image.png\" alt=\"\" class=\"wp-image-5312\" srcset=\"https:\/\/agora.xtec.cat\/ceip-rosasensat-elmasnou\/wp-content\/uploads\/usu2177\/2025\/11\/image.png 376w, https:\/\/agora.xtec.cat\/ceip-rosasensat-elmasnou\/wp-content\/uploads\/usu2177\/2025\/11\/image-300x149.png 300w\" sizes=\"auto, (max-width: 376px) 100vw, 376px\" \/><\/a><\/figure>\n\n\n\n<figure class=\"wp-block-image alignfull size-large\"><a href=\"https:\/\/agora.xtec.cat\/ceip-rosasensat-elmasnou\/wp-content\/uploads\/usu2177\/2025\/11\/image-1.png\"><img loading=\"lazy\" decoding=\"async\" width=\"1024\" height=\"403\" src=\"https:\/\/agora.xtec.cat\/ceip-rosasensat-elmasnou\/wp-content\/uploads\/usu2177\/2025\/11\/image-1-1024x403.png\" alt=\"\" class=\"wp-image-5313\" srcset=\"https:\/\/agora.xtec.cat\/ceip-rosasensat-elmasnou\/wp-content\/uploads\/usu2177\/2025\/11\/image-1-1024x403.png 1024w, https:\/\/agora.xtec.cat\/ceip-rosasensat-elmasnou\/wp-content\/uploads\/usu2177\/2025\/11\/image-1-300x118.png 300w, https:\/\/agora.xtec.cat\/ceip-rosasensat-elmasnou\/wp-content\/uploads\/usu2177\/2025\/11\/image-1-768x302.png 768w, https:\/\/agora.xtec.cat\/ceip-rosasensat-elmasnou\/wp-content\/uploads\/usu2177\/2025\/11\/image-1.png 1498w\" sizes=\"auto, (max-width: 1024px) 100vw, 1024px\" \/><\/a><\/figure>\n\n\n\n<h2 class=\"wp-block-heading has-text-align-center\">Alimentaci\u00f3 saludable i sostenible<\/h2>\n\n\n\n<p class=\"has-text-align-center\">Apostem per una&nbsp;<strong>alimentaci\u00f3 saludable<\/strong>&nbsp;i de qualitat basada en la&nbsp;<strong>dieta mediterr\u00e0nia<\/strong>, garantint en tot moment la higiene, la seguretat aliment\u00e0ria i el respecte per l\u2019entorn. Els aliments s\u2019escullen segons la seva&nbsp;<strong>qualitat nutricional, la temporada, la proximitat i la sostenibilitat<\/strong>. Eduquem pels&nbsp;<strong>h\u00e0bits alimentaris saludables<\/strong>&nbsp;al menjador escolar a trav\u00e9s del gust i de les nostres receptes i men\u00fas.&nbsp;<a href=\"https:\/\/escoles.fundesplai.org\/activitats-escola\/menjador-temps-educatiu-del-migdia\/#equip\">Els nostres equips de nutrici\u00f3, compres i cuina<\/a>&nbsp;es coordinen i fan formaci\u00f3 cont\u00ednua per aconseguir aquests objectius.<\/p>\n\n\n\n<figure class=\"wp-block-image alignfull size-large\"><a href=\"https:\/\/agora.xtec.cat\/ceip-rosasensat-elmasnou\/wp-content\/uploads\/usu2177\/2025\/11\/image-2.png\"><img loading=\"lazy\" decoding=\"async\" width=\"1024\" height=\"189\" src=\"https:\/\/agora.xtec.cat\/ceip-rosasensat-elmasnou\/wp-content\/uploads\/usu2177\/2025\/11\/image-2-1024x189.png\" alt=\"\" class=\"wp-image-5314\" srcset=\"https:\/\/agora.xtec.cat\/ceip-rosasensat-elmasnou\/wp-content\/uploads\/usu2177\/2025\/11\/image-2-1024x189.png 1024w, https:\/\/agora.xtec.cat\/ceip-rosasensat-elmasnou\/wp-content\/uploads\/usu2177\/2025\/11\/image-2-300x55.png 300w, https:\/\/agora.xtec.cat\/ceip-rosasensat-elmasnou\/wp-content\/uploads\/usu2177\/2025\/11\/image-2-768x142.png 768w, https:\/\/agora.xtec.cat\/ceip-rosasensat-elmasnou\/wp-content\/uploads\/usu2177\/2025\/11\/image-2-1536x284.png 1536w, https:\/\/agora.xtec.cat\/ceip-rosasensat-elmasnou\/wp-content\/uploads\/usu2177\/2025\/11\/image-2.png 1857w\" sizes=\"auto, (max-width: 1024px) 100vw, 1024px\" \/><\/a><\/figure>\n\n\n\n<h2 class=\"wp-block-heading has-text-align-center\">Prove\u00efdors Km0<\/h2>\n\n\n\n<p class=\"has-text-align-center\"><strong>Prioritzem els prove\u00efdors de proximitat i Km0<\/strong>&nbsp;per al nostre servei de menjador escolar i per a totes les nostres activitats i projectes. Seleccionem&nbsp;<strong>productes frescos de proximitat i temporada<\/strong>&nbsp;i 100% lliures d\u2019organismes modificats gen\u00e8ticament i prioritzem que siguin&nbsp;<strong>ecol\u00f2gics<\/strong>. Amb els&nbsp;<strong>prove\u00efdors Km0:<\/strong>&nbsp;escurcem la cadena aliment\u00e0ria, redu\u00efm els intermediaris, reactivem l\u2019activitat dels&nbsp;<strong>parcs agraris de proximitat<\/strong>, redu\u00efm les emissions de gasos d\u2019efecte hivernacle, disminu\u00efm els riscos sanitaris i contribu\u00efm al desenvolupament del territori.&nbsp;<strong>Per la salut dels infants i la del planeta<\/strong>.<\/p>\n\n\n\n<figure class=\"wp-block-image alignfull size-large\"><a href=\"https:\/\/agora.xtec.cat\/ceip-rosasensat-elmasnou\/wp-content\/uploads\/usu2177\/2025\/11\/image-3.png\"><img loading=\"lazy\" decoding=\"async\" width=\"1024\" height=\"231\" src=\"https:\/\/agora.xtec.cat\/ceip-rosasensat-elmasnou\/wp-content\/uploads\/usu2177\/2025\/11\/image-3-1024x231.png\" alt=\"\" class=\"wp-image-5316\" srcset=\"https:\/\/agora.xtec.cat\/ceip-rosasensat-elmasnou\/wp-content\/uploads\/usu2177\/2025\/11\/image-3-1024x231.png 1024w, https:\/\/agora.xtec.cat\/ceip-rosasensat-elmasnou\/wp-content\/uploads\/usu2177\/2025\/11\/image-3-300x68.png 300w, https:\/\/agora.xtec.cat\/ceip-rosasensat-elmasnou\/wp-content\/uploads\/usu2177\/2025\/11\/image-3-768x173.png 768w, https:\/\/agora.xtec.cat\/ceip-rosasensat-elmasnou\/wp-content\/uploads\/usu2177\/2025\/11\/image-3-1536x347.png 1536w, https:\/\/agora.xtec.cat\/ceip-rosasensat-elmasnou\/wp-content\/uploads\/usu2177\/2025\/11\/image-3.png 1666w\" sizes=\"auto, (max-width: 1024px) 100vw, 1024px\" \/><\/a><\/figure>\n\n\n\n<h2 class=\"wp-block-heading has-text-align-center\">El nostre model pedag\u00f2gic<\/h2>\n\n\n\n<p>Preferim anomenar el servei de menjador escolar&nbsp;<strong>Temps Educatiu del Migdia<\/strong>,\u2026 perqu\u00e8 per a nosaltres no es tracta d\u2019un simple menjador escolar, sin\u00f3 que \u00e9s un temps educatiu molt important de la jornada escolar amb 2 moments diferenciats: el&nbsp;<a href=\"https:\/\/escoles.fundesplai.org\/activitats-escola\/menjador-temps-educatiu-del-migdia\/#alimentacio\"><strong>temps de dinar<\/strong><\/a>&nbsp;i el&nbsp;<strong>temps de lleure<\/strong>. Desenvolupem un&nbsp;<strong>projecte pedag\u00f2gic global<\/strong>&nbsp;i alineat amb tots els nostres&nbsp;<a href=\"https:\/\/escoles.fundesplai.org\/coneix\/com-treballem\/\" target=\"_blank\" rel=\"noreferrer noopener\">valors vertebradors<\/a>&nbsp;que ens caracteritzen des de fa m\u00e9s de 40 anys. Els infants s\u00f3n el centre de l\u2019acci\u00f3 educativa i partim de la seva&nbsp;<strong>participaci\u00f3 activa<\/strong>, el joc, la diversi\u00f3 i el desenvolupament de les&nbsp;<strong>compet\u00e8ncies per a la vida<\/strong>. Ens adaptem al Pla Educatiu de Centre i treballem en&nbsp;<strong>estreta col\u00b7laboraci\u00f3 amb l\u2019escola i l\u2019AMPA o AFA<\/strong>, creant vincles amb la&nbsp;<strong>comunitat educativa<\/strong>.<\/p>\n\n\n\n<figure class=\"wp-block-image aligncenter\"><img decoding=\"async\" src=\"https:\/\/escoles.fundesplai.org\/wp-content\/uploads\/2021\/03\/Objectius-pedagogics-Menjador-Fundesplai.jpg\" alt=\"\" class=\"wp-image-23228\" title=\"Objectius pedag\u00f2gics Menjador Fundesplai\"\/><\/figure>\n\n\n\n<p class=\"has-text-align-center\">Els nostres&nbsp;<strong>objectius pedag\u00f2gics<\/strong>&nbsp;s\u00f3n principalment,&nbsp;<strong>acompanyar als infants i joves en el desenvolupament<\/strong>&nbsp;de: l\u2019autonomia, la participaci\u00f3 activa, la responsabilitat, les habilitats per a la vida, l\u2019autoconeixement i desenvolupament emocional, l\u2019esperit cr\u00edtic, la capacitat de conviv\u00e8ncia amb els altres i el respecte, la creativitat, la inclusi\u00f3, la igualtat d\u2019oportunitats, i el vincle amb la natura i l\u2019entorn, entre d\u2019altres.<strong>&nbsp;Els nostres&nbsp;<a href=\"https:\/\/escoles.fundesplai.org\/activitats-escola\/menjador-temps-educatiu-del-migdia\/#equip\">equips educatius<\/a><\/strong>: monitors\/es, coordinadors\/es i t\u00e8cnics\/es estan en formaci\u00f3 cont\u00ednua per poder portar a terme tant el projecte pedag\u00f2gic com alimentari.<\/p>\n\n\n\n<figure class=\"wp-block-image alignfull size-large\"><a href=\"https:\/\/agora.xtec.cat\/ceip-rosasensat-elmasnou\/wp-content\/uploads\/usu2177\/2025\/11\/image-4.png\"><img loading=\"lazy\" decoding=\"async\" width=\"1024\" height=\"326\" src=\"https:\/\/agora.xtec.cat\/ceip-rosasensat-elmasnou\/wp-content\/uploads\/usu2177\/2025\/11\/image-4-1024x326.png\" alt=\"\" class=\"wp-image-5317\" srcset=\"https:\/\/agora.xtec.cat\/ceip-rosasensat-elmasnou\/wp-content\/uploads\/usu2177\/2025\/11\/image-4-1024x326.png 1024w, https:\/\/agora.xtec.cat\/ceip-rosasensat-elmasnou\/wp-content\/uploads\/usu2177\/2025\/11\/image-4-300x95.png 300w, https:\/\/agora.xtec.cat\/ceip-rosasensat-elmasnou\/wp-content\/uploads\/usu2177\/2025\/11\/image-4-768x244.png 768w, https:\/\/agora.xtec.cat\/ceip-rosasensat-elmasnou\/wp-content\/uploads\/usu2177\/2025\/11\/image-4-1536x489.png 1536w, https:\/\/agora.xtec.cat\/ceip-rosasensat-elmasnou\/wp-content\/uploads\/usu2177\/2025\/11\/image-4.png 1794w\" sizes=\"auto, (max-width: 1024px) 100vw, 1024px\" \/><\/a><\/figure>\n\n\n\n<figure class=\"wp-block-image alignfull size-large\"><a href=\"https:\/\/agora.xtec.cat\/ceip-rosasensat-elmasnou\/wp-content\/uploads\/usu2177\/2025\/11\/image-5.png\"><img loading=\"lazy\" decoding=\"async\" width=\"1024\" height=\"311\" src=\"https:\/\/agora.xtec.cat\/ceip-rosasensat-elmasnou\/wp-content\/uploads\/usu2177\/2025\/11\/image-5-1024x311.png\" alt=\"\" class=\"wp-image-5318\" srcset=\"https:\/\/agora.xtec.cat\/ceip-rosasensat-elmasnou\/wp-content\/uploads\/usu2177\/2025\/11\/image-5-1024x311.png 1024w, https:\/\/agora.xtec.cat\/ceip-rosasensat-elmasnou\/wp-content\/uploads\/usu2177\/2025\/11\/image-5-300x91.png 300w, https:\/\/agora.xtec.cat\/ceip-rosasensat-elmasnou\/wp-content\/uploads\/usu2177\/2025\/11\/image-5-768x233.png 768w, https:\/\/agora.xtec.cat\/ceip-rosasensat-elmasnou\/wp-content\/uploads\/usu2177\/2025\/11\/image-5-1536x466.png 1536w, https:\/\/agora.xtec.cat\/ceip-rosasensat-elmasnou\/wp-content\/uploads\/usu2177\/2025\/11\/image-5.png 1839w\" sizes=\"auto, (max-width: 1024px) 100vw, 1024px\" \/><\/a><\/figure>\n\n\n\n<figure class=\"wp-block-image alignfull size-large\"><a href=\"https:\/\/agora.xtec.cat\/ceip-rosasensat-elmasnou\/wp-content\/uploads\/usu2177\/2025\/11\/image-6.png\"><img loading=\"lazy\" decoding=\"async\" width=\"1024\" height=\"351\" src=\"https:\/\/agora.xtec.cat\/ceip-rosasensat-elmasnou\/wp-content\/uploads\/usu2177\/2025\/11\/image-6-1024x351.png\" alt=\"\" class=\"wp-image-5319\" srcset=\"https:\/\/agora.xtec.cat\/ceip-rosasensat-elmasnou\/wp-content\/uploads\/usu2177\/2025\/11\/image-6-1024x351.png 1024w, https:\/\/agora.xtec.cat\/ceip-rosasensat-elmasnou\/wp-content\/uploads\/usu2177\/2025\/11\/image-6-300x103.png 300w, https:\/\/agora.xtec.cat\/ceip-rosasensat-elmasnou\/wp-content\/uploads\/usu2177\/2025\/11\/image-6-768x264.png 768w, https:\/\/agora.xtec.cat\/ceip-rosasensat-elmasnou\/wp-content\/uploads\/usu2177\/2025\/11\/image-6-1536x527.png 1536w, https:\/\/agora.xtec.cat\/ceip-rosasensat-elmasnou\/wp-content\/uploads\/usu2177\/2025\/11\/image-6.png 1830w\" sizes=\"auto, (max-width: 1024px) 100vw, 1024px\" \/><\/a><\/figure>\n\n\n\n<figure class=\"wp-block-image alignfull size-large\"><a href=\"https:\/\/agora.xtec.cat\/ceip-rosasensat-elmasnou\/wp-content\/uploads\/usu2177\/2025\/11\/image-7.png\"><img loading=\"lazy\" decoding=\"async\" width=\"1024\" height=\"309\" src=\"https:\/\/agora.xtec.cat\/ceip-rosasensat-elmasnou\/wp-content\/uploads\/usu2177\/2025\/11\/image-7-1024x309.png\" alt=\"\" class=\"wp-image-5320\" srcset=\"https:\/\/agora.xtec.cat\/ceip-rosasensat-elmasnou\/wp-content\/uploads\/usu2177\/2025\/11\/image-7-1024x309.png 1024w, https:\/\/agora.xtec.cat\/ceip-rosasensat-elmasnou\/wp-content\/uploads\/usu2177\/2025\/11\/image-7-300x90.png 300w, https:\/\/agora.xtec.cat\/ceip-rosasensat-elmasnou\/wp-content\/uploads\/usu2177\/2025\/11\/image-7-768x232.png 768w, https:\/\/agora.xtec.cat\/ceip-rosasensat-elmasnou\/wp-content\/uploads\/usu2177\/2025\/11\/image-7-1536x463.png 1536w, https:\/\/agora.xtec.cat\/ceip-rosasensat-elmasnou\/wp-content\/uploads\/usu2177\/2025\/11\/image-7.png 1873w\" sizes=\"auto, (max-width: 1024px) 100vw, 1024px\" \/><\/a><\/figure>\n\n\n\n<figure class=\"wp-block-image alignfull size-large\"><a href=\"https:\/\/agora.xtec.cat\/ceip-rosasensat-elmasnou\/wp-content\/uploads\/usu2177\/2025\/11\/image-8.png\"><img loading=\"lazy\" decoding=\"async\" width=\"1024\" height=\"255\" src=\"https:\/\/agora.xtec.cat\/ceip-rosasensat-elmasnou\/wp-content\/uploads\/usu2177\/2025\/11\/image-8-1024x255.png\" alt=\"\" class=\"wp-image-5321\" srcset=\"https:\/\/agora.xtec.cat\/ceip-rosasensat-elmasnou\/wp-content\/uploads\/usu2177\/2025\/11\/image-8-1024x255.png 1024w, https:\/\/agora.xtec.cat\/ceip-rosasensat-elmasnou\/wp-content\/uploads\/usu2177\/2025\/11\/image-8-300x75.png 300w, https:\/\/agora.xtec.cat\/ceip-rosasensat-elmasnou\/wp-content\/uploads\/usu2177\/2025\/11\/image-8-768x191.png 768w, https:\/\/agora.xtec.cat\/ceip-rosasensat-elmasnou\/wp-content\/uploads\/usu2177\/2025\/11\/image-8-1536x383.png 1536w, https:\/\/agora.xtec.cat\/ceip-rosasensat-elmasnou\/wp-content\/uploads\/usu2177\/2025\/11\/image-8.png 1882w\" sizes=\"auto, (max-width: 1024px) 100vw, 1024px\" \/><\/a><\/figure>\n\n\n\n<p><\/p>\n","protected":false},"excerpt":{"rendered":"<p>Alimentaci\u00f3 saludable i sostenible Apostem per una&nbsp;alimentaci\u00f3 saludable&nbsp;i de qualitat basada en la&nbsp;dieta mediterr\u00e0nia, garantint en tot moment la higiene, la seguretat aliment\u00e0ria i el respecte per l\u2019entorn. Els aliments s\u2019escullen segons la seva&nbsp;qualitat nutricional, la temporada, la proximitat i la sostenibilitat. Eduquem pels&nbsp;h\u00e0bits alimentaris saludables&nbsp;al menjador escolar a trav\u00e9s del gust i de les [&hellip;]<\/p>\n","protected":false},"author":1,"featured_media":0,"parent":0,"menu_order":0,"comment_status":"closed","ping_status":"close","template":"","meta":{"_bbp_topic_count":0,"_bbp_reply_count":0,"_bbp_total_topic_count":0,"_bbp_total_reply_count":0,"_bbp_voice_count":0,"_bbp_anonymous_reply_count":0,"_bbp_topic_count_hidden":0,"_bbp_reply_count_hidden":0,"_bbp_forum_subforum_count":0,"site-sidebar-layout":"default","site-content-layout":"","ast-site-content-layout":"default","site-content-style":"default","site-sidebar-style":"default","ast-global-header-display":"","ast-banner-title-visibility":"","ast-main-header-display":"","ast-hfb-above-header-display":"","ast-hfb-below-header-display":"","ast-hfb-mobile-header-display":"","site-post-title":"","ast-breadcrumbs-content":"","ast-featured-img":"disabled","footer-sml-layout":"","theme-transparent-header-meta":"","adv-header-id-meta":"","stick-header-meta":"","header-above-stick-meta":"","header-main-stick-meta":"","header-below-stick-meta":"","astra-migrate-meta-layouts":"set","ast-page-background-enabled":"default","ast-page-background-meta":{"desktop":{"background-color":"var(--ast-global-color-4)","background-image":"","background-repeat":"repeat","background-position":"center center","background-size":"auto","background-attachment":"scroll","background-type":"","background-media":"","overlay-type":"","overlay-color":"","overlay-opacity":"","overlay-gradient":""},"tablet":{"background-color":"","background-image":"","background-repeat":"repeat","background-position":"center center","background-size":"auto","background-attachment":"scroll","background-type":"","background-media":"","overlay-type":"","overlay-color":"","overlay-opacity":"","overlay-gradient":""},"mobile":{"background-color":"","background-image":"","background-repeat":"repeat","background-position":"center center","background-size":"auto","background-attachment":"scroll","background-type":"","background-media":"","overlay-type":"","overlay-color":"","overlay-opacity":"","overlay-gradient":""}},"ast-content-background-meta":{"desktop":{"background-color":"var(--ast-global-color-5)","background-image":"","background-repeat":"repeat","background-position":"center center","background-size":"auto","background-attachment":"scroll","background-type":"","background-media":"","overlay-type":"","overlay-color":"","overlay-opacity":"","overlay-gradient":""},"tablet":{"background-color":"var(--ast-global-color-5)","background-image":"","background-repeat":"repeat","background-position":"center center","background-size":"auto","background-attachment":"scroll","background-type":"","background-media":"","overlay-type":"","overlay-color":"","overlay-opacity":"","overlay-gradient":""},"mobile":{"background-color":"var(--ast-global-color-5)","background-image":"","background-repeat":"repeat","background-position":"center center","background-size":"auto","background-attachment":"scroll","background-type":"","background-media":"","overlay-type":"","overlay-color":"","overlay-opacity":"","overlay-gradient":""}},"footnotes":""},"class_list":["post-5306","page","type-page","status-publish","hentry"],"post_mailing_queue_ids":[],"_links":{"self":[{"href":"https:\/\/agora.xtec.cat\/ceip-rosasensat-elmasnou\/wp-json\/wp\/v2\/pages\/5306","targetHints":{"allow":["GET"]}}],"collection":[{"href":"https:\/\/agora.xtec.cat\/ceip-rosasensat-elmasnou\/wp-json\/wp\/v2\/pages"}],"about":[{"href":"https:\/\/agora.xtec.cat\/ceip-rosasensat-elmasnou\/wp-json\/wp\/v2\/types\/page"}],"author":[{"embeddable":true,"href":"https:\/\/agora.xtec.cat\/ceip-rosasensat-elmasnou\/wp-json\/wp\/v2\/users\/1"}],"replies":[{"embeddable":true,"href":"https:\/\/agora.xtec.cat\/ceip-rosasensat-elmasnou\/wp-json\/wp\/v2\/comments?post=5306"}],"version-history":[{"count":6,"href":"https:\/\/agora.xtec.cat\/ceip-rosasensat-elmasnou\/wp-json\/wp\/v2\/pages\/5306\/revisions"}],"predecessor-version":[{"id":5326,"href":"https:\/\/agora.xtec.cat\/ceip-rosasensat-elmasnou\/wp-json\/wp\/v2\/pages\/5306\/revisions\/5326"}],"wp:attachment":[{"href":"https:\/\/agora.xtec.cat\/ceip-rosasensat-elmasnou\/wp-json\/wp\/v2\/media?parent=5306"}],"curies":[{"name":"wp","href":"https:\/\/api.w.org\/{rel}","templated":true}]}}