{"id":4962,"date":"2025-07-21T19:53:47","date_gmt":"2025-07-21T17:53:47","guid":{"rendered":"https:\/\/agora.xtec.cat\/ceip-rosasensat-elmasnou\/?page_id=4962"},"modified":"2025-10-30T23:35:03","modified_gmt":"2025-10-30T22:35:03","slug":"comissions","status":"publish","type":"page","link":"https:\/\/agora.xtec.cat\/ceip-rosasensat-elmasnou\/comissions\/","title":{"rendered":"COMISSIONS"},"content":{"rendered":"\n<p><strong><em><mark style=\"background-color:rgba(0, 0, 0, 0)\" class=\"has-inline-color has-ast-global-color-1-color\">Comissi\u00f3 d\u2019Extraescolars &#8211; Casals i acollida durant la jornada intensiva:<\/mark><\/em><\/strong> Organitza activitats fora de l\u2019horari lectiu tant de migdia com de tarda,&nbsp; oferint espais de joc enriquits amb propostes de lleure, esport i creativitat. Es treballa amb diferents entitats locals (Owl Emocions, Hib\u00e8rnia House, A9 sports, rob\u00f2tica,(Niueduca) .<\/p>\n\n\n\n<p><strong><em><mark style=\"background-color:rgba(0, 0, 0, 0)\" class=\"has-inline-color has-ast-global-color-1-color\">Comissi\u00f3 de festes<\/mark><\/em><\/strong> :Organitza i dinamitza el calendari festiu de l\u2019AFA. Inclou activitats l\u00fadiques, de sensibilitzaci\u00f3 i de reflexi\u00f3 sobre temes socioeducatius com l\u2019escola de fam\u00edlies, l\u2019\u00fas de l\u2019espai p\u00fablic, el medi ambient o la relaci\u00f3 amb altres AFAs. Tamb\u00e9 participa en les festes i activitats del poble.<\/p>\n\n\n\n<p><strong><em><mark style=\"background-color:rgba(0, 0, 0, 0)\" class=\"has-inline-color has-ast-global-color-1-color\">Comissi\u00f3 de la cavalcada<\/mark><\/em><\/strong>: T\u00e9 com a objectiu fer que l\u2019Escola Rosa Sensat formi part d\u2019un dels moments m\u00e9s m\u00e0gics de l\u2019any: la Cavalcada de Reis.<br>Cada any, segons la proposta de l\u2019Ajuntament, l\u2019escola participa amb una comparsa, una carrossa o altres formats, adaptant-se a les idees i temes que es proposen.<br>Volem que infants i fam\u00edlies visquin aquesta festa des de dins, compartint il\u00b7lusi\u00f3, alegria i el veritable esperit nadalenc, fent que la pres\u00e8ncia de l\u2019escola sigui especial i memorable.<\/p>\n\n\n\n<p><strong><em><mark style=\"background-color:rgba(0, 0, 0, 0)\" class=\"has-inline-color has-ast-global-color-1-color\">Comissi\u00f3 de Sensatrons<\/mark><\/em><\/strong>: Treballa i coordina amb el grup de batucada de l\u2019Escola Rosa Sensat, que posa ritme, energia i alegria a les festes de l\u2019escola i als esdeveniments del poble.<br>El grup est\u00e0 obert a infants a partir de 4t de prim\u00e0ria, a mares i pares de qualsevol curs i tamb\u00e9 a persones del poble que no formen part de l\u2019escola.<br>L\u2019objectiu \u00e9s crear un espai participatiu i divertit per gaudir de la m\u00fasica, aprendre junts i fer vibrar el poble amb la percussi\u00f3.<\/p>\n\n\n\n<p><strong><em><mark style=\"background-color:rgba(0, 0, 0, 0)\" class=\"has-inline-color has-ast-global-color-1-color\">Comissi\u00f3 del menjador<\/mark><\/em><\/strong> : \u00c9s una comissi\u00f3 que treballa per supervisar i millorar el servei de menjador. T\u00e9 com a objectiu garantir una alimentaci\u00f3 saludable, un bon funcionament del servei i un espai agradable i segur per als infants durant l\u2019hora de dinar. Tamb\u00e9 recull propostes i suggeriments per continuar millorant el servei.<\/p>\n\n\n\n<p><strong><em><mark style=\"background-color:rgba(0, 0, 0, 0);color:#f01111\" class=\"has-inline-color\">Hi ha un grup de voluntaris obert a totes les fam\u00edlies que vulguin col\u00b7laborar de manera puntual en aquells moments en qu\u00e8 l\u2019AFA necessiti suport per dur a terme festes, tallers o altres activitats. <\/mark><\/em><\/strong><\/p>\n\n\n\n<p><strong><em><mark style=\"background-color:rgba(0, 0, 0, 0);color:#f01111\" class=\"has-inline-color\">No cal formar part d\u2019una comissi\u00f3; nom\u00e9s cal disponibilitat i ganes d\u2019ajudar quan es necessiti. <\/mark><\/em><\/strong><\/p>\n\n\n\n<p><strong><em><mark style=\"background-color:rgba(0, 0, 0, 0);color:#f01111\" class=\"has-inline-color\">Si voleu participar-hi, podeu contactar amb l\u2019AFA.<\/mark><mark style=\"background-color:rgba(0, 0, 0, 0);color:#f34141\" class=\"has-inline-color\"> (afa@rosasensat.com)<\/mark><\/em><\/strong><\/p>\n\n\n\n<p><\/p>\n","protected":false},"excerpt":{"rendered":"<p>Comissi\u00f3 d\u2019Extraescolars &#8211; Casals i acollida durant la jornada intensiva: Organitza activitats fora de l\u2019horari lectiu tant de migdia com de tarda,&nbsp; oferint espais de joc enriquits amb propostes de lleure, esport i creativitat. Es treballa amb diferents entitats locals (Owl Emocions, Hib\u00e8rnia House, A9 sports, rob\u00f2tica,(Niueduca) . Comissi\u00f3 de festes :Organitza i dinamitza el [&hellip;]<\/p>\n","protected":false},"author":1,"featured_media":0,"parent":0,"menu_order":0,"comment_status":"closed","ping_status":"close","template":"","meta":{"_bbp_topic_count":0,"_bbp_reply_count":0,"_bbp_total_topic_count":0,"_bbp_total_reply_count":0,"_bbp_voice_count":0,"_bbp_anonymous_reply_count":0,"_bbp_topic_count_hidden":0,"_bbp_reply_count_hidden":0,"_bbp_forum_subforum_count":0,"site-sidebar-layout":"default","site-content-layout":"","ast-site-content-layout":"default","site-content-style":"default","site-sidebar-style":"default","ast-global-header-display":"","ast-banner-title-visibility":"","ast-main-header-display":"","ast-hfb-above-header-display":"","ast-hfb-below-header-display":"","ast-hfb-mobile-header-display":"","site-post-title":"","ast-breadcrumbs-content":"","ast-featured-img":"","footer-sml-layout":"","theme-transparent-header-meta":"","adv-header-id-meta":"","stick-header-meta":"","header-above-stick-meta":"","header-main-stick-meta":"","header-below-stick-meta":"","astra-migrate-meta-layouts":"set","ast-page-background-enabled":"default","ast-page-background-meta":{"desktop":{"background-color":"var(--ast-global-color-4)","background-image":"","background-repeat":"repeat","background-position":"center center","background-size":"auto","background-attachment":"scroll","background-type":"","background-media":"","overlay-type":"","overlay-color":"","overlay-opacity":"","overlay-gradient":""},"tablet":{"background-color":"","background-image":"","background-repeat":"repeat","background-position":"center center","background-size":"auto","background-attachment":"scroll","background-type":"","background-media":"","overlay-type":"","overlay-color":"","overlay-opacity":"","overlay-gradient":""},"mobile":{"background-color":"","background-image":"","background-repeat":"repeat","background-position":"center center","background-size":"auto","background-attachment":"scroll","background-type":"","background-media":"","overlay-type":"","overlay-color":"","overlay-opacity":"","overlay-gradient":""}},"ast-content-background-meta":{"desktop":{"background-color":"var(--ast-global-color-5)","background-image":"","background-repeat":"repeat","background-position":"center center","background-size":"auto","background-attachment":"scroll","background-type":"","background-media":"","overlay-type":"","overlay-color":"","overlay-opacity":"","overlay-gradient":""},"tablet":{"background-color":"var(--ast-global-color-5)","background-image":"","background-repeat":"repeat","background-position":"center center","background-size":"auto","background-attachment":"scroll","background-type":"","background-media":"","overlay-type":"","overlay-color":"","overlay-opacity":"","overlay-gradient":""},"mobile":{"background-color":"var(--ast-global-color-5)","background-image":"","background-repeat":"repeat","background-position":"center center","background-size":"auto","background-attachment":"scroll","background-type":"","background-media":"","overlay-type":"","overlay-color":"","overlay-opacity":"","overlay-gradient":""}},"footnotes":""},"class_list":["post-4962","page","type-page","status-publish","hentry"],"post_mailing_queue_ids":[],"_links":{"self":[{"href":"https:\/\/agora.xtec.cat\/ceip-rosasensat-elmasnou\/wp-json\/wp\/v2\/pages\/4962","targetHints":{"allow":["GET"]}}],"collection":[{"href":"https:\/\/agora.xtec.cat\/ceip-rosasensat-elmasnou\/wp-json\/wp\/v2\/pages"}],"about":[{"href":"https:\/\/agora.xtec.cat\/ceip-rosasensat-elmasnou\/wp-json\/wp\/v2\/types\/page"}],"author":[{"embeddable":true,"href":"https:\/\/agora.xtec.cat\/ceip-rosasensat-elmasnou\/wp-json\/wp\/v2\/users\/1"}],"replies":[{"embeddable":true,"href":"https:\/\/agora.xtec.cat\/ceip-rosasensat-elmasnou\/wp-json\/wp\/v2\/comments?post=4962"}],"version-history":[{"count":6,"href":"https:\/\/agora.xtec.cat\/ceip-rosasensat-elmasnou\/wp-json\/wp\/v2\/pages\/4962\/revisions"}],"predecessor-version":[{"id":5164,"href":"https:\/\/agora.xtec.cat\/ceip-rosasensat-elmasnou\/wp-json\/wp\/v2\/pages\/4962\/revisions\/5164"}],"wp:attachment":[{"href":"https:\/\/agora.xtec.cat\/ceip-rosasensat-elmasnou\/wp-json\/wp\/v2\/media?parent=4962"}],"curies":[{"name":"wp","href":"https:\/\/api.w.org\/{rel}","templated":true}]}}