{"id":4955,"date":"2025-07-21T19:51:04","date_gmt":"2025-07-21T17:51:04","guid":{"rendered":"https:\/\/agora.xtec.cat\/ceip-rosasensat-elmasnou\/?page_id=4955"},"modified":"2026-01-23T23:38:44","modified_gmt":"2026-01-23T22:38:44","slug":"afa","status":"publish","type":"page","link":"https:\/\/agora.xtec.cat\/ceip-rosasensat-elmasnou\/afa\/","title":{"rendered":"AFA"},"content":{"rendered":"\n<p><strong><em>Qui som?<\/em><\/strong><\/p>\n\n\n\n<p><strong><em>Som l\u2019AFA de l\u2019Escola Rosa Sensat d\u2019El Masnou, una associaci\u00f3 sense \u00e0nim de lucre formada per fam\u00edlies com la teva!&nbsp;<\/em><\/strong><\/p>\n\n\n\n<p><strong><em>Treballem per fer de l\u2019escola un espai millor per als nostres infants, col\u00b7laborant amb el centre i organitzant activitats que enriqueixen la vida escolar.<\/em><\/strong><\/p>\n\n\n\n<p><strong><em>Totes les fam\u00edlies que paguen la quota formen part de l\u2019AFA i poden participar tant en les activitats com en la presa de decisions.&nbsp;<\/em><\/strong><\/p>\n\n\n\n<p><strong><em>Junts fem escola!<\/em><\/strong><\/p>\n\n\n\n<h3 class=\"wp-block-heading\"><strong>Qu\u00e8 fem a l\u2019AFA Rosa Sensat?<\/strong><\/h3>\n\n\n\n<ul class=\"wp-block-list\">\n<li><strong>Creem vincles:<\/strong> Organitzem activitats i festes per fomentar la participaci\u00f3 de les fam\u00edlies i enfortir la relaci\u00f3 amb l\u2019escola.<\/li>\n\n\n\n<li><strong>Impulsem iniciatives:<\/strong> Donem suport a projectes i idees sorgides de les comissions de l\u2019AFA. Totes les propostes compten!<\/li>\n\n\n\n<li><strong>Comuniquem:<\/strong> Ens mantenim connectats amb les fam\u00edlies a trav\u00e9s de canals oberts i transparents. Ens pots seguir a les nostres xarxes socials:<br><strong>Instagram : @afa.rosasensat_elmasnou i&nbsp; Facebook<\/strong> \u2014 hi trobar\u00e0s informaci\u00f3, novetats i fotos de les activitats!<\/li>\n\n\n\n<li><strong>Gestionem serveis per a les fam\u00edlies:<\/strong><\/li>\n\n\n\n<li><strong>Extraescolars<\/strong>: activitats divertides i educatives al migdia i a la tarda.<\/li>\n<\/ul>\n\n\n\n<p><strong>Casals i acollida<\/strong>: activitats durant l\u2019estiu i oferim servei d\u2019acollida en la jornada intensiva del mes de juny<\/p>\n\n\n\n<p>Treballem des d\u2019una estructura <strong>horitzontal, assemble\u00e0ria<\/strong> i <strong>inclusiva:<\/strong> equip organitzat en comissions o projectes, comunicaci\u00f3, consens, diversitat de participaci\u00f3 i comprom\u00eds<strong>.<\/strong><\/p>\n\n\n\n<p><strong><em>L\u2019equip AFA<\/em><\/strong><\/p>\n\n\n\n<p>Funciona a trav\u00e9s del <strong>treball per comissions<\/strong> o projectes -de manera aut\u00f2noma i coordinada, amb espais de comunicaci\u00f3 permanent- i, de les <strong>reunions<\/strong> de la Junta amb les diferents comissions.<\/p>\n\n\n\n<p>La seva estructura \u00e9s la seg\u00fcent:<\/p>\n\n\n\n<p><strong><em>La Junta<\/em><\/strong><\/p>\n\n\n\n<p>Est\u00e0 formada per:<\/p>\n\n\n\n<p>Mireia Lacruz ( Presidenta)<\/p>\n\n\n\n<p>Esperanza Escol\u00e0 (la tresorera)<\/p>\n\n\n\n<p>Carol D\u00edaz&nbsp; (la secret\u00e0ria)<\/p>\n\n\n\n<p>I la Mar Castells  ( vocals).<\/p>\n\n\n\n<p>S\u2019encarrega d\u2019arranjar q\u00fcestions organitzatives de l\u2019AFA, de coordinar el treball de les diferents comissions, de debatre q\u00fcestions d\u2019inter\u00e8s o d\u2019urg\u00e8ncia de l\u2019associaci\u00f3.<\/p>\n\n\n\n<p>L\u2019AFA est\u00e0 estructurada en diverses comissions, cadascuna amb l\u2019objectiu de desenvolupar projectes i activitats en \u00e0mbits concrets. Les comissions treballen conjuntament per millorar el funcionament i la vida del centre. Podeu consultar-les totes a l\u2019apartat \u201cComissions\u201d de la web.<\/p>\n\n\n\n<p><\/p>\n\n\n\n<p>Hi ha una persona <strong>representant<\/strong> <strong>de l\u2019AFA al Consell Escolar <\/strong>&nbsp;(Mireia Lacruz). Aquesta representativitat de l\u2019AFA als \u00f2rgans escolars serveix de pont de comunicaci\u00f3 entre aquests.<\/p>\n\n\n\n<h3 class=\"wp-block-heading\"><strong>Informaci\u00f3 pr\u00e0ctica<\/strong><\/h3>\n\n\n\n<p>Per a tots aquests temes, l\u2019AFA anir\u00e0 informant de les dates clau i enviant recordatoris a les fam\u00edlies mitjan\u00e7ant difusi\u00f3 de WhatsApp gestionats per les delegades.<\/p>\n\n\n\n<h4 class=\"wp-block-heading\"><strong>Quota de fam\u00edlies associades<\/strong><\/h4>\n\n\n\n<p>La quota anual \u00e9s de 30,61 \u202f\u20ac per fam\u00edlia i \u00e9s imprescindible per poder accedir als serveis oferts per l\u2019AFA.<br>El pagament s\u2019ha de fer seguint les instruccions de l\u2019aplicaci\u00f3 TPV.&nbsp;<\/p>\n\n\n\n<h4 class=\"wp-block-heading\"><strong>Activitats extraescolars<\/strong><\/h4>\n\n\n\n<p>Organitzades per A9 sports&nbsp; Acad\u00e8mia Hibernia i&nbsp; NiuEduca. Inclouen activitats de lleure, esport i creativitat en diferents franges hor\u00e0ries i dies de la setmana.<\/p>\n\n\n\n<h4 class=\"wp-block-heading\"><strong>&nbsp;Acollida en jornada intensiva<\/strong><\/h4>\n\n\n\n<p>Ofert per&nbsp; A9 sports durant les tardes de jornada intensiva (juny) .<\/p>\n\n\n\n<p>S\u2019avisa a les fam\u00edlies pr\u00e8viament per a la previsi\u00f3 de places mitjan\u00e7ant correus informatius.<\/p>\n\n\n\n<p><strong><em>On ens podeu trobar?<\/em><\/strong><\/p>\n\n\n\n<p>Per tal de poder ser accessibles a totes les fam\u00edlies, seguirem emprant com a forma de comunicaci\u00f3 principal el correu electr\u00f2nic (afa@rosasensat.com), xarxes socials i whatsApp delegats on cada comissi\u00f3 pot donar resposta a les demandes que puguin arribar per aquesta via.<\/p>\n\n\n\n<p>En el cas de requerir atenci\u00f3 directa, pr\u00e8via cita acordada per correu, ens podrem trobar al despatx de l\u2019AFA (al costat de la porta principal).<\/p>\n\n\n\n<p><\/p>\n\n\n\n<figure class=\"wp-block-image size-large is-resized is-style-rounded\"><a href=\"https:\/\/agora.xtec.cat\/ceip-rosasensat-elmasnou\/wp-content\/uploads\/usu2177\/2025\/07\/1752528411227-1.jpg\"><img loading=\"lazy\" decoding=\"async\" width=\"1024\" height=\"768\" src=\"https:\/\/agora.xtec.cat\/ceip-rosasensat-elmasnou\/wp-content\/uploads\/usu2177\/2025\/07\/1752528411227-1-1024x768.jpg\" alt=\"\" class=\"wp-image-4839\" style=\"aspect-ratio:3\/4;object-fit:cover;width:500px\" srcset=\"https:\/\/agora.xtec.cat\/ceip-rosasensat-elmasnou\/wp-content\/uploads\/usu2177\/2025\/07\/1752528411227-1-1024x768.jpg 1024w, https:\/\/agora.xtec.cat\/ceip-rosasensat-elmasnou\/wp-content\/uploads\/usu2177\/2025\/07\/1752528411227-1-300x225.jpg 300w, https:\/\/agora.xtec.cat\/ceip-rosasensat-elmasnou\/wp-content\/uploads\/usu2177\/2025\/07\/1752528411227-1-768x576.jpg 768w, https:\/\/agora.xtec.cat\/ceip-rosasensat-elmasnou\/wp-content\/uploads\/usu2177\/2025\/07\/1752528411227-1-1536x1152.jpg 1536w, https:\/\/agora.xtec.cat\/ceip-rosasensat-elmasnou\/wp-content\/uploads\/usu2177\/2025\/07\/1752528411227-1-200x150.jpg 200w, https:\/\/agora.xtec.cat\/ceip-rosasensat-elmasnou\/wp-content\/uploads\/usu2177\/2025\/07\/1752528411227-1.jpg 1600w\" sizes=\"auto, (max-width: 1024px) 100vw, 1024px\" \/><\/a><\/figure>\n\n\n\n<p><\/p>\n","protected":false},"excerpt":{"rendered":"<p>Qui som? Som l\u2019AFA de l\u2019Escola Rosa Sensat d\u2019El Masnou, una associaci\u00f3 sense \u00e0nim de lucre formada per fam\u00edlies com la teva!&nbsp; Treballem per fer de l\u2019escola un espai millor per als nostres infants, col\u00b7laborant amb el centre i organitzant activitats que enriqueixen la vida escolar. Totes les fam\u00edlies que paguen la quota formen part [&hellip;]<\/p>\n","protected":false},"author":1,"featured_media":4839,"parent":0,"menu_order":0,"comment_status":"closed","ping_status":"close","template":"","meta":{"_bbp_topic_count":0,"_bbp_reply_count":0,"_bbp_total_topic_count":0,"_bbp_total_reply_count":0,"_bbp_voice_count":0,"_bbp_anonymous_reply_count":0,"_bbp_topic_count_hidden":0,"_bbp_reply_count_hidden":0,"_bbp_forum_subforum_count":0,"site-sidebar-layout":"default","site-content-layout":"","ast-site-content-layout":"default","site-content-style":"default","site-sidebar-style":"default","ast-global-header-display":"","ast-banner-title-visibility":"","ast-main-header-display":"","ast-hfb-above-header-display":"","ast-hfb-below-header-display":"","ast-hfb-mobile-header-display":"","site-post-title":"","ast-breadcrumbs-content":"","ast-featured-img":"","footer-sml-layout":"","theme-transparent-header-meta":"","adv-header-id-meta":"","stick-header-meta":"","header-above-stick-meta":"","header-main-stick-meta":"","header-below-stick-meta":"","astra-migrate-meta-layouts":"set","ast-page-background-enabled":"default","ast-page-background-meta":{"desktop":{"background-color":"var(--ast-global-color-4)","background-image":"","background-repeat":"repeat","background-position":"center center","background-size":"auto","background-attachment":"scroll","background-type":"","background-media":"","overlay-type":"","overlay-color":"","overlay-opacity":"","overlay-gradient":""},"tablet":{"background-color":"","background-image":"","background-repeat":"repeat","background-position":"center center","background-size":"auto","background-attachment":"scroll","background-type":"","background-media":"","overlay-type":"","overlay-color":"","overlay-opacity":"","overlay-gradient":""},"mobile":{"background-color":"","background-image":"","background-repeat":"repeat","background-position":"center center","background-size":"auto","background-attachment":"scroll","background-type":"","background-media":"","overlay-type":"","overlay-color":"","overlay-opacity":"","overlay-gradient":""}},"ast-content-background-meta":{"desktop":{"background-color":"var(--ast-global-color-5)","background-image":"","background-repeat":"repeat","background-position":"center center","background-size":"auto","background-attachment":"scroll","background-type":"","background-media":"","overlay-type":"","overlay-color":"","overlay-opacity":"","overlay-gradient":""},"tablet":{"background-color":"var(--ast-global-color-5)","background-image":"","background-repeat":"repeat","background-position":"center center","background-size":"auto","background-attachment":"scroll","background-type":"","background-media":"","overlay-type":"","overlay-color":"","overlay-opacity":"","overlay-gradient":""},"mobile":{"background-color":"var(--ast-global-color-5)","background-image":"","background-repeat":"repeat","background-position":"center center","background-size":"auto","background-attachment":"scroll","background-type":"","background-media":"","overlay-type":"","overlay-color":"","overlay-opacity":"","overlay-gradient":""}},"footnotes":""},"class_list":["post-4955","page","type-page","status-publish","has-post-thumbnail","hentry"],"post_mailing_queue_ids":[],"_links":{"self":[{"href":"https:\/\/agora.xtec.cat\/ceip-rosasensat-elmasnou\/wp-json\/wp\/v2\/pages\/4955","targetHints":{"allow":["GET"]}}],"collection":[{"href":"https:\/\/agora.xtec.cat\/ceip-rosasensat-elmasnou\/wp-json\/wp\/v2\/pages"}],"about":[{"href":"https:\/\/agora.xtec.cat\/ceip-rosasensat-elmasnou\/wp-json\/wp\/v2\/types\/page"}],"author":[{"embeddable":true,"href":"https:\/\/agora.xtec.cat\/ceip-rosasensat-elmasnou\/wp-json\/wp\/v2\/users\/1"}],"replies":[{"embeddable":true,"href":"https:\/\/agora.xtec.cat\/ceip-rosasensat-elmasnou\/wp-json\/wp\/v2\/comments?post=4955"}],"version-history":[{"count":6,"href":"https:\/\/agora.xtec.cat\/ceip-rosasensat-elmasnou\/wp-json\/wp\/v2\/pages\/4955\/revisions"}],"predecessor-version":[{"id":5740,"href":"https:\/\/agora.xtec.cat\/ceip-rosasensat-elmasnou\/wp-json\/wp\/v2\/pages\/4955\/revisions\/5740"}],"wp:featuredmedia":[{"embeddable":true,"href":"https:\/\/agora.xtec.cat\/ceip-rosasensat-elmasnou\/wp-json\/wp\/v2\/media\/4839"}],"wp:attachment":[{"href":"https:\/\/agora.xtec.cat\/ceip-rosasensat-elmasnou\/wp-json\/wp\/v2\/media?parent=4955"}],"curies":[{"name":"wp","href":"https:\/\/api.w.org\/{rel}","templated":true}]}}