{"id":38,"date":"2014-09-18T12:34:08","date_gmt":"2014-09-18T11:34:08","guid":{"rendered":"http:\/\/agora.xtec.cat\/ceip-rosasensat-elmasnou\/?page_id=38"},"modified":"2021-01-18T20:43:43","modified_gmt":"2021-01-18T19:43:43","slug":"salut","status":"publish","type":"page","link":"https:\/\/agora.xtec.cat\/ceip-rosasensat-elmasnou\/lescola\/salut\/","title":{"rendered":"Salut"},"content":{"rendered":"<p>Us deixem un article molt interessant del Dr. Luis Rojas Marcos, psiquiatra.<\/p>\n<p><a href=\"https:\/\/agora.xtec.cat\/ceip-rosasensat-elmasnou\/wp-content\/uploads\/usu2177\/2021\/01\/Una-tragedia-silenciosa-Luis-Rojas-Marcos.pdf\">Una-tragedia-silenciosa-Luis-Rojas-Marcos<\/a><\/p>\n<p>____________________________________________________________<\/p>\n<p>No hi ha res com fer salut, per\u00f2 aquesta vegada no parlarem de bitxos ni de virus que ens persegueixen, sino que us recomanem que escolteu b\u00e9 aquesta can\u00e7\u00f3 i que la poseu en pr\u00e0ctica. Una bona alimentaci\u00f3 tamb\u00e9 ens ajuda a estar m\u00e9s protegits. Cuideu-vos molt!!!!<\/p>\n<p>&nbsp;<\/p>\n<div class=\"ast-oembed-container \" style=\"height: 100%;\"><iframe loading=\"lazy\" title=\"Ets el que menges i Xiula presenten: Verdura sense mesura\" width=\"500\" height=\"281\" src=\"https:\/\/www.youtube.com\/embed\/sSx_oPu4S9I?feature=oembed\" frameborder=\"0\" allow=\"accelerometer; autoplay; clipboard-write; encrypted-media; gyroscope; picture-in-picture; web-share\" referrerpolicy=\"strict-origin-when-cross-origin\" allowfullscreen><\/iframe><\/div>\n<p>&nbsp;<\/p>\n<p>_____________________________________________________________<\/p>\n<p>http:\/\/ensenyament.gencat.cat\/ca\/actualitat\/escolasegura\/<a href=\"http:\/\/ensenyament.gencat.cat\/ca\/actualitat\/escolasegura\/\"><img loading=\"lazy\" decoding=\"async\" class=\"alignnone wp-image-133\" src=\"https:\/\/agora.xtec.cat\/ceip-rosasensat-elmasnou\/wp-content\/uploads\/usu2177\/2014\/09\/albertbachiller-1024x221.png\" alt=\"Il\u00b7lustraci\u00f3 per Albert Bachiller\" width=\"541\" height=\"117\" \/><\/a><\/p>\n<p>&nbsp;<\/p>\n<p>&nbsp;<\/p>\n<p>&nbsp;<\/p>\n<p>&nbsp;<\/p>\n","protected":false},"excerpt":{"rendered":"<p>Us deixem un article molt interessant del Dr. Luis Rojas Marcos, psiquiatra. Una-tragedia-silenciosa-Luis-Rojas-Marcos ____________________________________________________________ No hi ha res com fer salut, per\u00f2 aquesta vegada no parlarem de bitxos ni de virus que ens persegueixen, sino que us recomanem que escolteu b\u00e9 aquesta can\u00e7\u00f3 i que la poseu en pr\u00e0ctica. Una bona alimentaci\u00f3 tamb\u00e9 ens ajuda [&hellip;]<\/p>\n","protected":false},"author":1,"featured_media":0,"parent":22,"menu_order":80,"comment_status":"closed","ping_status":"closed","template":"page-templates\/side-menu.php","meta":{"_bbp_topic_count":0,"_bbp_reply_count":0,"_bbp_total_topic_count":0,"_bbp_total_reply_count":0,"_bbp_voice_count":0,"_bbp_anonymous_reply_count":0,"_bbp_topic_count_hidden":0,"_bbp_reply_count_hidden":0,"_bbp_forum_subforum_count":0,"site-sidebar-layout":"default","site-content-layout":"","ast-site-content-layout":"","site-content-style":"default","site-sidebar-style":"default","ast-global-header-display":"","ast-banner-title-visibility":"","ast-main-header-display":"","ast-hfb-above-header-display":"","ast-hfb-below-header-display":"","ast-hfb-mobile-header-display":"","site-post-title":"","ast-breadcrumbs-content":"","ast-featured-img":"","footer-sml-layout":"","theme-transparent-header-meta":"","adv-header-id-meta":"","stick-header-meta":"","header-above-stick-meta":"","header-main-stick-meta":"","header-below-stick-meta":"","astra-migrate-meta-layouts":"default","ast-page-background-enabled":"default","ast-page-background-meta":{"desktop":{"background-color":"var(--ast-global-color-4)","background-image":"","background-repeat":"repeat","background-position":"center center","background-size":"auto","background-attachment":"scroll","background-type":"","background-media":"","overlay-type":"","overlay-color":"","overlay-opacity":"","overlay-gradient":""},"tablet":{"background-color":"","background-image":"","background-repeat":"repeat","background-position":"center center","background-size":"auto","background-attachment":"scroll","background-type":"","background-media":"","overlay-type":"","overlay-color":"","overlay-opacity":"","overlay-gradient":""},"mobile":{"background-color":"","background-image":"","background-repeat":"repeat","background-position":"center center","background-size":"auto","background-attachment":"scroll","background-type":"","background-media":"","overlay-type":"","overlay-color":"","overlay-opacity":"","overlay-gradient":""}},"ast-content-background-meta":{"desktop":{"background-color":"var(--ast-global-color-5)","background-image":"","background-repeat":"repeat","background-position":"center center","background-size":"auto","background-attachment":"scroll","background-type":"","background-media":"","overlay-type":"","overlay-color":"","overlay-opacity":"","overlay-gradient":""},"tablet":{"background-color":"var(--ast-global-color-5)","background-image":"","background-repeat":"repeat","background-position":"center center","background-size":"auto","background-attachment":"scroll","background-type":"","background-media":"","overlay-type":"","overlay-color":"","overlay-opacity":"","overlay-gradient":""},"mobile":{"background-color":"var(--ast-global-color-5)","background-image":"","background-repeat":"repeat","background-position":"center center","background-size":"auto","background-attachment":"scroll","background-type":"","background-media":"","overlay-type":"","overlay-color":"","overlay-opacity":"","overlay-gradient":""}},"footnotes":""},"class_list":["post-38","page","type-page","status-publish","hentry"],"post_mailing_queue_ids":[],"_links":{"self":[{"href":"https:\/\/agora.xtec.cat\/ceip-rosasensat-elmasnou\/wp-json\/wp\/v2\/pages\/38","targetHints":{"allow":["GET"]}}],"collection":[{"href":"https:\/\/agora.xtec.cat\/ceip-rosasensat-elmasnou\/wp-json\/wp\/v2\/pages"}],"about":[{"href":"https:\/\/agora.xtec.cat\/ceip-rosasensat-elmasnou\/wp-json\/wp\/v2\/types\/page"}],"author":[{"embeddable":true,"href":"https:\/\/agora.xtec.cat\/ceip-rosasensat-elmasnou\/wp-json\/wp\/v2\/users\/1"}],"replies":[{"embeddable":true,"href":"https:\/\/agora.xtec.cat\/ceip-rosasensat-elmasnou\/wp-json\/wp\/v2\/comments?post=38"}],"version-history":[{"count":3,"href":"https:\/\/agora.xtec.cat\/ceip-rosasensat-elmasnou\/wp-json\/wp\/v2\/pages\/38\/revisions"}],"predecessor-version":[{"id":1538,"href":"https:\/\/agora.xtec.cat\/ceip-rosasensat-elmasnou\/wp-json\/wp\/v2\/pages\/38\/revisions\/1538"}],"up":[{"embeddable":true,"href":"https:\/\/agora.xtec.cat\/ceip-rosasensat-elmasnou\/wp-json\/wp\/v2\/pages\/22"}],"wp:attachment":[{"href":"https:\/\/agora.xtec.cat\/ceip-rosasensat-elmasnou\/wp-json\/wp\/v2\/media?parent=38"}],"curies":[{"name":"wp","href":"https:\/\/api.w.org\/{rel}","templated":true}]}}