{"id":3211,"date":"2022-10-18T13:27:37","date_gmt":"2022-10-18T11:27:37","guid":{"rendered":"https:\/\/agora.xtec.cat\/ceip-rosasensat-elmasnou\/?page_id=3211"},"modified":"2023-06-19T08:43:23","modified_gmt":"2023-06-19T06:43:23","slug":"avaluacio","status":"publish","type":"page","link":"https:\/\/agora.xtec.cat\/ceip-rosasensat-elmasnou\/avaluacio\/","title":{"rendered":"Avaluaci\u00f3"},"content":{"rendered":"<p><strong>L&#8217;avaluaci\u00f3 de les activitats \u00e9s una part important per garantir que l&#8217;Estrat\u00e8gia Digital de Centre tingui \u00e8xit. Implica avaluar l&#8217;impacte i l&#8217;efic\u00e0cia de les activitats dissenyades, aix\u00ed com determinar com millorar-les en el futur. Amb la realitzaci\u00f3 d&#8217;avaluacions peri\u00f2diques, podrem assegurar-nos si estem assolint els objectius proposats.<\/strong><\/p>\n<p>Cada activitat, un cop finalitzada, s\u2019avaluar\u00e0 de manera individual per la persona designada com a responsable de l\u2019activitat. Aquesta avaluaci\u00f3 quedar\u00e0 registrada al mateix document de l\u2019EDC, ja que hi ha una casella destinada a aquest efecte.<\/p>\n<p dir=\"ltr\">Hi ha plantejada una avaluaci\u00f3 anual: al final de cada curs per part de l\u2019equip directiu i la comissi\u00f3 digital. En aquest punt, s\u2019actualitzaran les activitats en cas que fos necessari. Aquesta avaluaci\u00f3 quedar\u00e0 registrada a la mem\u00f2ria anual.<\/p>\n<p dir=\"ltr\">A m\u00e9s a m\u00e9s, tamb\u00e9 hi ha una avaluaci\u00f3 plantejada al final de l\u2019EDC per avaluar-la de manera global.<\/p>\n<p dir=\"ltr\">En cada un dels tres moments avaluatius, es faran les actualitzacions necess\u00e0ries:<\/p>\n<ul>\n<li dir=\"ltr\">\n<p dir=\"ltr\" role=\"presentation\">En cas que s\u2019hagin assolit les activitats: marcar-ho com a assolit per poder continuar amb la resta d\u2019activitats.<\/p>\n<\/li>\n<li dir=\"ltr\">\n<p dir=\"ltr\" role=\"presentation\">En cas que s\u2019hagi assolit parcialment o no s\u2019hagi assolit: apuntar all\u00f2 que no s\u2019ha pogut assolir, per tenir-ho en compte a la resta d\u2019activitats, si s\u2019escau, per allargar l\u2019activitat, en cas que fos necessari, o per modificar les seg\u00fcents activitats. En tots els casos, \u00e9s important tenir en compte quina ha estat la causa per poder fer les modificacions adients.&#8221;<\/p>\n<\/li>\n<\/ul>\n","protected":false},"excerpt":{"rendered":"<p>L&#8217;avaluaci\u00f3 de les activitats \u00e9s una part important per garantir que l&#8217;Estrat\u00e8gia Digital de Centre tingui \u00e8xit. Implica avaluar l&#8217;impacte i l&#8217;efic\u00e0cia de les activitats dissenyades, aix\u00ed com determinar com millorar-les en el futur. Amb la realitzaci\u00f3 d&#8217;avaluacions peri\u00f2diques, podrem assegurar-nos si estem assolint els objectius proposats. Cada activitat, un cop finalitzada, s\u2019avaluar\u00e0 de manera [&hellip;]<\/p>\n","protected":false},"author":1,"featured_media":0,"parent":0,"menu_order":0,"comment_status":"closed","ping_status":"closed","template":"","meta":{"_bbp_topic_count":0,"_bbp_reply_count":0,"_bbp_total_topic_count":0,"_bbp_total_reply_count":0,"_bbp_voice_count":0,"_bbp_anonymous_reply_count":0,"_bbp_topic_count_hidden":0,"_bbp_reply_count_hidden":0,"_bbp_forum_subforum_count":0,"site-sidebar-layout":"default","site-content-layout":"","ast-site-content-layout":"","site-content-style":"default","site-sidebar-style":"default","ast-global-header-display":"","ast-banner-title-visibility":"","ast-main-header-display":"","ast-hfb-above-header-display":"","ast-hfb-below-header-display":"","ast-hfb-mobile-header-display":"","site-post-title":"","ast-breadcrumbs-content":"","ast-featured-img":"","footer-sml-layout":"","theme-transparent-header-meta":"","adv-header-id-meta":"","stick-header-meta":"","header-above-stick-meta":"","header-main-stick-meta":"","header-below-stick-meta":"","astra-migrate-meta-layouts":"default","ast-page-background-enabled":"default","ast-page-background-meta":{"desktop":{"background-color":"var(--ast-global-color-4)","background-image":"","background-repeat":"repeat","background-position":"center center","background-size":"auto","background-attachment":"scroll","background-type":"","background-media":"","overlay-type":"","overlay-color":"","overlay-opacity":"","overlay-gradient":""},"tablet":{"background-color":"","background-image":"","background-repeat":"repeat","background-position":"center center","background-size":"auto","background-attachment":"scroll","background-type":"","background-media":"","overlay-type":"","overlay-color":"","overlay-opacity":"","overlay-gradient":""},"mobile":{"background-color":"","background-image":"","background-repeat":"repeat","background-position":"center center","background-size":"auto","background-attachment":"scroll","background-type":"","background-media":"","overlay-type":"","overlay-color":"","overlay-opacity":"","overlay-gradient":""}},"ast-content-background-meta":{"desktop":{"background-color":"var(--ast-global-color-5)","background-image":"","background-repeat":"repeat","background-position":"center center","background-size":"auto","background-attachment":"scroll","background-type":"","background-media":"","overlay-type":"","overlay-color":"","overlay-opacity":"","overlay-gradient":""},"tablet":{"background-color":"var(--ast-global-color-5)","background-image":"","background-repeat":"repeat","background-position":"center center","background-size":"auto","background-attachment":"scroll","background-type":"","background-media":"","overlay-type":"","overlay-color":"","overlay-opacity":"","overlay-gradient":""},"mobile":{"background-color":"var(--ast-global-color-5)","background-image":"","background-repeat":"repeat","background-position":"center center","background-size":"auto","background-attachment":"scroll","background-type":"","background-media":"","overlay-type":"","overlay-color":"","overlay-opacity":"","overlay-gradient":""}},"footnotes":""},"class_list":["post-3211","page","type-page","status-publish","hentry"],"post_mailing_queue_ids":[],"_links":{"self":[{"href":"https:\/\/agora.xtec.cat\/ceip-rosasensat-elmasnou\/wp-json\/wp\/v2\/pages\/3211","targetHints":{"allow":["GET"]}}],"collection":[{"href":"https:\/\/agora.xtec.cat\/ceip-rosasensat-elmasnou\/wp-json\/wp\/v2\/pages"}],"about":[{"href":"https:\/\/agora.xtec.cat\/ceip-rosasensat-elmasnou\/wp-json\/wp\/v2\/types\/page"}],"author":[{"embeddable":true,"href":"https:\/\/agora.xtec.cat\/ceip-rosasensat-elmasnou\/wp-json\/wp\/v2\/users\/1"}],"replies":[{"embeddable":true,"href":"https:\/\/agora.xtec.cat\/ceip-rosasensat-elmasnou\/wp-json\/wp\/v2\/comments?post=3211"}],"version-history":[{"count":3,"href":"https:\/\/agora.xtec.cat\/ceip-rosasensat-elmasnou\/wp-json\/wp\/v2\/pages\/3211\/revisions"}],"predecessor-version":[{"id":3762,"href":"https:\/\/agora.xtec.cat\/ceip-rosasensat-elmasnou\/wp-json\/wp\/v2\/pages\/3211\/revisions\/3762"}],"wp:attachment":[{"href":"https:\/\/agora.xtec.cat\/ceip-rosasensat-elmasnou\/wp-json\/wp\/v2\/media?parent=3211"}],"curies":[{"name":"wp","href":"https:\/\/api.w.org\/{rel}","templated":true}]}}