{"id":84,"date":"2014-09-18T14:11:31","date_gmt":"2014-09-18T13:11:31","guid":{"rendered":"http:\/\/agora.xtec.cat\/ceip-rocblanc\/?page_id=84"},"modified":"2021-09-22T09:21:54","modified_gmt":"2021-09-22T07:21:54","slug":"activitats-extraescolars","status":"publish","type":"page","link":"https:\/\/agora.xtec.cat\/ceip-rocblanc\/serveis\/activitats-extraescolars\/","title":{"rendered":"Activitats extraescolars"},"content":{"rendered":"<p>Les activitats extraescolars es realitzen a les tardes de 16.30h. a 18h.\u00a0 estan gestionades per l&#8217;AFA.<\/p>\n<p>Per m\u00e9s informaci\u00f3 sobre horaris, inscripcions&#8230; cliqueu:<\/p>\n<h3><a href=\"https:\/\/blocs.xtec.cat\/afarocblanc\/extraescolars\/\">EXTRAESCOLARS<\/a><\/h3>\n<p>&nbsp;<\/p>\n<p>A m\u00e9s l&#8217;acad\u00e8mia d&#8217;idiomes M\u00f3n Idiomes ofereix una activitat extraescolar d&#8217;angl\u00e8s.<\/p>\n<p><a href=\"https:\/\/www.monidiomes.com\/\"><img loading=\"lazy\" decoding=\"async\" class=\"alignnone wp-image-813\" src=\"http:\/\/agora.xtec.cat\/ceip-rocblanc\/wp-content\/uploads\/usu1032\/2014\/09\/Mon-idiomes.jpg\" alt=\"Mon idiomes\" width=\"199\" height=\"142\" \/><\/a><\/p>\n","protected":false},"excerpt":{"rendered":"<p>Les activitats extraescolars es realitzen a les tardes de 16.30h. a 18h.\u00a0 estan gestionades per l&#8217;AFA.<br \/>\nPer m\u00e9s informaci\u00f3 sobre horaris, inscripcions&#8230; cliqueu:<br \/>\n<a href=\"https:\/\/blocs.xtec.cat\/afarocblanc\/extraescolars\/\">EXTRAESCOLARS<\/a><br \/>\n&nbsp;<br \/>\nA m\u00e9s l&#8217;acad\u00e8mia d&#8217;idiomes M\u00f3n Idiomes ofereix una activitat extraescolar d&#8217;angl\u00e8s.<br \/>\n<a href=\"https:\/\/www.monidiomes.com\/\"><\/a><\/p>\n","protected":false},"author":1,"featured_media":0,"parent":66,"menu_order":40,"comment_status":"closed","ping_status":"closed","template":"page-templates\/side-menu.php","meta":{"_bbp_topic_count":0,"_bbp_reply_count":0,"_bbp_total_topic_count":0,"_bbp_total_reply_count":0,"_bbp_voice_count":0,"_bbp_anonymous_reply_count":0,"_bbp_topic_count_hidden":0,"_bbp_reply_count_hidden":0,"_bbp_forum_subforum_count":0,"footnotes":""},"class_list":["post-84","page","type-page","status-publish","hentry"],"post_mailing_queue_ids":[],"_links":{"self":[{"href":"https:\/\/agora.xtec.cat\/ceip-rocblanc\/wp-json\/wp\/v2\/pages\/84","targetHints":{"allow":["GET"]}}],"collection":[{"href":"https:\/\/agora.xtec.cat\/ceip-rocblanc\/wp-json\/wp\/v2\/pages"}],"about":[{"href":"https:\/\/agora.xtec.cat\/ceip-rocblanc\/wp-json\/wp\/v2\/types\/page"}],"author":[{"embeddable":true,"href":"https:\/\/agora.xtec.cat\/ceip-rocblanc\/wp-json\/wp\/v2\/users\/1"}],"replies":[{"embeddable":true,"href":"https:\/\/agora.xtec.cat\/ceip-rocblanc\/wp-json\/wp\/v2\/comments?post=84"}],"version-history":[{"count":4,"href":"https:\/\/agora.xtec.cat\/ceip-rocblanc\/wp-json\/wp\/v2\/pages\/84\/revisions"}],"predecessor-version":[{"id":2524,"href":"https:\/\/agora.xtec.cat\/ceip-rocblanc\/wp-json\/wp\/v2\/pages\/84\/revisions\/2524"}],"up":[{"embeddable":true,"href":"https:\/\/agora.xtec.cat\/ceip-rocblanc\/wp-json\/wp\/v2\/pages\/66"}],"wp:attachment":[{"href":"https:\/\/agora.xtec.cat\/ceip-rocblanc\/wp-json\/wp\/v2\/media?parent=84"}],"curies":[{"name":"wp","href":"https:\/\/api.w.org\/{rel}","templated":true}]}}