{"id":77,"date":"2014-09-18T14:05:08","date_gmt":"2014-09-18T13:05:08","guid":{"rendered":"http:\/\/agora.xtec.cat\/ceip-rocblanc\/?page_id=77"},"modified":"2021-09-22T09:13:16","modified_gmt":"2021-09-22T07:13:16","slug":"acollida","status":"publish","type":"page","link":"https:\/\/agora.xtec.cat\/ceip-rocblanc\/serveis\/acollida\/","title":{"rendered":"Acollida"},"content":{"rendered":"<p>L&#8217;escola disposa d&#8217;un servei d&#8217;acollida matinal des de les 7.30h. del mat\u00ed fins a les 9h. Aquest servei est\u00e0 gestionat per l&#8217;AFA.<\/p>\n<p>Podeu consultar tota la informaci\u00f3 al seg\u00fcent enlla\u00e7:<\/p>\n<h3><a href=\"https:\/\/blocs.xtec.cat\/afarocblanc\/matiners\/\">Matiners<\/a><\/h3>\n<p>&nbsp;<\/p>\n<p>&nbsp;<\/p>\n","protected":false},"excerpt":{"rendered":"<p>L&#8217;escola disposa d&#8217;un servei d&#8217;acollida matinal des de les 7.30h. del mat\u00ed fins a les 9h. Aquest servei est\u00e0 gestionat per l&#8217;AFA.<br \/>\nPodeu consultar tota la informaci\u00f3 al seg\u00fcent enlla\u00e7:<br \/>\n<a href=\"https:\/\/blocs.xtec.cat\/afarocblanc\/matiners\/\">Matiners<\/a><br \/>\n&nbsp;<br \/>\n&nbsp;<\/p>\n","protected":false},"author":1,"featured_media":0,"parent":66,"menu_order":10,"comment_status":"closed","ping_status":"closed","template":"page-templates\/side-menu.php","meta":{"_bbp_topic_count":0,"_bbp_reply_count":0,"_bbp_total_topic_count":0,"_bbp_total_reply_count":0,"_bbp_voice_count":0,"_bbp_anonymous_reply_count":0,"_bbp_topic_count_hidden":0,"_bbp_reply_count_hidden":0,"_bbp_forum_subforum_count":0,"footnotes":""},"class_list":["post-77","page","type-page","status-publish","hentry"],"post_mailing_queue_ids":[],"_links":{"self":[{"href":"https:\/\/agora.xtec.cat\/ceip-rocblanc\/wp-json\/wp\/v2\/pages\/77","targetHints":{"allow":["GET"]}}],"collection":[{"href":"https:\/\/agora.xtec.cat\/ceip-rocblanc\/wp-json\/wp\/v2\/pages"}],"about":[{"href":"https:\/\/agora.xtec.cat\/ceip-rocblanc\/wp-json\/wp\/v2\/types\/page"}],"author":[{"embeddable":true,"href":"https:\/\/agora.xtec.cat\/ceip-rocblanc\/wp-json\/wp\/v2\/users\/1"}],"replies":[{"embeddable":true,"href":"https:\/\/agora.xtec.cat\/ceip-rocblanc\/wp-json\/wp\/v2\/comments?post=77"}],"version-history":[{"count":4,"href":"https:\/\/agora.xtec.cat\/ceip-rocblanc\/wp-json\/wp\/v2\/pages\/77\/revisions"}],"predecessor-version":[{"id":2521,"href":"https:\/\/agora.xtec.cat\/ceip-rocblanc\/wp-json\/wp\/v2\/pages\/77\/revisions\/2521"}],"up":[{"embeddable":true,"href":"https:\/\/agora.xtec.cat\/ceip-rocblanc\/wp-json\/wp\/v2\/pages\/66"}],"wp:attachment":[{"href":"https:\/\/agora.xtec.cat\/ceip-rocblanc\/wp-json\/wp\/v2\/media?parent=77"}],"curies":[{"name":"wp","href":"https:\/\/api.w.org\/{rel}","templated":true}]}}