{"id":7,"date":"2014-09-17T15:07:41","date_gmt":"2014-09-17T14:07:41","guid":{"rendered":"http:\/\/agora.xtec.cat\/ceip-rocblanc\/?page_id=7"},"modified":"2025-02-04T15:45:06","modified_gmt":"2025-02-04T14:45:06","slug":"pagines-dinici","status":"publish","type":"page","link":"https:\/\/agora.xtec.cat\/ceip-rocblanc\/","title":{"rendered":"Escola Roc Blanc"},"content":{"rendered":"<h6><span style=\"color: #008080;\">&#8220;Si m&#8217;ho expliques, ho oblidar\u00e9. Si m&#8217;ho ensenyes, ho entendr\u00e9. <\/span><span style=\"color: #00ccff;\"><span style=\"color: #008080;\">Si m&#8217;ho deixes fer, ho aprendr\u00e9.&#8221;\u00a0 \u00a0<\/span>\u00a0<\/span><span style=\"color: #000000;\">Confuci<\/span><\/h6>\n","protected":false},"excerpt":{"rendered":"<p>&#8220;Si m&#8217;ho expliques, ho oblidar\u00e9. Si m&#8217;ho ensenyes, ho entendr\u00e9. Si m&#8217;ho deixes fer, ho aprendr\u00e9.&#8221;\u00a0 \u00a0\u00a0Confuci<\/p>\n","protected":false},"author":1,"featured_media":0,"parent":0,"menu_order":0,"comment_status":"closed","ping_status":"closed","template":"page-templates\/front-page.php","meta":{"_bbp_topic_count":0,"_bbp_reply_count":0,"_bbp_total_topic_count":0,"_bbp_total_reply_count":0,"_bbp_voice_count":0,"_bbp_anonymous_reply_count":0,"_bbp_topic_count_hidden":0,"_bbp_reply_count_hidden":0,"_bbp_forum_subforum_count":0,"footnotes":""},"class_list":["post-7","page","type-page","status-publish","hentry"],"post_mailing_queue_ids":[],"_links":{"self":[{"href":"https:\/\/agora.xtec.cat\/ceip-rocblanc\/wp-json\/wp\/v2\/pages\/7","targetHints":{"allow":["GET"]}}],"collection":[{"href":"https:\/\/agora.xtec.cat\/ceip-rocblanc\/wp-json\/wp\/v2\/pages"}],"about":[{"href":"https:\/\/agora.xtec.cat\/ceip-rocblanc\/wp-json\/wp\/v2\/types\/page"}],"author":[{"embeddable":true,"href":"https:\/\/agora.xtec.cat\/ceip-rocblanc\/wp-json\/wp\/v2\/users\/1"}],"replies":[{"embeddable":true,"href":"https:\/\/agora.xtec.cat\/ceip-rocblanc\/wp-json\/wp\/v2\/comments?post=7"}],"version-history":[{"count":6,"href":"https:\/\/agora.xtec.cat\/ceip-rocblanc\/wp-json\/wp\/v2\/pages\/7\/revisions"}],"predecessor-version":[{"id":3012,"href":"https:\/\/agora.xtec.cat\/ceip-rocblanc\/wp-json\/wp\/v2\/pages\/7\/revisions\/3012"}],"wp:attachment":[{"href":"https:\/\/agora.xtec.cat\/ceip-rocblanc\/wp-json\/wp\/v2\/media?parent=7"}],"curies":[{"name":"wp","href":"https:\/\/api.w.org\/{rel}","templated":true}]}}