{"id":481,"date":"2016-03-11T13:41:56","date_gmt":"2016-03-11T12:41:56","guid":{"rendered":"http:\/\/agora.xtec.cat\/ceip-rocblanc\/?page_id=481"},"modified":"2025-07-13T00:38:23","modified_gmt":"2025-07-12T22:38:23","slug":"equip-docent","status":"publish","type":"page","link":"https:\/\/agora.xtec.cat\/ceip-rocblanc\/curs-actual\/equip-docent\/","title":{"rendered":"Equip docent"},"content":{"rendered":"<table style=\"height: 1248px; width: 44.718%;\">\n<tbody>\n<tr style=\"height: 60px;\">\n<td style=\"height: 60px; width: 66.2392%;\">\n<h4><span style=\"color: #808000;\">ESTRUCTURA ORGANITZATIVA<\/span><\/h4>\n<\/td>\n<td style=\"height: 60px; width: 41.1654%;\">\n<h4><strong><span style=\"color: #808000;\">CURS 2025-2026<\/span><\/strong><\/h4>\n<\/td>\n<\/tr>\n<tr style=\"height: 50px;\">\n<td style=\"height: 50px; width: 66.2392%;\">\n<h5>EQUIP DIRECTIU<\/h5>\n<\/td>\n<td style=\"height: 50px; width: 41.1654%;\"><\/td>\n<\/tr>\n<tr style=\"height: 33px;\">\n<td style=\"height: 33px; width: 66.2392%;\">DIRECTORA<\/td>\n<td style=\"height: 33px; width: 41.1654%;\">Aran Orfila<\/td>\n<\/tr>\n<tr style=\"height: 33px;\">\n<td style=\"height: 33px; width: 66.2392%;\">CAP D&#8217;ESTUDIS<\/td>\n<td style=\"height: 33px; width: 41.1654%;\">Marta Font<\/td>\n<\/tr>\n<tr style=\"height: 33px;\">\n<td style=\"height: 33px; width: 66.2392%;\">SECRET\u00c0RIA<\/td>\n<td style=\"height: 33px; width: 41.1654%;\">Marta Tugues<\/td>\n<\/tr>\n<tr style=\"height: 50px;\">\n<td style=\"height: 50px; width: 66.2392%;\">\n<h5>PETITS<\/h5>\n<\/td>\n<td style=\"height: 50px; width: 41.1654%;\"><\/td>\n<\/tr>\n<tr style=\"height: 33px;\">\n<td style=\"height: 33px; width: 66.2392%;\">TUTORA I3<\/td>\n<td style=\"height: 33px; width: 41.1654%;\"><\/td>\n<\/tr>\n<tr style=\"height: 33px;\">\n<td style=\"height: 33px; width: 66.2392%;\">TUTORA I4<\/td>\n<td style=\"height: 33px; width: 41.1654%;\"><\/td>\n<\/tr>\n<tr style=\"height: 33px;\">\n<td style=\"width: 66.2392%; height: 33px;\">TUTORA I5<\/td>\n<td style=\"width: 41.1654%; height: 33px;\"><\/td>\n<\/tr>\n<tr>\n<td style=\"width: 66.2392%;\">REFOR\u00c7<\/td>\n<td style=\"width: 41.1654%;\"><\/td>\n<\/tr>\n<tr style=\"height: 33px;\">\n<td style=\"width: 66.2392%; height: 33px;\">TEI<\/td>\n<td style=\"width: 41.1654%; height: 33px;\">Elisabet Ordo\u00f1ez<\/td>\n<\/tr>\n<tr style=\"height: 50px;\">\n<td style=\"height: 50px; width: 66.2392%;\">\n<h5>CICLE INICIAL<\/h5>\n<\/td>\n<td style=\"height: 50px; width: 41.1654%;\"><\/td>\n<\/tr>\n<tr style=\"height: 33px;\">\n<td style=\"height: 33px; width: 66.2392%;\">TUTORA 1rA<\/td>\n<td style=\"height: 33px; width: 41.1654%;\"><\/td>\n<\/tr>\n<tr>\n<td style=\"width: 66.2392%;\">TUTORA 1rB<\/td>\n<td style=\"width: 41.1654%;\"><\/td>\n<\/tr>\n<tr style=\"height: 33px;\">\n<td style=\"height: 33px; width: 66.2392%;\">TUTORA 2nA<\/td>\n<td style=\"height: 33px; width: 41.1654%;\"><\/td>\n<\/tr>\n<tr>\n<td style=\"width: 66.2392%;\">TUTORA 2nB<\/td>\n<td style=\"width: 41.1654%;\"><\/td>\n<\/tr>\n<tr>\n<td style=\"width: 66.2392%;\">REFOR\u00c7<\/td>\n<td style=\"width: 41.1654%;\">Marta Tugues<\/td>\n<\/tr>\n<tr style=\"height: 50px;\">\n<td style=\"height: 50px; width: 66.2392%;\">\n<h5>CICLE MITJ\u00c0<\/h5>\n<\/td>\n<td style=\"height: 50px; width: 41.1654%;\"><\/td>\n<\/tr>\n<tr style=\"height: 33px;\">\n<td style=\"height: 33px; width: 66.2392%;\">TUTORA 3r<\/td>\n<td style=\"height: 33px; width: 41.1654%;\"><\/td>\n<\/tr>\n<tr style=\"height: 33px;\">\n<td style=\"height: 33px; width: 66.2392%;\">TUTORA 4t<\/td>\n<td style=\"height: 33px; width: 41.1654%;\"><\/td>\n<\/tr>\n<tr>\n<td style=\"width: 66.2392%;\">REFOR\u00c7<\/td>\n<td style=\"width: 41.1654%;\">Marta Font\/ Aran Orfila<\/td>\n<\/tr>\n<tr style=\"height: 32px;\">\n<td style=\"width: 66.2392%; height: 32px;\">\n<h5>CICLE SUPERIOR<\/h5>\n<\/td>\n<td style=\"width: 41.1654%; height: 32px;\"><\/td>\n<\/tr>\n<tr style=\"height: 33px;\">\n<td style=\"height: 33px; width: 66.2392%;\">TUTORA 5\u00e8<\/td>\n<td style=\"height: 33px; width: 41.1654%;\"><\/td>\n<\/tr>\n<tr>\n<td style=\"width: 66.2392%;\">TUTORA 6\u00e8A<\/td>\n<td style=\"width: 41.1654%;\"><\/td>\n<\/tr>\n<tr style=\"height: 33px;\">\n<td style=\"height: 33px; width: 66.2392%;\">TUTORA 6\u00e8B<\/td>\n<td style=\"height: 33px; width: 41.1654%;\"><\/td>\n<\/tr>\n<tr>\n<td style=\"width: 66.2392%;\">REFOR\u00c7<\/td>\n<td style=\"width: 41.1654%;\">Aran Orfila<\/td>\n<\/tr>\n<tr style=\"height: 31px;\">\n<td style=\"width: 66.2392%; height: 31px;\">\n<h5>ESPECIALISTES<\/h5>\n<\/td>\n<td style=\"width: 41.1654%; height: 31px;\"><\/td>\n<\/tr>\n<tr style=\"height: 33px;\">\n<td style=\"height: 33px; width: 66.2392%;\">ANGL\u00c8S<\/td>\n<td style=\"height: 33px; width: 41.1654%;\">Fina Palomar<\/td>\n<\/tr>\n<tr style=\"height: 33px;\">\n<td style=\"height: 33px; width: 66.2392%;\">EDUCACI\u00d3 F\u00cdSICA<\/td>\n<td style=\"height: 33px; width: 41.1654%;\">Xavi Navin\u00e8s<\/td>\n<\/tr>\n<tr style=\"height: 33px;\">\n<td style=\"height: 33px; width: 66.2392%;\">EDUCACI\u00d3 ESPECIAL<\/td>\n<td style=\"height: 33px; width: 41.1654%;\">S\u00f3nia Ram\u00f3n<\/td>\n<\/tr>\n<tr style=\"height: 33px;\">\n<td style=\"height: 33px; width: 66.2392%;\">M\u00daSICA<\/td>\n<td style=\"height: 33px; width: 41.1654%;\">Alba Turmo<\/td>\n<\/tr>\n<tr style=\"height: 33px;\">\n<td style=\"height: 33px; width: 66.2392%;\">RELIGI\u00d3<\/td>\n<td style=\"height: 33px; width: 41.1654%;\">Noelia Campoy<\/td>\n<\/tr>\n<tr style=\"height: 50px;\">\n<td style=\"height: 50px; width: 66.2392%;\">\n<h5>EQUIP DE COORDINACI\u00d3<\/h5>\n<\/td>\n<td style=\"height: 50px; width: 41.1654%;\"><\/td>\n<\/tr>\n<tr style=\"height: 33px;\">\n<td style=\"height: 33px; width: 66.2392%;\">EDUCACI\u00d3 INFANTIL<\/td>\n<td style=\"height: 33px; width: 41.1654%;\">\u00a0S\u00edlvia Escrib\u00e0<\/td>\n<\/tr>\n<tr style=\"height: 33px;\">\n<td style=\"height: 33px; width: 66.2392%;\">EDUCACI\u00d3 PRIM\u00c0RIA: CICLE INICIAL<\/td>\n<td style=\"height: 33px; width: 41.1654%;\"><\/td>\n<\/tr>\n<tr>\n<td style=\"width: 66.2392%;\">EDUCACI\u00d3 PRIM\u00c0RIA: CICLE MITJ\u00c0 I SUPERIOR<\/td>\n<td style=\"width: 41.1654%;\">Fina Palomar<\/td>\n<\/tr>\n<tr style=\"height: 50px;\">\n<td style=\"height: 50px; width: 66.2392%;\">\n<h5>PERSONAL NO DOCENT<\/h5>\n<\/td>\n<td style=\"height: 50px; width: 41.1654%;\"><\/td>\n<\/tr>\n<tr style=\"height: 33px;\">\n<td style=\"height: 33px; width: 66.2392%;\">ADMINISTRATIVA<\/td>\n<td style=\"height: 33px; width: 41.1654%;\">Sara L\u00f3pez<\/td>\n<\/tr>\n<tr style=\"height: 33px;\">\n<td style=\"height: 33px; width: 66.2392%;\">CONSERGE I MANTENIMENT<\/td>\n<td style=\"height: 33px; width: 41.1654%;\">Hortensia Delgado<\/td>\n<\/tr>\n<\/tbody>\n<\/table>\n<p>&nbsp;<\/p>\n","protected":false},"excerpt":{"rendered":"<p>ESTRUCTURA ORGANITZATIVA<\/p>\n<p>CURS 2025-2026<\/p>\n<p>EQUIP DIRECTIU<\/p>\n<p>DIRECTORA<br \/>\nAran Orfila<\/p>\n<p>CAP D&#8217;ESTUDIS<br \/>\nMarta Font<\/p>\n<p>SECRET\u00c0RIA<br \/>\nMarta Tugues<\/p>\n<p>PETITS<\/p>\n<p>TUTORA I3<\/p>\n<p>TUTORA I4<\/p>\n<p>TUTORA I5<\/p>\n<p>REFOR\u00c7<\/p>\n<p>TEI<br \/>\nElisabet Ordo\u00f1ez<\/p>\n<p>CICLE INICIAL<\/p>\n<p>TUTORA 1rA<\/p>\n<p>TUTORA 1rB<\/p>\n<p>TUTORA 2nA<\/p>\n<p>TUTORA 2nB<\/p>\n<p>REFOR\u00c7<br \/>\nMarta Tugues<\/p>\n<p>CICLE MITJ\u00c0<\/p>\n<p>TUTORA 3r<\/p>\n<p>TUTORA 4t<\/p>\n<p>REFOR\u00c7<br \/>\nMarta Font\/ Aran Orfila<\/p>\n<p>CICLE SUPERIOR<\/p>\n<p>TUTORA 5\u00e8<\/p>\n<p>TUTORA 6\u00e8A<\/p>\n<p>TUTORA 6\u00e8B<\/p>\n<p>REFOR\u00c7<br \/>\nAran Orfila<\/p>\n<p>ESPECIALISTES<\/p>\n<p>ANGL\u00c8S<br \/>\nFina Palomar<\/p>\n<p>EDUCACI\u00d3 F\u00cdSICA<br \/>\nXavi Navin\u00e8s<\/p>\n<p>EDUCACI\u00d3 ESPECIAL<br \/>\nS\u00f3nia Ram\u00f3n<\/p>\n<p>M\u00daSICA<br \/>\nAlba Turmo<\/p>\n<p>RELIGI\u00d3<br \/>\nNoelia Campoy<\/p>\n<p>EQUIP DE COORDINACI\u00d3<\/p>\n<p>EDUCACI\u00d3 INFANTIL<br \/>\n\u00a0S\u00edlvia Escrib\u00e0<\/p>\n<p>EDUCACI\u00d3 PRIM\u00c0RIA: CICLE INICIAL<\/p>\n<p>EDUCACI\u00d3 PRIM\u00c0RIA: CICLE&hellip;  <a href=\"https:\/\/agora.xtec.cat\/ceip-rocblanc\/curs-actual\/equip-docent\/\" title=\"Read Equip docent\">Llegeix m\u00e9s\u00bb<\/a><\/p>\n","protected":false},"author":1,"featured_media":0,"parent":476,"menu_order":2,"comment_status":"closed","ping_status":"closed","template":"page-templates\/side-menu.php","meta":{"_bbp_topic_count":0,"_bbp_reply_count":0,"_bbp_total_topic_count":0,"_bbp_total_reply_count":0,"_bbp_voice_count":0,"_bbp_anonymous_reply_count":0,"_bbp_topic_count_hidden":0,"_bbp_reply_count_hidden":0,"_bbp_forum_subforum_count":0,"footnotes":""},"class_list":["post-481","page","type-page","status-publish","hentry"],"post_mailing_queue_ids":[],"_links":{"self":[{"href":"https:\/\/agora.xtec.cat\/ceip-rocblanc\/wp-json\/wp\/v2\/pages\/481","targetHints":{"allow":["GET"]}}],"collection":[{"href":"https:\/\/agora.xtec.cat\/ceip-rocblanc\/wp-json\/wp\/v2\/pages"}],"about":[{"href":"https:\/\/agora.xtec.cat\/ceip-rocblanc\/wp-json\/wp\/v2\/types\/page"}],"author":[{"embeddable":true,"href":"https:\/\/agora.xtec.cat\/ceip-rocblanc\/wp-json\/wp\/v2\/users\/1"}],"replies":[{"embeddable":true,"href":"https:\/\/agora.xtec.cat\/ceip-rocblanc\/wp-json\/wp\/v2\/comments?post=481"}],"version-history":[{"count":6,"href":"https:\/\/agora.xtec.cat\/ceip-rocblanc\/wp-json\/wp\/v2\/pages\/481\/revisions"}],"predecessor-version":[{"id":3050,"href":"https:\/\/agora.xtec.cat\/ceip-rocblanc\/wp-json\/wp\/v2\/pages\/481\/revisions\/3050"}],"up":[{"embeddable":true,"href":"https:\/\/agora.xtec.cat\/ceip-rocblanc\/wp-json\/wp\/v2\/pages\/476"}],"wp:attachment":[{"href":"https:\/\/agora.xtec.cat\/ceip-rocblanc\/wp-json\/wp\/v2\/media?parent=481"}],"curies":[{"name":"wp","href":"https:\/\/api.w.org\/{rel}","templated":true}]}}