{"id":28,"date":"2014-09-18T12:29:35","date_gmt":"2014-09-18T11:29:35","guid":{"rendered":"http:\/\/agora.xtec.cat\/ceip-rocblanc\/?page_id=28"},"modified":"2026-01-23T11:12:29","modified_gmt":"2026-01-23T10:12:29","slug":"consell-escolar","status":"publish","type":"page","link":"https:\/\/agora.xtec.cat\/ceip-rocblanc\/lescola\/consell-escolar\/","title":{"rendered":"Consell escolar"},"content":{"rendered":"<p>El consell escolar de centre \u00e9s un \u00f2rgan de govern col\u00b7legiat on es troba representat tota la comunitat educativa. \u00c9s un \u00f2rgan de decisi\u00f3 i participaci\u00f3 que juga un paper important en el funcionament del centre.<\/p>\n<p><strong><span style=\"color: #ff6600;\">COMPOSICI\u00d3 DEL CONSELL ESCOLAR<\/span><\/strong><\/p>\n<table>\n<tbody>\n<tr>\n<td>Ar\u00e0nzazu<\/td>\n<td>Orfila<\/td>\n<td>Pernas<\/td>\n<td>Presidenta<\/td>\n<\/tr>\n<tr>\n<td>Marta<\/td>\n<td>Font<\/td>\n<td>Masdefiol<\/td>\n<td>Cap d&#8217;Estudis<\/td>\n<\/tr>\n<tr>\n<td>Raquel<\/td>\n<td>Jurado<\/td>\n<td>Leal<\/td>\n<td>Representant Ajuntament de Viladecavalls<\/td>\n<\/tr>\n<tr>\n<td>Raquel<\/td>\n<td>Vall\u00e9s<\/td>\n<td>Garc\u00eda<\/td>\n<td>Representant sector mestres<\/td>\n<\/tr>\n<tr>\n<td>S\u00edlvia<\/td>\n<td>Escrib\u00e0<\/td>\n<td>Perez<\/td>\n<td>Representant sector mestres<\/td>\n<\/tr>\n<tr>\n<td>Sonia<\/td>\n<td>Ram\u00f3n<\/td>\n<td>Fern\u00e1ndez<\/td>\n<td>Representant sector mestres<\/td>\n<\/tr>\n<tr>\n<td><\/td>\n<td><\/td>\n<td><\/td>\n<td>Representant sector mestres<\/td>\n<\/tr>\n<tr>\n<td>Nieves<\/td>\n<td>Carpio<\/td>\n<td>Mart\u00ednez<\/td>\n<td>Representant sector mestres<\/td>\n<\/tr>\n<tr>\n<td><\/td>\n<td><\/td>\n<td><\/td>\n<td>Representant sector pares i mares d&#8217;alumnes<\/td>\n<\/tr>\n<tr>\n<td><\/td>\n<td><\/td>\n<td><\/td>\n<td>Representant sector pares i mares d&#8217;alumnes<\/td>\n<\/tr>\n<tr>\n<td>Erica<\/td>\n<td>Pi\u00f1a<\/td>\n<td>Escoda<\/td>\n<td>Representant sector pares i mares d&#8217;alumnes<\/td>\n<\/tr>\n<tr>\n<td>Carolina<\/td>\n<td>\u00c1lvarez<\/td>\n<td>Franc\u00e9s<\/td>\n<td>Representant sector pares i mares d&#8217;alumnes<\/td>\n<\/tr>\n<tr>\n<td><\/td>\n<td><\/td>\n<td><\/td>\n<td>Representant AFA<\/td>\n<\/tr>\n<tr>\n<td>Hortensia<\/td>\n<td>Delgado<\/td>\n<td>Fern\u00e1ndez<\/td>\n<td>Representant sector PAS<\/td>\n<\/tr>\n<tr>\n<td>Marta<\/td>\n<td>Tugues<\/td>\n<td>Roset<\/td>\n<td>Secret\u00e0ria<\/td>\n<\/tr>\n<\/tbody>\n<\/table>\n<p>&nbsp;<\/p>\n<p><strong>\u00a0<span style=\"color: #ff6600;\">FUNCIONS DEL CONSELL ESCOLAR<\/span><\/strong><\/p>\n<p>a) Aprovar el projecte educatiu i les modificacions corresponents per una majoria de tres cinquenes parts dels membres.<br \/>\nb) Aprovar la programaci\u00f3 general anual del centre i avaluar-ne el desenvolupament i els resultats.<br \/>\nc) Aprovar les propostes d\u2019acords de coresponsabilitat, convenis i altres acords de col.laboraci\u00f3 del centre amb entitats o institucions.<br \/>\nd) Aprovar les normes d\u2019organitzaci\u00f3 i funcionament i les modificacions corresponents.<br \/>\ne) Aprovar la carta de comprom\u00eds educatiu.<br \/>\nf) Aprovar el pressupost del centre i el rendiment de comptes.<br \/>\ng) Intervenir en el procediment d\u2019admissi\u00f3 d\u2019alumnes.<br \/>\nh) Participar en el procediment de selecci\u00f3 i en la proposta de cessament del director o directora.<br \/>\ni) Intervenir en la resoluci\u00f3 dels conflictes i, si escau, revisar les sancions als alumnes.<br \/>\nj) Aprovar les directrius per a la programaci\u00f3 d\u2019activitats escolars complement\u00e0ries i d\u2019activitats extraescolars, i avaluar-ne el desenvolupament.<br \/>\nk) Participar en les an\u00e0lisis i les avaluacions del funcionament general del centre i con\u00e8ixer l\u2019evoluci\u00f3 del rendiment escolar.<br \/>\nl) Aprovar els criteris de col\u00b7laboraci\u00f3 amb altres centres i amb l\u2019entorn.<br \/>\nm) Qualsevol altra que li sigui atribu\u00efda per les normes legals o reglament\u00e0ries.<\/p>\n<h5><\/h5>\n<h3><\/h3>\n<h3><a href=\"https:\/\/agora.xtec.cat\/ceip-rocblanc\/acords-consell-escolar-curs-23-24\/\"><span style=\"color: #ff6600;\">ACORDS CONSELL ESCOLAR curs 23-24<\/span><\/a><\/h3>\n<h5><\/h5>\n<h5><\/h5>\n<h5><\/h5>\n<h5><\/h5>\n<h5><\/h5>\n<h5><\/h5>\n<p>&nbsp;<\/p>\n<h5><\/h5>\n<p>&nbsp;<\/p>\n<h5><\/h5>\n<p>&nbsp;<\/p>\n<p>&nbsp;<\/p>\n","protected":false},"excerpt":{"rendered":"<p>El consell escolar de centre \u00e9s un \u00f2rgan de govern col\u00b7legiat on es troba representat tota la comunitat educativa. \u00c9s un \u00f2rgan de decisi\u00f3 i participaci\u00f3 que juga un paper important en el funcionament del centre.<br \/>\nCOMPOSICI\u00d3 DEL CONSELL ESCOLAR<\/p>\n<p>Ar\u00e0nzazu<br \/>\nOrfila<br \/>\nPernas<br \/>\nPresidenta<\/p>\n<p>Marta<br \/>\nFont<br \/>\nMasdefiol<br \/>\nCap d&#8217;Estudis<\/p>\n<p>Raquel<br \/>\nJurado<br \/>\nLeal<br \/>\nRepresentant Ajuntament de Viladecavalls<\/p>\n<p>Raquel<br \/>\nVall\u00e9s<br \/>\nGarc\u00eda<br \/>\nRepresentant sector mestres<\/p>\n<p>S\u00edlvia<br \/>\nEscrib\u00e0<br \/>\nPerez<br \/>\nRepresentant&hellip;  <a href=\"https:\/\/agora.xtec.cat\/ceip-rocblanc\/lescola\/consell-escolar\/\" title=\"Read Consell escolar\">Llegeix m\u00e9s\u00bb<\/a><\/p>\n","protected":false},"author":1,"featured_media":0,"parent":22,"menu_order":5,"comment_status":"closed","ping_status":"closed","template":"page-templates\/side-menu.php","meta":{"_bbp_topic_count":0,"_bbp_reply_count":0,"_bbp_total_topic_count":0,"_bbp_total_reply_count":0,"_bbp_voice_count":0,"_bbp_anonymous_reply_count":0,"_bbp_topic_count_hidden":0,"_bbp_reply_count_hidden":0,"_bbp_forum_subforum_count":0,"footnotes":""},"class_list":["post-28","page","type-page","status-publish","hentry"],"post_mailing_queue_ids":[],"_links":{"self":[{"href":"https:\/\/agora.xtec.cat\/ceip-rocblanc\/wp-json\/wp\/v2\/pages\/28","targetHints":{"allow":["GET"]}}],"collection":[{"href":"https:\/\/agora.xtec.cat\/ceip-rocblanc\/wp-json\/wp\/v2\/pages"}],"about":[{"href":"https:\/\/agora.xtec.cat\/ceip-rocblanc\/wp-json\/wp\/v2\/types\/page"}],"author":[{"embeddable":true,"href":"https:\/\/agora.xtec.cat\/ceip-rocblanc\/wp-json\/wp\/v2\/users\/1"}],"replies":[{"embeddable":true,"href":"https:\/\/agora.xtec.cat\/ceip-rocblanc\/wp-json\/wp\/v2\/comments?post=28"}],"version-history":[{"count":6,"href":"https:\/\/agora.xtec.cat\/ceip-rocblanc\/wp-json\/wp\/v2\/pages\/28\/revisions"}],"predecessor-version":[{"id":3065,"href":"https:\/\/agora.xtec.cat\/ceip-rocblanc\/wp-json\/wp\/v2\/pages\/28\/revisions\/3065"}],"up":[{"embeddable":true,"href":"https:\/\/agora.xtec.cat\/ceip-rocblanc\/wp-json\/wp\/v2\/pages\/22"}],"wp:attachment":[{"href":"https:\/\/agora.xtec.cat\/ceip-rocblanc\/wp-json\/wp\/v2\/media?parent=28"}],"curies":[{"name":"wp","href":"https:\/\/api.w.org\/{rel}","templated":true}]}}