{"id":26,"date":"2014-09-18T12:24:32","date_gmt":"2014-09-18T11:24:32","guid":{"rendered":"http:\/\/agora.xtec.cat\/ceip-rocblanc\/?page_id=26"},"modified":"2024-01-17T18:09:16","modified_gmt":"2024-01-17T17:09:16","slug":"historia","status":"publish","type":"page","link":"https:\/\/agora.xtec.cat\/ceip-rocblanc\/lescola\/historia\/","title":{"rendered":"La nostra hist\u00f2ria"},"content":{"rendered":"<p>L&#8217;escola Roc Blanc, en l&#8217;edifici que ara coneixem, va n\u00e9ixer a partir d&#8217;una necessitat que tenia el barri de Can Trias de Viladecavalls l&#8217;any 1985. Abans d&#8217;aix\u00f2, per\u00f2, l&#8217;escola ja existia i comptava amb unes poques aules situades a les depend\u00e8ncies de l&#8217;Ajuntament. (Centre C\u00edvic Paco Cano).<\/p>\n<p>El seu nom ve d&#8217;un roc, gros i blanc, que hi havia exposat en una pla\u00e7a del barri. Actualment, per\u00f2, el roc original es troba al barri del Roc Blanc de Terrassa i a la pla\u00e7a de Can Trias el que hi ha \u00e9s una r\u00e8plica.<\/p>\n<p style=\"text-align: center;\"><a href=\"http:\/\/agora.xtec.cat\/ceip-rocblanc\/wp-content\/uploads\/usu1032\/2014\/09\/IMG_3581.jpg\"><img loading=\"lazy\" decoding=\"async\" class=\"alignnone wp-image-651\" src=\"http:\/\/agora.xtec.cat\/ceip-rocblanc\/wp-content\/uploads\/usu1032\/2014\/09\/IMG_3581.jpg\" alt=\"IMG_3581\" width=\"464\" height=\"348\" srcset=\"https:\/\/agora.xtec.cat\/ceip-rocblanc\/wp-content\/uploads\/usu1032\/2014\/09\/IMG_3581.jpg 800w, https:\/\/agora.xtec.cat\/ceip-rocblanc\/wp-content\/uploads\/usu1032\/2014\/09\/IMG_3581-300x225.jpg 300w, https:\/\/agora.xtec.cat\/ceip-rocblanc\/wp-content\/uploads\/usu1032\/2014\/09\/IMG_3581-200x150.jpg 200w\" sizes=\"auto, (max-width: 464px) 100vw, 464px\" \/><\/a><\/p>\n<p>A partir del curs 97\/98, degut a l&#8217;alt nombre d&#8217;alumnes matriculats a P3, es va convertir en una escola de dues l\u00ednies, i ho va ser fins al setembre de 2014.<\/p>\n<p>Actualment tornem a ser d&#8217;una sola l\u00ednia, comptem amb un total de 228 alumnes repartits entre les etapes d&#8217;Educaci\u00f3 Infantil i Educaci\u00f3 Prim\u00e0ria.<\/p>\n<p>La r\u00e0tio per aula \u00e9s d&#8217;una mitjana de 23 alumnes.<\/p>\n<p>&nbsp;<\/p>\n","protected":false},"excerpt":{"rendered":"<p>L&#8217;escola Roc Blanc, en l&#8217;edifici que ara coneixem, va n\u00e9ixer a partir d&#8217;una necessitat que tenia el barri de Can Trias de Viladecavalls l&#8217;any 1985. Abans d&#8217;aix\u00f2, per\u00f2, l&#8217;escola ja existia i comptava amb unes poques aules situades a les depend\u00e8ncies de l&#8217;Ajuntament. (Centre C\u00edvic&hellip;  <a href=\"https:\/\/agora.xtec.cat\/ceip-rocblanc\/lescola\/historia\/\" title=\"Read La nostra hist\u00f2ria\">Llegeix m\u00e9s\u00bb<\/a><\/p>\n","protected":false},"author":1,"featured_media":0,"parent":22,"menu_order":2,"comment_status":"closed","ping_status":"closed","template":"page-templates\/side-menu.php","meta":{"_bbp_topic_count":0,"_bbp_reply_count":0,"_bbp_total_topic_count":0,"_bbp_total_reply_count":0,"_bbp_voice_count":0,"_bbp_anonymous_reply_count":0,"_bbp_topic_count_hidden":0,"_bbp_reply_count_hidden":0,"_bbp_forum_subforum_count":0,"footnotes":""},"class_list":["post-26","page","type-page","status-publish","hentry"],"post_mailing_queue_ids":[],"_links":{"self":[{"href":"https:\/\/agora.xtec.cat\/ceip-rocblanc\/wp-json\/wp\/v2\/pages\/26","targetHints":{"allow":["GET"]}}],"collection":[{"href":"https:\/\/agora.xtec.cat\/ceip-rocblanc\/wp-json\/wp\/v2\/pages"}],"about":[{"href":"https:\/\/agora.xtec.cat\/ceip-rocblanc\/wp-json\/wp\/v2\/types\/page"}],"author":[{"embeddable":true,"href":"https:\/\/agora.xtec.cat\/ceip-rocblanc\/wp-json\/wp\/v2\/users\/1"}],"replies":[{"embeddable":true,"href":"https:\/\/agora.xtec.cat\/ceip-rocblanc\/wp-json\/wp\/v2\/comments?post=26"}],"version-history":[{"count":4,"href":"https:\/\/agora.xtec.cat\/ceip-rocblanc\/wp-json\/wp\/v2\/pages\/26\/revisions"}],"predecessor-version":[{"id":2759,"href":"https:\/\/agora.xtec.cat\/ceip-rocblanc\/wp-json\/wp\/v2\/pages\/26\/revisions\/2759"}],"up":[{"embeddable":true,"href":"https:\/\/agora.xtec.cat\/ceip-rocblanc\/wp-json\/wp\/v2\/pages\/22"}],"wp:attachment":[{"href":"https:\/\/agora.xtec.cat\/ceip-rocblanc\/wp-json\/wp\/v2\/media?parent=26"}],"curies":[{"name":"wp","href":"https:\/\/api.w.org\/{rel}","templated":true}]}}