{"id":2445,"date":"2023-10-24T12:51:37","date_gmt":"2023-10-24T10:51:37","guid":{"rendered":"https:\/\/agora.xtec.cat\/ceip-rocal-montesquiu\/?page_id=2445"},"modified":"2026-02-24T13:36:35","modified_gmt":"2026-02-24T12:36:35","slug":"documents","status":"publish","type":"page","link":"https:\/\/agora.xtec.cat\/ceip-rocal-montesquiu\/documents\/","title":{"rendered":"Documents"},"content":{"rendered":"<p><em><strong>AUTORITZACIONS:<\/strong><\/em><\/p>\n<p>&nbsp;<\/p>\n<p><a href=\"https:\/\/drive.google.com\/file\/d\/1KzRO4cr8mauQmd3eNdhhx-t8hFBe9XoW\/view?usp=sharing\">AUTORITZACI\u00d3 MEDICAMENTS<\/a><\/p>\n<p>&nbsp;<\/p>\n<p><em><strong>DOCUMENTACI\u00d3 DE CENTRE:<\/strong><\/em><\/p>\n<p>&nbsp;<\/p>\n<p><a href=\"https:\/\/drive.google.com\/file\/d\/167ITLcvG06DWxSzIWMO2I-nEOqinIqmK\/view?usp=sharing\">PROGRAMACI\u00d3 GENERAL ANUAL\u00a0 2025-26<\/a><\/p>\n<p>&nbsp;<\/p>\n<p><a href=\"https:\/\/drive.google.com\/file\/d\/12EXYSaondgVo7Bx40aKqdP0TlxTZ3_fM\/view?usp=sharing\">MEM\u00d2RIA CURS 2024-25<\/a><\/p>\n<p>&nbsp;<\/p>\n<p><a href=\"https:\/\/drive.google.com\/file\/d\/1U0cnfdh0YWFvMqDqQr74-Ynb1gRmcgLo\/view?usp=sharing\">CALENDARI ESCOLAR 2025-26<\/a><\/p>\n<p>&nbsp;<\/p>\n<p><a href=\"https:\/\/sites.google.com\/escolaelrocal.cat\/estrategiadigital\/edc\">ESTRAT\u00c8GIA DIGITAL DE CENTRE<\/a><\/p>\n<p>&nbsp;<\/p>\n<p><a href=\"https:\/\/drive.google.com\/file\/d\/1vWcXZ7qfvPh-LimOKFaH-HDuLKuzM3pT\/view?usp=sharing\">PROJECTE LING\u00dc\u00cdSTIC<\/a><\/p>\n<p>&nbsp;<\/p>\n<p><a href=\"https:\/\/drive.google.com\/file\/d\/1kehivriw_lfazGVbZ_8av33_5LxAP9Af\/view?usp=sharing\">PRESSUPOST 2026<\/a><\/p>\n<p>&nbsp;<\/p>\n<p><a href=\"https:\/\/drive.google.com\/file\/d\/1uCTy7tBtUw-CMgYm9zvLJvjJsRgVq2Mp\/view?usp=sharing\">LIQUIDACI\u00d3 PRESSUPOST 2025<\/a><\/p>\n<p>&nbsp;<\/p>\n<p><strong>Documents que han de ser renovats<\/strong>:<\/p>\n<p>&nbsp;<\/p>\n<p><a href=\"https:\/\/drive.google.com\/file\/d\/1c_4Y3PKPvIt7He7YurfVMQ1ULtKutB18\/view?usp=drive_link\">PROJECTE EDUCATIU DE CENTRE<\/a><\/p>\n<p>&nbsp;<\/p>\n<p><a href=\"https:\/\/drive.google.com\/file\/d\/1pIvFJ1X3QdXMXtO7yju4yFJMdn8_Pf63\/view?usp=drive_link\">NORMES DE FUNCIONAMENT DE CENTRE<\/a><\/p>\n<p>&nbsp;<\/p>\n<p>PROJECTE DE DIRECCI\u00d3 (en elaboraci\u00f3)<\/p>\n<p>&nbsp;<\/p>\n<p>&nbsp;<\/p>\n","protected":false},"excerpt":{"rendered":"<p>AUTORITZACIONS: &nbsp; AUTORITZACI\u00d3 MEDICAMENTS &nbsp; DOCUMENTACI\u00d3 DE CENTRE: &nbsp; PROGRAMACI\u00d3 GENERAL ANUAL\u00a0 2025-26 &nbsp; MEM\u00d2RIA CURS 2024-25 &nbsp; CALENDARI ESCOLAR 2025-26 &nbsp; ESTRAT\u00c8GIA DIGITAL DE CENTRE &nbsp; PROJECTE LING\u00dc\u00cdSTIC &nbsp; PRESSUPOST 2026 &nbsp; LIQUIDACI\u00d3 PRESSUPOST 2025 &nbsp; Documents que han de ser renovats: &nbsp; PROJECTE EDUCATIU DE CENTRE &nbsp; NORMES DE FUNCIONAMENT DE CENTRE &nbsp; [&hellip;]<\/p>\n","protected":false},"author":1,"featured_media":0,"parent":0,"menu_order":0,"comment_status":"closed","ping_status":"closed","template":"","meta":{"_bbp_topic_count":0,"_bbp_reply_count":0,"_bbp_total_topic_count":0,"_bbp_total_reply_count":0,"_bbp_voice_count":0,"_bbp_anonymous_reply_count":0,"_bbp_topic_count_hidden":0,"_bbp_reply_count_hidden":0,"_bbp_forum_subforum_count":0,"site-sidebar-layout":"default","site-content-layout":"","ast-site-content-layout":"default","site-content-style":"default","site-sidebar-style":"default","ast-global-header-display":"","ast-banner-title-visibility":"","ast-main-header-display":"","ast-hfb-above-header-display":"","ast-hfb-below-header-display":"","ast-hfb-mobile-header-display":"","site-post-title":"","ast-breadcrumbs-content":"","ast-featured-img":"","footer-sml-layout":"","theme-transparent-header-meta":"default","adv-header-id-meta":"","stick-header-meta":"","header-above-stick-meta":"","header-main-stick-meta":"","header-below-stick-meta":"","astra-migrate-meta-layouts":"set","ast-page-background-enabled":"default","ast-page-background-meta":{"desktop":{"background-color":"var(--ast-global-color-4)","background-image":"","background-repeat":"repeat","background-position":"center center","background-size":"auto","background-attachment":"scroll","background-type":"","background-media":"","overlay-type":"","overlay-color":"","overlay-opacity":"","overlay-gradient":""},"tablet":{"background-color":"","background-image":"","background-repeat":"repeat","background-position":"center center","background-size":"auto","background-attachment":"scroll","background-type":"","background-media":"","overlay-type":"","overlay-color":"","overlay-opacity":"","overlay-gradient":""},"mobile":{"background-color":"","background-image":"","background-repeat":"repeat","background-position":"center center","background-size":"auto","background-attachment":"scroll","background-type":"","background-media":"","overlay-type":"","overlay-color":"","overlay-opacity":"","overlay-gradient":""}},"ast-content-background-meta":{"desktop":{"background-color":"var(--ast-global-color-5)","background-image":"","background-repeat":"repeat","background-position":"center center","background-size":"auto","background-attachment":"scroll","background-type":"","background-media":"","overlay-type":"","overlay-color":"","overlay-opacity":"","overlay-gradient":""},"tablet":{"background-color":"var(--ast-global-color-5)","background-image":"","background-repeat":"repeat","background-position":"center center","background-size":"auto","background-attachment":"scroll","background-type":"","background-media":"","overlay-type":"","overlay-color":"","overlay-opacity":"","overlay-gradient":""},"mobile":{"background-color":"var(--ast-global-color-5)","background-image":"","background-repeat":"repeat","background-position":"center center","background-size":"auto","background-attachment":"scroll","background-type":"","background-media":"","overlay-type":"","overlay-color":"","overlay-opacity":"","overlay-gradient":""}},"footnotes":""},"class_list":["post-2445","page","type-page","status-publish","hentry"],"post_mailing_queue_ids":[],"_links":{"self":[{"href":"https:\/\/agora.xtec.cat\/ceip-rocal-montesquiu\/wp-json\/wp\/v2\/pages\/2445","targetHints":{"allow":["GET"]}}],"collection":[{"href":"https:\/\/agora.xtec.cat\/ceip-rocal-montesquiu\/wp-json\/wp\/v2\/pages"}],"about":[{"href":"https:\/\/agora.xtec.cat\/ceip-rocal-montesquiu\/wp-json\/wp\/v2\/types\/page"}],"author":[{"embeddable":true,"href":"https:\/\/agora.xtec.cat\/ceip-rocal-montesquiu\/wp-json\/wp\/v2\/users\/1"}],"replies":[{"embeddable":true,"href":"https:\/\/agora.xtec.cat\/ceip-rocal-montesquiu\/wp-json\/wp\/v2\/comments?post=2445"}],"version-history":[{"count":6,"href":"https:\/\/agora.xtec.cat\/ceip-rocal-montesquiu\/wp-json\/wp\/v2\/pages\/2445\/revisions"}],"predecessor-version":[{"id":3182,"href":"https:\/\/agora.xtec.cat\/ceip-rocal-montesquiu\/wp-json\/wp\/v2\/pages\/2445\/revisions\/3182"}],"wp:attachment":[{"href":"https:\/\/agora.xtec.cat\/ceip-rocal-montesquiu\/wp-json\/wp\/v2\/media?parent=2445"}],"curies":[{"name":"wp","href":"https:\/\/api.w.org\/{rel}","templated":true}]}}