{"id":9,"date":"2014-09-17T15:08:18","date_gmt":"2014-09-17T14:08:18","guid":{"rendered":"http:\/\/agora.xtec.cat\/ceip-rnx-manresa\/?page_id=9"},"modified":"2026-01-27T15:55:32","modified_gmt":"2026-01-27T14:55:32","slug":"pagina-dinici-buida","status":"publish","type":"page","link":"https:\/\/agora.xtec.cat\/ceip-rnx-manresa\/","title":{"rendered":"ESCOLA LA RENAIXEN\u00c7A"},"content":{"rendered":"<p style=\"text-align: center;\"><span style=\"color: #000000;\"><big><b>LA NOSTRA ESCOLA<\/b><\/big><\/span><\/p>\n<p><a href=\"https:\/\/agora.xtec.cat\/ceip-rnx-manresa\/wp-content\/uploads\/usu1177\/2025\/11\/logoJPG.jpg\"><img loading=\"lazy\" decoding=\"async\" class=\"wp-image-17582 aligncenter\" src=\"https:\/\/agora.xtec.cat\/ceip-rnx-manresa\/wp-content\/uploads\/usu1177\/2025\/11\/logoJPG.jpg\" alt=\"\" width=\"183\" height=\"183\" srcset=\"https:\/\/agora.xtec.cat\/ceip-rnx-manresa\/wp-content\/uploads\/usu1177\/2025\/11\/logoJPG.jpg 500w, https:\/\/agora.xtec.cat\/ceip-rnx-manresa\/wp-content\/uploads\/usu1177\/2025\/11\/logoJPG-300x300.jpg 300w, https:\/\/agora.xtec.cat\/ceip-rnx-manresa\/wp-content\/uploads\/usu1177\/2025\/11\/logoJPG-150x150.jpg 150w\" sizes=\"auto, (max-width: 183px) 100vw, 183px\" \/><\/a><\/p>\n<p><a href=\"https:\/\/agora.xtec.cat\/ceip-rnx-manresa\/wp-content\/uploads\/usu1177\/2025\/10\/IMG_2247.jpg\"><img loading=\"lazy\" decoding=\"async\" class=\"wp-image-17546 aligncenter\" src=\"https:\/\/agora.xtec.cat\/ceip-rnx-manresa\/wp-content\/uploads\/usu1177\/2025\/10\/IMG_2247-1024x767.jpg\" alt=\"\" width=\"758\" height=\"568\" srcset=\"https:\/\/agora.xtec.cat\/ceip-rnx-manresa\/wp-content\/uploads\/usu1177\/2025\/10\/IMG_2247-1024x767.jpg 1024w, https:\/\/agora.xtec.cat\/ceip-rnx-manresa\/wp-content\/uploads\/usu1177\/2025\/10\/IMG_2247-300x225.jpg 300w, https:\/\/agora.xtec.cat\/ceip-rnx-manresa\/wp-content\/uploads\/usu1177\/2025\/10\/IMG_2247-768x576.jpg 768w, https:\/\/agora.xtec.cat\/ceip-rnx-manresa\/wp-content\/uploads\/usu1177\/2025\/10\/IMG_2247-1536x1151.jpg 1536w, https:\/\/agora.xtec.cat\/ceip-rnx-manresa\/wp-content\/uploads\/usu1177\/2025\/10\/IMG_2247-200x150.jpg 200w, https:\/\/agora.xtec.cat\/ceip-rnx-manresa\/wp-content\/uploads\/usu1177\/2025\/10\/IMG_2247.jpg 1600w\" sizes=\"auto, (max-width: 758px) 100vw, 758px\" \/><\/a><\/p>\n<p style=\"text-align: center;\"><span style=\"color: #000000;\">Situada al bell mig de Manresa, l&#8217;escola pren el nom del moviment cultural catal\u00e0 del segle XIX.<\/span><br \/>\n<span style=\"color: #000000;\">Un edifici antic i ple d&#8217;hist\u00f2ria que tot i aix\u00ed gaudeix d&#8217;espais amplis i lluminosos, permeten la<\/span><br \/>\n<span style=\"color: #000000;\">dinamitzaci\u00f3 d&#8217;activitats variades i diferents agrupacions d&#8217;alumnes.<\/span><\/p>\n<p style=\"text-align: center;\"><span style=\"color: #000000;\">Entenem l&#8217;escola com a un sistema inclusiu, multicultural, viu i obert que ha de garantir la<\/span><br \/>\n<span style=\"color: #000000;\">igualtat d&#8217;oportunitats, el creixement del coneixement, el concepte d&#8217;identitat personal i la<\/span><br \/>\n<span style=\"color: #000000;\">consci\u00e8ncia social.<\/span><\/p>\n<h4 style=\"text-align: right;\"><\/h4>\n<p style=\"text-align: right;\">\n","protected":false},"excerpt":{"rendered":"<p>LA NOSTRA ESCOLA Situada al bell mig de Manresa, l&#8217;escola pren el nom del moviment cultural catal\u00e0 del segle XIX. Un edifici antic i ple d&#8217;hist\u00f2ria que tot i aix\u00ed gaudeix d&#8217;espais amplis i lluminosos, permeten la dinamitzaci\u00f3 d&#8217;activitats variades i diferents agrupacions d&#8217;alumnes. Entenem l&#8217;escola com a un sistema inclusiu, multicultural, viu i obert [&hellip;]<\/p>\n","protected":false},"author":1,"featured_media":0,"parent":7,"menu_order":0,"comment_status":"closed","ping_status":"closed","template":"","meta":{"_bbp_topic_count":0,"_bbp_reply_count":0,"_bbp_total_topic_count":0,"_bbp_total_reply_count":0,"_bbp_voice_count":0,"_bbp_anonymous_reply_count":0,"_bbp_topic_count_hidden":0,"_bbp_reply_count_hidden":0,"_bbp_forum_subforum_count":0,"site-sidebar-layout":"default","site-content-layout":"","ast-site-content-layout":"default","site-content-style":"default","site-sidebar-style":"default","ast-global-header-display":"","ast-banner-title-visibility":"","ast-main-header-display":"","ast-hfb-above-header-display":"","ast-hfb-below-header-display":"","ast-hfb-mobile-header-display":"","site-post-title":"","ast-breadcrumbs-content":"","ast-featured-img":"","footer-sml-layout":"","theme-transparent-header-meta":"default","adv-header-id-meta":"","stick-header-meta":"","header-above-stick-meta":"","header-main-stick-meta":"","header-below-stick-meta":"","astra-migrate-meta-layouts":"set","ast-page-background-enabled":"default","ast-page-background-meta":{"desktop":{"background-color":"var(--ast-global-color-4)","background-image":"","background-repeat":"repeat","background-position":"center center","background-size":"auto","background-attachment":"scroll","background-type":"","background-media":"","overlay-type":"","overlay-color":"","overlay-opacity":"","overlay-gradient":""},"tablet":{"background-color":"","background-image":"","background-repeat":"repeat","background-position":"center center","background-size":"auto","background-attachment":"scroll","background-type":"","background-media":"","overlay-type":"","overlay-color":"","overlay-opacity":"","overlay-gradient":""},"mobile":{"background-color":"","background-image":"","background-repeat":"repeat","background-position":"center center","background-size":"auto","background-attachment":"scroll","background-type":"","background-media":"","overlay-type":"","overlay-color":"","overlay-opacity":"","overlay-gradient":""}},"ast-content-background-meta":{"desktop":{"background-color":"var(--ast-global-color-5)","background-image":"","background-repeat":"repeat","background-position":"center center","background-size":"auto","background-attachment":"scroll","background-type":"","background-media":"","overlay-type":"","overlay-color":"","overlay-opacity":"","overlay-gradient":""},"tablet":{"background-color":"var(--ast-global-color-5)","background-image":"","background-repeat":"repeat","background-position":"center center","background-size":"auto","background-attachment":"scroll","background-type":"","background-media":"","overlay-type":"","overlay-color":"","overlay-opacity":"","overlay-gradient":""},"mobile":{"background-color":"var(--ast-global-color-5)","background-image":"","background-repeat":"repeat","background-position":"center center","background-size":"auto","background-attachment":"scroll","background-type":"","background-media":"","overlay-type":"","overlay-color":"","overlay-opacity":"","overlay-gradient":""}},"footnotes":""},"class_list":["post-9","page","type-page","status-publish","hentry"],"post_mailing_queue_ids":[],"_links":{"self":[{"href":"https:\/\/agora.xtec.cat\/ceip-rnx-manresa\/wp-json\/wp\/v2\/pages\/9","targetHints":{"allow":["GET"]}}],"collection":[{"href":"https:\/\/agora.xtec.cat\/ceip-rnx-manresa\/wp-json\/wp\/v2\/pages"}],"about":[{"href":"https:\/\/agora.xtec.cat\/ceip-rnx-manresa\/wp-json\/wp\/v2\/types\/page"}],"author":[{"embeddable":true,"href":"https:\/\/agora.xtec.cat\/ceip-rnx-manresa\/wp-json\/wp\/v2\/users\/1"}],"replies":[{"embeddable":true,"href":"https:\/\/agora.xtec.cat\/ceip-rnx-manresa\/wp-json\/wp\/v2\/comments?post=9"}],"version-history":[{"count":6,"href":"https:\/\/agora.xtec.cat\/ceip-rnx-manresa\/wp-json\/wp\/v2\/pages\/9\/revisions"}],"predecessor-version":[{"id":17699,"href":"https:\/\/agora.xtec.cat\/ceip-rnx-manresa\/wp-json\/wp\/v2\/pages\/9\/revisions\/17699"}],"up":[{"embeddable":true,"href":"https:\/\/agora.xtec.cat\/ceip-rnx-manresa\/wp-json\/wp\/v2\/pages\/7"}],"wp:attachment":[{"href":"https:\/\/agora.xtec.cat\/ceip-rnx-manresa\/wp-json\/wp\/v2\/media?parent=9"}],"curies":[{"name":"wp","href":"https:\/\/api.w.org\/{rel}","templated":true}]}}