{"id":2274,"date":"2018-02-06T13:44:53","date_gmt":"2018-02-06T12:44:53","guid":{"rendered":"http:\/\/agora.xtec.cat\/ceip-rnx-manresa\/?page_id=2274"},"modified":"2026-01-27T13:41:59","modified_gmt":"2026-01-27T12:41:59","slug":"8-tallers-a-lescola","status":"publish","type":"page","link":"https:\/\/agora.xtec.cat\/ceip-rnx-manresa\/8-tallers-a-lescola\/","title":{"rendered":"Galeria de fotos de festes"},"content":{"rendered":"<p><span style=\"color: #ff0000;\"><strong>CURS 25\/26<\/strong><\/span><\/p>\n<p><a href=\"https:\/\/photos.app.goo.gl\/cXwUzYk7qj29hjYA9\">CONCERT DE NADAL\u00a0<\/a><\/p>\n<p><a href=\"https:\/\/photos.app.goo.gl\/yCdoLkianZQR5oLT8\">CASTANYADA 2025<\/a><\/p>\n<p>&nbsp;<\/p>\n<p><span style=\"color: #ff0000;\"><strong>CURS 24\/25<\/strong><\/span><\/p>\n<p><a href=\"https:\/\/photos.app.goo.gl\/T4vKAt2i1XQLViYs6\">ERASMUS<\/a><\/p>\n<p><a style=\"color: #2795b6;\" href=\"https:\/\/photos.app.goo.gl\/bwLLCR9AnbyGrZij8\">FANG!!!<\/a><\/p>\n<p><a href=\"https:\/\/photos.app.goo.gl\/JJuK8Ay9AF44Jmw28\">CASTANYADA<\/a><\/p>\n<p><a style=\"color: #2795b6;\" href=\"https:\/\/photos.app.goo.gl\/4ft1ncjAeBXvg1j89\">SANTA CEC\u00cdLIA<\/a><\/p>\n<p><a href=\"https:\/\/photos.app.goo.gl\/ZZuHyNAG6MVrNSM36\">CONCERT DE NADAL<\/a><\/p>\n<p><a href=\"https:\/\/photos.app.goo.gl\/U5Bik9k3ZGzArpzy7\">CARNAVAL<\/a><\/p>\n<p><a href=\"https:\/\/photos.app.goo.gl\/VjG7v4sgLYimzHKz7\">SANT JORDI 2025<\/a><\/p>\n<p><a href=\"https:\/\/photos.app.goo.gl\/FhfQRnrLjWyX7E128\">COL\u00d2NIES<\/a><\/p>\n<p><a href=\"https:\/\/photos.app.goo.gl\/nfnLt3ELrXL8JitE8\">FESTA CARDIO<\/a><\/p>\n<p><a href=\"https:\/\/photos.app.goo.gl\/gkUfueq5WnKpRjjc6\">CURSA SOLIDARIA<\/a><\/p>\n<p><a href=\"https:\/\/photos.app.goo.gl\/LvD8RfQ9EaKzY8Zb7\">GRADUACI\u00d3 P6<\/a><\/p>\n","protected":false},"excerpt":{"rendered":"<p>CURS 25\/26 CONCERT DE NADAL\u00a0 CASTANYADA 2025 &nbsp; CURS 24\/25 ERASMUS FANG!!! CASTANYADA SANTA CEC\u00cdLIA CONCERT DE NADAL CARNAVAL SANT JORDI 2025 COL\u00d2NIES FESTA CARDIO CURSA SOLIDARIA GRADUACI\u00d3 P6<\/p>\n","protected":false},"author":1,"featured_media":0,"parent":0,"menu_order":0,"comment_status":"closed","ping_status":"closed","template":"","meta":{"_bbp_topic_count":0,"_bbp_reply_count":0,"_bbp_total_topic_count":0,"_bbp_total_reply_count":0,"_bbp_voice_count":0,"_bbp_anonymous_reply_count":0,"_bbp_topic_count_hidden":0,"_bbp_reply_count_hidden":0,"_bbp_forum_subforum_count":0,"site-sidebar-layout":"default","site-content-layout":"","ast-site-content-layout":"default","site-content-style":"default","site-sidebar-style":"default","ast-global-header-display":"","ast-banner-title-visibility":"","ast-main-header-display":"","ast-hfb-above-header-display":"","ast-hfb-below-header-display":"","ast-hfb-mobile-header-display":"","site-post-title":"","ast-breadcrumbs-content":"","ast-featured-img":"","footer-sml-layout":"","theme-transparent-header-meta":"default","adv-header-id-meta":"","stick-header-meta":"","header-above-stick-meta":"","header-main-stick-meta":"","header-below-stick-meta":"","astra-migrate-meta-layouts":"set","ast-page-background-enabled":"default","ast-page-background-meta":{"desktop":{"background-color":"var(--ast-global-color-4)","background-image":"","background-repeat":"repeat","background-position":"center center","background-size":"auto","background-attachment":"scroll","background-type":"","background-media":"","overlay-type":"","overlay-color":"","overlay-opacity":"","overlay-gradient":""},"tablet":{"background-color":"","background-image":"","background-repeat":"repeat","background-position":"center center","background-size":"auto","background-attachment":"scroll","background-type":"","background-media":"","overlay-type":"","overlay-color":"","overlay-opacity":"","overlay-gradient":""},"mobile":{"background-color":"","background-image":"","background-repeat":"repeat","background-position":"center center","background-size":"auto","background-attachment":"scroll","background-type":"","background-media":"","overlay-type":"","overlay-color":"","overlay-opacity":"","overlay-gradient":""}},"ast-content-background-meta":{"desktop":{"background-color":"var(--ast-global-color-5)","background-image":"","background-repeat":"repeat","background-position":"center center","background-size":"auto","background-attachment":"scroll","background-type":"","background-media":"","overlay-type":"","overlay-color":"","overlay-opacity":"","overlay-gradient":""},"tablet":{"background-color":"var(--ast-global-color-5)","background-image":"","background-repeat":"repeat","background-position":"center center","background-size":"auto","background-attachment":"scroll","background-type":"","background-media":"","overlay-type":"","overlay-color":"","overlay-opacity":"","overlay-gradient":""},"mobile":{"background-color":"var(--ast-global-color-5)","background-image":"","background-repeat":"repeat","background-position":"center center","background-size":"auto","background-attachment":"scroll","background-type":"","background-media":"","overlay-type":"","overlay-color":"","overlay-opacity":"","overlay-gradient":""}},"footnotes":""},"class_list":["post-2274","page","type-page","status-publish","hentry"],"post_mailing_queue_ids":[],"_links":{"self":[{"href":"https:\/\/agora.xtec.cat\/ceip-rnx-manresa\/wp-json\/wp\/v2\/pages\/2274","targetHints":{"allow":["GET"]}}],"collection":[{"href":"https:\/\/agora.xtec.cat\/ceip-rnx-manresa\/wp-json\/wp\/v2\/pages"}],"about":[{"href":"https:\/\/agora.xtec.cat\/ceip-rnx-manresa\/wp-json\/wp\/v2\/types\/page"}],"author":[{"embeddable":true,"href":"https:\/\/agora.xtec.cat\/ceip-rnx-manresa\/wp-json\/wp\/v2\/users\/1"}],"replies":[{"embeddable":true,"href":"https:\/\/agora.xtec.cat\/ceip-rnx-manresa\/wp-json\/wp\/v2\/comments?post=2274"}],"version-history":[{"count":7,"href":"https:\/\/agora.xtec.cat\/ceip-rnx-manresa\/wp-json\/wp\/v2\/pages\/2274\/revisions"}],"predecessor-version":[{"id":17646,"href":"https:\/\/agora.xtec.cat\/ceip-rnx-manresa\/wp-json\/wp\/v2\/pages\/2274\/revisions\/17646"}],"wp:attachment":[{"href":"https:\/\/agora.xtec.cat\/ceip-rnx-manresa\/wp-json\/wp\/v2\/media?parent=2274"}],"curies":[{"name":"wp","href":"https:\/\/api.w.org\/{rel}","templated":true}]}}