{"id":22,"date":"2014-09-18T12:19:57","date_gmt":"2014-09-18T11:19:57","guid":{"rendered":"http:\/\/agora.xtec.cat\/ceip-rnx-manresa\/?page_id=22"},"modified":"2026-01-27T15:54:32","modified_gmt":"2026-01-27T14:54:32","slug":"lescola","status":"publish","type":"page","link":"https:\/\/agora.xtec.cat\/ceip-rnx-manresa\/lescola\/","title":{"rendered":"L&#8217; escola"},"content":{"rendered":"<p style=\"text-align: left;\">Situada al bell mig de Manresa, l&#8217;escola pren el nom del moviment cultural catal\u00e0 del segle XIX<a href=\"https:\/\/agora.xtec.cat\/ceip-rnx-manresa\/wp-content\/uploads\/usu1177\/2025\/10\/IMG_2247.jpg\"><img loading=\"lazy\" decoding=\"async\" class=\"wp-image-17546 alignright\" src=\"https:\/\/agora.xtec.cat\/ceip-rnx-manresa\/wp-content\/uploads\/usu1177\/2025\/10\/IMG_2247-1024x767.jpg\" alt=\"\" width=\"408\" height=\"306\" srcset=\"https:\/\/agora.xtec.cat\/ceip-rnx-manresa\/wp-content\/uploads\/usu1177\/2025\/10\/IMG_2247-1024x767.jpg 1024w, https:\/\/agora.xtec.cat\/ceip-rnx-manresa\/wp-content\/uploads\/usu1177\/2025\/10\/IMG_2247-300x225.jpg 300w, https:\/\/agora.xtec.cat\/ceip-rnx-manresa\/wp-content\/uploads\/usu1177\/2025\/10\/IMG_2247-768x576.jpg 768w, https:\/\/agora.xtec.cat\/ceip-rnx-manresa\/wp-content\/uploads\/usu1177\/2025\/10\/IMG_2247-1536x1151.jpg 1536w, https:\/\/agora.xtec.cat\/ceip-rnx-manresa\/wp-content\/uploads\/usu1177\/2025\/10\/IMG_2247-200x150.jpg 200w, https:\/\/agora.xtec.cat\/ceip-rnx-manresa\/wp-content\/uploads\/usu1177\/2025\/10\/IMG_2247.jpg 1600w\" sizes=\"auto, (max-width: 408px) 100vw, 408px\" \/><\/a><br \/>\nUn edifici antic i ple d&#8217;hist\u00f2ria que tot i aix\u00ed gaudeix d&#8217;espais amplis i lluminosos, permeten la<br \/>\ndinamitzaci\u00f3 d&#8217;activitats variades i diferents agrupacions d&#8217;alumnes.<\/p>\n<p style=\"text-align: left;\">Entenem l&#8217;escola com a un sistema inclusiu, multicultural, viu i obert que ha de garantir la<br \/>\nigualtat d&#8217;oportunitats, el creixement del coneixement, el concepte d&#8217;identitat personal i la<br \/>\nconsci\u00e8ncia social.<\/p>\n","protected":false},"excerpt":{"rendered":"<p>Situada al bell mig de Manresa, l&#8217;escola pren el nom del moviment cultural catal\u00e0 del segle XIX Un edifici antic i ple d&#8217;hist\u00f2ria que tot i aix\u00ed gaudeix d&#8217;espais amplis i lluminosos, permeten la dinamitzaci\u00f3 d&#8217;activitats variades i diferents agrupacions d&#8217;alumnes. Entenem l&#8217;escola com a un sistema inclusiu, multicultural, viu i obert que ha de [&hellip;]<\/p>\n","protected":false},"author":1,"featured_media":0,"parent":0,"menu_order":0,"comment_status":"closed","ping_status":"closed","template":"","meta":{"_bbp_topic_count":0,"_bbp_reply_count":0,"_bbp_total_topic_count":0,"_bbp_total_reply_count":0,"_bbp_voice_count":0,"_bbp_anonymous_reply_count":0,"_bbp_topic_count_hidden":0,"_bbp_reply_count_hidden":0,"_bbp_forum_subforum_count":0,"site-sidebar-layout":"default","site-content-layout":"","ast-site-content-layout":"default","site-content-style":"default","site-sidebar-style":"default","ast-global-header-display":"","ast-banner-title-visibility":"","ast-main-header-display":"","ast-hfb-above-header-display":"","ast-hfb-below-header-display":"","ast-hfb-mobile-header-display":"","site-post-title":"","ast-breadcrumbs-content":"","ast-featured-img":"","footer-sml-layout":"","theme-transparent-header-meta":"default","adv-header-id-meta":"","stick-header-meta":"","header-above-stick-meta":"","header-main-stick-meta":"","header-below-stick-meta":"","astra-migrate-meta-layouts":"set","ast-page-background-enabled":"default","ast-page-background-meta":{"desktop":{"background-color":"var(--ast-global-color-4)","background-image":"","background-repeat":"repeat","background-position":"center center","background-size":"auto","background-attachment":"scroll","background-type":"","background-media":"","overlay-type":"","overlay-color":"","overlay-opacity":"","overlay-gradient":""},"tablet":{"background-color":"","background-image":"","background-repeat":"repeat","background-position":"center center","background-size":"auto","background-attachment":"scroll","background-type":"","background-media":"","overlay-type":"","overlay-color":"","overlay-opacity":"","overlay-gradient":""},"mobile":{"background-color":"","background-image":"","background-repeat":"repeat","background-position":"center center","background-size":"auto","background-attachment":"scroll","background-type":"","background-media":"","overlay-type":"","overlay-color":"","overlay-opacity":"","overlay-gradient":""}},"ast-content-background-meta":{"desktop":{"background-color":"var(--ast-global-color-5)","background-image":"","background-repeat":"repeat","background-position":"center center","background-size":"auto","background-attachment":"scroll","background-type":"","background-media":"","overlay-type":"","overlay-color":"","overlay-opacity":"","overlay-gradient":""},"tablet":{"background-color":"var(--ast-global-color-5)","background-image":"","background-repeat":"repeat","background-position":"center center","background-size":"auto","background-attachment":"scroll","background-type":"","background-media":"","overlay-type":"","overlay-color":"","overlay-opacity":"","overlay-gradient":""},"mobile":{"background-color":"var(--ast-global-color-5)","background-image":"","background-repeat":"repeat","background-position":"center center","background-size":"auto","background-attachment":"scroll","background-type":"","background-media":"","overlay-type":"","overlay-color":"","overlay-opacity":"","overlay-gradient":""}},"footnotes":""},"class_list":["post-22","page","type-page","status-publish","hentry"],"post_mailing_queue_ids":[],"_links":{"self":[{"href":"https:\/\/agora.xtec.cat\/ceip-rnx-manresa\/wp-json\/wp\/v2\/pages\/22","targetHints":{"allow":["GET"]}}],"collection":[{"href":"https:\/\/agora.xtec.cat\/ceip-rnx-manresa\/wp-json\/wp\/v2\/pages"}],"about":[{"href":"https:\/\/agora.xtec.cat\/ceip-rnx-manresa\/wp-json\/wp\/v2\/types\/page"}],"author":[{"embeddable":true,"href":"https:\/\/agora.xtec.cat\/ceip-rnx-manresa\/wp-json\/wp\/v2\/users\/1"}],"replies":[{"embeddable":true,"href":"https:\/\/agora.xtec.cat\/ceip-rnx-manresa\/wp-json\/wp\/v2\/comments?post=22"}],"version-history":[{"count":5,"href":"https:\/\/agora.xtec.cat\/ceip-rnx-manresa\/wp-json\/wp\/v2\/pages\/22\/revisions"}],"predecessor-version":[{"id":17700,"href":"https:\/\/agora.xtec.cat\/ceip-rnx-manresa\/wp-json\/wp\/v2\/pages\/22\/revisions\/17700"}],"wp:attachment":[{"href":"https:\/\/agora.xtec.cat\/ceip-rnx-manresa\/wp-json\/wp\/v2\/media?parent=22"}],"curies":[{"name":"wp","href":"https:\/\/api.w.org\/{rel}","templated":true}]}}