{"id":9981,"date":"2021-11-12T06:34:42","date_gmt":"2021-11-12T05:34:42","guid":{"rendered":"https:\/\/agora.xtec.cat\/ceip-rllullrubi\/?page_id=9981"},"modified":"2024-02-26T00:08:35","modified_gmt":"2024-02-25T23:08:35","slug":"donacions","status":"publish","type":"page","link":"https:\/\/agora.xtec.cat\/ceip-rllullrubi\/ampa-2\/projectes\/donacions\/","title":{"rendered":"Chromebooks per l&#8217;escola"},"content":{"rendered":"<p style=\"text-align: center;\"><b>Estem molt contents de que l&#8217;AFA hagi comprat 10 Chromebooks per l&#8217;escola.<\/b><\/p>\n<p style=\"text-align: center;\">Els representants dels grups de 4t, 5\u00e8 i 6\u00e8 els van rebre amb molta il\u00b7lusi\u00f3 i de ben segur que en faran un bon \u00fas.<\/p>\n<p style=\"text-align: center;\">Amb aquests dispositius augmentem el n\u00famero de Chromebooks a 38!!\u00a0 Fant\u00e0stic per poder fer Innovamat, Treball globalitzat i de recerca, tot un m\u00f3n digital i d&#8217;informaci\u00f3 per descobrir!<\/p>\n<p>\u00a0 \u00a0 \u00a0 \u00a0 \u00a0 \u00a0 \u00a0 \u00a0 \u00a0 \u00a0 \u00a0 \u00a0 \u00a0 \u00a0 \u00a0 \u00a0 \u00a0 \u00a0 \u00a0 \u00a0 \u00a0 \u00a0 \u00a0 \u00a0 \u00a0 \u00a0 \u00a0 \u00a0 \u00a0 \u00a0 \u00a0 \u00a0 \u00a0 \u00a0 \u00a0 \u00a0 \u00a0 \u00a0 \u00a0 \u00a0 \u00a0 \u00a0 Clica\u00a0<a href=\"https:\/\/photos.app.goo.gl\/PpiFjj2fy6Ay71bi6\" target=\"_blank\" rel=\"noopener\"><strong>MAKING OF <\/strong><\/a>per veure una mica m\u00e9s! \ud83d\ude42<\/p>\n<p><img loading=\"lazy\" decoding=\"async\" class=\"aligncenter wp-image-9987\" src=\"https:\/\/agora.xtec.cat\/ceip-rllullrubi\/wp-content\/uploads\/usu1358\/2021\/11\/IMG_20211029_111712_6.jpg\" alt=\"\" width=\"713\" height=\"534\" srcset=\"https:\/\/agora.xtec.cat\/ceip-rllullrubi\/wp-content\/uploads\/usu1358\/2021\/11\/IMG_20211029_111712_6.jpg 1000w, https:\/\/agora.xtec.cat\/ceip-rllullrubi\/wp-content\/uploads\/usu1358\/2021\/11\/IMG_20211029_111712_6-300x225.jpg 300w, https:\/\/agora.xtec.cat\/ceip-rllullrubi\/wp-content\/uploads\/usu1358\/2021\/11\/IMG_20211029_111712_6-768x576.jpg 768w, https:\/\/agora.xtec.cat\/ceip-rllullrubi\/wp-content\/uploads\/usu1358\/2021\/11\/IMG_20211029_111712_6-200x150.jpg 200w\" sizes=\"auto, (max-width: 713px) 100vw, 713px\" \/><\/p>\n<p>&nbsp;<\/p>\n<p>&nbsp;<\/p>\n","protected":false},"excerpt":{"rendered":"<p>Estem molt contents de que l&#8217;AFA hagi comprat 10 Chromebooks per l&#8217;escola.<br \/>\nEls representants dels grups de 4t, 5\u00e8 i 6\u00e8 els van rebre amb molta il\u00b7lusi\u00f3 i de ben segur que en faran un bon \u00fas.<br \/>\nAmb aquests dispositius augmentem el n\u00famero de Chromebooks a 38!!\u00a0&hellip;  <a href=\"https:\/\/agora.xtec.cat\/ceip-rllullrubi\/ampa-2\/projectes\/donacions\/\" title=\"Read Chromebooks per l&#8217;escola\">Llegeix m\u00e9s\u00bb<\/a><\/p>\n","protected":false},"author":1,"featured_media":0,"parent":14310,"menu_order":1,"comment_status":"closed","ping_status":"closed","template":"page-templates\/side-menu.php","meta":{"_bbp_topic_count":0,"_bbp_reply_count":0,"_bbp_total_topic_count":0,"_bbp_total_reply_count":0,"_bbp_voice_count":0,"_bbp_anonymous_reply_count":0,"_bbp_topic_count_hidden":0,"_bbp_reply_count_hidden":0,"_bbp_forum_subforum_count":0,"footnotes":""},"class_list":["post-9981","page","type-page","status-publish","hentry"],"post_mailing_queue_ids":[],"_links":{"self":[{"href":"https:\/\/agora.xtec.cat\/ceip-rllullrubi\/wp-json\/wp\/v2\/pages\/9981","targetHints":{"allow":["GET"]}}],"collection":[{"href":"https:\/\/agora.xtec.cat\/ceip-rllullrubi\/wp-json\/wp\/v2\/pages"}],"about":[{"href":"https:\/\/agora.xtec.cat\/ceip-rllullrubi\/wp-json\/wp\/v2\/types\/page"}],"author":[{"embeddable":true,"href":"https:\/\/agora.xtec.cat\/ceip-rllullrubi\/wp-json\/wp\/v2\/users\/1"}],"replies":[{"embeddable":true,"href":"https:\/\/agora.xtec.cat\/ceip-rllullrubi\/wp-json\/wp\/v2\/comments?post=9981"}],"version-history":[{"count":6,"href":"https:\/\/agora.xtec.cat\/ceip-rllullrubi\/wp-json\/wp\/v2\/pages\/9981\/revisions"}],"predecessor-version":[{"id":14312,"href":"https:\/\/agora.xtec.cat\/ceip-rllullrubi\/wp-json\/wp\/v2\/pages\/9981\/revisions\/14312"}],"up":[{"embeddable":true,"href":"https:\/\/agora.xtec.cat\/ceip-rllullrubi\/wp-json\/wp\/v2\/pages\/14310"}],"wp:attachment":[{"href":"https:\/\/agora.xtec.cat\/ceip-rllullrubi\/wp-json\/wp\/v2\/media?parent=9981"}],"curies":[{"name":"wp","href":"https:\/\/api.w.org\/{rel}","templated":true}]}}