{"id":8994,"date":"2021-05-05T16:47:40","date_gmt":"2021-05-05T14:47:40","guid":{"rendered":"http:\/\/agora.xtec.cat\/ceip-rllullrubi\/?page_id=8994"},"modified":"2026-02-05T11:48:46","modified_gmt":"2026-02-05T10:48:46","slug":"numero-de-desempat","status":"publish","type":"page","link":"https:\/\/agora.xtec.cat\/ceip-rllullrubi\/preinscripcio-i-matricula\/numero-de-desempat\/","title":{"rendered":"6. N\u00famero de DESEMPAT"},"content":{"rendered":"<h1 style=\"text-align: center;\"><strong>N\u00famero de sorteig<\/strong><\/h1>\n<p style=\"text-align: center;\"><em>Pendent de publicaci\u00f3<\/em><\/p>\n<p>El nombre de places de cada centre educatiu \u00e9s limitat. Si el nombre de peticions supera el d&#8217;alumnes que l&#8217;escola pot acollir, cal aplicar un sistema de desempat entre les sol\u00b7licituds amb la mateixa puntuaci\u00f3. Per fer-ho, s&#8217;obt\u00e9 un n\u00famero per sorteig a partir del qual s&#8217;ordenen totes les peticions empatades en punts, tenint en compte el n\u00famero de desempat que s&#8217;ha assignat a cada sol\u00b7licitud.<\/p>\n","protected":false},"excerpt":{"rendered":"<p>N\u00famero de sorteig<br \/>\nPendent de publicaci\u00f3<br \/>\nEl nombre de places de cada centre educatiu \u00e9s limitat. Si el nombre de peticions supera el d&#8217;alumnes que l&#8217;escola pot acollir, cal aplicar un sistema de desempat entre les sol\u00b7licituds amb la mateixa puntuaci\u00f3. Per fer-ho, s&#8217;obt\u00e9 un n\u00famero per&hellip;  <a href=\"https:\/\/agora.xtec.cat\/ceip-rllullrubi\/preinscripcio-i-matricula\/numero-de-desempat\/\" title=\"Read 6. N\u00famero de DESEMPAT\">Llegeix m\u00e9s\u00bb<\/a><\/p>\n","protected":false},"author":1,"featured_media":0,"parent":1681,"menu_order":40,"comment_status":"closed","ping_status":"closed","template":"page-templates\/side-menu.php","meta":{"_bbp_topic_count":0,"_bbp_reply_count":0,"_bbp_total_topic_count":0,"_bbp_total_reply_count":0,"_bbp_voice_count":0,"_bbp_anonymous_reply_count":0,"_bbp_topic_count_hidden":0,"_bbp_reply_count_hidden":0,"_bbp_forum_subforum_count":0,"footnotes":""},"class_list":["post-8994","page","type-page","status-publish","hentry"],"post_mailing_queue_ids":[],"_links":{"self":[{"href":"https:\/\/agora.xtec.cat\/ceip-rllullrubi\/wp-json\/wp\/v2\/pages\/8994","targetHints":{"allow":["GET"]}}],"collection":[{"href":"https:\/\/agora.xtec.cat\/ceip-rllullrubi\/wp-json\/wp\/v2\/pages"}],"about":[{"href":"https:\/\/agora.xtec.cat\/ceip-rllullrubi\/wp-json\/wp\/v2\/types\/page"}],"author":[{"embeddable":true,"href":"https:\/\/agora.xtec.cat\/ceip-rllullrubi\/wp-json\/wp\/v2\/users\/1"}],"replies":[{"embeddable":true,"href":"https:\/\/agora.xtec.cat\/ceip-rllullrubi\/wp-json\/wp\/v2\/comments?post=8994"}],"version-history":[{"count":7,"href":"https:\/\/agora.xtec.cat\/ceip-rllullrubi\/wp-json\/wp\/v2\/pages\/8994\/revisions"}],"predecessor-version":[{"id":16637,"href":"https:\/\/agora.xtec.cat\/ceip-rllullrubi\/wp-json\/wp\/v2\/pages\/8994\/revisions\/16637"}],"up":[{"embeddable":true,"href":"https:\/\/agora.xtec.cat\/ceip-rllullrubi\/wp-json\/wp\/v2\/pages\/1681"}],"wp:attachment":[{"href":"https:\/\/agora.xtec.cat\/ceip-rllullrubi\/wp-json\/wp\/v2\/media?parent=8994"}],"curies":[{"name":"wp","href":"https:\/\/api.w.org\/{rel}","templated":true}]}}