{"id":801,"date":"2017-12-18T23:51:17","date_gmt":"2017-12-18T22:51:17","guid":{"rendered":"http:\/\/agora.xtec.cat\/ceip-rllullrubi\/?page_id=801"},"modified":"2023-08-06T13:14:34","modified_gmt":"2023-08-06T11:14:34","slug":"pla-demergencia","status":"publish","type":"page","link":"https:\/\/agora.xtec.cat\/ceip-rllullrubi\/projecte-educatiu\/pla-demergencia\/","title":{"rendered":"Pla d&#8217;emerg\u00e8ncia"},"content":{"rendered":"<p>Aquest pla \u00e9s una eina que recull totes les actuacions que han de dur a terme els mestres, els alumnes i el personal de serveis davant d&#8217;una emerg\u00e8ncia, tot fent \u00e8mfasi en la col\u00b7laboraci\u00f3 de tots els implicats, tant de l&#8217;escola com de les administracions p\u00fabliques i dels serveis de protecci\u00f3.<\/p>\n<p><a href=\"https:\/\/agora.xtec.cat\/ceip-rllullrubi\/wp-content\/uploads\/usu1358\/2022\/12\/PLA-DEMERGENCIA-22-23.docx.pdf\" target=\"_blank\" rel=\"noopener\">PLA D&#8217;EMERG\u00c8NCIA 22-23<\/a><\/p>\n<p>&nbsp;<\/p>\n","protected":false},"excerpt":{"rendered":"<p>Aquest pla \u00e9s una eina que recull totes les actuacions que han de dur a terme els mestres, els alumnes i el personal de serveis davant d&#8217;una emerg\u00e8ncia, tot fent \u00e8mfasi en la col\u00b7laboraci\u00f3 de tots els implicats, tant de l&#8217;escola com de les administracions&hellip;  <a href=\"https:\/\/agora.xtec.cat\/ceip-rllullrubi\/projecte-educatiu\/pla-demergencia\/\" title=\"Read Pla d&#8217;emerg\u00e8ncia\">Llegeix m\u00e9s\u00bb<\/a><\/p>\n","protected":false},"author":1,"featured_media":0,"parent":64,"menu_order":50,"comment_status":"closed","ping_status":"closed","template":"page-templates\/side-menu.php","meta":{"_bbp_topic_count":0,"_bbp_reply_count":0,"_bbp_total_topic_count":0,"_bbp_total_reply_count":0,"_bbp_voice_count":0,"_bbp_anonymous_reply_count":0,"_bbp_topic_count_hidden":0,"_bbp_reply_count_hidden":0,"_bbp_forum_subforum_count":0,"footnotes":""},"class_list":["post-801","page","type-page","status-publish","hentry"],"post_mailing_queue_ids":[],"_links":{"self":[{"href":"https:\/\/agora.xtec.cat\/ceip-rllullrubi\/wp-json\/wp\/v2\/pages\/801","targetHints":{"allow":["GET"]}}],"collection":[{"href":"https:\/\/agora.xtec.cat\/ceip-rllullrubi\/wp-json\/wp\/v2\/pages"}],"about":[{"href":"https:\/\/agora.xtec.cat\/ceip-rllullrubi\/wp-json\/wp\/v2\/types\/page"}],"author":[{"embeddable":true,"href":"https:\/\/agora.xtec.cat\/ceip-rllullrubi\/wp-json\/wp\/v2\/users\/1"}],"replies":[{"embeddable":true,"href":"https:\/\/agora.xtec.cat\/ceip-rllullrubi\/wp-json\/wp\/v2\/comments?post=801"}],"version-history":[{"count":4,"href":"https:\/\/agora.xtec.cat\/ceip-rllullrubi\/wp-json\/wp\/v2\/pages\/801\/revisions"}],"predecessor-version":[{"id":12641,"href":"https:\/\/agora.xtec.cat\/ceip-rllullrubi\/wp-json\/wp\/v2\/pages\/801\/revisions\/12641"}],"up":[{"embeddable":true,"href":"https:\/\/agora.xtec.cat\/ceip-rllullrubi\/wp-json\/wp\/v2\/pages\/64"}],"wp:attachment":[{"href":"https:\/\/agora.xtec.cat\/ceip-rllullrubi\/wp-json\/wp\/v2\/media?parent=801"}],"curies":[{"name":"wp","href":"https:\/\/api.w.org\/{rel}","templated":true}]}}