{"id":797,"date":"2017-12-18T18:55:54","date_gmt":"2017-12-18T17:55:54","guid":{"rendered":"http:\/\/agora.xtec.cat\/ceip-rllullrubi\/?page_id=797"},"modified":"2023-08-07T13:05:21","modified_gmt":"2023-08-07T11:05:21","slug":"projecte-educatiu-de-centre","status":"publish","type":"page","link":"https:\/\/agora.xtec.cat\/ceip-rllullrubi\/projecte-educatiu\/projecte-educatiu-de-centre\/","title":{"rendered":"Projecte Educatiu de Centre"},"content":{"rendered":"<p>Som una escola en continua innovaci\u00f3 i acollidora.<\/p>\n<p>Creem espais de comunicaci\u00f3 i de creixement per formar persones competents i preparades per viure en societat.<\/p>\n<p>Els nostres principis s\u00f3n:<\/p>\n<p>\u2022 La comunitat educativa com a eix de tots els valors.<br \/>\n\u2022 La responsabilitat en les decisions i accions per fer una gesti\u00f3 efica\u00e7 dels recursos.<br \/>\n\u2022 La gesti\u00f3 democr\u00e0tica oberta al di\u00e0leg.<br \/>\n\u2022 L\u2019equitat i la cohesi\u00f3 social: acceptaci\u00f3 de la difer\u00e8ncia i la diversitat.<br \/>\n\u2022 La solidaritat i cooperaci\u00f3 en el dia a dia del centre.<br \/>\n\u2022 La cultura del reciclatge i el respecte pel medi ambient.<br \/>\n\u2022 La satisfacci\u00f3 per la feina ben feta.<br \/>\n\u2022 La col\u00b7laboraci\u00f3 com a base del treball.<br \/>\n\u2022 La llengua catalana com a eina de cohesi\u00f3 social.<br \/>\n\u2022 El treball per compet\u00e8ncies b\u00e0siques.<br \/>\n\u2022 L\u2019\u00fas d\u2019espais virtuals d\u2019aprenentatge. (EVA)<br \/>\n\u2022 El gust per la lectura.<br \/>\n\u2022 La cultura art\u00edstica.<br \/>\n\u2022 L\u2019esfor\u00e7 com a mitj\u00e0 per aconseguir un objectiu.<br \/>\n\u2022 L\u2019autonomia personal dels alumnes.<\/p>\n<p>Som una escola:<\/p>\n<ul style=\"list-style-type: circle;\">\n<li>Catalana, que defensa l\u2019equitat i la cohesi\u00f3 social.<\/li>\n<li>Amb una gesti\u00f3 democr\u00e0tica oberta al di\u00e0leg en un marc de respecte a les llibertats individuals i col\u00b7lectives.<\/li>\n<li>Que col\u00b7labora amb les fam\u00edlies facilitant orientacions per a l\u2019educaci\u00f3 dels seus fills i filles.<\/li>\n<li>Que promou activitats perqu\u00e8 l&#8217;alumnat conegui millor el seu entorn m\u00e9s immediat.<\/li>\n<li>Que vetlla per l\u2019educaci\u00f3 integral dels seus alumnes, atenent la seva diversitat en els seus processos d\u2019aprenentatge i d\u2019avaluaci\u00f3.<\/li>\n<li>Que treballa per compet\u00e8ncies b\u00e0siques a l\u2019aula.<\/li>\n<li>Que utilitza xarxes de comunicaci\u00f3 i coordinaci\u00f3 des de l\u2019Escola bressol fins a l\u2019Institut.<\/li>\n<li>Que potencia un ambient acollidor perqu\u00e8 totes les persones que han format o formen part de l\u2019Escola, se sentin part del Ramon Llull.<\/li>\n<li>Que conforma equips docents seguint criteris pedag\u00f2gics i organitzatius.<\/li>\n<li>Que vetlla per una gesti\u00f3 efica\u00e7 dels recursos formals, humans i materials, per facilitar la tasca dels diferents sectors.<\/li>\n<li>Que es relaciona cordialment amb institucions i organismes de dins i fora del municipi, amb serveis educatius integrats i altres serveis externs que tinguin vinculaci\u00f3 en l\u2019atenci\u00f3 a l\u2019alumnat.<\/li>\n<\/ul>\n<p>Com ho fem?<\/p>\n<ul style=\"list-style-type: square;\">\n<li>Sent una escola que mant\u00e9 l\u2019ambient acollidor que hi ha al centre, i desplegant el Pla d\u2019Acollida del Centre.<\/li>\n<li>Afavorint la interrelaci\u00f3 entre els membres de la comunitat educativa.<\/li>\n<li>Tenint una gesti\u00f3 aut\u00f2noma per donar millors respostes a les nostres necessitats.<\/li>\n<li>Fent l\u00ednia d\u2019escola, mitjan\u00e7ant la participaci\u00f3 i el consens.<\/li>\n<li>Entenent i planificant per compet\u00e8ncies b\u00e0siques amb treball globalitzat i sistematitzaci\u00f3.<\/li>\n<li>Treballant amb diverses metodologies per aconseguir els millors resultats educatius i que els nostres alumnes aprenguin segons les seves possibilitats i desenvolupin valors per una bona conviv\u00e8ncia.<\/li>\n<li>\u00das de les TAC com a eina integrada en el proc\u00e9s d\u2019aprenentatge de l&#8217;alumnat.<\/li>\n<li>L&#8217; experimentaci\u00f3, la manipulaci\u00f3, l&#8217; observaci\u00f3 i la recerca com a construcci\u00f3 de coneixements.<br \/>\nParticipant en programes d&#8217;innovaci\u00f3 educativa.<\/li>\n<li>Desenvolupant la compet\u00e8ncia pluriling\u00fce i pluricultural per aconseguir cultura ling\u00fc\u00edstica.<\/li>\n<\/ul>\n<p><a href=\"http:\/\/agora.xtec.cat\/ceip-rllullrubi\/wp-content\/uploads\/usu1358\/2014\/09\/PEC-1.pdf\">PEC<\/a><\/p>\n","protected":false},"excerpt":{"rendered":"<p>Som una escola en continua innovaci\u00f3 i acollidora.<br \/>\nCreem espais de comunicaci\u00f3 i de creixement per formar persones competents i preparades per viure en societat.<br \/>\nEls nostres principis s\u00f3n:<br \/>\n\u2022 La comunitat educativa com a eix de tots els valors.<br \/>\n\u2022 La responsabilitat en les decisions i accions per&hellip;  <a href=\"https:\/\/agora.xtec.cat\/ceip-rllullrubi\/projecte-educatiu\/projecte-educatiu-de-centre\/\" title=\"Read Projecte Educatiu de Centre\">Llegeix m\u00e9s\u00bb<\/a><\/p>\n","protected":false},"author":1,"featured_media":0,"parent":64,"menu_order":1,"comment_status":"closed","ping_status":"closed","template":"page-templates\/side-menu.php","meta":{"_bbp_topic_count":0,"_bbp_reply_count":0,"_bbp_total_topic_count":0,"_bbp_total_reply_count":0,"_bbp_voice_count":0,"_bbp_anonymous_reply_count":0,"_bbp_topic_count_hidden":0,"_bbp_reply_count_hidden":0,"_bbp_forum_subforum_count":0,"footnotes":""},"class_list":["post-797","page","type-page","status-publish","hentry"],"post_mailing_queue_ids":[],"_links":{"self":[{"href":"https:\/\/agora.xtec.cat\/ceip-rllullrubi\/wp-json\/wp\/v2\/pages\/797","targetHints":{"allow":["GET"]}}],"collection":[{"href":"https:\/\/agora.xtec.cat\/ceip-rllullrubi\/wp-json\/wp\/v2\/pages"}],"about":[{"href":"https:\/\/agora.xtec.cat\/ceip-rllullrubi\/wp-json\/wp\/v2\/types\/page"}],"author":[{"embeddable":true,"href":"https:\/\/agora.xtec.cat\/ceip-rllullrubi\/wp-json\/wp\/v2\/users\/1"}],"replies":[{"embeddable":true,"href":"https:\/\/agora.xtec.cat\/ceip-rllullrubi\/wp-json\/wp\/v2\/comments?post=797"}],"version-history":[{"count":3,"href":"https:\/\/agora.xtec.cat\/ceip-rllullrubi\/wp-json\/wp\/v2\/pages\/797\/revisions"}],"predecessor-version":[{"id":13439,"href":"https:\/\/agora.xtec.cat\/ceip-rllullrubi\/wp-json\/wp\/v2\/pages\/797\/revisions\/13439"}],"up":[{"embeddable":true,"href":"https:\/\/agora.xtec.cat\/ceip-rllullrubi\/wp-json\/wp\/v2\/pages\/64"}],"wp:attachment":[{"href":"https:\/\/agora.xtec.cat\/ceip-rllullrubi\/wp-json\/wp\/v2\/media?parent=797"}],"curies":[{"name":"wp","href":"https:\/\/api.w.org\/{rel}","templated":true}]}}