{"id":7616,"date":"2020-08-03T10:23:00","date_gmt":"2020-08-03T08:23:00","guid":{"rendered":"http:\/\/agora.xtec.cat\/ceip-rllullrubi\/?page_id=7616"},"modified":"2025-09-06T23:12:40","modified_gmt":"2025-09-06T21:12:40","slug":"calendari-escolar","status":"publish","type":"page","link":"https:\/\/agora.xtec.cat\/ceip-rllullrubi\/directori-de-documents\/calendari-escolar\/","title":{"rendered":"Calendari escolar 2025-2026"},"content":{"rendered":"<p><strong><u>HORARIS<\/u><\/strong><\/p>\n<p><span style=\"text-decoration: underline;\">Horari marc:<\/span><\/p>\n<p>Mat\u00ed de 9:00h a 12:30h i tarda de 15:00h a 16:30h<\/p>\n<p><span style=\"text-decoration: underline;\">Horari <strong>adaptaci\u00f3 alumnat d&#8217; I3<\/strong>:<\/span><\/p>\n<p><span style=\"font-weight: 400;\">8 de setembre I3 en dos grups al mat\u00ed dos torns (de 9h a 10:30h i de 11h a 12.30h)<\/span><\/p>\n<p><span style=\"font-weight: 400;\">9 de<\/span><span style=\"font-weight: 400;\">\u00a0setembre I3 en dos grups al mat\u00ed dos torns (de 9h a 10:30h i de 11h a 12.30h)<\/span><\/p>\n<p><span style=\"font-weight: 400;\">10 de setembre: de 9h a 12.30h (sense servei de menjador, servei de bon dia i activitats extraescolars)<\/span><\/p>\n<p>12 de setembre: horari complert mat\u00ed i tarda amb servei de menjador (si s&#8217;escau).<\/p>\n<p><span style=\"text-decoration: underline;\">Horari intensiu de 9:00h a 13:00h:<\/span><\/p>\n<ul>\n<li>19 de desembre de 2025<\/li>\n<li>del 8 al 19 de juny de 2026<\/li>\n<\/ul>\n<p><strong style=\"font-family: inherit; font-size: 1em;\"><u>CALENDARI i festius<\/u><\/strong><\/p>\n<p>8 de setembre de 2025: inici de les classes<\/p>\n<p>11 de setembre de 2025: festiu (Diada nacional de Catalunya)<\/p>\n<p>10 d&#8217;octubre de 2025: festiu de lliure disposici\u00f3<\/p>\n<p>3 de novembre de 2025: festiu de lliure disposici\u00f3<\/p>\n<p>5 de desembre de 2025: festiu de lliure disposici\u00f3<\/p>\n<p>8 de desembre de 2025: festiu (Festa de la Immaculada Concepci\u00f3)<\/p>\n<p>Del 22 de desembre de 2025 al 7 de gener de 2026 (inclosos): vacances escolars de Nadal<\/p>\n<p>16 de febrer de 2026: festa local<\/p>\n<p>Del 30 de mar\u00e7 al 6 d&#8217;abril de 2026 (ambd\u00f3s inclosos): vacances escolars de Setmana Santa<\/p>\n<p>30 d&#8217;abril de 2026: festiu de lliure disposici\u00f3<\/p>\n<p>1 de maig de 2026. festiu (Festa del treball)<\/p>\n<p>25 de maig de 2026: festiu de lliure disposici\u00f3<\/p>\n<p>19 de juny de 2026: acaben les classes.<\/p>\n<p>*Els dies festius de lliure disposici\u00f3 s\u00f3n comuns a la majoria de les escoles i dels instituts de Rub\u00ed.<\/p>\n<p>29 de juny de 2025: festa local<\/p>\n<p style=\"text-align: center;\"><img loading=\"lazy\" decoding=\"async\" class=\"aligncenter wp-image-16199 size-full\" src=\"https:\/\/agora.xtec.cat\/ceip-rllullrubi\/wp-content\/uploads\/usu1358\/2025\/09\/Calendari-Escolar-2025-2026_page-0001.jpg\" alt=\"\" width=\"917\" height=\"945\" srcset=\"https:\/\/agora.xtec.cat\/ceip-rllullrubi\/wp-content\/uploads\/usu1358\/2025\/09\/Calendari-Escolar-2025-2026_page-0001.jpg 917w, https:\/\/agora.xtec.cat\/ceip-rllullrubi\/wp-content\/uploads\/usu1358\/2025\/09\/Calendari-Escolar-2025-2026_page-0001-291x300.jpg 291w, https:\/\/agora.xtec.cat\/ceip-rllullrubi\/wp-content\/uploads\/usu1358\/2025\/09\/Calendari-Escolar-2025-2026_page-0001-768x791.jpg 768w\" sizes=\"auto, (max-width: 917px) 100vw, 917px\" \/><\/p>\n<p style=\"text-align: center;\">Descarrega&#8217;t el <a href=\"https:\/\/agora.xtec.cat\/ceip-rllullrubi\/wp-content\/uploads\/usu1358\/2025\/09\/Calendari-Escolar-2025-2026.pdf\" target=\"_blank\" rel=\"noopener\">Calendari Escolar 2025-2026<\/a> si el vols imprimir !<\/p>\n","protected":false},"excerpt":{"rendered":"<p>HORARIS<br \/>\nHorari marc:<br \/>\nMat\u00ed de 9:00h a 12:30h i tarda de 15:00h a 16:30h<br \/>\nHorari adaptaci\u00f3 alumnat d&#8217; I3:<br \/>\n8 de setembre I3 en dos grups al mat\u00ed dos torns (de 9h a 10:30h i de 11h a 12.30h)<br \/>\n9 de\u00a0setembre I3 en dos grups al mat\u00ed dos torns (de&hellip;  <a href=\"https:\/\/agora.xtec.cat\/ceip-rllullrubi\/directori-de-documents\/calendari-escolar\/\" title=\"Read Calendari escolar 2025-2026\">Llegeix m\u00e9s\u00bb<\/a><\/p>\n","protected":false},"author":1,"featured_media":0,"parent":10825,"menu_order":700,"comment_status":"closed","ping_status":"closed","template":"page-templates\/side-menu.php","meta":{"_bbp_topic_count":0,"_bbp_reply_count":0,"_bbp_total_topic_count":0,"_bbp_total_reply_count":0,"_bbp_voice_count":0,"_bbp_anonymous_reply_count":0,"_bbp_topic_count_hidden":0,"_bbp_reply_count_hidden":0,"_bbp_forum_subforum_count":0,"footnotes":""},"class_list":["post-7616","page","type-page","status-publish","hentry"],"post_mailing_queue_ids":[],"_links":{"self":[{"href":"https:\/\/agora.xtec.cat\/ceip-rllullrubi\/wp-json\/wp\/v2\/pages\/7616","targetHints":{"allow":["GET"]}}],"collection":[{"href":"https:\/\/agora.xtec.cat\/ceip-rllullrubi\/wp-json\/wp\/v2\/pages"}],"about":[{"href":"https:\/\/agora.xtec.cat\/ceip-rllullrubi\/wp-json\/wp\/v2\/types\/page"}],"author":[{"embeddable":true,"href":"https:\/\/agora.xtec.cat\/ceip-rllullrubi\/wp-json\/wp\/v2\/users\/1"}],"replies":[{"embeddable":true,"href":"https:\/\/agora.xtec.cat\/ceip-rllullrubi\/wp-json\/wp\/v2\/comments?post=7616"}],"version-history":[{"count":7,"href":"https:\/\/agora.xtec.cat\/ceip-rllullrubi\/wp-json\/wp\/v2\/pages\/7616\/revisions"}],"predecessor-version":[{"id":16202,"href":"https:\/\/agora.xtec.cat\/ceip-rllullrubi\/wp-json\/wp\/v2\/pages\/7616\/revisions\/16202"}],"up":[{"embeddable":true,"href":"https:\/\/agora.xtec.cat\/ceip-rllullrubi\/wp-json\/wp\/v2\/pages\/10825"}],"wp:attachment":[{"href":"https:\/\/agora.xtec.cat\/ceip-rllullrubi\/wp-json\/wp\/v2\/media?parent=7616"}],"curies":[{"name":"wp","href":"https:\/\/api.w.org\/{rel}","templated":true}]}}