{"id":7483,"date":"2020-07-08T13:03:49","date_gmt":"2020-07-08T11:03:49","guid":{"rendered":"http:\/\/agora.xtec.cat\/ceip-rllullrubi\/?page_id=7483"},"modified":"2026-02-05T11:44:04","modified_gmt":"2026-02-05T10:44:04","slug":"reclamacions","status":"publish","type":"page","link":"https:\/\/agora.xtec.cat\/ceip-rllullrubi\/preinscripcio-i-matricula\/reclamacions\/","title":{"rendered":"4. Reclamacions"},"content":{"rendered":"<p><strong>Per\u00edode per presentar reclamacions. <\/strong><em>Dates pendents de publicaci\u00f3<\/em><\/p>\n<p>Si no esteu d&#8217;acord amb la puntuaci\u00f3 provisional, o detecteu alguna errada o anomalia, podeu presentar una reclamaci\u00f3. Trobareu l&#8217;enlla\u00e7 per presentar-la al peu de la consulta individual de resultats:<\/p>\n<p><a href=\"https:\/\/preinscripcio.gencat.cat\/ca\/estudis\/infantil-3-6\/preinscriute\/seguiment-sollicitud\/llista-sollicituds-puntuacio\/\" target=\"_blank\" rel=\"noopener\">Consulta i reclamacions<\/a><\/p>\n<p>Si no podeu accedir a la consulta individual o no trobeu la sol\u00b7licitud a la llista amb la puntuaci\u00f3 provisional podeu adre\u00e7ar-vos al centre demanat en primer lloc i presentar en paper la vostra reclamaci\u00f3. Tamb\u00e9 podeu adre\u00e7ar-vos a l&#8217;oficina municipal d&#8217;escolaritzaci\u00f3 (OME) per demanar informaci\u00f3 i ajuda.<\/p>\n","protected":false},"excerpt":{"rendered":"<p>Per\u00edode per presentar reclamacions. Dates pendents de publicaci\u00f3<br \/>\nSi no esteu d&#8217;acord amb la puntuaci\u00f3 provisional, o detecteu alguna errada o anomalia, podeu presentar una reclamaci\u00f3. Trobareu l&#8217;enlla\u00e7 per presentar-la al peu de la consulta individual de resultats:<br \/>\n<a href=\"https:\/\/preinscripcio.gencat.cat\/ca\/estudis\/infantil-3-6\/preinscriute\/seguiment-sollicitud\/llista-sollicituds-puntuacio\/\" target=\"_blank\" rel=\"noopener\">Consulta i reclamacions<\/a><br \/>\nSi no podeu accedir&hellip;  <a href=\"https:\/\/agora.xtec.cat\/ceip-rllullrubi\/preinscripcio-i-matricula\/reclamacions\/\" title=\"Read 4. Reclamacions\">Llegeix m\u00e9s\u00bb<\/a><\/p>\n","protected":false},"author":1,"featured_media":0,"parent":1681,"menu_order":29,"comment_status":"closed","ping_status":"closed","template":"page-templates\/side-menu.php","meta":{"_bbp_topic_count":0,"_bbp_reply_count":0,"_bbp_total_topic_count":0,"_bbp_total_reply_count":0,"_bbp_voice_count":0,"_bbp_anonymous_reply_count":0,"_bbp_topic_count_hidden":0,"_bbp_reply_count_hidden":0,"_bbp_forum_subforum_count":0,"footnotes":""},"class_list":["post-7483","page","type-page","status-publish","hentry"],"post_mailing_queue_ids":[],"_links":{"self":[{"href":"https:\/\/agora.xtec.cat\/ceip-rllullrubi\/wp-json\/wp\/v2\/pages\/7483","targetHints":{"allow":["GET"]}}],"collection":[{"href":"https:\/\/agora.xtec.cat\/ceip-rllullrubi\/wp-json\/wp\/v2\/pages"}],"about":[{"href":"https:\/\/agora.xtec.cat\/ceip-rllullrubi\/wp-json\/wp\/v2\/types\/page"}],"author":[{"embeddable":true,"href":"https:\/\/agora.xtec.cat\/ceip-rllullrubi\/wp-json\/wp\/v2\/users\/1"}],"replies":[{"embeddable":true,"href":"https:\/\/agora.xtec.cat\/ceip-rllullrubi\/wp-json\/wp\/v2\/comments?post=7483"}],"version-history":[{"count":6,"href":"https:\/\/agora.xtec.cat\/ceip-rllullrubi\/wp-json\/wp\/v2\/pages\/7483\/revisions"}],"predecessor-version":[{"id":16634,"href":"https:\/\/agora.xtec.cat\/ceip-rllullrubi\/wp-json\/wp\/v2\/pages\/7483\/revisions\/16634"}],"up":[{"embeddable":true,"href":"https:\/\/agora.xtec.cat\/ceip-rllullrubi\/wp-json\/wp\/v2\/pages\/1681"}],"wp:attachment":[{"href":"https:\/\/agora.xtec.cat\/ceip-rllullrubi\/wp-json\/wp\/v2\/media?parent=7483"}],"curies":[{"name":"wp","href":"https:\/\/api.w.org\/{rel}","templated":true}]}}