{"id":64,"date":"2014-09-18T12:39:08","date_gmt":"2014-09-18T11:39:08","guid":{"rendered":"http:\/\/agora.xtec.cat\/ceip-rllullrubi\/?page_id=64"},"modified":"2022-03-19T12:08:23","modified_gmt":"2022-03-19T11:08:23","slug":"projecte-educatiu","status":"publish","type":"page","link":"https:\/\/agora.xtec.cat\/ceip-rllullrubi\/projecte-educatiu\/","title":{"rendered":"Identitat del centre"},"content":{"rendered":"<p>Aqu\u00ed trobareu tot el qu\u00e8 fa refer\u00e8ncia als trets d&#8217;identitat de l&#8217;escola.<\/p>\n","protected":false},"excerpt":{"rendered":"<p>Aqu\u00ed trobareu tot el qu\u00e8 fa refer\u00e8ncia als trets d&#8217;identitat de l&#8217;escola.<\/p>\n","protected":false},"author":1,"featured_media":0,"parent":0,"menu_order":0,"comment_status":"closed","ping_status":"closed","template":"page-templates\/side-menu.php","meta":{"_bbp_topic_count":0,"_bbp_reply_count":0,"_bbp_total_topic_count":0,"_bbp_total_reply_count":0,"_bbp_voice_count":0,"_bbp_anonymous_reply_count":0,"_bbp_topic_count_hidden":0,"_bbp_reply_count_hidden":0,"_bbp_forum_subforum_count":0,"footnotes":""},"class_list":["post-64","page","type-page","status-publish","hentry"],"post_mailing_queue_ids":[],"_links":{"self":[{"href":"https:\/\/agora.xtec.cat\/ceip-rllullrubi\/wp-json\/wp\/v2\/pages\/64","targetHints":{"allow":["GET"]}}],"collection":[{"href":"https:\/\/agora.xtec.cat\/ceip-rllullrubi\/wp-json\/wp\/v2\/pages"}],"about":[{"href":"https:\/\/agora.xtec.cat\/ceip-rllullrubi\/wp-json\/wp\/v2\/types\/page"}],"author":[{"embeddable":true,"href":"https:\/\/agora.xtec.cat\/ceip-rllullrubi\/wp-json\/wp\/v2\/users\/1"}],"replies":[{"embeddable":true,"href":"https:\/\/agora.xtec.cat\/ceip-rllullrubi\/wp-json\/wp\/v2\/comments?post=64"}],"version-history":[{"count":4,"href":"https:\/\/agora.xtec.cat\/ceip-rllullrubi\/wp-json\/wp\/v2\/pages\/64\/revisions"}],"predecessor-version":[{"id":10811,"href":"https:\/\/agora.xtec.cat\/ceip-rllullrubi\/wp-json\/wp\/v2\/pages\/64\/revisions\/10811"}],"wp:attachment":[{"href":"https:\/\/agora.xtec.cat\/ceip-rllullrubi\/wp-json\/wp\/v2\/media?parent=64"}],"curies":[{"name":"wp","href":"https:\/\/api.w.org\/{rel}","templated":true}]}}