{"id":4792,"date":"2020-03-26T19:04:31","date_gmt":"2020-03-26T18:04:31","guid":{"rendered":"http:\/\/agora.xtec.cat\/ceip-rllullrubi\/?page_id=4792"},"modified":"2020-08-04T19:51:37","modified_gmt":"2020-08-04T17:51:37","slug":"dillunsjoemquedoacasa","status":"publish","type":"page","link":"https:\/\/agora.xtec.cat\/ceip-rllullrubi\/dillunsjoemquedoacasa\/","title":{"rendered":"dilluns#joemquedoacasa"},"content":{"rendered":"<p>&nbsp;<\/p>\n<table style=\"width: 709px; height: 530px;\">\n<tbody>\n<tr style=\"height: 31px;\">\n<td style=\"width: 703px; height: 31px; text-align: center;\">\n<h3><img loading=\"lazy\" decoding=\"async\" class=\"aligncenter wp-image-4812 size-full\" src=\"https:\/\/agora.xtec.cat\/ceip-rllullrubi\/wp-content\/uploads\/usu1358\/2020\/03\/matematic.png\" alt=\"avui sera MATEMATIC\" width=\"578\" height=\"177\" srcset=\"https:\/\/agora.xtec.cat\/ceip-rllullrubi\/wp-content\/uploads\/usu1358\/2020\/03\/matematic.png 578w, https:\/\/agora.xtec.cat\/ceip-rllullrubi\/wp-content\/uploads\/usu1358\/2020\/03\/matematic-300x92.png 300w\" sizes=\"auto, (max-width: 578px) 100vw, 578px\" \/><\/h3>\n<\/td>\n<\/tr>\n<tr style=\"height: 31px;\">\n<td style=\"width: 703px; height: 31px; text-align: center;\">\n<h4><span style=\"color: #000000;\">esmorzem i posem la setmana en marxa<\/span><\/h4>\n<\/td>\n<\/tr>\n<tr style=\"height: 307px;\">\n<td style=\"width: 703px; height: 217px; text-align: center;\">\n<h4><span style=\"color: #000000;\">ja has descobert qu\u00e8 ser\u00e0s avui? MA+TE+M\u00c0+TIC\u00a0<\/span><\/h4>\n<h4><span style=\"color: #0000ff;\"><a style=\"color: #0000ff;\" href=\"https:\/\/www.rtve.es\/infantil\/series\/\" target=\"_blank\" rel=\"noopener noreferrer\">CLAN directo: 9-10h (6-8anys), 10-11h (8-10anys), 11-12h (11-12anys)<\/a><\/span><\/h4>\n<h4><span style=\"color: #0000ff;\"><a style=\"color: #0000ff;\" href=\"http:\/\/www.edu365.cat\/\" target=\"_blank\" rel=\"noopener noreferrer\">EDU365<\/a><\/span><\/h4>\n<h4><span style=\"color: #0000ff;\"><a style=\"color: #0000ff;\" href=\"https:\/\/www.aprenentamblesmans.cat\/educacio-infantil\/\" target=\"_blank\" rel=\"noopener noreferrer\">Aprenent amb mans petites\u00a0<\/a><\/span><\/h4>\n<h4><a href=\"http:\/\/agora.xtec.cat\/ceip-rllullrubi\/petits\/promocio-2017\/fem-numeros\/\" target=\"_blank\" rel=\"noopener noreferrer\"><span style=\"color: #0000ff;\">Fem n\u00fameros: practica el tra\u00e7\u00a0\u00a0<\/span><\/a><\/h4>\n<h4><a href=\"https:\/\/innovamat.com\/blog\/ca\/benvolgudes-families\/\" target=\"_blank\" rel=\"noopener noreferrer\"><span style=\"color: #0000ff;\">Laboratori dels Nombres<\/span><\/a><\/h4>\n<h4><span style=\"color: #0000ff;\"><a style=\"color: #0000ff;\" href=\"https:\/\/www.aprenentamblesmans.cat\/educacio-primaria\/\" target=\"_blank\" rel=\"noopener noreferrer\">Aprenent amb mans grans\u00a0<\/a><\/span><\/h4>\n<h4><span style=\"color: #0000ff;\"><a style=\"color: #0000ff;\" href=\"https:\/\/www.mundoprimaria.com\/juegos-educativos\" target=\"_blank\" rel=\"noopener noreferrer\">mundoprimaria\u00a0<\/a><\/span><\/h4>\n<h4><span style=\"color: #0000ff;\"><a style=\"color: #0000ff;\" href=\"https:\/\/info.tekmaneducation.com\/matematiques-a-casa\" target=\"_blank\" rel=\"noopener noreferrer\">tekman\u00a0<\/a><\/span><\/h4>\n<h4><span style=\"color: #0000ff;\"><a style=\"color: #0000ff;\" href=\"https:\/\/agora.xtec.cat\/ceip-rllullrubi\/mitjans\/promocio-2016\/juguem-amb-les-matematiques\/\" target=\"_blank\" rel=\"noopener noreferrer\">sudokus\u00a0<\/a><\/span><\/h4>\n<\/td>\n<\/tr>\n<tr style=\"height: 92px;\">\n<td style=\"width: 703px; height: 10px; text-align: center;\">\n<h4><span style=\"color: #0000ff;\"><a style=\"color: #0000ff;\" href=\"https:\/\/www.ccma.cat\/tv3\/directe\/super3\/\" target=\"_blank\" rel=\"noopener noreferrer\">10:20 \u201camb ulls de nen\u201d directe\u00a0\u00a0<\/a><\/span><\/h4>\n<\/td>\n<\/tr>\n<tr style=\"height: 70px;\">\n<td style=\"width: 703px; height: 70px; text-align: center;\">\n<h4><span style=\"color: #000000;\">mou-te<\/span><\/h4>\n<h4><span style=\"color: #0000ff;\"><a style=\"color: #0000ff;\" href=\"https:\/\/youtu.be\/AAx1fGjpc0w\" target=\"_blank\" rel=\"noopener noreferrer\">Frozen. Yoga para ni\u00f1os<\/a><\/span><\/h4>\n<\/td>\n<\/tr>\n<tr style=\"height: 31px;\">\n<td style=\"width: 703px; height: 31px; text-align: center;\">\n<h4><span style=\"color: #000000;\">dinar i descansar<\/span><\/h4>\n<\/td>\n<\/tr>\n<tr style=\"height: 110px;\">\n<td style=\"width: 703px; height: 86px; text-align: center;\">\n<h4><span style=\"color: #0000ff;\"><a style=\"color: #0000ff;\" href=\"https:\/\/agora.xtec.cat\/ceip-rllullrubi\/?p=5059&amp;preview=true\" target=\"_blank\" rel=\"noopener noreferrer\">18h-22h Juga amb els museus. Kahoot\u00a0<\/a><\/span><\/h4>\n<h4><span style=\"color: #0000ff;\"><a style=\"color: #0000ff;\" href=\"https:\/\/www.ccma.cat\/tv3\/super3\/infok\/\" target=\"_blank\" rel=\"noopener noreferrer\">19:30 \u201cinfo K\u201d<\/a><\/span><\/h4>\n<h4><span style=\"color: #0000ff;\"><a style=\"color: #0000ff;\" href=\"https:\/\/get.google.com\/albumarchive\/110258442099006389783\" target=\"_blank\" rel=\"noopener noreferrer\">\u00c0lbum de contes<\/a><\/span><\/h4>\n<h4><span style=\"color: #0000ff;\"><a style=\"color: #0000ff;\" href=\"https:\/\/www.ccma.cat\/tv3\/super3\/mic\/en-mic-i-els-seus-amics\/\" target=\"_blank\" rel=\"noopener noreferrer\">Mic i Super3<\/a><\/span><\/h4>\n<h4><span style=\"color: #0000ff;\"><a style=\"color: #0000ff;\" href=\"https:\/\/youtu.be\/GojNmCIhRF0\" target=\"_blank\" rel=\"noopener noreferrer\">Col\u00f2nies a casa!\u00a0<\/a><\/span><\/h4>\n<h4><span style=\"color: #0000ff;\"><a style=\"color: #0000ff;\" href=\"https:\/\/www.editorialflamboyant.com\/ca\/\" target=\"_blank\" rel=\"noopener noreferrer\">Flamboyant: <\/a> <a style=\"color: #0000ff;\" href=\"https:\/\/agora.xtec.cat\/ceip-rllullrubi\/wp-content\/uploads\/usu1358\/2020\/03\/La-selva.pdf\" target=\"_blank\" rel=\"noopener noreferrer\"><em>La selva<\/em><\/a>, <a style=\"color: #0000ff;\" href=\"https:\/\/agora.xtec.cat\/ceip-rllullrubi\/wp-content\/uploads\/usu1358\/2020\/03\/El-mar.pdf\" target=\"_blank\" rel=\"noopener noreferrer\"><em>El mar<\/em> <\/a>i <a style=\"color: #0000ff;\" href=\"https:\/\/agora.xtec.cat\/ceip-rllullrubi\/wp-content\/uploads\/usu1358\/2020\/03\/La-ciudad.pdf\" target=\"_blank\" rel=\"noopener noreferrer\"><em>La ciutat\u00a0\u00a0<\/em><\/a><\/span><\/h4>\n<\/td>\n<\/tr>\n<tr style=\"height: 54px;\">\n<td style=\"width: 703px; text-align: center; height: 54px;\">\n<h4><span style=\"color: #000000;\">sopar i&#8230;<\/span><\/h4>\n<h4 style=\"text-align: left;\"><img loading=\"lazy\" decoding=\"async\" class=\"aligncenter wp-image-4819 size-full\" src=\"https:\/\/agora.xtec.cat\/ceip-rllullrubi\/wp-content\/uploads\/usu1358\/2020\/03\/nanit.png\" alt=\"\" width=\"134\" height=\"204\" \/><\/h4>\n<\/td>\n<\/tr>\n<\/tbody>\n<\/table>\n<div><\/div>\n<div class=\"addtoany_share_save_container addtoany_content_bottom\">\n<div class=\"a2a_kit a2a_kit_size_32 addtoany_list\" data-a2a-url=\"https:\/\/agora.xtec.cat\/ceip-rllullrubi\/?p=4563\" data-a2a-title=\"CONF\u2019IDEES\"><\/div>\n<\/div>\n","protected":false},"excerpt":{"rendered":"<p>&nbsp;<\/p>\n<p>esmorzem i posem la setmana en marxa<\/p>\n<p>ja has descobert qu\u00e8 ser\u00e0s avui? MA+TE+M\u00c0+TIC\u00a0<br \/>\n<a style=\"color: #0000ff;\" href=\"https:\/\/www.rtve.es\/infantil\/series\/\" target=\"_blank\" rel=\"noopener noreferrer\">CLAN directo: 9-10h (6-8anys), 10-11h (8-10anys), 11-12h (11-12anys)<\/a><br \/>\n<a style=\"color: #0000ff;\" href=\"http:\/\/www.edu365.cat\/\" target=\"_blank\" rel=\"noopener noreferrer\">EDU365<\/a><br \/>\n<a style=\"color: #0000ff;\" href=\"https:\/\/www.aprenentamblesmans.cat\/educacio-infantil\/\" target=\"_blank\" rel=\"noopener noreferrer\">Aprenent amb mans petites\u00a0<\/a><br \/>\n<a href=\"http:\/\/agora.xtec.cat\/ceip-rllullrubi\/petits\/promocio-2017\/fem-numeros\/\" target=\"_blank\" rel=\"noopener noreferrer\">Fem&hellip;  <a href=\"https:\/\/agora.xtec.cat\/ceip-rllullrubi\/dillunsjoemquedoacasa\/\" title=\"Read dilluns#joemquedoacasa\">Llegeix m\u00e9s\u00bb<\/a><\/p>\n","protected":false},"author":1,"featured_media":0,"parent":0,"menu_order":0,"comment_status":"closed","ping_status":"closed","template":"page-templates\/side-menu.php","meta":{"_bbp_topic_count":0,"_bbp_reply_count":0,"_bbp_total_topic_count":0,"_bbp_total_reply_count":0,"_bbp_voice_count":0,"_bbp_anonymous_reply_count":0,"_bbp_topic_count_hidden":0,"_bbp_reply_count_hidden":0,"_bbp_forum_subforum_count":0,"footnotes":""},"class_list":["post-4792","page","type-page","status-publish","hentry"],"post_mailing_queue_ids":[],"_links":{"self":[{"href":"https:\/\/agora.xtec.cat\/ceip-rllullrubi\/wp-json\/wp\/v2\/pages\/4792","targetHints":{"allow":["GET"]}}],"collection":[{"href":"https:\/\/agora.xtec.cat\/ceip-rllullrubi\/wp-json\/wp\/v2\/pages"}],"about":[{"href":"https:\/\/agora.xtec.cat\/ceip-rllullrubi\/wp-json\/wp\/v2\/types\/page"}],"author":[{"embeddable":true,"href":"https:\/\/agora.xtec.cat\/ceip-rllullrubi\/wp-json\/wp\/v2\/users\/1"}],"replies":[{"embeddable":true,"href":"https:\/\/agora.xtec.cat\/ceip-rllullrubi\/wp-json\/wp\/v2\/comments?post=4792"}],"version-history":[{"count":4,"href":"https:\/\/agora.xtec.cat\/ceip-rllullrubi\/wp-json\/wp\/v2\/pages\/4792\/revisions"}],"predecessor-version":[{"id":6197,"href":"https:\/\/agora.xtec.cat\/ceip-rllullrubi\/wp-json\/wp\/v2\/pages\/4792\/revisions\/6197"}],"wp:attachment":[{"href":"https:\/\/agora.xtec.cat\/ceip-rllullrubi\/wp-json\/wp\/v2\/media?parent=4792"}],"curies":[{"name":"wp","href":"https:\/\/api.w.org\/{rel}","templated":true}]}}