{"id":3943,"date":"2020-01-22T13:46:38","date_gmt":"2020-01-22T12:46:38","guid":{"rendered":"http:\/\/agora.xtec.cat\/ceip-rllullrubi\/?page_id=3943"},"modified":"2024-10-02T06:49:19","modified_gmt":"2024-10-02T04:49:19","slug":"programa-50-50","status":"publish","type":"page","link":"https:\/\/agora.xtec.cat\/ceip-rllullrubi\/transformem-el-mon\/programa-50-50\/","title":{"rendered":"Programa 50\/50"},"content":{"rendered":"<p class=\" \">L&#8217;estalvi i l&#8217;efici\u00e8ncia energ\u00e8tica s\u00f3n valors ecol\u00f2gics del nostre dia a dia. Aquesta iniciativa creix tamb\u00e9 en els centres educatius amb programes com <strong><a class=\"external-link\" title=\"Projecte europeu 50\/50\" href=\"http:\/\/euronet50-50max.eu\/es\/\" target=\"_blank\" rel=\"noopener noreferrer\">EURONET 50\/<\/a><\/strong><strong><a class=\"external-link\" title=\"Projecte europeu 50\/50\" href=\"http:\/\/http\/\/euronet50-50max.eu\/es\/\" target=\"_self\" rel=\"noopener noreferrer\">50<\/a><\/strong>.<\/p>\n<p><img loading=\"lazy\" decoding=\"async\" class=\"aligncenter wp-image-13406 size-full\" src=\"https:\/\/agora.xtec.cat\/ceip-rllullrubi\/wp-content\/uploads\/usu1358\/2023\/08\/euronet.png\" alt=\"\" width=\"257\" height=\"100\" \/><\/p>\n<p><span lang=\"ca\"><span id=\"result_box\" lang=\"ca\" tabindex=\"-1\">L&#8217;objectiu del projecte \u00e9s conscienciar, fomentar h\u00e0bits sostenibles i apoderar comunitats educatives per aconseguir un canvi de conductes al voltant del consum d&#8217;energia i aigua.<\/span><\/span><\/p>\n<p><span lang=\"ca\"><span id=\"result_box\" lang=\"ca\" tabindex=\"-1\"><a href=\"https:\/\/www.rubi.cat\/ca\/temes\/rubi-brilla\/dades-energia-i-digitalitzacio\" target=\"_blank\" rel=\"noopener\">Rub\u00ed Brilla<\/a> va agafar la idea i li va donar una volta, evolucionant el projecte, dissenyant una metodologia amb monitoratge en temps real de consums, indicadors de consum i econ\u00f2mics i m\u00e9s incentius per a la participaci\u00f3 i implicaci\u00f3 activa de tota la comunitat educativa. Tot plegat ha fet possible uns\u00a0<strong>resultats en estalvis i efici\u00e8ncia exponencialment m\u00e9s grans que a la idea origin\u00e0ria<\/strong>. Els\u00a0incentius\u00a0econ\u00f2mics\u00a0perqu\u00e8 les escoles\u00a0i\u00a0els\u00a0administradors\u00a0dels\u00a0edificis\u00a0escolars\u00a0estalvi\u00efn\u00a0energia\u00a0s\u00f3n:<br \/>\n<\/span><\/span><\/p>\n<ul>\n<li><span lang=\"ca\"><span id=\"result_box\" lang=\"ca\" tabindex=\"-1\">El 50% de l&#8217;estalvi\u00a0es\u00a0lliura a la\u00a0comunitat\u00a0educativa\u00a0en forma\u00a0de premi.<\/span><\/span><\/li>\n<li><span lang=\"ca\"><span id=\"result_box\" lang=\"ca\" tabindex=\"-1\">El\u00a050%\u00a0restant\u00a0\u00e9s\u00a0un estalvi\u00a0net per a l&#8217;organisme\u00a0encarregat de l&#8217;administraci\u00f3\u00a0financera\u00a0del centre que\u00a0es\u00a0compromet\u00a0a\u00a0destinar-lo a\u00a0petites\u00a0inversions en efici\u00e8ncia\u00a0amb\u00a0les quals\u00a0generar nous\u00a0estalvis.<\/span><\/span><\/li>\n<\/ul>\n<p><span lang=\"ca\"><span id=\"result_box\" lang=\"ca\" tabindex=\"-1\">Con\u00e8ixer,\u00a0entendre, ser conscient\u00a0i participar\u00a0en el canvi\u00a0d&#8217;h\u00e0bits\u00a0i\u00a0de comportament\u00a0per construir un\u00a0futur\u00a0energ\u00e8ticament\u00a0sostenible\u00a0\u00e9s clau\u00a0en la transformaci\u00f3 de l&#8217;actual model\u00a0energ\u00e8tic\u00a0en un de m\u00e9s\u00a0just,\u00a0democr\u00e0tic\u00a0i sostenible.<\/span><span id=\"result_box\" lang=\"ca\" tabindex=\"-1\"><\/span><\/span><\/p>\n<p><span lang=\"ca\"><span id=\"result_box\" lang=\"ca\" tabindex=\"-1\">Mitjan\u00e7ant la creaci\u00f3\u00a0d&#8217;<em>equips<\/em><em>\u00a0energ\u00e8tics<\/em>\u00a0formats per\u00a0alumnat,\u00a0professorat, personal\u00a0de menjador,\u00a0neteja\u00a0o consergeria\u00a0dels\u00a0col\u00b7legis,\u00a0centres\u00a0esportius\u00a0i\u00a0culturals, s&#8217;aconsegueix\u00a0transformar\u00a0h\u00e0bits\u00a0i\u00a0reduir\u00a0considerablement\u00a0la despesa en\u00a0energia.<\/span><\/span><\/p>\n<p><a href=\"https:\/\/agora.xtec.cat\/ceip-rllullrubi\/wp-content\/uploads\/usu1358\/2020\/01\/carta-escoles.pdf\" target=\"_blank\" rel=\"noopener noreferrer\">Carta de l&#8217;Alcaldessa. Agra\u00efment<\/a><\/p>\n","protected":false},"excerpt":{"rendered":"<p>L&#8217;estalvi i l&#8217;efici\u00e8ncia energ\u00e8tica s\u00f3n valors ecol\u00f2gics del nostre dia a dia. Aquesta iniciativa creix tamb\u00e9 en els centres educatius amb programes com <a class=\"external-link\" title=\"Projecte europeu 50\/50\" href=\"http:\/\/euronet50-50max.eu\/es\/\" target=\"_blank\" rel=\"noopener noreferrer\">EURONET 50\/<\/a><a class=\"external-link\" title=\"Projecte europeu 50\/50\" href=\"http:\/\/http\/\/euronet50-50max.eu\/es\/\" target=\"_self\" rel=\"noopener noreferrer\">50<\/a>.<\/p>\n<p>L&#8217;objectiu del projecte \u00e9s conscienciar,&hellip;  <a href=\"https:\/\/agora.xtec.cat\/ceip-rllullrubi\/transformem-el-mon\/programa-50-50\/\" title=\"Read Programa 50\/50\">Llegeix m\u00e9s\u00bb<\/a><\/p>\n","protected":false},"author":1,"featured_media":0,"parent":13391,"menu_order":80,"comment_status":"closed","ping_status":"closed","template":"page-templates\/side-menu.php","meta":{"_bbp_topic_count":0,"_bbp_reply_count":0,"_bbp_total_topic_count":0,"_bbp_total_reply_count":0,"_bbp_voice_count":0,"_bbp_anonymous_reply_count":0,"_bbp_topic_count_hidden":0,"_bbp_reply_count_hidden":0,"_bbp_forum_subforum_count":0,"footnotes":""},"class_list":["post-3943","page","type-page","status-publish","hentry"],"post_mailing_queue_ids":[],"_links":{"self":[{"href":"https:\/\/agora.xtec.cat\/ceip-rllullrubi\/wp-json\/wp\/v2\/pages\/3943","targetHints":{"allow":["GET"]}}],"collection":[{"href":"https:\/\/agora.xtec.cat\/ceip-rllullrubi\/wp-json\/wp\/v2\/pages"}],"about":[{"href":"https:\/\/agora.xtec.cat\/ceip-rllullrubi\/wp-json\/wp\/v2\/types\/page"}],"author":[{"embeddable":true,"href":"https:\/\/agora.xtec.cat\/ceip-rllullrubi\/wp-json\/wp\/v2\/users\/1"}],"replies":[{"embeddable":true,"href":"https:\/\/agora.xtec.cat\/ceip-rllullrubi\/wp-json\/wp\/v2\/comments?post=3943"}],"version-history":[{"count":4,"href":"https:\/\/agora.xtec.cat\/ceip-rllullrubi\/wp-json\/wp\/v2\/pages\/3943\/revisions"}],"predecessor-version":[{"id":13412,"href":"https:\/\/agora.xtec.cat\/ceip-rllullrubi\/wp-json\/wp\/v2\/pages\/3943\/revisions\/13412"}],"up":[{"embeddable":true,"href":"https:\/\/agora.xtec.cat\/ceip-rllullrubi\/wp-json\/wp\/v2\/pages\/13391"}],"wp:attachment":[{"href":"https:\/\/agora.xtec.cat\/ceip-rllullrubi\/wp-json\/wp\/v2\/media?parent=3943"}],"curies":[{"name":"wp","href":"https:\/\/api.w.org\/{rel}","templated":true}]}}