{"id":28,"date":"2014-09-18T12:29:35","date_gmt":"2014-09-18T11:29:35","guid":{"rendered":"http:\/\/agora.xtec.cat\/ceip-rllullrubi\/?page_id=28"},"modified":"2025-12-15T22:12:12","modified_gmt":"2025-12-15T21:12:12","slug":"consell-escolar","status":"publish","type":"page","link":"https:\/\/agora.xtec.cat\/ceip-rllullrubi\/lescola\/consell-escolar\/","title":{"rendered":"Consell escolar"},"content":{"rendered":"<p>El consell escolar del centre \u00e9s l&#8217;\u00f2rgan col\u00b7legiat de participaci\u00f3\u00a0de la comunitat escolar en el govern del centre.<\/p>\n<p>En el consell escolar hi ha representats els col\u00b7lectius que intervenen en la comunitat educativa: direcci\u00f3, professorat, fam\u00edlies, personal d&#8217;administraci\u00f3 i serveis i representant de l&#8217;administraci\u00f3 local.<\/p>\n<p>Les funcions principals del consell escolar \u00e9s participar en la presa de decisions en relaci\u00f3 amb aquells temes importants per al funcionament i l&#8217;organitzaci\u00f3 del centre i vetllar per: el projecte educatiu, la programaci\u00f3 general, les normes de funcionament o la gesti\u00f3 econ\u00f2mica, entre d&#8217;altres.<\/p>\n<p>Trobareu m\u00e9s informaci\u00f3 sobre tot aix\u00f2 a la <a href=\"http:\/\/familiaiescola.gencat.cat\/ca\/recomanacions\/recomanacions\/eleccions_als_consells_escolars\/\" target=\"_blank\" rel=\"noopener noreferrer\">Web Fam\u00edlia i Escola<\/a>.<\/p>\n<ol>\n<li><span style=\"text-decoration: underline;\">Els MEMBRES del Consell Escolar del Ramon Llull s\u00f3n:<\/span><\/li>\n<\/ol>\n<table style=\"height: 533px; width: 100%;\" width=\"100%\">\n<tbody>\n<tr style=\"height: 31px;\">\n<td style=\"height: 31px;\" width=\"39%\"><strong>Yolanda Gim\u00e9nez D\u00edaz<\/strong><\/td>\n<td style=\"height: 31px;\" width=\"60%\"><strong>Presidenta\u00a0<\/strong><\/td>\n<\/tr>\n<tr style=\"height: 31px;\">\n<td style=\"height: 31px;\" width=\"39%\"><strong>Pilar Hidalgo Castillo<\/strong><\/td>\n<td style=\"height: 31px;\" width=\"60%\"><strong style=\"background-color: #ffffff;\">Cap d&#8217;estudis<\/strong><\/td>\n<\/tr>\n<tr style=\"height: 31px;\">\n<td style=\"height: 31px;\" width=\"39%\"><strong style=\"background-color: #f9f9f9;\">Meritxell Maronas Gras<\/strong><\/td>\n<td style=\"height: 31px;\" width=\"60%\"><strong style=\"background-color: #ffffff;\">Secret\u00e0ria<\/strong><\/td>\n<\/tr>\n<tr style=\"height: 31px;\">\n<td style=\"height: 31px;\" width=\"39%\"><strong style=\"background-color: #ffffff;\">Cinta Casa\u00f1ola Ribes<\/strong><\/td>\n<td style=\"height: 31px;\" width=\"60%\"><strong>Representant mestres\u00a0<\/strong><\/td>\n<\/tr>\n<tr style=\"height: 31px;\">\n<td style=\"height: 31px;\" width=\"39%\"><strong>Oriol Claret Olivart<\/strong><\/td>\n<td style=\"height: 31px;\" width=\"60%\"><strong>Representant mestres<\/strong><\/td>\n<\/tr>\n<tr style=\"height: 31px;\">\n<td style=\"height: 31px;\" width=\"39%\"><strong>Sandra Gil Climent<\/strong><\/td>\n<td style=\"height: 31px;\" width=\"60%\"><strong>Representant mestres<\/strong><\/td>\n<\/tr>\n<tr style=\"height: 31px;\">\n<td style=\"height: 31px;\" width=\"39%\"><strong>Marta Gim\u00e9nez Rodr\u00edguez<\/strong><\/td>\n<td style=\"height: 31px;\" width=\"60%\"><strong>Representant mestres<\/strong><\/td>\n<\/tr>\n<tr style=\"height: 31px;\">\n<td style=\"height: 31px;\" width=\"39%\"><strong style=\"background-color: #ffffff;\">Olga Giralt Rodr\u00edguez<\/strong><\/td>\n<td style=\"height: 31px;\" width=\"60%\"><strong>Representant mestres<\/strong><\/td>\n<\/tr>\n<tr style=\"height: 33px;\">\n<td style=\"height: 33px;\"><strong style=\"background-color: #f9f9f9;\">Albert Marcos Aldea<\/strong><\/td>\n<td style=\"height: 33px;\"><strong>Representant mestres<\/strong><\/td>\n<\/tr>\n<tr style=\"height: 31px;\">\n<td style=\"height: 31px;\" width=\"39%\"><strong style=\"background-color: #ffffff;\">Mariam El Amrani Motaouakkel<\/strong><\/td>\n<td style=\"height: 31px;\" width=\"60%\"><strong>Representant pares i mares<\/strong><\/td>\n<\/tr>\n<tr style=\"height: 31px;\">\n<td style=\"height: 31px;\" width=\"39%\"><strong>Nathalie Krywenskyj<\/strong><\/td>\n<td style=\"height: 31px;\" width=\"60%\"><strong>Representant pares i mares<\/strong><\/td>\n<\/tr>\n<tr style=\"height: 31px;\">\n<td style=\"height: 31px;\" width=\"39%\"><strong>Berta Mart\u00edn Abad<\/strong><\/td>\n<td style=\"height: 31px;\" width=\"60%\"><strong>Representant pares i mares<\/strong><\/td>\n<\/tr>\n<tr style=\"height: 31px;\">\n<td style=\"height: 31px;\" width=\"39%\"><strong>Jenifer Mart\u00edn Bernet<\/strong><\/td>\n<td style=\"height: 31px;\" width=\"60%\"><strong>Representant pares i mares\u00a0<\/strong><\/td>\n<\/tr>\n<tr style=\"height: 33px;\">\n<td style=\"height: 33px;\"><strong>Laura Romero Rodr\u00edguez<\/strong><\/td>\n<td style=\"height: 33px;\"><strong style=\"background-color: #ffffff;\">Representant pares i mares<\/strong><\/td>\n<\/tr>\n<tr style=\"height: 33px;\">\n<td style=\"height: 33px;\"><strong>Bego\u00f1a Hurtado Villarejo<\/strong><\/td>\n<td style=\"height: 33px;\"><strong style=\"background-color: #f9f9f9;\">Representant pares i mares (AFA)<\/strong><\/td>\n<\/tr>\n<tr style=\"height: 31px;\">\n<td style=\"height: 31px;\" width=\"39%\"><strong>Cristina Granado Valverde<\/strong><\/td>\n<td style=\"height: 31px;\" width=\"60%\"><strong>Repre<\/strong><strong>sentant PAE<\/strong><\/td>\n<\/tr>\n<tr style=\"height: 31px;\">\n<td style=\"height: 31px;\" width=\"39%\"><strong>Gabriela Orefice Bacci<\/strong><\/td>\n<td style=\"height: 31px;\" width=\"60%\"><strong>Representant Ajuntament<\/strong><\/td>\n<\/tr>\n<\/tbody>\n<\/table>\n<p><span style=\"text-decoration: underline;\">2. COMISSIONS <\/span><em>Pendent de publicar<\/em><\/p>\n<table style=\"width: 87.3397%; height: 165px;\">\n<tbody>\n<tr style=\"height: 31px;\">\n<td style=\"height: 10px; width: 100%;\" width=\"39%\"><em>COMUNICACI\u00d3<\/em><\/td>\n<\/tr>\n<tr style=\"height: 31px;\">\n<td style=\"height: 31px; width: 100%;\" width=\"39%\"><em><span style=\"background-color: #ffffff;\">CONVIV\u00c8NCIA\u00a0<\/span><\/em><\/td>\n<\/tr>\n<tr style=\"height: 31px;\">\n<td style=\"height: 31px; width: 100%;\" width=\"39%\"><em><span style=\"background-color: #f9f9f9;\">D&#8217;OBRES, DE MANTENIMENT I D&#8217;ENTORN\u00a0<\/span><\/em><\/td>\n<\/tr>\n<tr style=\"height: 31px;\">\n<td style=\"height: 31px; width: 100%;\" width=\"39%\"><em><span style=\"background-color: #ffffff;\">ECONOMIA\u00a0<\/span><\/em><\/td>\n<\/tr>\n<tr style=\"height: 31px;\">\n<td style=\"height: 31px; width: 100%;\" width=\"39%\"><em><span style=\"background-color: #f9f9f9;\">IGUALTAT\u00a0<\/span><\/em><\/td>\n<\/tr>\n<tr style=\"height: 31px;\">\n<td style=\"height: 31px; width: 100%;\" width=\"39%\"><em><span style=\"background-color: #ffffff;\">PERMANENT\u00a0<\/span><\/em><\/td>\n<\/tr>\n<\/tbody>\n<\/table>\n<p>&nbsp;<\/p>\n","protected":false},"excerpt":{"rendered":"<p>El consell escolar del centre \u00e9s l&#8217;\u00f2rgan col\u00b7legiat de participaci\u00f3\u00a0de la comunitat escolar en el govern del centre.<br \/>\nEn el consell escolar hi ha representats els col\u00b7lectius que intervenen en la comunitat educativa: direcci\u00f3, professorat, fam\u00edlies, personal d&#8217;administraci\u00f3 i serveis i representant de l&#8217;administraci\u00f3 local.<br \/>\nLes funcions&hellip;  <a href=\"https:\/\/agora.xtec.cat\/ceip-rllullrubi\/lescola\/consell-escolar\/\" title=\"Read Consell escolar\">Llegeix m\u00e9s\u00bb<\/a><\/p>\n","protected":false},"author":1,"featured_media":0,"parent":22,"menu_order":50,"comment_status":"closed","ping_status":"closed","template":"page-templates\/side-menu.php","meta":{"_bbp_topic_count":0,"_bbp_reply_count":0,"_bbp_total_topic_count":0,"_bbp_total_reply_count":0,"_bbp_voice_count":0,"_bbp_anonymous_reply_count":0,"_bbp_topic_count_hidden":0,"_bbp_reply_count_hidden":0,"_bbp_forum_subforum_count":0,"footnotes":""},"class_list":["post-28","page","type-page","status-publish","hentry"],"post_mailing_queue_ids":[],"_links":{"self":[{"href":"https:\/\/agora.xtec.cat\/ceip-rllullrubi\/wp-json\/wp\/v2\/pages\/28","targetHints":{"allow":["GET"]}}],"collection":[{"href":"https:\/\/agora.xtec.cat\/ceip-rllullrubi\/wp-json\/wp\/v2\/pages"}],"about":[{"href":"https:\/\/agora.xtec.cat\/ceip-rllullrubi\/wp-json\/wp\/v2\/types\/page"}],"author":[{"embeddable":true,"href":"https:\/\/agora.xtec.cat\/ceip-rllullrubi\/wp-json\/wp\/v2\/users\/1"}],"replies":[{"embeddable":true,"href":"https:\/\/agora.xtec.cat\/ceip-rllullrubi\/wp-json\/wp\/v2\/comments?post=28"}],"version-history":[{"count":7,"href":"https:\/\/agora.xtec.cat\/ceip-rllullrubi\/wp-json\/wp\/v2\/pages\/28\/revisions"}],"predecessor-version":[{"id":16523,"href":"https:\/\/agora.xtec.cat\/ceip-rllullrubi\/wp-json\/wp\/v2\/pages\/28\/revisions\/16523"}],"up":[{"embeddable":true,"href":"https:\/\/agora.xtec.cat\/ceip-rllullrubi\/wp-json\/wp\/v2\/pages\/22"}],"wp:attachment":[{"href":"https:\/\/agora.xtec.cat\/ceip-rllullrubi\/wp-json\/wp\/v2\/media?parent=28"}],"curies":[{"name":"wp","href":"https:\/\/api.w.org\/{rel}","templated":true}]}}