{"id":2664,"date":"2018-11-18T19:23:38","date_gmt":"2018-11-18T18:23:38","guid":{"rendered":"http:\/\/agora.xtec.cat\/ceip-rllullrubi\/?page_id=2664"},"modified":"2025-10-29T16:26:12","modified_gmt":"2025-10-29T15:26:12","slug":"presentacio-de-candidatures","status":"publish","type":"page","link":"https:\/\/agora.xtec.cat\/ceip-rllullrubi\/lescola\/consell-escolar\/presentacio-de-candidatures\/","title":{"rendered":"Presentaci\u00f3 de candidatures 2025"},"content":{"rendered":"<h4 id=\"FW_bloc_951ef9be-5613-11e4-9770-000c29cdf219_11\" class=\"FW_ancora\">Presentar-me com a candidat o candidata, qu\u00e8 vol dir ser representant de les fam\u00edlies al Consell escolar?<\/h4>\n<div class=\"FW_sArticleFoto\">\n<div class=\"FW_sEditPro\">\n<p>Els pares, mares i tutors legals dels alumnes matriculats a l&#8217;escola, per mitj\u00e0 dels representants escollits en les eleccions, formen part del Consell escolar.<\/p>\n<p>Aquest\u00a0<em>sector\u00a0<\/em>representa la tercera part dels membres del CEC.<\/p>\n<p>Les mares, pares i tutors legals representants al consell opinen, aproven, avaluen i elaboren propostes per a la millora del funcionament de l&#8217;escola.<\/p>\n<p>La vostra participaci\u00f3 en el consell escolar vol dir, tamb\u00e9, fer una tasca de representaci\u00f3. Aix\u00f2 significa que, com a membres del consell, la vostra participaci\u00f3 no \u00e9s a t\u00edtol individual sin\u00f3 en representaci\u00f3 de totes les fam\u00edlies, donant veu a les seves peticions, preocupacions i iniciatives.<\/p>\n<p>El fet de sortir elegit\/ada representa formar part del Consell Escolar durant 4 anys (veure\u00a0<a href=\"https:\/\/educacio.gencat.cat\/ca\/arees-actuacio\/centres-serveis-educatius\/centres\/consells-escolars-centres\/centres-publics\/\" target=\"_blank\" rel=\"noopener\">informaci\u00f3<\/a>).<\/p>\n<p><span style=\"font-family: inherit; font-size: 1em;\">Els professionals de l&#8217;escola i les fam\u00edlies compartim un objectiu:\u00a0l&#8217;\u00e8xit social i personal dels fills. Les decisions que es prenen al consell escolar s\u00f3n claus\u00a0per al funcionament i la millora del centre i, per tant, tamb\u00e9 per a l&#8217;\u00e8xit educatiu de tots els alumnes. \u00c9s per aquest motiu que la participaci\u00f3 i implicaci\u00f3 de les fam\u00edlies en les eleccions al consell escolar \u00e9s tan important.<\/span><\/p>\n<\/div>\n<\/div>\n<div class=\"FW_sArticleFoto\">\n<div class=\"FW_sEditPro\">Participa i presenta la teva a la secretaria de l&#8217;escola !!<\/div>\n<\/div>\n<div><\/div>\n","protected":false},"excerpt":{"rendered":"<p>Presentar-me com a candidat o candidata, qu\u00e8 vol dir ser representant de les fam\u00edlies al Consell escolar?<\/p>\n<p>Els pares, mares i tutors legals dels alumnes matriculats a l&#8217;escola, per mitj\u00e0 dels representants escollits en les eleccions, formen part del Consell escolar.<br \/>\nAquest\u00a0sector\u00a0representa la tercera part dels membres&hellip;  <a href=\"https:\/\/agora.xtec.cat\/ceip-rllullrubi\/lescola\/consell-escolar\/presentacio-de-candidatures\/\" title=\"Read Presentaci\u00f3 de candidatures 2025\">Llegeix m\u00e9s\u00bb<\/a><\/p>\n","protected":false},"author":1,"featured_media":0,"parent":28,"menu_order":500,"comment_status":"closed","ping_status":"closed","template":"page-templates\/side-menu.php","meta":{"_bbp_topic_count":0,"_bbp_reply_count":0,"_bbp_total_topic_count":0,"_bbp_total_reply_count":0,"_bbp_voice_count":0,"_bbp_anonymous_reply_count":0,"_bbp_topic_count_hidden":0,"_bbp_reply_count_hidden":0,"_bbp_forum_subforum_count":0,"footnotes":""},"class_list":["post-2664","page","type-page","status-publish","hentry"],"post_mailing_queue_ids":[],"_links":{"self":[{"href":"https:\/\/agora.xtec.cat\/ceip-rllullrubi\/wp-json\/wp\/v2\/pages\/2664","targetHints":{"allow":["GET"]}}],"collection":[{"href":"https:\/\/agora.xtec.cat\/ceip-rllullrubi\/wp-json\/wp\/v2\/pages"}],"about":[{"href":"https:\/\/agora.xtec.cat\/ceip-rllullrubi\/wp-json\/wp\/v2\/types\/page"}],"author":[{"embeddable":true,"href":"https:\/\/agora.xtec.cat\/ceip-rllullrubi\/wp-json\/wp\/v2\/users\/1"}],"replies":[{"embeddable":true,"href":"https:\/\/agora.xtec.cat\/ceip-rllullrubi\/wp-json\/wp\/v2\/comments?post=2664"}],"version-history":[{"count":6,"href":"https:\/\/agora.xtec.cat\/ceip-rllullrubi\/wp-json\/wp\/v2\/pages\/2664\/revisions"}],"predecessor-version":[{"id":16398,"href":"https:\/\/agora.xtec.cat\/ceip-rllullrubi\/wp-json\/wp\/v2\/pages\/2664\/revisions\/16398"}],"up":[{"embeddable":true,"href":"https:\/\/agora.xtec.cat\/ceip-rllullrubi\/wp-json\/wp\/v2\/pages\/28"}],"wp:attachment":[{"href":"https:\/\/agora.xtec.cat\/ceip-rllullrubi\/wp-json\/wp\/v2\/media?parent=2664"}],"curies":[{"name":"wp","href":"https:\/\/api.w.org\/{rel}","templated":true}]}}