{"id":2654,"date":"2018-11-13T20:51:13","date_gmt":"2018-11-13T19:51:13","guid":{"rendered":"http:\/\/agora.xtec.cat\/ceip-rllullrubi\/?page_id=2654"},"modified":"2025-10-29T15:10:20","modified_gmt":"2025-10-29T14:10:20","slug":"cens-electoral-provisional","status":"publish","type":"page","link":"https:\/\/agora.xtec.cat\/ceip-rllullrubi\/lescola\/consell-escolar\/cens-electoral-provisional\/","title":{"rendered":"Cens electoral 2025"},"content":{"rendered":"<p>Per un tema de protecci\u00f3 de dades no es pot penjar a la web els<strong> llistats del cens dels pares, mares i tutors legals dels alumnes de l&#8217;escola.<\/strong><\/p>\n<p>El cens el trobareu <strong>penjat al costat de secretaria<\/strong> dins del recinte escolar i els podreu consultar en horari d&#8217;entrada i sortida escolar.<\/p>\n<p>Heu de comprovar que les dades s\u00f3n correctes sin\u00f3 no podreu votar.<\/p>\n<p><span style=\"font-family: inherit; font-size: 1em;\">En cas d&#8217;haver de presentar una reclamaci\u00f3 (ex. <em>no hi soc al cens<\/em>, <em>alguna dada incorrecta<\/em>&#8230;) parleu amb secretaria.\u00a0<\/span><\/p>\n<p>IMPORTANT. Us informem que <span style=\"text-decoration: underline;\">no<\/span> est\u00e0 perm\u00e8s fer fotografies d&#8217;aquests llistats ni la seva difusi\u00f3.<\/p>\n","protected":false},"excerpt":{"rendered":"<p>Per un tema de protecci\u00f3 de dades no es pot penjar a la web els llistats del cens dels pares, mares i tutors legals dels alumnes de l&#8217;escola.<br \/>\nEl cens el trobareu penjat al costat de secretaria dins del recinte escolar i els podreu consultar en&hellip;  <a href=\"https:\/\/agora.xtec.cat\/ceip-rllullrubi\/lescola\/consell-escolar\/cens-electoral-provisional\/\" title=\"Read Cens electoral 2025\">Llegeix m\u00e9s\u00bb<\/a><\/p>\n","protected":false},"author":1,"featured_media":0,"parent":28,"menu_order":300,"comment_status":"closed","ping_status":"closed","template":"page-templates\/side-menu.php","meta":{"_bbp_topic_count":0,"_bbp_reply_count":0,"_bbp_total_topic_count":0,"_bbp_total_reply_count":0,"_bbp_voice_count":0,"_bbp_anonymous_reply_count":0,"_bbp_topic_count_hidden":0,"_bbp_reply_count_hidden":0,"_bbp_forum_subforum_count":0,"footnotes":""},"class_list":["post-2654","page","type-page","status-publish","hentry"],"post_mailing_queue_ids":[],"_links":{"self":[{"href":"https:\/\/agora.xtec.cat\/ceip-rllullrubi\/wp-json\/wp\/v2\/pages\/2654","targetHints":{"allow":["GET"]}}],"collection":[{"href":"https:\/\/agora.xtec.cat\/ceip-rllullrubi\/wp-json\/wp\/v2\/pages"}],"about":[{"href":"https:\/\/agora.xtec.cat\/ceip-rllullrubi\/wp-json\/wp\/v2\/types\/page"}],"author":[{"embeddable":true,"href":"https:\/\/agora.xtec.cat\/ceip-rllullrubi\/wp-json\/wp\/v2\/users\/1"}],"replies":[{"embeddable":true,"href":"https:\/\/agora.xtec.cat\/ceip-rllullrubi\/wp-json\/wp\/v2\/comments?post=2654"}],"version-history":[{"count":6,"href":"https:\/\/agora.xtec.cat\/ceip-rllullrubi\/wp-json\/wp\/v2\/pages\/2654\/revisions"}],"predecessor-version":[{"id":16392,"href":"https:\/\/agora.xtec.cat\/ceip-rllullrubi\/wp-json\/wp\/v2\/pages\/2654\/revisions\/16392"}],"up":[{"embeddable":true,"href":"https:\/\/agora.xtec.cat\/ceip-rllullrubi\/wp-json\/wp\/v2\/pages\/28"}],"wp:attachment":[{"href":"https:\/\/agora.xtec.cat\/ceip-rllullrubi\/wp-json\/wp\/v2\/media?parent=2654"}],"curies":[{"name":"wp","href":"https:\/\/api.w.org\/{rel}","templated":true}]}}