{"id":2635,"date":"2018-11-13T20:04:42","date_gmt":"2018-11-13T19:04:42","guid":{"rendered":"http:\/\/agora.xtec.cat\/ceip-rllullrubi\/?page_id=2635"},"modified":"2023-11-18T18:42:05","modified_gmt":"2023-11-18T17:42:05","slug":"junts-x-leducacio","status":"publish","type":"page","link":"https:\/\/agora.xtec.cat\/ceip-rllullrubi\/lescola\/consell-escolar\/junts-x-leducacio\/","title":{"rendered":"Junts x l&#8217;Educaci\u00f3"},"content":{"rendered":"<p style=\"text-align: center;\">A la p\u00e0gina <a href=\"https:\/\/educacio.gencat.cat\/ca\/arees-actuacio\/centres-serveis-educatius\/centres\/consells-escolars-centres\/index.html\" target=\"_blank\" rel=\"noopener\">Gencat<\/a><\/p>\n<h4 id=\"FW_bloc_aea106f6-5618-11e4-9770-000c29cdf219_1\" class=\"FW_ancora\" style=\"text-align: center;\">\u00c8XIT EDUCATIU, UN OBJECTIU I UNA RESPONSABILITAT DE TOTA LA COMUNITAT EDUCATIVA!<\/h4>\n<p style=\"text-align: center;\">Aqu\u00ed trobareu la informaci\u00f3 i normativa respecte a aquest proc\u00e9s.<\/p>\n","protected":false},"excerpt":{"rendered":"<p>A la p\u00e0gina <a href=\"https:\/\/educacio.gencat.cat\/ca\/arees-actuacio\/centres-serveis-educatius\/centres\/consells-escolars-centres\/index.html\" target=\"_blank\" rel=\"noopener\">Gencat<\/a><br \/>\n\u00c8XIT EDUCATIU, UN OBJECTIU I UNA RESPONSABILITAT DE TOTA LA COMUNITAT EDUCATIVA!<br \/>\nAqu\u00ed trobareu la informaci\u00f3 i normativa respecte a aquest proc\u00e9s.<\/p>\n","protected":false},"author":1,"featured_media":0,"parent":28,"menu_order":100,"comment_status":"closed","ping_status":"closed","template":"page-templates\/side-menu.php","meta":{"_bbp_topic_count":0,"_bbp_reply_count":0,"_bbp_total_topic_count":0,"_bbp_total_reply_count":0,"_bbp_voice_count":0,"_bbp_anonymous_reply_count":0,"_bbp_topic_count_hidden":0,"_bbp_reply_count_hidden":0,"_bbp_forum_subforum_count":0,"footnotes":""},"class_list":["post-2635","page","type-page","status-publish","hentry"],"post_mailing_queue_ids":[],"_links":{"self":[{"href":"https:\/\/agora.xtec.cat\/ceip-rllullrubi\/wp-json\/wp\/v2\/pages\/2635","targetHints":{"allow":["GET"]}}],"collection":[{"href":"https:\/\/agora.xtec.cat\/ceip-rllullrubi\/wp-json\/wp\/v2\/pages"}],"about":[{"href":"https:\/\/agora.xtec.cat\/ceip-rllullrubi\/wp-json\/wp\/v2\/types\/page"}],"author":[{"embeddable":true,"href":"https:\/\/agora.xtec.cat\/ceip-rllullrubi\/wp-json\/wp\/v2\/users\/1"}],"replies":[{"embeddable":true,"href":"https:\/\/agora.xtec.cat\/ceip-rllullrubi\/wp-json\/wp\/v2\/comments?post=2635"}],"version-history":[{"count":4,"href":"https:\/\/agora.xtec.cat\/ceip-rllullrubi\/wp-json\/wp\/v2\/pages\/2635\/revisions"}],"predecessor-version":[{"id":13816,"href":"https:\/\/agora.xtec.cat\/ceip-rllullrubi\/wp-json\/wp\/v2\/pages\/2635\/revisions\/13816"}],"up":[{"embeddable":true,"href":"https:\/\/agora.xtec.cat\/ceip-rllullrubi\/wp-json\/wp\/v2\/pages\/28"}],"wp:attachment":[{"href":"https:\/\/agora.xtec.cat\/ceip-rllullrubi\/wp-json\/wp\/v2\/media?parent=2635"}],"curies":[{"name":"wp","href":"https:\/\/api.w.org\/{rel}","templated":true}]}}