{"id":26,"date":"2014-09-18T12:24:32","date_gmt":"2014-09-18T11:24:32","guid":{"rendered":"http:\/\/agora.xtec.cat\/ceip-rllullrubi\/?page_id=26"},"modified":"2022-02-28T20:07:19","modified_gmt":"2022-02-28T19:07:19","slug":"historia","status":"publish","type":"page","link":"https:\/\/agora.xtec.cat\/ceip-rllullrubi\/lescola\/historia\/","title":{"rendered":"Hist\u00f2ria"},"content":{"rendered":"<p>L&#8217;Escola Ramon Llull neix al 1978: un moment ple de moltes il\u00b7lusions i noves inquietuds. Una nova escola a Rub\u00ed, un nou projecte.<\/p>\n<p>M\u00e9s de 4 d\u00e8cades dedicades a l&#8217;educaci\u00f3, fan de l&#8217;escola Ramon Llull una de les escoles amb m\u00e9s tradici\u00f3 i experi\u00e8ncia educativa de Rub\u00ed.<\/p>\n<p>Est\u00e0 ubicada en un edifici emblem\u00e0tic, inaugurat al setembre de l&#8217;any 1984,\u00a0 obra de l&#8217;arquitecte Sr. Francesc Mitjans, ple de llum i de grans espais.<\/p>\n<p>Som una escola catalana i de qualitat, que defensa l&#8217;equitat educativa i la igualtat; les persones fem l&#8217;escola: professionalitat, implicaci\u00f3 i reptes.<\/p>\n<p>El nostre logotip, el Molinet, deu el seu nom als molins de vent de Mallorca, lloc de naixement del fil\u00f2sof i escriptor catal\u00e0 que dona nom a la nostra escola, Ramon Llull.<\/p>\n<p><a href=\"http:\/\/agora.xtec.cat\/ceip-rllullrubi\/wp-content\/uploads\/usu1358\/2014\/09\/el-molinet.jpg\"><img loading=\"lazy\" decoding=\"async\" class=\"aligncenter wp-image-1058 \" src=\"http:\/\/agora.xtec.cat\/ceip-rllullrubi\/wp-content\/uploads\/usu1358\/2014\/09\/el-molinet-768x1024.jpg\" alt=\"\" width=\"590\" height=\"786\" srcset=\"https:\/\/agora.xtec.cat\/ceip-rllullrubi\/wp-content\/uploads\/usu1358\/2014\/09\/el-molinet-768x1024.jpg 768w, https:\/\/agora.xtec.cat\/ceip-rllullrubi\/wp-content\/uploads\/usu1358\/2014\/09\/el-molinet-225x300.jpg 225w, https:\/\/agora.xtec.cat\/ceip-rllullrubi\/wp-content\/uploads\/usu1358\/2014\/09\/el-molinet.jpg 1200w\" sizes=\"auto, (max-width: 590px) 100vw, 590px\" \/><\/a><\/p>\n<p>Gr\u00e0cies Josep Ba\u00f1os<\/p>\n","protected":false},"excerpt":{"rendered":"<p>L&#8217;Escola Ramon Llull neix al 1978: un moment ple de moltes il\u00b7lusions i noves inquietuds. Una nova escola a Rub\u00ed, un nou projecte.<br \/>\nM\u00e9s de 4 d\u00e8cades dedicades a l&#8217;educaci\u00f3, fan de l&#8217;escola Ramon Llull una de les escoles amb m\u00e9s tradici\u00f3 i experi\u00e8ncia educativa de&hellip;  <a href=\"https:\/\/agora.xtec.cat\/ceip-rllullrubi\/lescola\/historia\/\" title=\"Read Hist\u00f2ria\">Llegeix m\u00e9s\u00bb<\/a><\/p>\n","protected":false},"author":1,"featured_media":0,"parent":22,"menu_order":20,"comment_status":"closed","ping_status":"closed","template":"page-templates\/side-menu.php","meta":{"_bbp_topic_count":0,"_bbp_reply_count":0,"_bbp_total_topic_count":0,"_bbp_total_reply_count":0,"_bbp_voice_count":0,"_bbp_anonymous_reply_count":0,"_bbp_topic_count_hidden":0,"_bbp_reply_count_hidden":0,"_bbp_forum_subforum_count":0,"footnotes":""},"class_list":["post-26","page","type-page","status-publish","hentry"],"post_mailing_queue_ids":[],"_links":{"self":[{"href":"https:\/\/agora.xtec.cat\/ceip-rllullrubi\/wp-json\/wp\/v2\/pages\/26","targetHints":{"allow":["GET"]}}],"collection":[{"href":"https:\/\/agora.xtec.cat\/ceip-rllullrubi\/wp-json\/wp\/v2\/pages"}],"about":[{"href":"https:\/\/agora.xtec.cat\/ceip-rllullrubi\/wp-json\/wp\/v2\/types\/page"}],"author":[{"embeddable":true,"href":"https:\/\/agora.xtec.cat\/ceip-rllullrubi\/wp-json\/wp\/v2\/users\/1"}],"replies":[{"embeddable":true,"href":"https:\/\/agora.xtec.cat\/ceip-rllullrubi\/wp-json\/wp\/v2\/comments?post=26"}],"version-history":[{"count":4,"href":"https:\/\/agora.xtec.cat\/ceip-rllullrubi\/wp-json\/wp\/v2\/pages\/26\/revisions"}],"predecessor-version":[{"id":10612,"href":"https:\/\/agora.xtec.cat\/ceip-rllullrubi\/wp-json\/wp\/v2\/pages\/26\/revisions\/10612"}],"up":[{"embeddable":true,"href":"https:\/\/agora.xtec.cat\/ceip-rllullrubi\/wp-json\/wp\/v2\/pages\/22"}],"wp:attachment":[{"href":"https:\/\/agora.xtec.cat\/ceip-rllullrubi\/wp-json\/wp\/v2\/media?parent=26"}],"curies":[{"name":"wp","href":"https:\/\/api.w.org\/{rel}","templated":true}]}}