{"id":16195,"date":"2025-09-05T14:01:43","date_gmt":"2025-09-05T12:01:43","guid":{"rendered":"https:\/\/agora.xtec.cat\/ceip-rllullrubi\/?page_id=16195"},"modified":"2025-09-05T14:01:43","modified_gmt":"2025-09-05T12:01:43","slug":"ajuts-de-menjador-mes-informacio","status":"publish","type":"page","link":"https:\/\/agora.xtec.cat\/ceip-rllullrubi\/directori-de-documents\/ajuts-de-menjador-mes-informacio\/","title":{"rendered":"Ajuts de menjador. M\u00e9s informaci\u00f3!"},"content":{"rendered":"<p>A la primera llista sortien alumnes amb el seg\u00fcent comentari &#8220;alumne\/a no processat\/da&#8221;. Alguns ja es poden quedar a partir del dilluns 8 de setembre al menjador amb el % de beca que consta a la nova llista.<img loading=\"lazy\" decoding=\"async\" class=\"aligncenter wp-image-16196\" src=\"https:\/\/agora.xtec.cat\/ceip-rllullrubi\/wp-content\/uploads\/usu1358\/2025\/09\/Captura.png\" alt=\"\" width=\"555\" height=\"578\" srcset=\"https:\/\/agora.xtec.cat\/ceip-rllullrubi\/wp-content\/uploads\/usu1358\/2025\/09\/Captura.png 440w, https:\/\/agora.xtec.cat\/ceip-rllullrubi\/wp-content\/uploads\/usu1358\/2025\/09\/Captura-288x300.png 288w\" sizes=\"auto, (max-width: 555px) 100vw, 555px\" \/><\/p>\n","protected":false},"excerpt":{"rendered":"<p>A la primera llista sortien alumnes amb el seg\u00fcent comentari &#8220;alumne\/a no processat\/da&#8221;. Alguns ja es poden quedar a partir del dilluns 8 de setembre al menjador amb el % de beca que consta a la nova llista.<\/p>\n","protected":false},"author":1,"featured_media":0,"parent":10825,"menu_order":230,"comment_status":"closed","ping_status":"closed","template":"page-templates\/side-menu.php","meta":{"_bbp_topic_count":0,"_bbp_reply_count":0,"_bbp_total_topic_count":0,"_bbp_total_reply_count":0,"_bbp_voice_count":0,"_bbp_anonymous_reply_count":0,"_bbp_topic_count_hidden":0,"_bbp_reply_count_hidden":0,"_bbp_forum_subforum_count":0,"footnotes":""},"class_list":["post-16195","page","type-page","status-publish","hentry"],"post_mailing_queue_ids":[],"_links":{"self":[{"href":"https:\/\/agora.xtec.cat\/ceip-rllullrubi\/wp-json\/wp\/v2\/pages\/16195","targetHints":{"allow":["GET"]}}],"collection":[{"href":"https:\/\/agora.xtec.cat\/ceip-rllullrubi\/wp-json\/wp\/v2\/pages"}],"about":[{"href":"https:\/\/agora.xtec.cat\/ceip-rllullrubi\/wp-json\/wp\/v2\/types\/page"}],"author":[{"embeddable":true,"href":"https:\/\/agora.xtec.cat\/ceip-rllullrubi\/wp-json\/wp\/v2\/users\/1"}],"replies":[{"embeddable":true,"href":"https:\/\/agora.xtec.cat\/ceip-rllullrubi\/wp-json\/wp\/v2\/comments?post=16195"}],"version-history":[{"count":1,"href":"https:\/\/agora.xtec.cat\/ceip-rllullrubi\/wp-json\/wp\/v2\/pages\/16195\/revisions"}],"predecessor-version":[{"id":16197,"href":"https:\/\/agora.xtec.cat\/ceip-rllullrubi\/wp-json\/wp\/v2\/pages\/16195\/revisions\/16197"}],"up":[{"embeddable":true,"href":"https:\/\/agora.xtec.cat\/ceip-rllullrubi\/wp-json\/wp\/v2\/pages\/10825"}],"wp:attachment":[{"href":"https:\/\/agora.xtec.cat\/ceip-rllullrubi\/wp-json\/wp\/v2\/media?parent=16195"}],"curies":[{"name":"wp","href":"https:\/\/api.w.org\/{rel}","templated":true}]}}