{"id":15823,"date":"2025-05-05T16:12:37","date_gmt":"2025-05-05T14:12:37","guid":{"rendered":"https:\/\/agora.xtec.cat\/ceip-rllullrubi\/?page_id=15823"},"modified":"2025-05-05T16:16:30","modified_gmt":"2025-05-05T14:16:30","slug":"beques-esportives","status":"publish","type":"page","link":"https:\/\/agora.xtec.cat\/ceip-rllullrubi\/ampa-2\/beques-esportives\/","title":{"rendered":"Beques esportives"},"content":{"rendered":"<p><strong>Subvenci\u00f3 2025 ajuts per a la pr\u00e0ctica de l&#8217;esport federat, extraescolar i activitats d&#8217;inclusi\u00f3 per als infants i joves, temporada 2024-2025<\/strong><\/p>\n<p>A partir de dilluns 5 de maig de 2025, les fam\u00edlies poden presentar la documentaci\u00f3 per sol\u00b7licitar l&#8217;ajut per a la pr\u00e0ctica esportiva. Concretament, el termini de presentaci\u00f3 de sol\u00b7licituds (15 dies h\u00e0bils) ser\u00e0 del 5 de maig fins al 23 de maig de 2025, ambd\u00f3s inclosos.<\/p>\n<p>Les sol\u00b7licituds s&#8217;han de presentar preferentment de forma telem\u00e0tica<a href=\"https:\/\/seu.rubi.cat\/catalogoTramites\/show\/557\" target=\"_blank\" rel=\"noopener\"> mitjan\u00e7ant el tr\u00e0mit de la Seu Electr\u00f2nica<\/a>. Excepcionalment, si no \u00e9s possible la presentaci\u00f3 de la sol\u00b7licitud de forma telem\u00e0tica, es podr\u00e0 presentar presencialment a l\u2019<a href=\"https:\/\/www.google.com\/maps\/place\/OAC+Oficina+d'Atenci%C3%B3+a+la+Ciutadania\/@41.4933767,2.0309669,46m\/data=!3m1!1e3!4m6!3m5!1s0x12a491bb83003455:0xbb82a42e8e59d5a4!8m2!3d41.49335!4d2.0310948!16s%2Fg%2F11f76zgv21?entry=ttu&amp;g_ep=EgoyMDI1MDQzMC4xIKXMDSoASAFQAw%3D%3D\" target=\"_blank\" rel=\"noopener\">Oficina d\u2019Atenci\u00f3 a la Ciutadania (OAC).<\/a><\/p>\n<p>Us adjuntem (catal\u00e0 i castell\u00e0) els documents on s&#8217;indica la documentaci\u00f3 que cal presentar aix\u00ed com les possibles formes de presentaci\u00f3. A l&#8217;apartat \u201cCom pot presentar la sol\u00b7licitud?\u201d, prement a sobre de cada quadre es pot accedir a la informaci\u00f3 que s\u2019indica. Igualment, es t\u00e9 acc\u00e9s directe al tr\u00e0mit mitjan\u00e7ant el codi QR.<\/p>\n<p><a href=\"https:\/\/agora.xtec.cat\/ceip-rllullrubi\/wp-content\/uploads\/usu1358\/2025\/05\/catala-Quina-documentacio-cal-presentar-beques-esport-24-25.pdf\" target=\"_blank\" rel=\"noopener\">Catal\u00e0 &#8211; Quina documentaci\u00f3 cal presentar beques esport 24-25<\/a><\/p>\n<p><a href=\"https:\/\/agora.xtec.cat\/ceip-rllullrubi\/wp-content\/uploads\/usu1358\/2025\/05\/castella-Quina-documentacio-cal-presentar-beques-esport-24-25.pdf\" target=\"_blank\" rel=\"noopener\">Castell\u00e0 &#8211; Quina documentaci\u00f3 cal presentar beques esport 24-25<\/a><\/p>\n<p><img loading=\"lazy\" decoding=\"async\" class=\"alignleft wp-image-2287\" src=\"https:\/\/agora.xtec.cat\/ceip-rllullrubi\/wp-content\/uploads\/usu1358\/2018\/05\/ajuntament-de-rubi.jpg\" alt=\"\" width=\"131\" height=\"83\" srcset=\"https:\/\/agora.xtec.cat\/ceip-rllullrubi\/wp-content\/uploads\/usu1358\/2018\/05\/ajuntament-de-rubi.jpg 1600w, https:\/\/agora.xtec.cat\/ceip-rllullrubi\/wp-content\/uploads\/usu1358\/2018\/05\/ajuntament-de-rubi-300x191.jpg 300w, https:\/\/agora.xtec.cat\/ceip-rllullrubi\/wp-content\/uploads\/usu1358\/2018\/05\/ajuntament-de-rubi-768x488.jpg 768w, https:\/\/agora.xtec.cat\/ceip-rllullrubi\/wp-content\/uploads\/usu1358\/2018\/05\/ajuntament-de-rubi-1024x650.jpg 1024w\" sizes=\"auto, (max-width: 131px) 100vw, 131px\" \/><\/p>\n","protected":false},"excerpt":{"rendered":"<p>Subvenci\u00f3 2025 ajuts per a la pr\u00e0ctica de l&#8217;esport federat, extraescolar i activitats d&#8217;inclusi\u00f3 per als infants i joves, temporada 2024-2025<br \/>\nA partir de dilluns 5 de maig de 2025, les fam\u00edlies poden presentar la documentaci\u00f3 per sol\u00b7licitar l&#8217;ajut per a la pr\u00e0ctica esportiva. Concretament, el&hellip;  <a href=\"https:\/\/agora.xtec.cat\/ceip-rllullrubi\/ampa-2\/beques-esportives\/\" title=\"Read Beques esportives\">Llegeix m\u00e9s\u00bb<\/a><\/p>\n","protected":false},"author":1,"featured_media":0,"parent":66,"menu_order":55,"comment_status":"closed","ping_status":"closed","template":"page-templates\/side-menu.php","meta":{"_bbp_topic_count":0,"_bbp_reply_count":0,"_bbp_total_topic_count":0,"_bbp_total_reply_count":0,"_bbp_voice_count":0,"_bbp_anonymous_reply_count":0,"_bbp_topic_count_hidden":0,"_bbp_reply_count_hidden":0,"_bbp_forum_subforum_count":0,"footnotes":""},"class_list":["post-15823","page","type-page","status-publish","hentry"],"post_mailing_queue_ids":[],"_links":{"self":[{"href":"https:\/\/agora.xtec.cat\/ceip-rllullrubi\/wp-json\/wp\/v2\/pages\/15823","targetHints":{"allow":["GET"]}}],"collection":[{"href":"https:\/\/agora.xtec.cat\/ceip-rllullrubi\/wp-json\/wp\/v2\/pages"}],"about":[{"href":"https:\/\/agora.xtec.cat\/ceip-rllullrubi\/wp-json\/wp\/v2\/types\/page"}],"author":[{"embeddable":true,"href":"https:\/\/agora.xtec.cat\/ceip-rllullrubi\/wp-json\/wp\/v2\/users\/1"}],"replies":[{"embeddable":true,"href":"https:\/\/agora.xtec.cat\/ceip-rllullrubi\/wp-json\/wp\/v2\/comments?post=15823"}],"version-history":[{"count":2,"href":"https:\/\/agora.xtec.cat\/ceip-rllullrubi\/wp-json\/wp\/v2\/pages\/15823\/revisions"}],"predecessor-version":[{"id":15827,"href":"https:\/\/agora.xtec.cat\/ceip-rllullrubi\/wp-json\/wp\/v2\/pages\/15823\/revisions\/15827"}],"up":[{"embeddable":true,"href":"https:\/\/agora.xtec.cat\/ceip-rllullrubi\/wp-json\/wp\/v2\/pages\/66"}],"wp:attachment":[{"href":"https:\/\/agora.xtec.cat\/ceip-rllullrubi\/wp-json\/wp\/v2\/media?parent=15823"}],"curies":[{"name":"wp","href":"https:\/\/api.w.org\/{rel}","templated":true}]}}