{"id":15771,"date":"2025-04-24T10:41:05","date_gmt":"2025-04-24T08:41:05","guid":{"rendered":"https:\/\/agora.xtec.cat\/ceip-rllullrubi\/?page_id=15771"},"modified":"2025-07-11T12:45:58","modified_gmt":"2025-07-11T10:45:58","slug":"nou-canal-de-comunicacio","status":"publish","type":"page","link":"https:\/\/agora.xtec.cat\/ceip-rllullrubi\/ampa-2\/nou-canal-de-comunicacio\/","title":{"rendered":"Canal de comunicaci\u00f3"},"content":{"rendered":"<p style=\"text-align: center;\">Fam\u00edlies, tenim canal de comunicaci\u00f3! Un canal de WhatsApp, a trav\u00e9s d&#8217;ell rebreu totes les not\u00edcies i informacions importants de l&#8217;escola i de l&#8217;AFA.<br \/>\nUs animem a seguir-nos i no oblideu activar la campaneta \ud83d\udd14 dins del canal per rebre les notificacions!<br \/>\nUs esperem!<\/p>\n<p style=\"text-align: center;\"><a href=\"https:\/\/whatsapp.com\/channel\/0029VbAjW6fKGGG8YA3YFv0p\" target=\"_blank\" rel=\"noopener\">https:\/\/whatsapp.com\/channel\/0029VbAjW6fKGGG8YA3YFv0p<\/a><\/p>\n<p style=\"text-align: center;\"><img loading=\"lazy\" decoding=\"async\" class=\"aligncenter wp-image-15772\" src=\"https:\/\/agora.xtec.cat\/ceip-rllullrubi\/wp-content\/uploads\/usu1358\/2025\/04\/AFA_Canal_whatsapp.jpeg\" alt=\"\" width=\"744\" height=\"744\" srcset=\"https:\/\/agora.xtec.cat\/ceip-rllullrubi\/wp-content\/uploads\/usu1358\/2025\/04\/AFA_Canal_whatsapp.jpeg 1080w, https:\/\/agora.xtec.cat\/ceip-rllullrubi\/wp-content\/uploads\/usu1358\/2025\/04\/AFA_Canal_whatsapp-300x300.jpeg 300w, https:\/\/agora.xtec.cat\/ceip-rllullrubi\/wp-content\/uploads\/usu1358\/2025\/04\/AFA_Canal_whatsapp-1024x1024.jpeg 1024w, https:\/\/agora.xtec.cat\/ceip-rllullrubi\/wp-content\/uploads\/usu1358\/2025\/04\/AFA_Canal_whatsapp-150x150.jpeg 150w, https:\/\/agora.xtec.cat\/ceip-rllullrubi\/wp-content\/uploads\/usu1358\/2025\/04\/AFA_Canal_whatsapp-768x768.jpeg 768w\" sizes=\"auto, (max-width: 744px) 100vw, 744px\" \/><\/p>\n","protected":false},"excerpt":{"rendered":"<p>Fam\u00edlies, tenim canal de comunicaci\u00f3! Un canal de WhatsApp, a trav\u00e9s d&#8217;ell rebreu totes les not\u00edcies i informacions importants de l&#8217;escola i de l&#8217;AFA.<br \/>\nUs animem a seguir-nos i no oblideu activar la campaneta \ud83d\udd14 dins del canal per rebre les notificacions!<br \/>\nUs esperem!<br \/>\n<a href=\"https:\/\/whatsapp.com\/channel\/0029VbAjW6fKGGG8YA3YFv0p\" target=\"_blank\" rel=\"noopener\">https:\/\/whatsapp.com\/channel\/0029VbAjW6fKGGG8YA3YFv0p<\/a><\/p>\n","protected":false},"author":1,"featured_media":0,"parent":66,"menu_order":2,"comment_status":"closed","ping_status":"closed","template":"page-templates\/side-menu.php","meta":{"_bbp_topic_count":0,"_bbp_reply_count":0,"_bbp_total_topic_count":0,"_bbp_total_reply_count":0,"_bbp_voice_count":0,"_bbp_anonymous_reply_count":0,"_bbp_topic_count_hidden":0,"_bbp_reply_count_hidden":0,"_bbp_forum_subforum_count":0,"footnotes":""},"class_list":["post-15771","page","type-page","status-publish","hentry"],"post_mailing_queue_ids":[],"_links":{"self":[{"href":"https:\/\/agora.xtec.cat\/ceip-rllullrubi\/wp-json\/wp\/v2\/pages\/15771","targetHints":{"allow":["GET"]}}],"collection":[{"href":"https:\/\/agora.xtec.cat\/ceip-rllullrubi\/wp-json\/wp\/v2\/pages"}],"about":[{"href":"https:\/\/agora.xtec.cat\/ceip-rllullrubi\/wp-json\/wp\/v2\/types\/page"}],"author":[{"embeddable":true,"href":"https:\/\/agora.xtec.cat\/ceip-rllullrubi\/wp-json\/wp\/v2\/users\/1"}],"replies":[{"embeddable":true,"href":"https:\/\/agora.xtec.cat\/ceip-rllullrubi\/wp-json\/wp\/v2\/comments?post=15771"}],"version-history":[{"count":3,"href":"https:\/\/agora.xtec.cat\/ceip-rllullrubi\/wp-json\/wp\/v2\/pages\/15771\/revisions"}],"predecessor-version":[{"id":16146,"href":"https:\/\/agora.xtec.cat\/ceip-rllullrubi\/wp-json\/wp\/v2\/pages\/15771\/revisions\/16146"}],"up":[{"embeddable":true,"href":"https:\/\/agora.xtec.cat\/ceip-rllullrubi\/wp-json\/wp\/v2\/pages\/66"}],"wp:attachment":[{"href":"https:\/\/agora.xtec.cat\/ceip-rllullrubi\/wp-json\/wp\/v2\/media?parent=15771"}],"curies":[{"name":"wp","href":"https:\/\/api.w.org\/{rel}","templated":true}]}}