{"id":15351,"date":"2024-11-22T12:18:00","date_gmt":"2024-11-22T11:18:00","guid":{"rendered":"https:\/\/agora.xtec.cat\/ceip-rllullrubi\/?page_id=15351"},"modified":"2024-12-16T15:55:46","modified_gmt":"2024-12-16T14:55:46","slug":"dia-internacional-de-la-dansa","status":"publish","type":"page","link":"https:\/\/agora.xtec.cat\/ceip-rllullrubi\/projecte-educatiu\/musica-i-dansa-a-lescola\/dia-internacional-de-la-dansa\/","title":{"rendered":"Abril. Dia Internacional de la Dansa"},"content":{"rendered":"<h4 style=\"text-align: center;\">Cada any l&#8217;escola participa als actes per commemorar aquesta dia<\/h4>\n<p><img loading=\"lazy\" decoding=\"async\" class=\"aligncenter wp-image-15358\" src=\"https:\/\/agora.xtec.cat\/ceip-rllullrubi\/wp-content\/uploads\/usu1358\/2024\/11\/image.png\" alt=\"\" width=\"444\" height=\"277\" srcset=\"https:\/\/agora.xtec.cat\/ceip-rllullrubi\/wp-content\/uploads\/usu1358\/2024\/11\/image.png 1280w, https:\/\/agora.xtec.cat\/ceip-rllullrubi\/wp-content\/uploads\/usu1358\/2024\/11\/image-300x188.png 300w, https:\/\/agora.xtec.cat\/ceip-rllullrubi\/wp-content\/uploads\/usu1358\/2024\/11\/image-1024x640.png 1024w, https:\/\/agora.xtec.cat\/ceip-rllullrubi\/wp-content\/uploads\/usu1358\/2024\/11\/image-768x480.png 768w\" sizes=\"auto, (max-width: 444px) 100vw, 444px\" \/><\/p>\n<p style=\"text-align: center;\">L\u2019alumnat de primer a quart de prim\u00e0ria de totes les escoles de Rub\u00ed participen en la tradicional ballada amb motiu del Dia Internacional de la Dansa, que es commemora el 29 d\u2019abril.\u00a0L\u2019acte \u00e9s organitzat per l\u2019Esbart Dansaire de Rub\u00ed amb la col\u00b7laboraci\u00f3 de l\u2019Ajuntament<\/p>\n<p style=\"text-align: center;\"><img loading=\"lazy\" decoding=\"async\" class=\"aligncenter wp-image-15357\" src=\"https:\/\/agora.xtec.cat\/ceip-rllullrubi\/wp-content\/uploads\/usu1358\/2024\/11\/es.png\" alt=\"\" width=\"211\" height=\"151\" \/><\/p>\n<p>La Ballada es celebra en diferents espais i de manera simult\u00e0nia. Segons l&#8217;any pot ser a la rambla del Ferrocarril, l\u2019amfiteatre del Castell, l\u2019era de Ca n\u2019Oriol, etc, i l&#8217;alumnat es trasllada als diferents punts de la ciutat per fer la mostra de dansa. L\u2019alcaldessa de Rub\u00ed, el regidor d\u2019Educaci\u00f3 i altres membres de l\u2019equip de govern acompanyen a les fam\u00edlies en aquest acte.<\/p>\n<p>Les danses mostren el bon treballar que l&#8217;alumnat fa durant el curs i dins de l&#8217;horari escolar, guiat pels monitors i monitores de l\u2019Esbart, amb esfor\u00e7 i amb molta il\u00b7lusi\u00f3. Una feina que t\u00e9 un valor important\u00edssim perqu\u00e8 ajuda a preservar aquest patrimoni immaterial que \u00e9s la dansa i fa valer la tradici\u00f3 rubinenca.<\/p>\n<p>El Ball de la civada, el Ball de cascavells de Cardona, el General Bum-Bum, Nans Nous de Berga, Ball de bastons Rigodons, Jungle blues o l&#8217;entrada de Gitanes s\u00f3n una mostra de les danses interpretades per l&#8217;alumnat.<\/p>\n<p>Al maig del 2024 el director art\u00edstic de l\u2019Esbart Dansaire de Rub\u00ed, va recordar que \u201c <em>La\u00a0dansa \u00e9s un llenguatge que ens diu que totes les persones, siguin d\u2019all\u00e0 on siguin tinguin i sentin el g\u00e8nere que tinguin i sentin, ens hem de con\u00e8ixer, perqu\u00e8 el coneixement trenca barreres i pors. El coneixement evita guerres<\/em>\u201d.<\/p>\n<p>Cada any una persona relacionada amb el m\u00f3n de dansa i la m\u00fasica posa paraules i veu final a un Manifest del Dia Internacional de la Dansa 2024 com a cloenda de la celebraci\u00f3.<\/p>\n<p><a href=\"https:\/\/agora.xtec.cat\/ceip-rllullrubi\/wp-content\/uploads\/usu1358\/2024\/11\/ajuntament-3.jpg\"><img loading=\"lazy\" decoding=\"async\" class=\" wp-image-15332 alignleft\" src=\"https:\/\/agora.xtec.cat\/ceip-rllullrubi\/wp-content\/uploads\/usu1358\/2024\/11\/ajuntament-3.jpg\" alt=\"\" width=\"200\" height=\"141\" srcset=\"https:\/\/agora.xtec.cat\/ceip-rllullrubi\/wp-content\/uploads\/usu1358\/2024\/11\/ajuntament-3.jpg 1024w, https:\/\/agora.xtec.cat\/ceip-rllullrubi\/wp-content\/uploads\/usu1358\/2024\/11\/ajuntament-3-300x212.jpg 300w, https:\/\/agora.xtec.cat\/ceip-rllullrubi\/wp-content\/uploads\/usu1358\/2024\/11\/ajuntament-3-768x542.jpg 768w\" sizes=\"auto, (max-width: 200px) 100vw, 200px\" \/><\/a><\/p>\n<p>&nbsp;<\/p>\n<p>&nbsp;<\/p>\n<p><em>Transport finan\u00e7at per l\u2019 Ajuntament de Rub\u00ed<\/em><\/p>\n","protected":false},"excerpt":{"rendered":"<p>Cada any l&#8217;escola participa als actes per commemorar aquesta dia<\/p>\n<p>L\u2019alumnat de primer a quart de prim\u00e0ria de totes les escoles de Rub\u00ed participen en la tradicional ballada amb motiu del Dia Internacional de la Dansa, que es commemora el 29 d\u2019abril.\u00a0L\u2019acte \u00e9s organitzat per l\u2019Esbart&hellip;  <a href=\"https:\/\/agora.xtec.cat\/ceip-rllullrubi\/projecte-educatiu\/musica-i-dansa-a-lescola\/dia-internacional-de-la-dansa\/\" title=\"Read Abril. Dia Internacional de la Dansa\">Llegeix m\u00e9s\u00bb<\/a><\/p>\n","protected":false},"author":1,"featured_media":0,"parent":15346,"menu_order":100,"comment_status":"closed","ping_status":"closed","template":"page-templates\/side-menu.php","meta":{"_bbp_topic_count":0,"_bbp_reply_count":0,"_bbp_total_topic_count":0,"_bbp_total_reply_count":0,"_bbp_voice_count":0,"_bbp_anonymous_reply_count":0,"_bbp_topic_count_hidden":0,"_bbp_reply_count_hidden":0,"_bbp_forum_subforum_count":0,"footnotes":""},"class_list":["post-15351","page","type-page","status-publish","hentry"],"post_mailing_queue_ids":[],"_links":{"self":[{"href":"https:\/\/agora.xtec.cat\/ceip-rllullrubi\/wp-json\/wp\/v2\/pages\/15351","targetHints":{"allow":["GET"]}}],"collection":[{"href":"https:\/\/agora.xtec.cat\/ceip-rllullrubi\/wp-json\/wp\/v2\/pages"}],"about":[{"href":"https:\/\/agora.xtec.cat\/ceip-rllullrubi\/wp-json\/wp\/v2\/types\/page"}],"author":[{"embeddable":true,"href":"https:\/\/agora.xtec.cat\/ceip-rllullrubi\/wp-json\/wp\/v2\/users\/1"}],"replies":[{"embeddable":true,"href":"https:\/\/agora.xtec.cat\/ceip-rllullrubi\/wp-json\/wp\/v2\/comments?post=15351"}],"version-history":[{"count":4,"href":"https:\/\/agora.xtec.cat\/ceip-rllullrubi\/wp-json\/wp\/v2\/pages\/15351\/revisions"}],"predecessor-version":[{"id":15426,"href":"https:\/\/agora.xtec.cat\/ceip-rllullrubi\/wp-json\/wp\/v2\/pages\/15351\/revisions\/15426"}],"up":[{"embeddable":true,"href":"https:\/\/agora.xtec.cat\/ceip-rllullrubi\/wp-json\/wp\/v2\/pages\/15346"}],"wp:attachment":[{"href":"https:\/\/agora.xtec.cat\/ceip-rllullrubi\/wp-json\/wp\/v2\/media?parent=15351"}],"curies":[{"name":"wp","href":"https:\/\/api.w.org\/{rel}","templated":true}]}}