{"id":15346,"date":"2024-11-21T07:25:06","date_gmt":"2024-11-21T06:25:06","guid":{"rendered":"https:\/\/agora.xtec.cat\/ceip-rllullrubi\/?page_id=15346"},"modified":"2024-11-25T19:48:35","modified_gmt":"2024-11-25T18:48:35","slug":"musica-i-dansa-a-lescola","status":"publish","type":"page","link":"https:\/\/agora.xtec.cat\/ceip-rllullrubi\/projecte-educatiu\/musica-i-dansa-a-lescola\/","title":{"rendered":"M\u00fasica i Dansa a l&#8217;escola"},"content":{"rendered":"<p style=\"text-align: center;\">A l&#8217;escola utilitzem la m\u00fasica i el moviment per treballar des de la diversi\u00f3 i la motivaci\u00f3 la millora de l&#8217;atenci\u00f3, l\u2019estimulaci\u00f3 de la percepci\u00f3, la intel\u00b7lig\u00e8ncia, la mem\u00f2ria a curt i llarg termini i la potenciaci\u00f3 de la imaginaci\u00f3, l\u2019emotivitat i la creativitat.<\/p>\n<p style=\"text-align: center;\">La m\u00fasica i la dansa a l&#8217;escola formen part de l\u2019educaci\u00f3 art\u00edstica que \u00e9s una \u00e0rea de gran rellev\u00e0ncia, ja que inclou les dimensions sensorial, intel\u00b7lectual, social, emocional, afectiva, est\u00e8tica i creativa.<\/p>\n<p style=\"text-align: center;\">Gaudir, com a int\u00e8rprets, del resultat del treball col\u00b7lectiu de can\u00e7ons i\/o danses.<\/p>\n<p style=\"text-align: center;\">A m\u00e9s del dia a dia de l&#8217;escola, participem d&#8217;unes activitats \u201cestrella\u201d de les que ens sentim molt orgullosos de participar com s\u00f3n:<\/p>\n<p style=\"text-align: center;\">La Cantada del Ramon Llull, La Cantata de quart, el Dia de la Dansa i la Mostra de Dansa de la Comunitat de Petits.<\/p>\n","protected":false},"excerpt":{"rendered":"<p>A l&#8217;escola utilitzem la m\u00fasica i el moviment per treballar des de la diversi\u00f3 i la motivaci\u00f3 la millora de l&#8217;atenci\u00f3, l\u2019estimulaci\u00f3 de la percepci\u00f3, la intel\u00b7lig\u00e8ncia, la mem\u00f2ria a curt i llarg termini i la potenciaci\u00f3 de la imaginaci\u00f3, l\u2019emotivitat i la creativitat.<br \/>\nLa m\u00fasica&hellip;  <a href=\"https:\/\/agora.xtec.cat\/ceip-rllullrubi\/projecte-educatiu\/musica-i-dansa-a-lescola\/\" title=\"Read M\u00fasica i Dansa a l&#8217;escola\">Llegeix m\u00e9s\u00bb<\/a><\/p>\n","protected":false},"author":1,"featured_media":0,"parent":64,"menu_order":22,"comment_status":"closed","ping_status":"closed","template":"page-templates\/side-menu.php","meta":{"_bbp_topic_count":0,"_bbp_reply_count":0,"_bbp_total_topic_count":0,"_bbp_total_reply_count":0,"_bbp_voice_count":0,"_bbp_anonymous_reply_count":0,"_bbp_topic_count_hidden":0,"_bbp_reply_count_hidden":0,"_bbp_forum_subforum_count":0,"footnotes":""},"class_list":["post-15346","page","type-page","status-publish","hentry"],"post_mailing_queue_ids":[],"_links":{"self":[{"href":"https:\/\/agora.xtec.cat\/ceip-rllullrubi\/wp-json\/wp\/v2\/pages\/15346","targetHints":{"allow":["GET"]}}],"collection":[{"href":"https:\/\/agora.xtec.cat\/ceip-rllullrubi\/wp-json\/wp\/v2\/pages"}],"about":[{"href":"https:\/\/agora.xtec.cat\/ceip-rllullrubi\/wp-json\/wp\/v2\/types\/page"}],"author":[{"embeddable":true,"href":"https:\/\/agora.xtec.cat\/ceip-rllullrubi\/wp-json\/wp\/v2\/users\/1"}],"replies":[{"embeddable":true,"href":"https:\/\/agora.xtec.cat\/ceip-rllullrubi\/wp-json\/wp\/v2\/comments?post=15346"}],"version-history":[{"count":2,"href":"https:\/\/agora.xtec.cat\/ceip-rllullrubi\/wp-json\/wp\/v2\/pages\/15346\/revisions"}],"predecessor-version":[{"id":15367,"href":"https:\/\/agora.xtec.cat\/ceip-rllullrubi\/wp-json\/wp\/v2\/pages\/15346\/revisions\/15367"}],"up":[{"embeddable":true,"href":"https:\/\/agora.xtec.cat\/ceip-rllullrubi\/wp-json\/wp\/v2\/pages\/64"}],"wp:attachment":[{"href":"https:\/\/agora.xtec.cat\/ceip-rllullrubi\/wp-json\/wp\/v2\/media?parent=15346"}],"curies":[{"name":"wp","href":"https:\/\/api.w.org\/{rel}","templated":true}]}}