{"id":15253,"date":"2024-10-02T06:57:34","date_gmt":"2024-10-02T04:57:34","guid":{"rendered":"https:\/\/agora.xtec.cat\/ceip-rllullrubi\/?page_id=15253"},"modified":"2024-10-02T06:57:46","modified_gmt":"2024-10-02T04:57:46","slug":"encara-podem-donar-molt-de-joc","status":"publish","type":"page","link":"https:\/\/agora.xtec.cat\/ceip-rllullrubi\/transformem-el-mon\/encara-podem-donar-molt-de-joc\/","title":{"rendered":"Encara podem donar molt de joc!"},"content":{"rendered":"<p><img loading=\"lazy\" decoding=\"async\" class=\"aligncenter wp-image-15255\" src=\"https:\/\/agora.xtec.cat\/ceip-rllullrubi\/wp-content\/uploads\/usu1358\/2024\/10\/unnamed.jpg\" alt=\"\" width=\"783\" height=\"235\" srcset=\"https:\/\/agora.xtec.cat\/ceip-rllullrubi\/wp-content\/uploads\/usu1358\/2024\/10\/unnamed.jpg 1900w, https:\/\/agora.xtec.cat\/ceip-rllullrubi\/wp-content\/uploads\/usu1358\/2024\/10\/unnamed-300x90.jpg 300w, https:\/\/agora.xtec.cat\/ceip-rllullrubi\/wp-content\/uploads\/usu1358\/2024\/10\/unnamed-1024x307.jpg 1024w, https:\/\/agora.xtec.cat\/ceip-rllullrubi\/wp-content\/uploads\/usu1358\/2024\/10\/unnamed-768x230.jpg 768w, https:\/\/agora.xtec.cat\/ceip-rllullrubi\/wp-content\/uploads\/usu1358\/2024\/10\/unnamed-1536x461.jpg 1536w\" sizes=\"auto, (max-width: 783px) 100vw, 783px\" \/><\/p>\n<p dir=\"ltr\">Les joguines contenen majorit\u00e0riament pl\u00e0stics per\u00f2 tamb\u00e9 residus perillosos com piles o bateries. La tona aproximada que es recull anualment a Rub\u00ed, cumpleix una doble funci\u00f3: per una banda estalvia un gran volum de residus i per l&#8217;altra permet que molts infants gaudeixin d&#8217;estones de joc, ja que es deriven a entitats de caire social que les reparteix entre les fam\u00edlies que les\u00a0necessiten.<\/p>\n<p dir=\"ltr\">Organitzant un punt de recollida a l\u2019escola ajudem a seleccionar aquestes joguines, fent comunitat, estalviant residus i col\u00b7laborant a construir una societat m\u00e9s solid\u00e0ria.<\/p>\n<p>La majoria de joguines estan pensades per a una franja d\u2019edat concreta i \u00e9s habitual que els infants en perdin l\u2019inter\u00e8s en algun moment. Moltes vegades el seu estat \u00e9s molt bo, per\u00f2 no tenim ning\u00fa que les pugui continuar aprofitant.<\/p>\n<p><a href=\"https:\/\/www.rubi.cat\/ca\/temes\/medi-ambient\/residus\/rubi-residu-zero\/setmana-europea-per-a-la-prevencio-de-residus\/setmana-de-la-prevencio-de-residus\/recollida-de-joguines\" target=\"_blank\" rel=\"noopener\">La campanya s\u2019intensifica ampliant els punts de recollida de joguines de segona m\u00e0 en bon estat<\/a><\/p>\n<p>Si estan en bon estat, fes-les circular! Un cop a l\u2019any l\u2019escola som punt de recollida: estigues pendent i sabras quan les recollim!<\/p>\n","protected":false},"excerpt":{"rendered":"<p>Les joguines contenen majorit\u00e0riament pl\u00e0stics per\u00f2 tamb\u00e9 residus perillosos com piles o bateries. La tona aproximada que es recull anualment a Rub\u00ed, cumpleix una doble funci\u00f3: per una banda estalvia un gran volum de residus i per l&#8217;altra permet que molts infants gaudeixin d&#8217;estones de&hellip;  <a href=\"https:\/\/agora.xtec.cat\/ceip-rllullrubi\/transformem-el-mon\/encara-podem-donar-molt-de-joc\/\" title=\"Read Encara podem donar molt de joc!\">Llegeix m\u00e9s\u00bb<\/a><\/p>\n","protected":false},"author":1,"featured_media":0,"parent":13391,"menu_order":61,"comment_status":"closed","ping_status":"closed","template":"page-templates\/side-menu.php","meta":{"_bbp_topic_count":0,"_bbp_reply_count":0,"_bbp_total_topic_count":0,"_bbp_total_reply_count":0,"_bbp_voice_count":0,"_bbp_anonymous_reply_count":0,"_bbp_topic_count_hidden":0,"_bbp_reply_count_hidden":0,"_bbp_forum_subforum_count":0,"footnotes":""},"class_list":["post-15253","page","type-page","status-publish","hentry"],"post_mailing_queue_ids":[],"_links":{"self":[{"href":"https:\/\/agora.xtec.cat\/ceip-rllullrubi\/wp-json\/wp\/v2\/pages\/15253","targetHints":{"allow":["GET"]}}],"collection":[{"href":"https:\/\/agora.xtec.cat\/ceip-rllullrubi\/wp-json\/wp\/v2\/pages"}],"about":[{"href":"https:\/\/agora.xtec.cat\/ceip-rllullrubi\/wp-json\/wp\/v2\/types\/page"}],"author":[{"embeddable":true,"href":"https:\/\/agora.xtec.cat\/ceip-rllullrubi\/wp-json\/wp\/v2\/users\/1"}],"replies":[{"embeddable":true,"href":"https:\/\/agora.xtec.cat\/ceip-rllullrubi\/wp-json\/wp\/v2\/comments?post=15253"}],"version-history":[{"count":1,"href":"https:\/\/agora.xtec.cat\/ceip-rllullrubi\/wp-json\/wp\/v2\/pages\/15253\/revisions"}],"predecessor-version":[{"id":15256,"href":"https:\/\/agora.xtec.cat\/ceip-rllullrubi\/wp-json\/wp\/v2\/pages\/15253\/revisions\/15256"}],"up":[{"embeddable":true,"href":"https:\/\/agora.xtec.cat\/ceip-rllullrubi\/wp-json\/wp\/v2\/pages\/13391"}],"wp:attachment":[{"href":"https:\/\/agora.xtec.cat\/ceip-rllullrubi\/wp-json\/wp\/v2\/media?parent=15253"}],"curies":[{"name":"wp","href":"https:\/\/api.w.org\/{rel}","templated":true}]}}