{"id":15245,"date":"2024-10-02T06:29:45","date_gmt":"2024-10-02T04:29:45","guid":{"rendered":"https:\/\/agora.xtec.cat\/ceip-rllullrubi\/?page_id=15245"},"modified":"2024-10-02T06:34:01","modified_gmt":"2024-10-02T04:34:01","slug":"aixi-fem-les-matematiques-a-lescola","status":"publish","type":"page","link":"https:\/\/agora.xtec.cat\/ceip-rllullrubi\/projecte-educatiu\/aixi-fem-les-matematiques-a-lescola\/","title":{"rendered":"Aix\u00ed fem les matem\u00e0tiques a l&#8217;escola!"},"content":{"rendered":"<p><img loading=\"lazy\" decoding=\"async\" class=\"aligncenter wp-image-15248\" src=\"https:\/\/agora.xtec.cat\/ceip-rllullrubi\/wp-content\/uploads\/usu1358\/2024\/10\/innovamat.jpg\" alt=\"\" width=\"515\" height=\"196\" srcset=\"https:\/\/agora.xtec.cat\/ceip-rllullrubi\/wp-content\/uploads\/usu1358\/2024\/10\/innovamat.jpg 1709w, https:\/\/agora.xtec.cat\/ceip-rllullrubi\/wp-content\/uploads\/usu1358\/2024\/10\/innovamat-300x114.jpg 300w, https:\/\/agora.xtec.cat\/ceip-rllullrubi\/wp-content\/uploads\/usu1358\/2024\/10\/innovamat-1024x389.jpg 1024w, https:\/\/agora.xtec.cat\/ceip-rllullrubi\/wp-content\/uploads\/usu1358\/2024\/10\/innovamat-768x292.jpg 768w, https:\/\/agora.xtec.cat\/ceip-rllullrubi\/wp-content\/uploads\/usu1358\/2024\/10\/innovamat-1536x584.jpg 1536w\" sizes=\"auto, (max-width: 515px) 100vw, 515px\" \/><\/p>\n<p><span style=\"font-weight: 400;\">Benvolgudes fam\u00edlies,<\/span><\/p>\n<p><span style=\"font-weight: 400;\">Com molts sabreu, proposem unes <\/span><b>matem\u00e0tiques a l&#8217;aula<\/b><span style=\"font-weight: 400;\"> on els vostres fills i filles s\u00f3n el centre de l\u2019aprenentatge. A m\u00e9s a m\u00e9s d\u2019aprendre conceptes i algoritmes amb molta pr\u00e0ctica, volem preparar-los per ser bons resolutors de problemes i que creixin sabent raonar fent \u00fas de diverses estrat\u00e8gies.<\/span><\/p>\n<p><span style=\"font-weight: 400;\">L\u2019equip docent est\u00e0 en constant <\/span><b>formaci\u00f3 did\u00e0ctica<\/b><span style=\"font-weight: 400;\"> per garantir que els alumnes disposin de les millors eines per aprendre. Alhora, <\/span><b>les fam\u00edlies tamb\u00e9 sou una part molt important de la comunitat educativa<\/b><span style=\"font-weight: 400;\">.<\/span><\/p>\n<p><span style=\"font-weight: 400;\">\u00c9s per aix\u00f2 que volem compartir amb vosaltres algunes recomanacions, perqu\u00e8 pugueu veure com treballem les matem\u00e0tiques a l\u2019escola i com podeu acompanyar els vostres fills i filles des de casa:<\/span><\/p>\n<ul>\n<li style=\"font-weight: 400;\" aria-level=\"1\"><b>Les matem\u00e0tiques s\u00f3n a tot arreu:<\/b><span style=\"font-weight: 400;\"> podem trobar patrons num\u00e8rics a les matr\u00edcules dels cotxes, proporcions a les receptes de cuina, gr\u00e0fics a les not\u00edcies\u2026 Us animem a trobar matem\u00e0tiques en situacions de la vida quotidiana i a convertir-les en moments d\u2019aprenentatge a casa. L\u2019objectiu ha de ser acompanyar des de la pregunta, el raonament, i la comprensi\u00f3: <\/span><i><span style=\"font-weight: 400;\">I per qu\u00e8 aix\u00f2 \u00e9s aix\u00ed? Com has arribat fins aqu\u00ed? Creus que hi ha m\u00e9s solucions?<\/span><\/i><\/li>\n<li style=\"font-weight: 400;\" aria-level=\"1\"><span style=\"font-weight: 400;\">Si voleu con\u00e8ixer com \u00e9s el dia a dia a l\u2019aula, us recomanem visitar la <\/span><a href=\"https:\/\/www.innovamat.com\/ca\/recursos-para-familias\/\/?utm_source=email&amp;utm_medium=emailing&amp;utm_campaign=letter24\" target=\"_blank\" rel=\"noopener\"><b>p\u00e0gina web de fam\u00edlies d\u2019Innovamat<\/b><\/a> <span style=\"font-weight: 400;\">(http:\/\/qr.innovamat.com\/recursos-fam)<\/span><span style=\"font-weight: 400;\">.<\/span><span style=\"font-weight: 400;\"><br \/>\n<\/span><span style=\"font-weight: 400;\">All\u00e0 hi trobareu tot de recursos molt \u00fatils, com ara:<\/span><\/p>\n<ul>\n<li style=\"font-weight: 400;\" aria-level=\"2\"><span style=\"font-weight: 400;\">Documents amb una visi\u00f3 general dels continguts de cada curs.\u00a0<\/span><\/li>\n<li style=\"font-weight: 400;\" aria-level=\"2\"><span style=\"font-weight: 400;\">Guies per a fam\u00edlies amb explicacions detallades de cada trimestre (tamb\u00e9 les trobareu impreses als quaderns de l\u2019alumne del Laboratori dels Nombres, a prim\u00e0ria).<\/span><\/li>\n<li style=\"font-weight: 400;\" aria-level=\"2\"><span style=\"font-weight: 400;\">V\u00eddeos d\u2019estrat\u00e8gies de numeraci\u00f3 i c\u00e0lcul que es treballen a l\u2019aula, aix\u00ed com formacions per a fam\u00edlies i molt m\u00e9s!<\/span><\/li>\n<\/ul>\n<\/li>\n<\/ul>\n<p><span style=\"font-weight: 400;\">Esperem que aquests recursos us serveixin per veure com aprenem matem\u00e0tiques a l\u2019escola i us permetin acompanyar els vostres fills i filles des de casa.<\/span><\/p>\n<p><span style=\"font-weight: 400;\">Endavant amb aquest nou curs!<\/span><\/p>\n","protected":false},"excerpt":{"rendered":"<p>Benvolgudes fam\u00edlies,<br \/>\nCom molts sabreu, proposem unes matem\u00e0tiques a l&#8217;aula on els vostres fills i filles s\u00f3n el centre de l\u2019aprenentatge. A m\u00e9s a m\u00e9s d\u2019aprendre conceptes i algoritmes amb molta pr\u00e0ctica, volem preparar-los per ser bons resolutors de problemes i que creixin sabent raonar fent&hellip;  <a href=\"https:\/\/agora.xtec.cat\/ceip-rllullrubi\/projecte-educatiu\/aixi-fem-les-matematiques-a-lescola\/\" title=\"Read Aix\u00ed fem les matem\u00e0tiques a l&#8217;escola!\">Llegeix m\u00e9s\u00bb<\/a><\/p>\n","protected":false},"author":1,"featured_media":0,"parent":64,"menu_order":21,"comment_status":"closed","ping_status":"closed","template":"page-templates\/side-menu.php","meta":{"_bbp_topic_count":0,"_bbp_reply_count":0,"_bbp_total_topic_count":0,"_bbp_total_reply_count":0,"_bbp_voice_count":0,"_bbp_anonymous_reply_count":0,"_bbp_topic_count_hidden":0,"_bbp_reply_count_hidden":0,"_bbp_forum_subforum_count":0,"footnotes":""},"class_list":["post-15245","page","type-page","status-publish","hentry"],"post_mailing_queue_ids":[],"_links":{"self":[{"href":"https:\/\/agora.xtec.cat\/ceip-rllullrubi\/wp-json\/wp\/v2\/pages\/15245","targetHints":{"allow":["GET"]}}],"collection":[{"href":"https:\/\/agora.xtec.cat\/ceip-rllullrubi\/wp-json\/wp\/v2\/pages"}],"about":[{"href":"https:\/\/agora.xtec.cat\/ceip-rllullrubi\/wp-json\/wp\/v2\/types\/page"}],"author":[{"embeddable":true,"href":"https:\/\/agora.xtec.cat\/ceip-rllullrubi\/wp-json\/wp\/v2\/users\/1"}],"replies":[{"embeddable":true,"href":"https:\/\/agora.xtec.cat\/ceip-rllullrubi\/wp-json\/wp\/v2\/comments?post=15245"}],"version-history":[{"count":4,"href":"https:\/\/agora.xtec.cat\/ceip-rllullrubi\/wp-json\/wp\/v2\/pages\/15245\/revisions"}],"predecessor-version":[{"id":15251,"href":"https:\/\/agora.xtec.cat\/ceip-rllullrubi\/wp-json\/wp\/v2\/pages\/15245\/revisions\/15251"}],"up":[{"embeddable":true,"href":"https:\/\/agora.xtec.cat\/ceip-rllullrubi\/wp-json\/wp\/v2\/pages\/64"}],"wp:attachment":[{"href":"https:\/\/agora.xtec.cat\/ceip-rllullrubi\/wp-json\/wp\/v2\/media?parent=15245"}],"curies":[{"name":"wp","href":"https:\/\/api.w.org\/{rel}","templated":true}]}}