{"id":15217,"date":"2024-09-26T15:10:54","date_gmt":"2024-09-26T13:10:54","guid":{"rendered":"https:\/\/agora.xtec.cat\/ceip-rllullrubi\/?page_id=15217"},"modified":"2025-10-03T10:52:29","modified_gmt":"2025-10-03T08:52:29","slug":"reunions-inici-de-curs","status":"publish","type":"page","link":"https:\/\/agora.xtec.cat\/ceip-rllullrubi\/directori-de-documents\/reunions-inici-de-curs\/","title":{"rendered":"Reunions inici de curs 25-26"},"content":{"rendered":"<p>Benvolgudes fam\u00edlies,<\/p>\n<p>Les dates de les reunions d&#8217;enguany estan programades en les seg\u00fcents dates:<\/p>\n<table style=\"border-collapse: collapse; width: 23.858%; height: 288px;\">\n<tbody>\n<tr style=\"height: 32px;\">\n<td style=\"width: 6.50301%; height: 32px;\">I3<\/td>\n<td style=\"width: 17.3557%; height: 32px;\">23 octubre<\/td>\n<\/tr>\n<tr style=\"height: 32px;\">\n<td style=\"width: 6.50301%; height: 32px;\">I4<\/td>\n<td style=\"width: 17.3557%; height: 32px;\">8 octubre<\/td>\n<\/tr>\n<tr style=\"height: 32px;\">\n<td style=\"width: 6.50301%; height: 32px;\">I5<\/td>\n<td style=\"width: 17.3557%; height: 32px;\">16 octubre<\/td>\n<\/tr>\n<tr style=\"height: 32px;\">\n<td style=\"width: 6.50301%; height: 32px;\">1R<\/td>\n<td style=\"width: 17.3557%; height: 32px;\">15 octubre<\/td>\n<\/tr>\n<tr style=\"height: 32px;\">\n<td style=\"width: 6.50301%; height: 32px;\">2N<\/td>\n<td style=\"width: 17.3557%; height: 32px;\">7 octubre<\/td>\n<\/tr>\n<tr style=\"height: 32px;\">\n<td style=\"width: 6.50301%; height: 32px;\">3R<\/td>\n<td style=\"width: 17.3557%; height: 32px;\">13 octubre<\/td>\n<\/tr>\n<tr style=\"height: 32px;\">\n<td style=\"width: 6.50301%; height: 32px;\">4T<\/td>\n<td style=\"width: 17.3557%; height: 32px;\">14 octubre<\/td>\n<\/tr>\n<tr style=\"height: 32px;\">\n<td style=\"width: 6.50301%; height: 32px;\">5\u00c8<\/td>\n<td style=\"width: 17.3557%; height: 32px;\">17 octubre<\/td>\n<\/tr>\n<tr style=\"height: 32px;\">\n<td style=\"width: 6.50301%; height: 32px;\">6\u00c8<\/td>\n<td style=\"width: 17.3557%; height: 32px;\">6 octubre<\/td>\n<\/tr>\n<\/tbody>\n<\/table>\n<p>Horari habitual inici 16.45h<\/p>\n<p>A les reunions nom\u00e9s poden assistir-hi adults majors d&#8217;edat o persona autoritzada.<\/p>\n<p>Les fam\u00edlies heu de recollir els infants com sempre i portar-los a la sala dels miralls per deixar-los a l&#8217;acollida una mica abans de les 16.45h (si \u00e9s el cas): el monitoratge no passa per les classes a fer la recollida.<\/p>\n<p>Cap nen o nena pot quedar-se sol\/a ni pels passadissos, pati o altres instal\u00b7lacions del centre, per tant, en el cas que no tingueu combinaci\u00f3 per deixar als infants amb familiars o d&#8217;altres, caldr\u00e0 que feu us del servei de canguratge: gratu\u00eft pels socis de l&#8217;AFA o preu per infant (3 \u20ac).<\/p>\n<p>Per fer \u00fas d&#8217;aquest servei heu d&#8217;omplir el formulari adjunt a la convocat\u00f2ria de reuni\u00f3 que us faran arribar des de la tutoria.<\/p>\n<p>&nbsp;<\/p>\n","protected":false},"excerpt":{"rendered":"<p>Benvolgudes fam\u00edlies,<br \/>\nLes dates de les reunions d&#8217;enguany estan programades en les seg\u00fcents dates:<\/p>\n<p>I3<br \/>\n23 octubre<\/p>\n<p>I4<br \/>\n8 octubre<\/p>\n<p>I5<br \/>\n16 octubre<\/p>\n<p>1R<br \/>\n15 octubre<\/p>\n<p>2N<br \/>\n7 octubre<\/p>\n<p>3R<br \/>\n13 octubre<\/p>\n<p>4T<br \/>\n14 octubre<\/p>\n<p>5\u00c8<br \/>\n17 octubre<\/p>\n<p>6\u00c8<br \/>\n6 octubre<\/p>\n<p>Horari habitual inici 16.45h<br \/>\nA les reunions nom\u00e9s poden assistir-hi adults majors d&#8217;edat o persona autoritzada.<br \/>\nLes fam\u00edlies heu de recollir els infants com sempre i&hellip;  <a href=\"https:\/\/agora.xtec.cat\/ceip-rllullrubi\/directori-de-documents\/reunions-inici-de-curs\/\" title=\"Read Reunions inici de curs 25-26\">Llegeix m\u00e9s\u00bb<\/a><\/p>\n","protected":false},"author":1,"featured_media":0,"parent":10825,"menu_order":600,"comment_status":"closed","ping_status":"closed","template":"page-templates\/side-menu.php","meta":{"_bbp_topic_count":0,"_bbp_reply_count":0,"_bbp_total_topic_count":0,"_bbp_total_reply_count":0,"_bbp_voice_count":0,"_bbp_anonymous_reply_count":0,"_bbp_topic_count_hidden":0,"_bbp_reply_count_hidden":0,"_bbp_forum_subforum_count":0,"footnotes":""},"class_list":["post-15217","page","type-page","status-publish","hentry"],"post_mailing_queue_ids":[],"_links":{"self":[{"href":"https:\/\/agora.xtec.cat\/ceip-rllullrubi\/wp-json\/wp\/v2\/pages\/15217","targetHints":{"allow":["GET"]}}],"collection":[{"href":"https:\/\/agora.xtec.cat\/ceip-rllullrubi\/wp-json\/wp\/v2\/pages"}],"about":[{"href":"https:\/\/agora.xtec.cat\/ceip-rllullrubi\/wp-json\/wp\/v2\/types\/page"}],"author":[{"embeddable":true,"href":"https:\/\/agora.xtec.cat\/ceip-rllullrubi\/wp-json\/wp\/v2\/users\/1"}],"replies":[{"embeddable":true,"href":"https:\/\/agora.xtec.cat\/ceip-rllullrubi\/wp-json\/wp\/v2\/comments?post=15217"}],"version-history":[{"count":6,"href":"https:\/\/agora.xtec.cat\/ceip-rllullrubi\/wp-json\/wp\/v2\/pages\/15217\/revisions"}],"predecessor-version":[{"id":16295,"href":"https:\/\/agora.xtec.cat\/ceip-rllullrubi\/wp-json\/wp\/v2\/pages\/15217\/revisions\/16295"}],"up":[{"embeddable":true,"href":"https:\/\/agora.xtec.cat\/ceip-rllullrubi\/wp-json\/wp\/v2\/pages\/10825"}],"wp:attachment":[{"href":"https:\/\/agora.xtec.cat\/ceip-rllullrubi\/wp-json\/wp\/v2\/media?parent=15217"}],"curies":[{"name":"wp","href":"https:\/\/api.w.org\/{rel}","templated":true}]}}