{"id":14584,"date":"2024-04-16T16:23:14","date_gmt":"2024-04-16T14:23:14","guid":{"rendered":"https:\/\/agora.xtec.cat\/ceip-rllullrubi\/?page_id=14584"},"modified":"2025-09-03T16:51:00","modified_gmt":"2025-09-03T14:51:00","slug":"aportacio-economica-i-materials","status":"publish","type":"page","link":"https:\/\/agora.xtec.cat\/ceip-rllullrubi\/directori-de-documents\/aportacio-economica-i-materials\/","title":{"rendered":"Aportaci\u00f3 econ\u00f2mica i materials 25-26"},"content":{"rendered":"<h6><\/h6>\n<h6 style=\"text-align: center;\">Aqu\u00ed trobareu la informaci\u00f3 necess\u00e0ria pel curs escolar 2025-2026<\/h6>\n<p style=\"text-align: center;\"><em>clica sobre el curs del teu fill o filla<\/em><\/p>\n<table class=\" aligncenter\" style=\"height: 267px; width: 42.7489%; border-collapse: collapse;\">\n<tbody>\n<tr style=\"height: 33px;\">\n<td style=\"width: 10.1885%; height: 10px;\"><a href=\"https:\/\/agora.xtec.cat\/ceip-rllullrubi\/wp-content\/uploads\/usu1358\/2025\/06\/Aportacio-I3.pdf\">Aportaci\u00f3 I3<\/a><\/td>\n<td style=\"width: 10.9137%; height: 10px;\"><a href=\"https:\/\/agora.xtec.cat\/ceip-rllullrubi\/wp-content\/uploads\/usu1358\/2025\/06\/Material-I3.pdf\">Material I3<\/a><\/td>\n<\/tr>\n<tr style=\"height: 33px;\">\n<td style=\"width: 10.1885%; height: 33px;\"><a href=\"https:\/\/agora.xtec.cat\/ceip-rllullrubi\/wp-content\/uploads\/usu1358\/2025\/06\/Aportacio-I4.pdf\">Aportaci\u00f3 I4<\/a><\/td>\n<td style=\"width: 10.9137%; height: 33px;\"><a href=\"https:\/\/agora.xtec.cat\/ceip-rllullrubi\/wp-content\/uploads\/usu1358\/2025\/06\/MATERIAL-I4.pdf\">Material I4<\/a><\/td>\n<\/tr>\n<tr style=\"height: 32px;\">\n<td style=\"width: 10.1885%; height: 32px;\"><a href=\"https:\/\/agora.xtec.cat\/ceip-rllullrubi\/wp-content\/uploads\/usu1358\/2025\/06\/Aportacio-I5.pdf\">Aportaci\u00f3 I5<\/a><\/td>\n<td style=\"width: 10.9137%; height: 32px;\"><a href=\"https:\/\/agora.xtec.cat\/ceip-rllullrubi\/wp-content\/uploads\/usu1358\/2025\/06\/Material-I5.pdf\">Material I5<\/a><\/td>\n<\/tr>\n<tr style=\"height: 32px;\">\n<td style=\"width: 10.1885%; height: 32px;\"><a href=\"https:\/\/agora.xtec.cat\/ceip-rllullrubi\/wp-content\/uploads\/usu1358\/2025\/06\/Aportacio-1r.pdf\">Aportaci\u00f3 1r<\/a><\/td>\n<td style=\"width: 10.9137%; height: 32px;\"><a href=\"https:\/\/agora.xtec.cat\/ceip-rllullrubi\/wp-content\/uploads\/usu1358\/2025\/06\/Material-1r.pdf\">Material 1r<\/a><\/td>\n<\/tr>\n<tr style=\"height: 32px;\">\n<td style=\"width: 10.1885%; height: 32px;\"><a href=\"https:\/\/agora.xtec.cat\/ceip-rllullrubi\/wp-content\/uploads\/usu1358\/2025\/06\/Aportacio-2n.pdf\">Aportaci\u00f3 2n<\/a><\/td>\n<td style=\"width: 10.9137%; height: 32px;\"><a href=\"https:\/\/agora.xtec.cat\/ceip-rllullrubi\/wp-content\/uploads\/usu1358\/2025\/06\/Material-2n.pdf\">Material 2n<\/a><\/td>\n<\/tr>\n<tr style=\"height: 32px;\">\n<td style=\"width: 10.1885%; height: 32px;\"><a href=\"https:\/\/agora.xtec.cat\/ceip-rllullrubi\/wp-content\/uploads\/usu1358\/2025\/06\/Aportacio-3r.pdf\">Aportaci\u00f3 3r<\/a><\/td>\n<td style=\"width: 10.9137%; height: 32px;\"><a href=\"https:\/\/agora.xtec.cat\/ceip-rllullrubi\/wp-content\/uploads\/usu1358\/2025\/06\/Material-3r.pdf\">Material 3r<\/a><\/td>\n<\/tr>\n<tr style=\"height: 32px;\">\n<td style=\"width: 10.1885%; height: 32px;\"><a href=\"https:\/\/agora.xtec.cat\/ceip-rllullrubi\/wp-content\/uploads\/usu1358\/2025\/06\/Aportacio-4t.pdf\">Aportaci\u00f3 4t<\/a><\/td>\n<td style=\"width: 10.9137%; height: 32px;\"><a href=\"https:\/\/agora.xtec.cat\/ceip-rllullrubi\/wp-content\/uploads\/usu1358\/2025\/06\/Materials-4t-25-26.pdf\">Material 4t <\/a><\/td>\n<\/tr>\n<tr style=\"height: 32px;\">\n<td style=\"width: 10.1885%; height: 32px;\"><a href=\"https:\/\/agora.xtec.cat\/ceip-rllullrubi\/wp-content\/uploads\/usu1358\/2025\/06\/Aportacio-5e.pdf\">Aportaci\u00f3 5\u00e8<\/a><\/td>\n<td style=\"width: 10.9137%; height: 32px;\"><a href=\"https:\/\/agora.xtec.cat\/ceip-rllullrubi\/wp-content\/uploads\/usu1358\/2025\/06\/Materials-5e.pdf\">Material 5\u00e8<\/a><\/td>\n<\/tr>\n<tr style=\"height: 32px;\">\n<td style=\"width: 10.1885%; height: 32px;\"><a href=\"https:\/\/agora.xtec.cat\/ceip-rllullrubi\/wp-content\/uploads\/usu1358\/2025\/06\/Aportacio-6e.pdf\">Aportaci\u00f3 6\u00e8<\/a><\/td>\n<td style=\"width: 10.9137%; height: 32px;\"><a href=\"https:\/\/agora.xtec.cat\/ceip-rllullrubi\/wp-content\/uploads\/usu1358\/2025\/06\/Materials-6-25-26.pdf\">Material 6\u00e8<\/a><\/td>\n<\/tr>\n<\/tbody>\n<\/table>\n<p style=\"text-align: center;\">\n","protected":false},"excerpt":{"rendered":"<p>Aqu\u00ed trobareu la informaci\u00f3 necess\u00e0ria pel curs escolar 2025-2026<br \/>\nclica sobre el curs del teu fill o filla<\/p>\n<p><a href=\"https:\/\/agora.xtec.cat\/ceip-rllullrubi\/wp-content\/uploads\/usu1358\/2025\/06\/Aportacio-I3.pdf\">Aportaci\u00f3 I3<\/a><br \/>\n<a href=\"https:\/\/agora.xtec.cat\/ceip-rllullrubi\/wp-content\/uploads\/usu1358\/2025\/06\/Material-I3.pdf\">Material I3<\/a><\/p>\n<p><a href=\"https:\/\/agora.xtec.cat\/ceip-rllullrubi\/wp-content\/uploads\/usu1358\/2025\/06\/Aportacio-I4.pdf\">Aportaci\u00f3 I4<\/a><br \/>\n<a href=\"https:\/\/agora.xtec.cat\/ceip-rllullrubi\/wp-content\/uploads\/usu1358\/2025\/06\/MATERIAL-I4.pdf\">Material I4<\/a><\/p>\n<p><a href=\"https:\/\/agora.xtec.cat\/ceip-rllullrubi\/wp-content\/uploads\/usu1358\/2025\/06\/Aportacio-I5.pdf\">Aportaci\u00f3 I5<\/a><br \/>\n<a href=\"https:\/\/agora.xtec.cat\/ceip-rllullrubi\/wp-content\/uploads\/usu1358\/2025\/06\/Material-I5.pdf\">Material I5<\/a><\/p>\n<p><a href=\"https:\/\/agora.xtec.cat\/ceip-rllullrubi\/wp-content\/uploads\/usu1358\/2025\/06\/Aportacio-1r.pdf\">Aportaci\u00f3 1r<\/a><br \/>\n<a href=\"https:\/\/agora.xtec.cat\/ceip-rllullrubi\/wp-content\/uploads\/usu1358\/2025\/06\/Material-1r.pdf\">Material 1r<\/a><\/p>\n<p><a href=\"https:\/\/agora.xtec.cat\/ceip-rllullrubi\/wp-content\/uploads\/usu1358\/2025\/06\/Aportacio-2n.pdf\">Aportaci\u00f3 2n<\/a><br \/>\n<a href=\"https:\/\/agora.xtec.cat\/ceip-rllullrubi\/wp-content\/uploads\/usu1358\/2025\/06\/Material-2n.pdf\">Material 2n<\/a><\/p>\n<p><a href=\"https:\/\/agora.xtec.cat\/ceip-rllullrubi\/wp-content\/uploads\/usu1358\/2025\/06\/Aportacio-3r.pdf\">Aportaci\u00f3 3r<\/a><br \/>\n<a href=\"https:\/\/agora.xtec.cat\/ceip-rllullrubi\/wp-content\/uploads\/usu1358\/2025\/06\/Material-3r.pdf\">Material 3r<\/a><\/p>\n<p><a href=\"https:\/\/agora.xtec.cat\/ceip-rllullrubi\/wp-content\/uploads\/usu1358\/2025\/06\/Aportacio-4t.pdf\">Aportaci\u00f3 4t<\/a><br \/>\n<a href=\"https:\/\/agora.xtec.cat\/ceip-rllullrubi\/wp-content\/uploads\/usu1358\/2025\/06\/Materials-4t-25-26.pdf\">Material 4t&hellip;  <a href=\"https:\/\/agora.xtec.cat\/ceip-rllullrubi\/directori-de-documents\/aportacio-economica-i-materials\/\" title=\"Read Aportaci\u00f3 econ\u00f2mica i materials 25-26\">Llegeix m\u00e9s\u00bb<\/a><\/p>\n","protected":false},"author":1,"featured_media":0,"parent":10825,"menu_order":600,"comment_status":"closed","ping_status":"closed","template":"page-templates\/side-menu.php","meta":{"_bbp_topic_count":0,"_bbp_reply_count":0,"_bbp_total_topic_count":0,"_bbp_total_reply_count":0,"_bbp_voice_count":0,"_bbp_anonymous_reply_count":0,"_bbp_topic_count_hidden":0,"_bbp_reply_count_hidden":0,"_bbp_forum_subforum_count":0,"footnotes":""},"class_list":["post-14584","page","type-page","status-publish","hentry"],"post_mailing_queue_ids":[],"_links":{"self":[{"href":"https:\/\/agora.xtec.cat\/ceip-rllullrubi\/wp-json\/wp\/v2\/pages\/14584","targetHints":{"allow":["GET"]}}],"collection":[{"href":"https:\/\/agora.xtec.cat\/ceip-rllullrubi\/wp-json\/wp\/v2\/pages"}],"about":[{"href":"https:\/\/agora.xtec.cat\/ceip-rllullrubi\/wp-json\/wp\/v2\/types\/page"}],"author":[{"embeddable":true,"href":"https:\/\/agora.xtec.cat\/ceip-rllullrubi\/wp-json\/wp\/v2\/users\/1"}],"replies":[{"embeddable":true,"href":"https:\/\/agora.xtec.cat\/ceip-rllullrubi\/wp-json\/wp\/v2\/comments?post=14584"}],"version-history":[{"count":6,"href":"https:\/\/agora.xtec.cat\/ceip-rllullrubi\/wp-json\/wp\/v2\/pages\/14584\/revisions"}],"predecessor-version":[{"id":16135,"href":"https:\/\/agora.xtec.cat\/ceip-rllullrubi\/wp-json\/wp\/v2\/pages\/14584\/revisions\/16135"}],"up":[{"embeddable":true,"href":"https:\/\/agora.xtec.cat\/ceip-rllullrubi\/wp-json\/wp\/v2\/pages\/10825"}],"wp:attachment":[{"href":"https:\/\/agora.xtec.cat\/ceip-rllullrubi\/wp-json\/wp\/v2\/media?parent=14584"}],"curies":[{"name":"wp","href":"https:\/\/api.w.org\/{rel}","templated":true}]}}