{"id":14349,"date":"2024-03-01T12:07:45","date_gmt":"2024-03-01T11:07:45","guid":{"rendered":"https:\/\/agora.xtec.cat\/ceip-rllullrubi\/?page_id=14349"},"modified":"2025-05-29T19:14:21","modified_gmt":"2025-05-29T17:14:21","slug":"tardesenfamilia","status":"publish","type":"page","link":"https:\/\/agora.xtec.cat\/ceip-rllullrubi\/ampa-2\/tardesenfamilia\/","title":{"rendered":"Tardes en fam\u00edlia"},"content":{"rendered":"<p style=\"text-align: center;\">Estimades Fam\u00edlies,<br \/>\nMolt\u00edssimes gr\u00e0cies per la participaci\u00f3 en els partits de futbol que va organitzar l&#8217;AFA, va ser incre\u00efble poder compartir unes tardes junts al pati de l&#8217;escola.<br \/>\nEl primer partit va guanyar l&#8217;equip de les fam\u00edlies, per\u00f2 l&#8217;equip dels alumnes van voler la revenja \ud83d\udcaa.<br \/>\nUs vau deixar la pell i des de l\u2019AFA volem agrair la vostra participaci\u00f3! \ud83e\udef6<br \/>\nUs deixem un recull de fotografies que les trobareu a<\/p>\n<p style=\"text-align: center;\"><strong>\u00a0<a href=\"https:\/\/agora.xtec.cat\/ceip-rllullrubi\/miram\/festes-escolars\/\" target=\"_blank\" rel=\"noopener\">https:\/\/agora.xtec.cat\/ceip-rllullrubi\/miram\/festes-escolars\/<\/a><\/strong><\/p>\n<h5><\/h5>\n<h5>_________________________________________________________________________________________________________________________________________<\/h5>\n<h5 style=\"text-align: center;\">Us animem a participar en el SEGON PARTIT DE FUTBOL al pati de l&#8217;escola.<br \/>\nVeniu a passar-ho b\u00e9 i a col\u00b7laborar amb els berenars per a les col\u00f2nies de sis\u00e8.<br \/>\nFins divendres! \u26bd\ufe0f\ud83e\udd45<\/h5>\n<div dir=\"ltr\"><\/div>\n<div dir=\"ltr\"><img loading=\"lazy\" decoding=\"async\" class=\"aligncenter wp-image-15921\" src=\"https:\/\/agora.xtec.cat\/ceip-rllullrubi\/wp-content\/uploads\/usu1358\/2025\/05\/Image-1.jpeg\" alt=\"\" width=\"866\" height=\"1083\" srcset=\"https:\/\/agora.xtec.cat\/ceip-rllullrubi\/wp-content\/uploads\/usu1358\/2025\/05\/Image-1.jpeg 1080w, https:\/\/agora.xtec.cat\/ceip-rllullrubi\/wp-content\/uploads\/usu1358\/2025\/05\/Image-1-240x300.jpeg 240w, https:\/\/agora.xtec.cat\/ceip-rllullrubi\/wp-content\/uploads\/usu1358\/2025\/05\/Image-1-819x1024.jpeg 819w, https:\/\/agora.xtec.cat\/ceip-rllullrubi\/wp-content\/uploads\/usu1358\/2025\/05\/Image-1-768x960.jpeg 768w\" sizes=\"auto, (max-width: 866px) 100vw, 866px\" \/><\/div>\n<div dir=\"ltr\"><\/div>\n<div dir=\"ltr\">_____________________________________________________________________________________________________________________<\/div>\n<div dir=\"ltr\"><\/div>\n<div dir=\"ltr\"><\/div>\n<div dir=\"ltr\"><\/div>\n<div dir=\"ltr\" style=\"text-align: center;\">Estimades fam\u00edlies,<\/div>\n<div dir=\"ltr\"><\/div>\n<div dir=\"ltr\" style=\"text-align: center;\">Us convidem a gaudir d&#8217;una tarda familiar per jugar a futbol al pati de l&#8217;escola, alumnes contra fam\u00edlies.<\/div>\n<div dir=\"ltr\"><\/div>\n<div dir=\"ltr\" style=\"text-align: center;\">El pr\u00f2xim divendres 21 de mar\u00e7 a les 16:45 al pati de l&#8217;escola.<\/div>\n<div dir=\"ltr\"><\/div>\n<div dir=\"ltr\" style=\"text-align: center;\">Us esperem!<\/div>\n<div dir=\"ltr\"><\/div>\n<div dir=\"ltr\" style=\"text-align: center;\">Si us plau, empleneu la seg\u00fcent enquesta per saber quantes fam\u00edlies i infants participaran:\u00a0<a href=\"https:\/\/forms.gle\/T3uDsWs5GhxYJthcA\" target=\"_blank\" rel=\"noreferrer noopener\" data-saferedirecturl=\"https:\/\/www.google.com\/url?q=https:\/\/forms.gle\/T3uDsWs5GhxYJthcA&amp;source=gmail&amp;ust=1742338090174000&amp;usg=AOvVaw1tGjI1ohFxii1a3UIkScPz\">https:\/\/forms.gle\/<wbr \/>T3uDsWs5GhxYJthcA\u00a0\u00a0<\/a><\/div>\n<div dir=\"ltr\"><\/div>\n<div dir=\"ltr\" style=\"text-align: center;\">Gr\u00e0cies!!<\/div>\n<div dir=\"ltr\"><\/div>\n<div dir=\"ltr\"><\/div>\n<div dir=\"ltr\"><\/div>\n<p dir=\"ltr\"><img loading=\"lazy\" decoding=\"async\" class=\"aligncenter wp-image-15642\" src=\"https:\/\/agora.xtec.cat\/ceip-rllullrubi\/wp-content\/uploads\/usu1358\/2025\/03\/Image.jpeg\" alt=\"\" width=\"987\" height=\"1234\" srcset=\"https:\/\/agora.xtec.cat\/ceip-rllullrubi\/wp-content\/uploads\/usu1358\/2025\/03\/Image.jpeg 1080w, https:\/\/agora.xtec.cat\/ceip-rllullrubi\/wp-content\/uploads\/usu1358\/2025\/03\/Image-240x300.jpeg 240w, https:\/\/agora.xtec.cat\/ceip-rllullrubi\/wp-content\/uploads\/usu1358\/2025\/03\/Image-819x1024.jpeg 819w, https:\/\/agora.xtec.cat\/ceip-rllullrubi\/wp-content\/uploads\/usu1358\/2025\/03\/Image-768x960.jpeg 768w\" sizes=\"auto, (max-width: 987px) 100vw, 987px\" \/><\/p>\n<p>__________________________________________________________________________________________________________________________________<\/p>\n<p style=\"text-align: center;\">Estimades fam\u00edlies,<\/p>\n<p style=\"text-align: center;\">Us convidem a gaudir d&#8217;una tarda en fam\u00edlia per preparar-nos per Carnaval.<\/p>\n<p style=\"text-align: center;\">Us deixem l&#8217;enquesta per apuntar-vos<\/p>\n<p style=\"text-align: center;\">\u00a0<a href=\"https:\/\/docs.google.com\/forms\/d\/e\/1FAIpQLSdZ3M5Cnamo6CUYXaCW-cVVifEXyNct0Xl5Z-jNkQ95yuYT3Q\/viewform\" target=\"_blank\" rel=\"noopener\">https:\/\/docs.google.com\/forms\/d\/e\/1FAIpQLSdZ3M5Cnamo6CUYXaCW-cVVifEXyNct0Xl5Z-jNkQ95yuYT3Q\/viewform<\/a><\/p>\n<p style=\"text-align: center;\"><a href=\"https:\/\/agora.xtec.cat\/ceip-rllullrubi\/wp-content\/uploads\/usu1358\/2025\/02\/Tarda_carnaval.jpg-1.jpeg\"><img loading=\"lazy\" decoding=\"async\" class=\"aligncenter wp-image-15559\" src=\"https:\/\/agora.xtec.cat\/ceip-rllullrubi\/wp-content\/uploads\/usu1358\/2025\/02\/Tarda_carnaval.jpg-1.jpeg\" alt=\"\" width=\"999\" height=\"666\" srcset=\"https:\/\/agora.xtec.cat\/ceip-rllullrubi\/wp-content\/uploads\/usu1358\/2025\/02\/Tarda_carnaval.jpg-1.jpeg 1587w, https:\/\/agora.xtec.cat\/ceip-rllullrubi\/wp-content\/uploads\/usu1358\/2025\/02\/Tarda_carnaval.jpg-1-300x200.jpeg 300w, https:\/\/agora.xtec.cat\/ceip-rllullrubi\/wp-content\/uploads\/usu1358\/2025\/02\/Tarda_carnaval.jpg-1-1024x682.jpeg 1024w, https:\/\/agora.xtec.cat\/ceip-rllullrubi\/wp-content\/uploads\/usu1358\/2025\/02\/Tarda_carnaval.jpg-1-768x512.jpeg 768w, https:\/\/agora.xtec.cat\/ceip-rllullrubi\/wp-content\/uploads\/usu1358\/2025\/02\/Tarda_carnaval.jpg-1-1536x1023.jpeg 1536w\" sizes=\"auto, (max-width: 999px) 100vw, 999px\" \/><\/a><\/p>\n<p>____________________________________________________________________________________________________________________________________________________________________________________________________________________________________________________________________<\/p>\n<p>&nbsp;<\/p>\n<p style=\"text-align: center;\">Estimades fam\u00edlies,<\/p>\n<p style=\"text-align: center;\">Us convidem a compartir una tarda en fam\u00edlia, en la que hi haur\u00e0 xocolata amb melindros, bingo i alguna sorpresa m\u00e9s.<br \/>\nLa xocolata i els melindros s\u00f3n gratu\u00efts per a socis, aix\u00ed com un detall nadalenc que podran recollir \u00fanicament el dia de la festa.<br \/>\nPreu de la xocolata per no socis: 1\u20ac. El cartr\u00f3 del bingo ser\u00e0 a 1\u20ac cada partida.<\/p>\n<p style=\"text-align: center;\">Us esperem a tots i totes a la Sala dels miralls de l&#8217; escola!<br \/>\nAFA Ramon Llull<\/p>\n<p><img loading=\"lazy\" decoding=\"async\" class=\"aligncenter wp-image-15384\" src=\"https:\/\/agora.xtec.cat\/ceip-rllullrubi\/wp-content\/uploads\/usu1358\/2024\/12\/Tarda_nadal_2024.jpeg\" alt=\"\" width=\"961\" height=\"1358\" srcset=\"https:\/\/agora.xtec.cat\/ceip-rllullrubi\/wp-content\/uploads\/usu1358\/2024\/12\/Tarda_nadal_2024.jpeg 1415w, https:\/\/agora.xtec.cat\/ceip-rllullrubi\/wp-content\/uploads\/usu1358\/2024\/12\/Tarda_nadal_2024-212x300.jpeg 212w, https:\/\/agora.xtec.cat\/ceip-rllullrubi\/wp-content\/uploads\/usu1358\/2024\/12\/Tarda_nadal_2024-724x1024.jpeg 724w, https:\/\/agora.xtec.cat\/ceip-rllullrubi\/wp-content\/uploads\/usu1358\/2024\/12\/Tarda_nadal_2024-768x1086.jpeg 768w, https:\/\/agora.xtec.cat\/ceip-rllullrubi\/wp-content\/uploads\/usu1358\/2024\/12\/Tarda_nadal_2024-1087x1536.jpeg 1087w\" sizes=\"auto, (max-width: 961px) 100vw, 961px\" \/><\/p>\n","protected":false},"excerpt":{"rendered":"<p>Estimades Fam\u00edlies,<br \/>\nMolt\u00edssimes gr\u00e0cies per la participaci\u00f3 en els partits de futbol que va organitzar l&#8217;AFA, va ser incre\u00efble poder compartir unes tardes junts al pati de l&#8217;escola.<br \/>\nEl primer partit va guanyar l&#8217;equip de les fam\u00edlies, per\u00f2 l&#8217;equip dels alumnes van voler la revenja \ud83d\udcaa.<br \/>\nUs vau&hellip;  <a href=\"https:\/\/agora.xtec.cat\/ceip-rllullrubi\/ampa-2\/tardesenfamilia\/\" title=\"Read Tardes en fam\u00edlia\">Llegeix m\u00e9s\u00bb<\/a><\/p>\n","protected":false},"author":1,"featured_media":0,"parent":66,"menu_order":54,"comment_status":"closed","ping_status":"closed","template":"page-templates\/side-menu.php","meta":{"_bbp_topic_count":0,"_bbp_reply_count":0,"_bbp_total_topic_count":0,"_bbp_total_reply_count":0,"_bbp_voice_count":0,"_bbp_anonymous_reply_count":0,"_bbp_topic_count_hidden":0,"_bbp_reply_count_hidden":0,"_bbp_forum_subforum_count":0,"footnotes":""},"class_list":["post-14349","page","type-page","status-publish","hentry"],"post_mailing_queue_ids":[],"_links":{"self":[{"href":"https:\/\/agora.xtec.cat\/ceip-rllullrubi\/wp-json\/wp\/v2\/pages\/14349","targetHints":{"allow":["GET"]}}],"collection":[{"href":"https:\/\/agora.xtec.cat\/ceip-rllullrubi\/wp-json\/wp\/v2\/pages"}],"about":[{"href":"https:\/\/agora.xtec.cat\/ceip-rllullrubi\/wp-json\/wp\/v2\/types\/page"}],"author":[{"embeddable":true,"href":"https:\/\/agora.xtec.cat\/ceip-rllullrubi\/wp-json\/wp\/v2\/users\/1"}],"replies":[{"embeddable":true,"href":"https:\/\/agora.xtec.cat\/ceip-rllullrubi\/wp-json\/wp\/v2\/comments?post=14349"}],"version-history":[{"count":6,"href":"https:\/\/agora.xtec.cat\/ceip-rllullrubi\/wp-json\/wp\/v2\/pages\/14349\/revisions"}],"predecessor-version":[{"id":15970,"href":"https:\/\/agora.xtec.cat\/ceip-rllullrubi\/wp-json\/wp\/v2\/pages\/14349\/revisions\/15970"}],"up":[{"embeddable":true,"href":"https:\/\/agora.xtec.cat\/ceip-rllullrubi\/wp-json\/wp\/v2\/pages\/66"}],"wp:attachment":[{"href":"https:\/\/agora.xtec.cat\/ceip-rllullrubi\/wp-json\/wp\/v2\/media?parent=14349"}],"curies":[{"name":"wp","href":"https:\/\/api.w.org\/{rel}","templated":true}]}}