{"id":14160,"date":"2024-01-30T14:32:18","date_gmt":"2024-01-30T13:32:18","guid":{"rendered":"https:\/\/agora.xtec.cat\/ceip-rllullrubi\/?page_id=14160"},"modified":"2024-12-16T13:39:15","modified_gmt":"2024-12-16T12:39:15","slug":"felicitats-nayara-portada-agenda-escolar-23-24","status":"publish","type":"page","link":"https:\/\/agora.xtec.cat\/ceip-rllullrubi\/enrullat\/felicitats-nayara-portada-agenda-escolar-23-24\/","title":{"rendered":"FELICITATS NAYARA! Portada Agenda escolar 23-24"},"content":{"rendered":"<p style=\"text-align: center;\"><img loading=\"lazy\" decoding=\"async\" class=\"aligncenter wp-image-14161\" src=\"https:\/\/agora.xtec.cat\/ceip-rllullrubi\/wp-content\/uploads\/usu1358\/2024\/01\/unnamed.jpg\" alt=\"\" width=\"885\" height=\"626\" srcset=\"https:\/\/agora.xtec.cat\/ceip-rllullrubi\/wp-content\/uploads\/usu1358\/2024\/01\/unnamed.jpg 1755w, https:\/\/agora.xtec.cat\/ceip-rllullrubi\/wp-content\/uploads\/usu1358\/2024\/01\/unnamed-300x212.jpg 300w, https:\/\/agora.xtec.cat\/ceip-rllullrubi\/wp-content\/uploads\/usu1358\/2024\/01\/unnamed-1024x724.jpg 1024w, https:\/\/agora.xtec.cat\/ceip-rllullrubi\/wp-content\/uploads\/usu1358\/2024\/01\/unnamed-768x543.jpg 768w, https:\/\/agora.xtec.cat\/ceip-rllullrubi\/wp-content\/uploads\/usu1358\/2024\/01\/unnamed-1536x1086.jpg 1536w\" sizes=\"auto, (max-width: 885px) 100vw, 885px\" \/><\/p>\n<p style=\"text-align: center;\">L&#8217; alumnat de 5\u00e8 va fer uns dibuixos fant\u00e0stics de l&#8217;escola i despr\u00e9s de debatre for\u00e7a,<\/p>\n<p style=\"text-align: center;\">hem escollit el dibuix de la Nayara Fern\u00e1ndez Gonz\u00e1lez per ser<\/p>\n<p style=\"text-align: center;\">portada de l&#8217;Agenda escolar 2023-2024.<\/p>\n<p style=\"text-align: center;\">Felicitem a totes les noies i els nois de 5\u00e8 per les seves produccions i en especial a la Nayara per aquest dibuix tan maco!<\/p>\n<p style=\"text-align: center;\">MOLTES FELICITATS<\/p>\n","protected":false},"excerpt":{"rendered":"<p>L&#8217; alumnat de 5\u00e8 va fer uns dibuixos fant\u00e0stics de l&#8217;escola i despr\u00e9s de debatre for\u00e7a,<br \/>\nhem escollit el dibuix de la Nayara Fern\u00e1ndez Gonz\u00e1lez per ser<br \/>\nportada de l&#8217;Agenda escolar 2023-2024.<br \/>\nFelicitem a totes les noies i els nois de 5\u00e8 per les seves produccions i en&hellip;  <a href=\"https:\/\/agora.xtec.cat\/ceip-rllullrubi\/enrullat\/felicitats-nayara-portada-agenda-escolar-23-24\/\" title=\"Read FELICITATS NAYARA! Portada Agenda escolar 23-24\">Llegeix m\u00e9s\u00bb<\/a><\/p>\n","protected":false},"author":1,"featured_media":0,"parent":13577,"menu_order":501,"comment_status":"closed","ping_status":"closed","template":"page-templates\/side-menu.php","meta":{"_bbp_topic_count":0,"_bbp_reply_count":0,"_bbp_total_topic_count":0,"_bbp_total_reply_count":0,"_bbp_voice_count":0,"_bbp_anonymous_reply_count":0,"_bbp_topic_count_hidden":0,"_bbp_reply_count_hidden":0,"_bbp_forum_subforum_count":0,"footnotes":""},"class_list":["post-14160","page","type-page","status-publish","hentry"],"post_mailing_queue_ids":[],"_links":{"self":[{"href":"https:\/\/agora.xtec.cat\/ceip-rllullrubi\/wp-json\/wp\/v2\/pages\/14160","targetHints":{"allow":["GET"]}}],"collection":[{"href":"https:\/\/agora.xtec.cat\/ceip-rllullrubi\/wp-json\/wp\/v2\/pages"}],"about":[{"href":"https:\/\/agora.xtec.cat\/ceip-rllullrubi\/wp-json\/wp\/v2\/types\/page"}],"author":[{"embeddable":true,"href":"https:\/\/agora.xtec.cat\/ceip-rllullrubi\/wp-json\/wp\/v2\/users\/1"}],"replies":[{"embeddable":true,"href":"https:\/\/agora.xtec.cat\/ceip-rllullrubi\/wp-json\/wp\/v2\/comments?post=14160"}],"version-history":[{"count":1,"href":"https:\/\/agora.xtec.cat\/ceip-rllullrubi\/wp-json\/wp\/v2\/pages\/14160\/revisions"}],"predecessor-version":[{"id":14162,"href":"https:\/\/agora.xtec.cat\/ceip-rllullrubi\/wp-json\/wp\/v2\/pages\/14160\/revisions\/14162"}],"up":[{"embeddable":true,"href":"https:\/\/agora.xtec.cat\/ceip-rllullrubi\/wp-json\/wp\/v2\/pages\/13577"}],"wp:attachment":[{"href":"https:\/\/agora.xtec.cat\/ceip-rllullrubi\/wp-json\/wp\/v2\/media?parent=14160"}],"curies":[{"name":"wp","href":"https:\/\/api.w.org\/{rel}","templated":true}]}}