{"id":14025,"date":"2023-12-14T21:46:22","date_gmt":"2023-12-14T20:46:22","guid":{"rendered":"https:\/\/agora.xtec.cat\/ceip-rllullrubi\/?page_id=14025"},"modified":"2025-12-15T23:46:07","modified_gmt":"2025-12-15T22:46:07","slug":"llumineta-per-nadal","status":"publish","type":"page","link":"https:\/\/agora.xtec.cat\/ceip-rllullrubi\/enrullat\/llumineta-per-nadal\/","title":{"rendered":"Lluminetes per Nadal!"},"content":{"rendered":"<p style=\"text-align: center;\">Aquest any 2025 fam\u00edlies de 6\u00e8 s&#8217;han organitzat per a que les col\u00f2nies de final d&#8217;etapa surtin una mica m\u00e9s econ\u00f2miques !!<\/p>\n<p style=\"text-align: center;\">LES LLUMINETES DE 6\u00c8 HAN ARRIBAT A L&#8217;ESCOLA<\/p>\n<p style=\"text-align: center;\">Voleu guanyar un LOT DE REGALS? Cada tarda de Concert se&#8217;n sorteja un!<\/p>\n<p style=\"text-align: center;\">3 concerts, 3 lots&#8230;1 per dia!<\/p>\n<p style=\"text-align: center;\">Participa cada tarda de Concert a la Llumineta els dies 16, 17 i 18 de desembre.<\/p>\n<p style=\"text-align: center;\">Cada tarda es sortejar\u00e0 un lot de regals. Els n\u00fameros es posaran a la venda la mateixa tarda del concert a l&#8217;entrada de l&#8217;escola (costat consergeria) i el sorteig es far\u00e0 aproximadament a les 16.30h. Participa per 1\u20ac per n\u00famero.<\/p>\n<p style=\"text-align: center;\">Les fam\u00edlies de 6\u00e8 us desitgen molta sort i moltes gr\u00e0cies per la vostra col\u00b7laboraci\u00f3!<\/p>\n<p><img loading=\"lazy\" decoding=\"async\" class=\"aligncenter wp-image-16535 \" src=\"https:\/\/agora.xtec.cat\/ceip-rllullrubi\/wp-content\/uploads\/usu1358\/2025\/12\/1000378857.jpg\" alt=\"\" width=\"682\" height=\"967\" srcset=\"https:\/\/agora.xtec.cat\/ceip-rllullrubi\/wp-content\/uploads\/usu1358\/2025\/12\/1000378857.jpg 996w, https:\/\/agora.xtec.cat\/ceip-rllullrubi\/wp-content\/uploads\/usu1358\/2025\/12\/1000378857-212x300.jpg 212w, https:\/\/agora.xtec.cat\/ceip-rllullrubi\/wp-content\/uploads\/usu1358\/2025\/12\/1000378857-722x1024.jpg 722w, https:\/\/agora.xtec.cat\/ceip-rllullrubi\/wp-content\/uploads\/usu1358\/2025\/12\/1000378857-768x1089.jpg 768w\" sizes=\"auto, (max-width: 682px) 100vw, 682px\" \/><\/p>\n<p>&nbsp;<\/p>\n","protected":false},"excerpt":{"rendered":"<p>Aquest any 2025 fam\u00edlies de 6\u00e8 s&#8217;han organitzat per a que les col\u00f2nies de final d&#8217;etapa surtin una mica m\u00e9s econ\u00f2miques !!<br \/>\nLES LLUMINETES DE 6\u00c8 HAN ARRIBAT A L&#8217;ESCOLA<br \/>\nVoleu guanyar un LOT DE REGALS? Cada tarda de Concert se&#8217;n sorteja un!<br \/>\n3 concerts, 3 lots&#8230;1 per&hellip;  <a href=\"https:\/\/agora.xtec.cat\/ceip-rllullrubi\/enrullat\/llumineta-per-nadal\/\" title=\"Read Lluminetes per Nadal!\">Llegeix m\u00e9s\u00bb<\/a><\/p>\n","protected":false},"author":1,"featured_media":0,"parent":13577,"menu_order":200,"comment_status":"closed","ping_status":"closed","template":"page-templates\/side-menu.php","meta":{"_bbp_topic_count":0,"_bbp_reply_count":0,"_bbp_total_topic_count":0,"_bbp_total_reply_count":0,"_bbp_voice_count":0,"_bbp_anonymous_reply_count":0,"_bbp_topic_count_hidden":0,"_bbp_reply_count_hidden":0,"_bbp_forum_subforum_count":0,"footnotes":""},"class_list":["post-14025","page","type-page","status-publish","hentry"],"post_mailing_queue_ids":[],"_links":{"self":[{"href":"https:\/\/agora.xtec.cat\/ceip-rllullrubi\/wp-json\/wp\/v2\/pages\/14025","targetHints":{"allow":["GET"]}}],"collection":[{"href":"https:\/\/agora.xtec.cat\/ceip-rllullrubi\/wp-json\/wp\/v2\/pages"}],"about":[{"href":"https:\/\/agora.xtec.cat\/ceip-rllullrubi\/wp-json\/wp\/v2\/types\/page"}],"author":[{"embeddable":true,"href":"https:\/\/agora.xtec.cat\/ceip-rllullrubi\/wp-json\/wp\/v2\/users\/1"}],"replies":[{"embeddable":true,"href":"https:\/\/agora.xtec.cat\/ceip-rllullrubi\/wp-json\/wp\/v2\/comments?post=14025"}],"version-history":[{"count":7,"href":"https:\/\/agora.xtec.cat\/ceip-rllullrubi\/wp-json\/wp\/v2\/pages\/14025\/revisions"}],"predecessor-version":[{"id":16539,"href":"https:\/\/agora.xtec.cat\/ceip-rllullrubi\/wp-json\/wp\/v2\/pages\/14025\/revisions\/16539"}],"up":[{"embeddable":true,"href":"https:\/\/agora.xtec.cat\/ceip-rllullrubi\/wp-json\/wp\/v2\/pages\/13577"}],"wp:attachment":[{"href":"https:\/\/agora.xtec.cat\/ceip-rllullrubi\/wp-json\/wp\/v2\/media?parent=14025"}],"curies":[{"name":"wp","href":"https:\/\/api.w.org\/{rel}","templated":true}]}}